{"id":1549,"date":"2022-01-10T20:02:51","date_gmt":"2022-01-10T20:02:51","guid":{"rendered":"https:\/\/luciano-nardo.com\/medico-legal\/"},"modified":"2022-01-10T20:04:41","modified_gmt":"2022-01-10T20:04:41","slug":"medico-legal","status":"publish","type":"page","link":"https:\/\/luciano-nardo.com\/de\/praktiken\/medico-legal\/","title":{"rendered":"Medico Legal"},"content":{"rendered":"\n<style type=\"text\/css\" data-created_by=\"avia_inline_auto\" id=\"style-css-av-ky93zcxh-877ad1ad1d50243a75d63b51309d628e\">\n.avia-section.av-ky93zcxh-877ad1ad1d50243a75d63b51309d628e{\nbackground-repeat:no-repeat;\nbackground-image:url(https:\/\/i0.wp.com\/luciano-nardo.com\/wp-content\/uploads\/2022\/01\/Medico-Legal-Banner-1.jpg?fit=1400%2C600&ssl=1);\nbackground-position:50% 50%;\nbackground-attachment:scroll;\n}\n.avia-section.av-ky93zcxh-877ad1ad1d50243a75d63b51309d628e .av-section-color-overlay{\nopacity:0.5;\nbackground-color:#000000;\n}\n<\/style>\n<div id='av_section_1'  class='avia-section av-ky93zcxh-877ad1ad1d50243a75d63b51309d628e main_color avia-section-default avia-no-border-styling  avia-builder-el-0  el_before_av_section  avia-builder-el-first  avia-full-stretch avia-bg-style-scroll av-section-color-overlay-active  av-minimum-height av-minimum-height-custom  container_wrap fullsize'  data-section-bg-repeat='stretch'><div class='av-section-color-overlay-wrap'><div class=\"av-section-color-overlay\"><\/div><div class='container av-section-cont-open' style='height:300px'><main  role=\"main\" itemprop=\"mainContentOfPage\"  class='template-page content  av-content-full alpha units'><div class='post-entry post-entry-type-page post-entry-1549'><div class='entry-content-wrapper clearfix'>\n\n<style type=\"text\/css\" data-created_by=\"avia_inline_auto\" id=\"style-css-av-ky934twh-f59a6405f7963d105fe46ef4ddce50cc\">\n#top .av-special-heading.av-ky934twh-f59a6405f7963d105fe46ef4ddce50cc{\npadding-bottom:10px;\ncolor:#ffffff;\n}\n.av-special-heading.av-ky934twh-f59a6405f7963d105fe46ef4ddce50cc .special-heading-inner-border{\nborder-color:#ffffff;\n}\n<\/style>\n<div  class='av-special-heading av-ky934twh-f59a6405f7963d105fe46ef4ddce50cc av-special-heading-h1 custom-color-heading blockquote modern-quote modern-centered  avia-builder-el-1  avia-builder-el-no-sibling  '><h1 class='av-special-heading-tag '  itemprop=\"headline\"  >Medico Recht<\/h1><div class='special-heading-border'><div class='special-heading-inner-border'><\/div><\/div><\/div>\n\n<\/div><\/div><\/main><!-- close content main element --><\/div><\/div><\/div>\n<style type=\"text\/css\" data-created_by=\"avia_inline_auto\" id=\"style-css-av-d0ntfw-ae8c13683880e23c148ca08bbe7d06b4\">\n.avia-section.av-d0ntfw-ae8c13683880e23c148ca08bbe7d06b4{\nbackground-color:#ffffff;\n}\n<\/style>\n<div id='av_section_2'  class='avia-section av-d0ntfw-ae8c13683880e23c148ca08bbe7d06b4 main_color avia-section-default avia-no-border-styling  avia-builder-el-2  el_after_av_section  el_before_av_section  avia-bg-style-scroll  container_wrap fullsize'  ><div class='container av-section-cont-open' ><div class='template-page content  av-content-full alpha units'><div class='post-entry post-entry-type-page post-entry-1549'><div class='entry-content-wrapper clearfix'>\n<div class='flex_column av-ahn2h8-31e2659904cece318fcf6bca576efe34 av_one_half  avia-builder-el-3  el_before_av_one_half  avia-builder-el-first  first flex_column_div '   ><section class=\"av_textblock_section \"  itemscope=\"itemscope\" itemtype=\"https:\/\/schema.org\/CreativeWork\" ><div class='avia_textblock  '   itemprop=\"text\" ><p class=\"p1\">Ich biete qualitativ hochwertige und proaktive medizinisch-rechtliche Expertendienstleistungen an, einschlie\u00dflich Beratung, Bewertung, Vertretung und Berichte, um ein entscheidendes Ergebnis zu erzielen. Ich biete bequeme Terminzeiten, einen pers\u00f6nlichen und reaktionsschnellen Ansatz. Ich sorge f\u00fcr eine schnelle Bearbeitung der Sachverst\u00e4ndigenberichte, die sich durch Klarheit, Struktur, Evidenz und Inhalt auszeichnen.<\/p>\n<\/div><\/section><\/div><div class='flex_column av-8uu324-cca95f69efa4b6aaadd3a794e04c3959 av_one_half  avia-builder-el-5  el_after_av_one_half  el_before_av_one_half  flex_column_div '   ><section class=\"av_textblock_section \"  itemscope=\"itemscope\" itemtype=\"https:\/\/schema.org\/CreativeWork\" ><div class='avia_textblock  '   itemprop=\"text\" ><p class=\"p1\"><strong>Als anerkannter f\u00fchrender Kliniker in der Gyn\u00e4kologie und Fruchtbarkeit von Beruf, Peer-Groups und Patienten arbeite ich direkt mit Anwaltskanzleien und Barristers in London und ganz Gro\u00dfbritannien zusammen und biete klinische Fahrl\u00e4ssigkeit und Expertenunterst\u00fctzung f\u00fcr Personensch\u00e4den, unabh\u00e4ngig davon, ob sie f\u00fcr den Kl\u00e4ger oder den Beklagten angewiesen sind.<\/strong><\/p>\n<\/div><\/section><\/div><div class='flex_column av-qqlyk-7f82d1a388ca617557a0ad298580f42a av_one_half  avia-builder-el-7  el_after_av_one_half  el_before_av_one_half  first flex_column_div column-top-margin'   ><section class=\"av_textblock_section \"  itemscope=\"itemscope\" itemtype=\"https:\/\/schema.org\/CreativeWork\" ><div class='avia_textblock  '   itemprop=\"text\" ><h3 style=\"font-size: 18px\">Spezialgebiete<\/h3>\n<ul>\n<li>Gyn\u00e4kologie<\/li>\n<li>Fruchtbarkeit<\/li>\n<li>Fr\u00fche Schwangerschaft<\/li>\n<li>Assistierte Konzeption<\/li>\n<li>Gyn\u00e4kologische Endokrinologie<\/li>\n<li>Laparoskopische Chirurgie<\/li>\n<li>Hysteroskopische Chirurgie<\/li>\n<\/ul>\n<h3 style=\"font-size: 18px\">Fachgebiete und Rahmenbedingungen<\/h3>\n<ul>\n<li>Unfruchtbarkeit (weiblich und m\u00e4nnlich)<\/li>\n<li>Assistierte Reproduktionstechniken<\/li>\n<li>Wiederkehrende Fehlgeburten<\/li>\n<li>Endometriose \/ Adh\u00e4sionen<\/li>\n<li>Myomen<\/li>\n<li>Beckenschmerzen<\/li>\n<li>Menstruationsst\u00f6rungen<\/li>\n<li>Menopause<\/li>\n<li>Polyzystisches Ovarialsyndrom<\/li>\n<li>Fortgeschrittene laparoskopische und hysteroskopische Chirurgie<\/li>\n<li>Beckenultraschall<\/li>\n<li>Tubenchirurgie \/ Umkehrung der Sterilisation<\/li>\n<\/ul>\n<p>Bitte kontaktieren Sie uns unter <a href=\"mailto:consultant@luciano-nardo.com\">consultant@luciano-nardo.com,<\/a> wenn Sie ein Anweisungsschreiben zustellen m\u00f6chten, wenn Sie Beratung zu einem herausfordernden Fall oder Problem ben\u00f6tigen oder wenn Sie eine Ersteinsch\u00e4tzung vereinbaren m\u00f6chten.<\/p>\n<\/div><\/section><\/div><div class='flex_column av-kuui4-242c22d1e63989dd98b57ca13c0c4b3e av_one_half  avia-builder-el-9  el_after_av_one_half  avia-builder-el-last  flex_column_div column-top-margin'   ><style type=\"text\/css\" data-created_by=\"avia_inline_auto\" id=\"style-css-av-ky93sibe-bb90e745156ea67b004bbf127da2137f\">\n.avia-image-container.av-ky93sibe-bb90e745156ea67b004bbf127da2137f .av-image-caption-overlay-center{\ncolor:#ffffff;\n}\n<\/style>\n<div  class='avia-image-container av-ky93sibe-bb90e745156ea67b004bbf127da2137f av-styling- avia-align-center  avia-builder-el-10  avia-builder-el-no-sibling  '  itemprop=\"image\" itemscope=\"itemscope\" itemtype=\"https:\/\/schema.org\/ImageObject\" ><div class=\"avia-image-container-inner\"><div class=\"avia-image-overlay-wrap\"><img decoding=\"async\" class='wp-image-1537 avia-img-lazy-loading-not-1537 avia_image' src=\"https:\/\/i0.wp.com\/luciano-nardo.com\/wp-content\/uploads\/2022\/01\/Medico-Legal.jpg?fit=900%2C1100&ssl=1\" alt='Medizinisch-Rechtliches' title='Medizinisch-Rechtliches'  height=\"1100\" width=\"900\"  itemprop=\"thumbnailUrl\" srcset=\"https:\/\/i0.wp.com\/luciano-nardo.com\/wp-content\/uploads\/2022\/01\/Medico-Legal.jpg?w=900&amp;ssl=1 900w, https:\/\/i0.wp.com\/luciano-nardo.com\/wp-content\/uploads\/2022\/01\/Medico-Legal.jpg?resize=245%2C300&amp;ssl=1 245w, https:\/\/i0.wp.com\/luciano-nardo.com\/wp-content\/uploads\/2022\/01\/Medico-Legal.jpg?resize=843%2C1030&amp;ssl=1 843w, https:\/\/i0.wp.com\/luciano-nardo.com\/wp-content\/uploads\/2022\/01\/Medico-Legal.jpg?resize=768%2C939&amp;ssl=1 768w, https:\/\/i0.wp.com\/luciano-nardo.com\/wp-content\/uploads\/2022\/01\/Medico-Legal.jpg?resize=577%2C705&amp;ssl=1 577w\" sizes=\"(max-width: 900px) 100vw, 900px\" \/><\/div><\/div><\/div><\/div><\/div><\/div><\/div><!-- close content main div --><\/div><\/div><div id='av_section_3'  class='avia-section av-451h1o-64f7d5ca67660bd45e389d068aeafecd main_color avia-section-default avia-shadow  avia-builder-el-11  el_after_av_section  avia-builder-el-last  avia-bg-style-scroll  container_wrap fullsize'  ><div class='container av-section-cont-open' ><div class='template-page content  av-content-full alpha units'><div class='post-entry post-entry-type-page post-entry-1549'><div class='entry-content-wrapper clearfix'>\n\n<\/p>\n","protected":false},"excerpt":{"rendered":"","protected":false},"author":1,"featured_media":0,"parent":712,"menu_order":0,"comment_status":"closed","ping_status":"closed","template":"","meta":{"footnotes":""},"class_list":["post-1549","page","type-page","status-publish","hentry"],"yoast_head":"<!-- This site is optimized with the Yoast SEO plugin v27.2 - https:\/\/yoast.com\/product\/yoast-seo-wordpress\/ -->\n<title>Medico Legal - Luciano Nardo<\/title>\n<meta name=\"robots\" content=\"index, follow, max-snippet:-1, max-image-preview:large, max-video-preview:-1\" \/>\n<link rel=\"canonical\" href=\"https:\/\/luciano-nardo.com\/de\/praktiken\/medico-legal\/\" \/>\n<meta property=\"og:locale\" content=\"de_DE\" \/>\n<meta property=\"og:type\" content=\"article\" \/>\n<meta property=\"og:title\" content=\"Medico Legal - Luciano Nardo\" \/>\n<meta property=\"og:url\" content=\"https:\/\/luciano-nardo.com\/de\/praktiken\/medico-legal\/\" \/>\n<meta property=\"og:site_name\" content=\"Luciano Nardo\" \/>\n<meta property=\"article:modified_time\" content=\"2022-01-10T20:04:41+00:00\" \/>\n<meta name=\"twitter:card\" content=\"summary_large_image\" \/>\n<meta name=\"twitter:label1\" content=\"Gesch\u00e4tzte Lesezeit\" \/>\n\t<meta name=\"twitter:data1\" content=\"11\u00a0Minuten\" \/>\n<script type=\"application\/ld+json\" class=\"yoast-schema-graph\">{\"@context\":\"https:\/\/schema.org\",\"@graph\":[{\"@type\":\"WebPage\",\"@id\":\"https:\/\/luciano-nardo.com\/de\/praktiken\/medico-legal\/\",\"url\":\"https:\/\/luciano-nardo.com\/de\/praktiken\/medico-legal\/\",\"name\":\"Medico Legal - Luciano Nardo\",\"isPartOf\":{\"@id\":\"https:\/\/luciano-nardo.com\/de\/#website\"},\"datePublished\":\"2022-01-10T20:02:51+00:00\",\"dateModified\":\"2022-01-10T20:04:41+00:00\",\"breadcrumb\":{\"@id\":\"https:\/\/luciano-nardo.com\/de\/praktiken\/medico-legal\/#breadcrumb\"},\"inLanguage\":\"de\",\"potentialAction\":[{\"@type\":\"ReadAction\",\"target\":[\"https:\/\/luciano-nardo.com\/de\/praktiken\/medico-legal\/\"]}]},{\"@type\":\"BreadcrumbList\",\"@id\":\"https:\/\/luciano-nardo.com\/de\/praktiken\/medico-legal\/#breadcrumb\",\"itemListElement\":[{\"@type\":\"ListItem\",\"position\":1,\"name\":\"Home\",\"item\":\"https:\/\/luciano-nardo.com\/de\/homepage\/\"},{\"@type\":\"ListItem\",\"position\":2,\"name\":\"Praktiken\",\"item\":\"https:\/\/luciano-nardo.com\/de\/praktiken\/\"},{\"@type\":\"ListItem\",\"position\":3,\"name\":\"Medico Legal\"}]},{\"@type\":\"WebSite\",\"@id\":\"https:\/\/luciano-nardo.com\/de\/#website\",\"url\":\"https:\/\/luciano-nardo.com\/de\/\",\"name\":\"Luciano Nardo\",\"description\":\"Consultant Gynaecologist\",\"potentialAction\":[{\"@type\":\"SearchAction\",\"target\":{\"@type\":\"EntryPoint\",\"urlTemplate\":\"https:\/\/luciano-nardo.com\/de\/?s={search_term_string}\"},\"query-input\":{\"@type\":\"PropertyValueSpecification\",\"valueRequired\":true,\"valueName\":\"search_term_string\"}}],\"inLanguage\":\"de\"}]}<\/script>\n<!-- \/ Yoast SEO plugin. -->","yoast_head_json":{"title":"Medico Legal - Luciano Nardo","robots":{"index":"index","follow":"follow","max-snippet":"max-snippet:-1","max-image-preview":"max-image-preview:large","max-video-preview":"max-video-preview:-1"},"canonical":"https:\/\/luciano-nardo.com\/de\/praktiken\/medico-legal\/","og_locale":"de_DE","og_type":"article","og_title":"Medico Legal - Luciano Nardo","og_url":"https:\/\/luciano-nardo.com\/de\/praktiken\/medico-legal\/","og_site_name":"Luciano Nardo","article_modified_time":"2022-01-10T20:04:41+00:00","twitter_card":"summary_large_image","twitter_misc":{"Gesch\u00e4tzte Lesezeit":"11\u00a0Minuten"},"schema":{"@context":"https:\/\/schema.org","@graph":[{"@type":"WebPage","@id":"https:\/\/luciano-nardo.com\/de\/praktiken\/medico-legal\/","url":"https:\/\/luciano-nardo.com\/de\/praktiken\/medico-legal\/","name":"Medico Legal - Luciano Nardo","isPartOf":{"@id":"https:\/\/luciano-nardo.com\/de\/#website"},"datePublished":"2022-01-10T20:02:51+00:00","dateModified":"2022-01-10T20:04:41+00:00","breadcrumb":{"@id":"https:\/\/luciano-nardo.com\/de\/praktiken\/medico-legal\/#breadcrumb"},"inLanguage":"de","potentialAction":[{"@type":"ReadAction","target":["https:\/\/luciano-nardo.com\/de\/praktiken\/medico-legal\/"]}]},{"@type":"BreadcrumbList","@id":"https:\/\/luciano-nardo.com\/de\/praktiken\/medico-legal\/#breadcrumb","itemListElement":[{"@type":"ListItem","position":1,"name":"Home","item":"https:\/\/luciano-nardo.com\/de\/homepage\/"},{"@type":"ListItem","position":2,"name":"Praktiken","item":"https:\/\/luciano-nardo.com\/de\/praktiken\/"},{"@type":"ListItem","position":3,"name":"Medico Legal"}]},{"@type":"WebSite","@id":"https:\/\/luciano-nardo.com\/de\/#website","url":"https:\/\/luciano-nardo.com\/de\/","name":"Luciano Nardo","description":"Consultant Gynaecologist","potentialAction":[{"@type":"SearchAction","target":{"@type":"EntryPoint","urlTemplate":"https:\/\/luciano-nardo.com\/de\/?s={search_term_string}"},"query-input":{"@type":"PropertyValueSpecification","valueRequired":true,"valueName":"search_term_string"}}],"inLanguage":"de"}]}},"jetpack_sharing_enabled":true,"_links":{"self":[{"href":"https:\/\/luciano-nardo.com\/de\/wp-json\/wp\/v2\/pages\/1549","targetHints":{"allow":["GET"]}}],"collection":[{"href":"https:\/\/luciano-nardo.com\/de\/wp-json\/wp\/v2\/pages"}],"about":[{"href":"https:\/\/luciano-nardo.com\/de\/wp-json\/wp\/v2\/types\/page"}],"author":[{"embeddable":true,"href":"https:\/\/luciano-nardo.com\/de\/wp-json\/wp\/v2\/users\/1"}],"replies":[{"embeddable":true,"href":"https:\/\/luciano-nardo.com\/de\/wp-json\/wp\/v2\/comments?post=1549"}],"version-history":[{"count":13,"href":"https:\/\/luciano-nardo.com\/de\/wp-json\/wp\/v2\/pages\/1549\/revisions"}],"predecessor-version":[{"id":1589,"href":"https:\/\/luciano-nardo.com\/de\/wp-json\/wp\/v2\/pages\/1549\/revisions\/1589"}],"up":[{"embeddable":true,"href":"https:\/\/luciano-nardo.com\/de\/wp-json\/wp\/v2\/pages\/712"}],"wp:attachment":[{"href":"https:\/\/luciano-nardo.com\/de\/wp-json\/wp\/v2\/media?parent=1549"}],"curies":[{"name":"wp","href":"https:\/\/api.w.org\/{rel}","templated":true}]}}