{"id":563,"date":"2021-11-01T21:40:35","date_gmt":"2021-11-01T21:40:35","guid":{"rendered":"https:\/\/luciano-nardo.com\/fruchtbarkeit\/"},"modified":"2022-03-01T12:49:52","modified_gmt":"2022-03-01T12:49:52","slug":"fruchtbarkeit","status":"publish","type":"page","link":"https:\/\/luciano-nardo.com\/de\/praktiken\/fruchtbarkeit\/","title":{"rendered":"Fruchtbarkeit"},"content":{"rendered":"\n<style type=\"text\/css\" data-created_by=\"avia_inline_auto\" id=\"style-css-av-h9sfr-bdd988cb2d551dbe8d370c893299e64a\">\n.avia-section.av-h9sfr-bdd988cb2d551dbe8d370c893299e64a{\nbackground-repeat:no-repeat;\nbackground-image:url(https:\/\/i0.wp.com\/luciano-nardo.com\/wp-content\/uploads\/2021\/10\/Fertility-banner3.jpg?fit=1400%2C700&ssl=1);\nbackground-position:50% 100%;\nbackground-attachment:scroll;\n}\n.avia-section.av-h9sfr-bdd988cb2d551dbe8d370c893299e64a .av-section-color-overlay{\nopacity:0.5;\nbackground-color:#000000;\n}\n<\/style>\n<div id='av_section_1'  class='avia-section av-h9sfr-bdd988cb2d551dbe8d370c893299e64a main_color avia-section-default avia-no-border-styling  avia-builder-el-0  el_before_av_section  avia-builder-el-first  avia-full-stretch avia-bg-style-scroll av-section-color-overlay-active  av-minimum-height av-minimum-height-custom  container_wrap fullsize'  data-section-bg-repeat='stretch'><div class='av-section-color-overlay-wrap'><div class=\"av-section-color-overlay\"><\/div><div class='container av-section-cont-open' style='height:300px'><main  role=\"main\" itemprop=\"mainContentOfPage\"  class='template-page content  av-content-full alpha units'><div class='post-entry post-entry-type-page post-entry-563'><div class='entry-content-wrapper clearfix'>\n\n<style type=\"text\/css\" data-created_by=\"avia_inline_auto\" id=\"style-css-av-kvgha0dm-95edf7b937eb637c322a7dc4c0e88b2e\">\n#top .av-special-heading.av-kvgha0dm-95edf7b937eb637c322a7dc4c0e88b2e{\npadding-bottom:10px;\ncolor:#ffffff;\n}\n.av-special-heading.av-kvgha0dm-95edf7b937eb637c322a7dc4c0e88b2e .special-heading-inner-border{\nborder-color:#ffffff;\n}\n<\/style>\n<div  class='av-special-heading av-kvgha0dm-95edf7b937eb637c322a7dc4c0e88b2e av-special-heading-h1 custom-color-heading blockquote modern-quote modern-centered  avia-builder-el-1  avia-builder-el-no-sibling  '><h1 class='av-special-heading-tag '  itemprop=\"headline\"  >Fruchtbarkeit<\/h1><div class='special-heading-border'><div class='special-heading-inner-border'><\/div><\/div><\/div>\n\n<\/div><\/div><\/main><!-- close content main element --><\/div><\/div><\/div><div id='av_section_2'  class='avia-section av-1qoltz-07751602b3b476c18afd24d1284bba60 main_color avia-section-default avia-no-border-styling  avia-builder-el-2  el_after_av_section  el_before_av_section  avia-bg-style-scroll  container_wrap fullsize'  ><div class='container av-section-cont-open' ><div class='template-page content  av-content-full alpha units'><div class='post-entry post-entry-type-page post-entry-563'><div class='entry-content-wrapper clearfix'>\n<div class='flex_column av-1cuvmf-9b5e881964a25af2abe17b1b001b4181 av_one_half  avia-builder-el-3  el_before_av_one_half  avia-builder-el-first  first flex_column_div '   ><section class=\"av_textblock_section \"  itemscope=\"itemscope\" itemtype=\"https:\/\/schema.org\/CreativeWork\" ><div class='avia_textblock  '   itemprop=\"text\" ><p>Etwa jedes sechste heterosexuelle Paar hat Fruchtbarkeitsprobleme, etwa 50 Millionen Menschen haben Unfruchtbarkeit und 2,5 Millionen IVF-Zyklen werden jedes Jahr weltweit durchgef\u00fchrt. Die Verz\u00f6gerung bei der spontanen Erreichung einer Schwangerschaft kann durch Hormonungleichgewichte, Periodenprobleme (dh Ovulationsst\u00f6rungen), genetische Anomalien, besch\u00e4digte oder blockierte Eileiter, Endometriose, Myome, Uterusanomalien, Krebsgeschichte, Spermienanomalien und sexuelle Dysfunktion verursacht werden.<\/p>\n<p>Paare, die nach 12 Monaten regelm\u00e4\u00dfigen ungesch\u00fctzten Geschlechtsverkehrs nicht schwanger geworden sind, sollten von einem Fruchtbarkeitsspezialisten untersucht werden, w\u00e4hrend diejenigen, die vermuten, ein zugrunde liegendes Fruchtbarkeitsproblem zu haben, eine fr\u00fchzeitige \u00dcberweisung suchen sollten. Gleichgeschlechtliche Paare, Singles und Patienten, die ihre Eizellen oder Spermien vor der Krebstherapie kryokonserviert haben, k\u00f6nnen bef\u00e4higt werden, die Entscheidung dar\u00fcber zu treffen, wann der assistierte Empf\u00e4ngniszyklus beginnen soll.<\/p>\n<\/div><\/section><\/div><div class='flex_column av-12ytpz-62241d59f16c6888f637430f3d2544f0 av_one_half  avia-builder-el-5  el_after_av_one_half  el_before_av_one_half  flex_column_div '   ><section class=\"av_textblock_section \"  itemscope=\"itemscope\" itemtype=\"https:\/\/schema.org\/CreativeWork\" ><div class='avia_textblock  '   itemprop=\"text\" ><p>Personalisierte Betreuung, einfacher Zugang und hohe Erfolgsraten sind Priorit\u00e4ten f\u00fcr diejenigen, die sich auf die Fruchtbarkeitsreise begeben.<\/p>\n<p><strong>Ich biete ein ma\u00dfgeschneidertes Fruchtbarkeitsmanagement von einfachen weiblichen und m\u00e4nnlichen Bewertungen bis hin zu Empfehlungen zu den neuesten assistierten Empf\u00e4ngnistechnologien, um Fruchtbarkeitsbarrieren zu \u00fcberwinden und in einigen F\u00e4llen das Risiko wiederkehrender Schwangerschaftsverluste zu reduzieren. In Zusammenarbeit mit etablierten Kliniken f\u00fcr assistierte Empf\u00e4ngnis biete ich kollaborative und multidisziplin\u00e4re Betreuung, um denjenigen, die versuchen, ein gesundes Baby zu bekommen, die besten Chancen zu geben.  <\/strong><\/p>\n<\/div><\/section><\/div><div class='flex_column av-trj0v-ae58f1df5ce48e862e05bf8f12a1ff15 av_one_half  avia-builder-el-7  el_after_av_one_half  el_before_av_one_half  first flex_column_div column-top-margin'   ><section class=\"av_textblock_section \"  itemscope=\"itemscope\" itemtype=\"https:\/\/schema.org\/CreativeWork\" ><div class='avia_textblock  '   itemprop=\"text\" ><h3 style=\"font-size: 18px;\">Ich bin spezialisiert auf:<\/h3>\n<ul>\n<li>Beurteilung der weiblichen Fruchtbarkeit<\/li>\n<li>Beurteilung der m\u00e4nnlichen Fruchtbarkeit<\/li>\n<li>Endometrium-Beurteilung<\/li>\n<li>Reproduktive Immunologie<\/li>\n<li>Ovulationsinduktion<\/li>\n<li>Individualisierung der Stimulationsprotokolle der Eierst\u00f6cke<\/li>\n<li>IVF-Verfahren (einschlie\u00dflich ICSI und IMSI)<\/li>\n<li>Pr\u00e4implantations-Gentest f\u00fcr Aneuploidien von Blastozysten<\/li>\n<li>Einfrieren von Eiern<\/li>\n<li>Wiederholtes Implantationsfehler<\/li>\n<li>Spendereizellen<\/li>\n<li>Spendersamen<\/li>\n<\/ul>\n<h3 style=\"font-size: 18px;\">Ich biete auch Operationen an, die manchmal erforderlich sind, um entweder Erkrankungen im Zusammenhang mit Unfruchtbarkeit oder als Alternative zur assistierten Empf\u00e4ngnis zu behandeln. Ich bin spezialisiert auf:<\/h3>\n<ul>\n<li>Behandlung von Endometriose<\/li>\n<li>Entfernung von Myomen<\/li>\n<li>Entfernung von Verwachsungen<\/li>\n<li>Umkehrung der Tubenligatur<\/li>\n<li>\u00d6ffnen von verstopften Rohren<\/li>\n<li>Entfernung besch\u00e4digter Rohre<\/li>\n<li>Reparatur von Uterusanomalien<\/li>\n<\/ul>\n<\/div><\/section><\/div><div class='flex_column av-cj6gn-a33cff66605a2556ffbcc81491738c66 av_one_half  avia-builder-el-9  el_after_av_one_half  avia-builder-el-last  flex_column_div column-top-margin'   ><style type=\"text\/css\" data-created_by=\"avia_inline_auto\" id=\"style-css-av-94jc7-4fe75c41dd6627aa7db07939c9aa3e3b\">\n.avia-image-container.av-94jc7-4fe75c41dd6627aa7db07939c9aa3e3b .av-image-caption-overlay-center{\ncolor:#ffffff;\n}\n<\/style>\n<div  class='avia-image-container av-94jc7-4fe75c41dd6627aa7db07939c9aa3e3b av-styling- avia-align-center  avia-builder-el-10  avia-builder-el-no-sibling  '  itemprop=\"image\" itemscope=\"itemscope\" itemtype=\"https:\/\/schema.org\/ImageObject\" ><div class=\"avia-image-container-inner\"><div class=\"avia-image-overlay-wrap\"><img decoding=\"async\" class='wp-image-427 avia-img-lazy-loading-not-427 avia_image' src=\"https:\/\/i0.wp.com\/luciano-nardo.com\/wp-content\/uploads\/2021\/10\/fertility-services.jpg?fit=900%2C1100&ssl=1\" alt='' title='Fruchtbarkeits-Dienstleistungen'  height=\"1100\" width=\"900\"  itemprop=\"thumbnailUrl\" srcset=\"https:\/\/i0.wp.com\/luciano-nardo.com\/wp-content\/uploads\/2021\/10\/fertility-services.jpg?w=900&amp;ssl=1 900w, https:\/\/i0.wp.com\/luciano-nardo.com\/wp-content\/uploads\/2021\/10\/fertility-services.jpg?resize=245%2C300&amp;ssl=1 245w, https:\/\/i0.wp.com\/luciano-nardo.com\/wp-content\/uploads\/2021\/10\/fertility-services.jpg?resize=843%2C1030&amp;ssl=1 843w, https:\/\/i0.wp.com\/luciano-nardo.com\/wp-content\/uploads\/2021\/10\/fertility-services.jpg?resize=768%2C939&amp;ssl=1 768w, https:\/\/i0.wp.com\/luciano-nardo.com\/wp-content\/uploads\/2021\/10\/fertility-services.jpg?resize=577%2C705&amp;ssl=1 577w\" sizes=\"(max-width: 900px) 100vw, 900px\" \/><\/div><\/div><\/div><\/div><\/div><\/div><\/div><!-- close content main div --><\/div><\/div><div id='av_section_3'  class='avia-section av-kvgh9mf6-84b5487e844b2ae5a01a251e4bd30a34 main_color avia-section-default avia-shadow  avia-builder-el-11  el_after_av_section  avia-builder-el-last  avia-bg-style-scroll  container_wrap fullsize'  ><div class='container av-section-cont-open' ><div class='template-page content  av-content-full alpha units'><div class='post-entry post-entry-type-page post-entry-563'><div class='entry-content-wrapper clearfix'>\n\n<\/p>\n","protected":false},"excerpt":{"rendered":"","protected":false},"author":1,"featured_media":0,"parent":712,"menu_order":0,"comment_status":"closed","ping_status":"closed","template":"","meta":{"footnotes":""},"class_list":["post-563","page","type-page","status-publish","hentry"],"yoast_head":"<!-- This site is optimized with the Yoast SEO plugin v27.2 - https:\/\/yoast.com\/product\/yoast-seo-wordpress\/ -->\n<title>Privater Fruchtbarkeitsspezialist London | UK - Luciano Nardo<\/title>\n<meta name=\"robots\" content=\"index, follow, max-snippet:-1, max-image-preview:large, max-video-preview:-1\" \/>\n<link rel=\"canonical\" href=\"https:\/\/luciano-nardo.com\/de\/praktiken\/fruchtbarkeit\/\" \/>\n<meta property=\"og:locale\" content=\"de_DE\" \/>\n<meta property=\"og:type\" content=\"article\" \/>\n<meta property=\"og:title\" content=\"Privater Fruchtbarkeitsspezialist London | UK - Luciano Nardo\" \/>\n<meta property=\"og:url\" content=\"https:\/\/luciano-nardo.com\/de\/praktiken\/fruchtbarkeit\/\" \/>\n<meta property=\"og:site_name\" content=\"Luciano Nardo\" \/>\n<meta property=\"article:modified_time\" content=\"2022-03-01T12:49:52+00:00\" \/>\n<meta name=\"twitter:card\" content=\"summary_large_image\" \/>\n<meta name=\"twitter:label1\" content=\"Gesch\u00e4tzte Lesezeit\" \/>\n\t<meta name=\"twitter:data1\" content=\"12\u00a0Minuten\" \/>\n<script type=\"application\/ld+json\" class=\"yoast-schema-graph\">{\"@context\":\"https:\/\/schema.org\",\"@graph\":[{\"@type\":\"WebPage\",\"@id\":\"https:\/\/luciano-nardo.com\/de\/praktiken\/fruchtbarkeit\/\",\"url\":\"https:\/\/luciano-nardo.com\/de\/praktiken\/fruchtbarkeit\/\",\"name\":\"Privater Fruchtbarkeitsspezialist London | UK - Luciano Nardo\",\"isPartOf\":{\"@id\":\"https:\/\/luciano-nardo.com\/de\/#website\"},\"datePublished\":\"2021-11-01T21:40:35+00:00\",\"dateModified\":\"2022-03-01T12:49:52+00:00\",\"breadcrumb\":{\"@id\":\"https:\/\/luciano-nardo.com\/de\/praktiken\/fruchtbarkeit\/#breadcrumb\"},\"inLanguage\":\"de\",\"potentialAction\":[{\"@type\":\"ReadAction\",\"target\":[\"https:\/\/luciano-nardo.com\/de\/praktiken\/fruchtbarkeit\/\"]}]},{\"@type\":\"BreadcrumbList\",\"@id\":\"https:\/\/luciano-nardo.com\/de\/praktiken\/fruchtbarkeit\/#breadcrumb\",\"itemListElement\":[{\"@type\":\"ListItem\",\"position\":1,\"name\":\"Home\",\"item\":\"https:\/\/luciano-nardo.com\/de\/homepage\/\"},{\"@type\":\"ListItem\",\"position\":2,\"name\":\"Praktiken\",\"item\":\"https:\/\/luciano-nardo.com\/de\/praktiken\/\"},{\"@type\":\"ListItem\",\"position\":3,\"name\":\"Fruchtbarkeit\"}]},{\"@type\":\"WebSite\",\"@id\":\"https:\/\/luciano-nardo.com\/de\/#website\",\"url\":\"https:\/\/luciano-nardo.com\/de\/\",\"name\":\"Luciano Nardo\",\"description\":\"Consultant Gynaecologist\",\"potentialAction\":[{\"@type\":\"SearchAction\",\"target\":{\"@type\":\"EntryPoint\",\"urlTemplate\":\"https:\/\/luciano-nardo.com\/de\/?s={search_term_string}\"},\"query-input\":{\"@type\":\"PropertyValueSpecification\",\"valueRequired\":true,\"valueName\":\"search_term_string\"}}],\"inLanguage\":\"de\"}]}<\/script>\n<!-- \/ Yoast SEO plugin. -->","yoast_head_json":{"title":"Privater Fruchtbarkeitsspezialist London | UK - Luciano Nardo","robots":{"index":"index","follow":"follow","max-snippet":"max-snippet:-1","max-image-preview":"max-image-preview:large","max-video-preview":"max-video-preview:-1"},"canonical":"https:\/\/luciano-nardo.com\/de\/praktiken\/fruchtbarkeit\/","og_locale":"de_DE","og_type":"article","og_title":"Privater Fruchtbarkeitsspezialist London | UK - Luciano Nardo","og_url":"https:\/\/luciano-nardo.com\/de\/praktiken\/fruchtbarkeit\/","og_site_name":"Luciano Nardo","article_modified_time":"2022-03-01T12:49:52+00:00","twitter_card":"summary_large_image","twitter_misc":{"Gesch\u00e4tzte Lesezeit":"12\u00a0Minuten"},"schema":{"@context":"https:\/\/schema.org","@graph":[{"@type":"WebPage","@id":"https:\/\/luciano-nardo.com\/de\/praktiken\/fruchtbarkeit\/","url":"https:\/\/luciano-nardo.com\/de\/praktiken\/fruchtbarkeit\/","name":"Privater Fruchtbarkeitsspezialist London | UK - Luciano Nardo","isPartOf":{"@id":"https:\/\/luciano-nardo.com\/de\/#website"},"datePublished":"2021-11-01T21:40:35+00:00","dateModified":"2022-03-01T12:49:52+00:00","breadcrumb":{"@id":"https:\/\/luciano-nardo.com\/de\/praktiken\/fruchtbarkeit\/#breadcrumb"},"inLanguage":"de","potentialAction":[{"@type":"ReadAction","target":["https:\/\/luciano-nardo.com\/de\/praktiken\/fruchtbarkeit\/"]}]},{"@type":"BreadcrumbList","@id":"https:\/\/luciano-nardo.com\/de\/praktiken\/fruchtbarkeit\/#breadcrumb","itemListElement":[{"@type":"ListItem","position":1,"name":"Home","item":"https:\/\/luciano-nardo.com\/de\/homepage\/"},{"@type":"ListItem","position":2,"name":"Praktiken","item":"https:\/\/luciano-nardo.com\/de\/praktiken\/"},{"@type":"ListItem","position":3,"name":"Fruchtbarkeit"}]},{"@type":"WebSite","@id":"https:\/\/luciano-nardo.com\/de\/#website","url":"https:\/\/luciano-nardo.com\/de\/","name":"Luciano Nardo","description":"Consultant Gynaecologist","potentialAction":[{"@type":"SearchAction","target":{"@type":"EntryPoint","urlTemplate":"https:\/\/luciano-nardo.com\/de\/?s={search_term_string}"},"query-input":{"@type":"PropertyValueSpecification","valueRequired":true,"valueName":"search_term_string"}}],"inLanguage":"de"}]}},"jetpack_sharing_enabled":true,"_links":{"self":[{"href":"https:\/\/luciano-nardo.com\/de\/wp-json\/wp\/v2\/pages\/563","targetHints":{"allow":["GET"]}}],"collection":[{"href":"https:\/\/luciano-nardo.com\/de\/wp-json\/wp\/v2\/pages"}],"about":[{"href":"https:\/\/luciano-nardo.com\/de\/wp-json\/wp\/v2\/types\/page"}],"author":[{"embeddable":true,"href":"https:\/\/luciano-nardo.com\/de\/wp-json\/wp\/v2\/users\/1"}],"replies":[{"embeddable":true,"href":"https:\/\/luciano-nardo.com\/de\/wp-json\/wp\/v2\/comments?post=563"}],"version-history":[{"count":12,"href":"https:\/\/luciano-nardo.com\/de\/wp-json\/wp\/v2\/pages\/563\/revisions"}],"predecessor-version":[{"id":1742,"href":"https:\/\/luciano-nardo.com\/de\/wp-json\/wp\/v2\/pages\/563\/revisions\/1742"}],"up":[{"embeddable":true,"href":"https:\/\/luciano-nardo.com\/de\/wp-json\/wp\/v2\/pages\/712"}],"wp:attachment":[{"href":"https:\/\/luciano-nardo.com\/de\/wp-json\/wp\/v2\/media?parent=563"}],"curies":[{"name":"wp","href":"https:\/\/api.w.org\/{rel}","templated":true}]}}