{"id":567,"date":"2021-11-01T21:40:35","date_gmt":"2021-11-01T21:40:35","guid":{"rendered":"https:\/\/luciano-nardo.com\/orte\/"},"modified":"2025-07-30T17:35:45","modified_gmt":"2025-07-30T16:35:45","slug":"orte","status":"publish","type":"page","link":"https:\/\/luciano-nardo.com\/de\/orte\/","title":{"rendered":"Orte"},"content":{"rendered":"\n<style type=\"text\/css\" data-created_by=\"avia_inline_auto\" id=\"style-css-av-1mo80-01205967cd18e922d78aad7ab93689cd\">\n.avia-section.av-1mo80-01205967cd18e922d78aad7ab93689cd{\nbackground-repeat:no-repeat;\nbackground-image:url(https:\/\/i0.wp.com\/luciano-nardo.com\/wp-content\/uploads\/2021\/10\/locations-banner.jpg?fit=1400%2C700&ssl=1);\nbackground-position:50% 50%;\nbackground-attachment:scroll;\n}\n.avia-section.av-1mo80-01205967cd18e922d78aad7ab93689cd .av-section-color-overlay{\nopacity:0.5;\nbackground-color:#000000;\n}\n<\/style>\n<div id='av_section_1'  class='avia-section av-1mo80-01205967cd18e922d78aad7ab93689cd main_color avia-section-default avia-no-border-styling  avia-builder-el-0  el_before_av_textblock  avia-builder-el-first  avia-full-stretch avia-bg-style-scroll av-section-color-overlay-active  av-minimum-height av-minimum-height-custom  container_wrap fullsize'  data-section-bg-repeat='stretch'><div class='av-section-color-overlay-wrap'><div class=\"av-section-color-overlay\"><\/div><div class='container av-section-cont-open' style='height:300px'><main  role=\"main\" itemprop=\"mainContentOfPage\"  class='template-page content  av-content-full alpha units'><div class='post-entry post-entry-type-page post-entry-567'><div class='entry-content-wrapper clearfix'>\n\n<style type=\"text\/css\" data-created_by=\"avia_inline_auto\" id=\"style-css-av-kvaut0jy-50b6d92c8e52c5f062c8d56554b005fe\">\n#top .av-special-heading.av-kvaut0jy-50b6d92c8e52c5f062c8d56554b005fe{\npadding-bottom:10px;\ncolor:#ffffff;\n}\n.av-special-heading.av-kvaut0jy-50b6d92c8e52c5f062c8d56554b005fe .av-special-heading-tag{\npadding:0 0 20px 0;\n}\n.av-special-heading.av-kvaut0jy-50b6d92c8e52c5f062c8d56554b005fe .special-heading-inner-border{\nborder-color:#ffffff;\n}\n.av-special-heading.av-kvaut0jy-50b6d92c8e52c5f062c8d56554b005fe .av-subheading{\nfont-size:22px;\n}\n<\/style>\n<div  class='av-special-heading av-kvaut0jy-50b6d92c8e52c5f062c8d56554b005fe av-special-heading-h1 custom-color-heading blockquote modern-quote modern-centered  avia-builder-el-1  avia-builder-el-no-sibling  '><h1 class='av-special-heading-tag '  itemprop=\"headline\"  >ORTE<\/h1><div class='av_custom_color av-subheading av-subheading_below '><p>London (Vereinigtes K\u00f6nigreich) | Dubai (VAE)<\/p>\n<\/div><div class='special-heading-border'><div class='special-heading-inner-border'><\/div><\/div><\/div>\n<\/div><\/div><\/main><!-- close content main element --><\/div><\/div><\/div><div id='after_section_1'  class='main_color av_default_container_wrap container_wrap fullsize'  ><div class='container av-section-cont-open' ><div class='template-page content  av-content-full alpha units'><div class='post-entry post-entry-type-page post-entry-567'><div class='entry-content-wrapper clearfix'>\n<section class=\"av_textblock_section \"  itemscope=\"itemscope\" itemtype=\"https:\/\/schema.org\/CreativeWork\" ><div class='avia_textblock  '   itemprop=\"text\" ><h3 class=\"p1\" style=\"text-align: center;\">Personalisierte und innovative Betreuung, einfacher Zugang, hohe Erfolgsquoten und Vertraulichkeit haben Priorit\u00e4t f\u00fcr diejenigen, die versuchen, erfolgreich schwanger zu werden, und f\u00fcr diejenigen, die unter gyn\u00e4kologischen Beschwerden leiden.<\/h3>\n<p class=\"p1\" style=\"text-align: center;\">Professor Nardo und sein Team bieten eine umfassende und ma\u00dfgeschneiderte Betreuung von Untersuchungen bis hin zu den neuesten Behandlungen f\u00fcr alle Fruchtbarkeitsprobleme sowie f\u00fcr ein breites Spektrum an gutartigen gyn\u00e4kologischen Erkrankungen und wiederkehrenden Fehlgeburten. Er bietet mitf\u00fchlende, kollaborative und multidisziplin\u00e4re Betreuung, um denjenigen, die versuchen, ein gesundes Baby zu bekommen, die besten Chancen zu bieten, und denjenigen, die eine Behandlung von gyn\u00e4kologischen Problemen suchen, um das beste Ergebnis zu erzielen. <\/p>\n<p class=\"p1\" style=\"text-align: center;\">Neben aktiven medizinischen Approbationen in der Schweiz, Italien, Gro\u00dfbritannien und den Vereinigten Arabischen Emiraten praktiziert Professor Nardo derzeit in etablierten klinischen Einrichtungen in London (UK) und Dubai (VAE) und f\u00fchrt virtuelle pers\u00f6nliche Konsultationen f\u00fcr Patienten weltweit durch.<\/p>\n<\/div><\/section>\n<\/div><\/div><\/div><!-- close content main div --><\/div><\/div><div id='av_section_2'  class='avia-section av-nkso-1410c64b103290bdc40d6cce1d5c300a main_color avia-section-default avia-no-border-styling  avia-builder-el-3  el_after_av_textblock  el_before_av_section  avia-bg-style-scroll  container_wrap fullsize'  ><div class='container av-section-cont-open' ><div class='template-page content  av-content-full alpha units'><div class='post-entry post-entry-type-page post-entry-567'><div class='entry-content-wrapper clearfix'>\n<div class='flex_column_table av-kvauyse5-a70d2b83d307beb08b25bad6097ef5c6 sc-av_one_half av-equal-height-column-flextable'>\n<style type=\"text\/css\" data-created_by=\"avia_inline_auto\" id=\"style-css-av-kvauyse5-a70d2b83d307beb08b25bad6097ef5c6\">\n.flex_column.av-kvauyse5-a70d2b83d307beb08b25bad6097ef5c6{\npadding:0 0 25px 0;\nbackground-color:#c04015;\n}\n<\/style>\n<div class='flex_column av-kvauyse5-a70d2b83d307beb08b25bad6097ef5c6 av_one_half  avia-builder-el-4  el_before_av_one_half  avia-builder-el-first  first flex_column_table_cell av-equal-height-column av-align-middle '   ><p>\n<style type=\"text\/css\" data-created_by=\"avia_inline_auto\" id=\"style-css-av-m9wn6vrj-2ee53b084ff04da06033767f1f05a4e9\">\n.avia-image-container.av-m9wn6vrj-2ee53b084ff04da06033767f1f05a4e9 .av-image-caption-overlay-center{\ncolor:#ffffff;\n}\n<\/style>\n<div  class='avia-image-container av-m9wn6vrj-2ee53b084ff04da06033767f1f05a4e9 av-styling- avia-align-center  avia-builder-el-5  el_before_av_heading  avia-builder-el-first  '  itemprop=\"image\" itemscope=\"itemscope\" itemtype=\"https:\/\/schema.org\/ImageObject\" ><div class=\"avia-image-container-inner\"><div class=\"avia-image-overlay-wrap\"><img decoding=\"async\" class='wp-image-421 avia-img-lazy-loading-not-421 avia_image' src=\"https:\/\/i0.wp.com\/luciano-nardo.com\/wp-content\/uploads\/2021\/10\/25-harley-street.jpg?fit=900%2C600&ssl=1\" alt='' title='25-Harley-Stra\u00dfe'  height=\"600\" width=\"900\"  itemprop=\"thumbnailUrl\" srcset=\"https:\/\/i0.wp.com\/luciano-nardo.com\/wp-content\/uploads\/2021\/10\/25-harley-street.jpg?w=900&amp;ssl=1 900w, https:\/\/i0.wp.com\/luciano-nardo.com\/wp-content\/uploads\/2021\/10\/25-harley-street.jpg?resize=300%2C200&amp;ssl=1 300w, https:\/\/i0.wp.com\/luciano-nardo.com\/wp-content\/uploads\/2021\/10\/25-harley-street.jpg?resize=768%2C512&amp;ssl=1 768w, https:\/\/i0.wp.com\/luciano-nardo.com\/wp-content\/uploads\/2021\/10\/25-harley-street.jpg?resize=705%2C470&amp;ssl=1 705w\" sizes=\"(max-width: 900px) 100vw, 900px\" \/><\/div><\/div><\/div><br \/>\n\n<style type=\"text\/css\" data-created_by=\"avia_inline_auto\" id=\"style-css-av-kvauxazw-62dfb15e0fd427808a29ff366dc54274\">\n#top .av-special-heading.av-kvauxazw-62dfb15e0fd427808a29ff366dc54274{\nmargin:30px 0 0 0;\npadding-bottom:0px;\ncolor:#ffffff;\n}\n.av-special-heading.av-kvauxazw-62dfb15e0fd427808a29ff366dc54274 .av-special-heading-tag{\npadding:0 0 0 0;\n}\n.av-special-heading.av-kvauxazw-62dfb15e0fd427808a29ff366dc54274 .special-heading-inner-border{\nborder-color:#ffffff;\n}\n<\/style>\n<div  class='av-special-heading av-kvauxazw-62dfb15e0fd427808a29ff366dc54274 av-special-heading-h3 custom-color-heading blockquote modern-quote modern-centered  avia-builder-el-6  el_after_av_image  el_before_av_textblock  '><h3 class='av-special-heading-tag '  itemprop=\"headline\"  >Phoenix Hospital Gruppe<\/h3><div class='special-heading-border'><div class='special-heading-inner-border'><\/div><\/div><\/div><br \/>\n<section class=\"av_textblock_section \"  itemscope=\"itemscope\" itemtype=\"https:\/\/schema.org\/CreativeWork\" ><div class='avia_textblock  av_inherit_color '  style='color:#ffffff; '  itemprop=\"text\" ><p style=\"text-align: center;\">25 Harley Street<br \/>\nLondon W1G 9QW<br \/>\nUK<br \/>\n<strong>F\u00fcr Terminvereinbarungen: info@luciano-nardo.com oder +44 7389 839236<\/strong><\/p>\n<\/div><\/section><\/p><\/div><div class='av-flex-placeholder'><\/div>\n<style type=\"text\/css\" data-created_by=\"avia_inline_auto\" id=\"style-css-av-1w7fk-06a32810533e9ed573e4543d69209e17\">\n.flex_column.av-1w7fk-06a32810533e9ed573e4543d69209e17{\npadding:0 0 25px 0;\nbackground-color:#c04015;\n}\n<\/style>\n<div class='flex_column av-1w7fk-06a32810533e9ed573e4543d69209e17 av_one_half  avia-builder-el-8  el_after_av_one_half  el_before_av_one_half  flex_column_table_cell av-equal-height-column av-align-middle '   ><p>\n<style type=\"text\/css\" data-created_by=\"avia_inline_auto\" id=\"style-css-av-m9wnax29-ec0158d170db58d02bfeb66d6b11b8f0\">\n.avia-image-container.av-m9wnax29-ec0158d170db58d02bfeb66d6b11b8f0 .av-image-caption-overlay-center{\ncolor:#ffffff;\n}\n<\/style>\n<div  class='avia-image-container av-m9wnax29-ec0158d170db58d02bfeb66d6b11b8f0 av-styling- avia-align-center  avia-builder-el-9  el_before_av_heading  avia-builder-el-first  '  itemprop=\"image\" itemscope=\"itemscope\" itemtype=\"https:\/\/schema.org\/ImageObject\" ><div class=\"avia-image-container-inner\"><div class=\"avia-image-overlay-wrap\"><img decoding=\"async\" class='wp-image-1044 avia-img-lazy-loading-not-1044 avia_image' src=\"https:\/\/i0.wp.com\/luciano-nardo.com\/wp-content\/uploads\/2021\/11\/Weymouth-Street-Hospital.jpg?fit=900%2C600&ssl=1\" alt='Weymouth Street Krankenhaus' title='Weymouth Street Krankenhaus'  height=\"600\" width=\"900\"  itemprop=\"thumbnailUrl\" srcset=\"https:\/\/i0.wp.com\/luciano-nardo.com\/wp-content\/uploads\/2021\/11\/Weymouth-Street-Hospital.jpg?w=900&amp;ssl=1 900w, https:\/\/i0.wp.com\/luciano-nardo.com\/wp-content\/uploads\/2021\/11\/Weymouth-Street-Hospital.jpg?resize=300%2C200&amp;ssl=1 300w, https:\/\/i0.wp.com\/luciano-nardo.com\/wp-content\/uploads\/2021\/11\/Weymouth-Street-Hospital.jpg?resize=768%2C512&amp;ssl=1 768w, https:\/\/i0.wp.com\/luciano-nardo.com\/wp-content\/uploads\/2021\/11\/Weymouth-Street-Hospital.jpg?resize=705%2C470&amp;ssl=1 705w\" sizes=\"(max-width: 900px) 100vw, 900px\" \/><\/div><\/div><\/div><br \/>\n\n<style type=\"text\/css\" data-created_by=\"avia_inline_auto\" id=\"style-css-av-m9wn8smc-2af7a5cbed34b8e2674c9714f0951afc\">\n#top .av-special-heading.av-m9wn8smc-2af7a5cbed34b8e2674c9714f0951afc{\nmargin:30px 0 0 0;\npadding-bottom:0px;\ncolor:#ffffff;\n}\n.av-special-heading.av-m9wn8smc-2af7a5cbed34b8e2674c9714f0951afc .special-heading-inner-border{\nborder-color:#ffffff;\n}\n<\/style>\n<div  class='av-special-heading av-m9wn8smc-2af7a5cbed34b8e2674c9714f0951afc av-special-heading-h3 custom-color-heading blockquote modern-quote modern-centered  avia-builder-el-10  el_after_av_image  el_before_av_textblock  '><h3 class='av-special-heading-tag '  itemprop=\"headline\"  >Weymouth Street Krankenhaus<\/h3><div class='special-heading-border'><div class='special-heading-inner-border'><\/div><\/div><\/div><br \/>\n<section class=\"av_textblock_section \"  itemscope=\"itemscope\" itemtype=\"https:\/\/schema.org\/CreativeWork\" ><div class='avia_textblock  av_inherit_color '  style='color:#ffffff; '  itemprop=\"text\" ><p class=\"p1\" style=\"text-align: center;\">42-46 Weymouth Street<br \/>\nLondon W1G 6DR<br \/>\nUK<br \/>\n<strong>F\u00fcr Terminvereinbarungen: info@luciano-nardo.com oder +44 7389 839236<\/strong><\/p>\n<\/div><\/section><\/p><\/div><\/div><!--close column table wrapper. Autoclose: 1 --><div class='flex_column_table av-1o2zs-c7eb3ab6e297c7fc0e458773bf86f38e sc-av_one_half av-equal-height-column-flextable'>\n<style type=\"text\/css\" data-created_by=\"avia_inline_auto\" id=\"style-css-av-1o2zs-c7eb3ab6e297c7fc0e458773bf86f38e\">\n.flex_column.av-1o2zs-c7eb3ab6e297c7fc0e458773bf86f38e{\npadding:0 0 25px 0;\nbackground-color:#c04015;\n}\n<\/style>\n<div class='flex_column av-1o2zs-c7eb3ab6e297c7fc0e458773bf86f38e av_one_half  avia-builder-el-12  el_after_av_one_half  el_before_av_one_half  first flex_column_table_cell av-equal-height-column av-align-top column-top-margin'   ><p>\n<style type=\"text\/css\" data-created_by=\"avia_inline_auto\" id=\"style-css-av-m9wo0z6i-c07c94eb1d0f69d00ee5a34003680f20\">\n.avia-image-container.av-m9wo0z6i-c07c94eb1d0f69d00ee5a34003680f20 .av-image-caption-overlay-center{\ncolor:#ffffff;\n}\n<\/style>\n<div  class='avia-image-container av-m9wo0z6i-c07c94eb1d0f69d00ee5a34003680f20 av-styling- avia-align-center  avia-builder-el-13  el_before_av_heading  avia-builder-el-first  '  itemprop=\"image\" itemscope=\"itemscope\" itemtype=\"https:\/\/schema.org\/ImageObject\" ><div class=\"avia-image-container-inner\"><div class=\"avia-image-overlay-wrap\"><img decoding=\"async\" class='wp-image-2249 avia-img-lazy-loading-not-2249 avia_image' src=\"https:\/\/i0.wp.com\/luciano-nardo.com\/wp-content\/uploads\/2025\/07\/ORCHID.jpg?fit=900%2C600&ssl=1\" alt='Phoenix Hospital Group' title='ORCHID'  height=\"600\" width=\"900\"  itemprop=\"thumbnailUrl\" srcset=\"https:\/\/i0.wp.com\/luciano-nardo.com\/wp-content\/uploads\/2025\/07\/ORCHID.jpg?w=900&amp;ssl=1 900w, https:\/\/i0.wp.com\/luciano-nardo.com\/wp-content\/uploads\/2025\/07\/ORCHID.jpg?resize=300%2C200&amp;ssl=1 300w, https:\/\/i0.wp.com\/luciano-nardo.com\/wp-content\/uploads\/2025\/07\/ORCHID.jpg?resize=768%2C512&amp;ssl=1 768w, https:\/\/i0.wp.com\/luciano-nardo.com\/wp-content\/uploads\/2025\/07\/ORCHID.jpg?resize=705%2C470&amp;ssl=1 705w\" sizes=\"(max-width: 900px) 100vw, 900px\" \/><\/div><\/div><\/div><br \/>\n\n<style type=\"text\/css\" data-created_by=\"avia_inline_auto\" id=\"style-css-av-m9wngktq-d3c3989ed40d78b7f7c19354b34e3b83\">\n#top .av-special-heading.av-m9wngktq-d3c3989ed40d78b7f7c19354b34e3b83{\nmargin:30px 0 0 0;\npadding-bottom:0px;\ncolor:#ffffff;\n}\n.av-special-heading.av-m9wngktq-d3c3989ed40d78b7f7c19354b34e3b83 .special-heading-inner-border{\nborder-color:#ffffff;\n}\n<\/style>\n<div  class='av-special-heading av-m9wngktq-d3c3989ed40d78b7f7c19354b34e3b83 av-special-heading-h3 custom-color-heading blockquote modern-quote modern-centered  avia-builder-el-14  el_after_av_image  el_before_av_textblock  '><h3 class='av-special-heading-tag '  itemprop=\"headline\"  >Orchideen-Kinderwunschklinik<\/h3><div class='special-heading-border'><div class='special-heading-inner-border'><\/div><\/div><\/div><br \/>\n<section class=\"av_textblock_section \"  itemscope=\"itemscope\" itemtype=\"https:\/\/schema.org\/CreativeWork\" ><div class='avia_textblock  av_inherit_color '  style='color:#ffffff; '  itemprop=\"text\" ><p class=\"p1\" style=\"text-align: center;\">Ibn Sina Building<br \/>\nDubai<br \/>\nVAE<br \/>\n<strong>F\u00fcr Terminvereinbarungen: info@luciano-nardo.com oder +971 54 666 4010<\/strong><\/p>\n<\/div><\/section><\/p><\/div><div class='av-flex-placeholder'><\/div>\n<style type=\"text\/css\" data-created_by=\"avia_inline_auto\" id=\"style-css-av-x3xg-7c48e201c26996806d1e41a632b27ea6\">\n.flex_column.av-x3xg-7c48e201c26996806d1e41a632b27ea6{\npadding:0 0 25px 0;\nbackground-color:#c04015;\n}\n<\/style>\n<div class='flex_column av-x3xg-7c48e201c26996806d1e41a632b27ea6 av_one_half  avia-builder-el-16  el_after_av_one_half  avia-builder-el-last  flex_column_table_cell av-equal-height-column av-align-top column-top-margin'   ><p>\n<style type=\"text\/css\" data-created_by=\"avia_inline_auto\" id=\"style-css-av-m9wo1i9w-53627239232b2c48f7625b1cfd3ba734\">\n.avia-image-container.av-m9wo1i9w-53627239232b2c48f7625b1cfd3ba734 .av-image-caption-overlay-center{\ncolor:#ffffff;\n}\n<\/style>\n<div  class='avia-image-container av-m9wo1i9w-53627239232b2c48f7625b1cfd3ba734 av-styling- avia-align-center  avia-builder-el-17  el_before_av_heading  avia-builder-el-first  '  itemprop=\"image\" itemscope=\"itemscope\" itemtype=\"https:\/\/schema.org\/ImageObject\" ><div class=\"avia-image-container-inner\"><div class=\"avia-image-overlay-wrap\"><img decoding=\"async\" class='wp-image-2033 avia-img-lazy-loading-not-2033 avia_image' src=\"https:\/\/i0.wp.com\/luciano-nardo.com\/wp-content\/uploads\/2025\/04\/Medcare-Women-Children-Hospital.jpg?fit=900%2C600&ssl=1\" alt='' title='Medcare-Women-&amp;-Children-Hospital'  height=\"600\" width=\"900\"  itemprop=\"thumbnailUrl\" srcset=\"https:\/\/i0.wp.com\/luciano-nardo.com\/wp-content\/uploads\/2025\/04\/Medcare-Women-Children-Hospital.jpg?w=900&amp;ssl=1 900w, https:\/\/i0.wp.com\/luciano-nardo.com\/wp-content\/uploads\/2025\/04\/Medcare-Women-Children-Hospital.jpg?resize=300%2C200&amp;ssl=1 300w, https:\/\/i0.wp.com\/luciano-nardo.com\/wp-content\/uploads\/2025\/04\/Medcare-Women-Children-Hospital.jpg?resize=768%2C512&amp;ssl=1 768w, https:\/\/i0.wp.com\/luciano-nardo.com\/wp-content\/uploads\/2025\/04\/Medcare-Women-Children-Hospital.jpg?resize=705%2C470&amp;ssl=1 705w\" sizes=\"(max-width: 900px) 100vw, 900px\" \/><\/div><\/div><\/div><br \/>\n\n<style type=\"text\/css\" data-created_by=\"avia_inline_auto\" id=\"style-css-av-m9wnli2q-0e510b3ee9bafd9b21ef73cfc0b8840c\">\n#top .av-special-heading.av-m9wnli2q-0e510b3ee9bafd9b21ef73cfc0b8840c{\nmargin:30px 0 0 0;\npadding-bottom:0px;\ncolor:#ffffff;\n}\n.av-special-heading.av-m9wnli2q-0e510b3ee9bafd9b21ef73cfc0b8840c .special-heading-inner-border{\nborder-color:#ffffff;\n}\n<\/style>\n<div  class='av-special-heading av-m9wnli2q-0e510b3ee9bafd9b21ef73cfc0b8840c av-special-heading-h3 custom-color-heading blockquote modern-quote modern-centered  avia-builder-el-18  el_after_av_image  el_before_av_textblock  '><h3 class='av-special-heading-tag '  itemprop=\"headline\"  >Medcare Frauen- und Kinderkrankenhaus<\/h3><div class='special-heading-border'><div class='special-heading-inner-border'><\/div><\/div><\/div><br \/>\n<section class=\"av_textblock_section \"  itemscope=\"itemscope\" itemtype=\"https:\/\/schema.org\/CreativeWork\" ><div class='avia_textblock  av_inherit_color '  style='color:#ffffff; '  itemprop=\"text\" ><p class=\"p1\" style=\"text-align: center;\">Sheikh Zayed Road<br \/>\nDubai<br \/>\nVAE<br \/>\n<strong>F\u00fcr Terminvereinbarungen: info@luciano-nardo.com oder +971 54 666 4010<\/strong><\/p>\n<\/div><\/section><\/p><\/div><\/div><!--close column table wrapper. Autoclose: 1 --><\/div><\/div><\/div><!-- close content main div --><\/div><\/div><div id='av_section_3'  class='avia-section av-1h0r0-24ea8bce6f4545ddbd2e5a79aa3e6bd5 main_color avia-section-default avia-no-border-styling  avia-builder-el-20  el_after_av_section  avia-builder-el-last  avia-bg-style-scroll  container_wrap fullsize'  ><div class='container av-section-cont-open' ><div class='template-page content  av-content-full alpha units'><div class='post-entry post-entry-type-page post-entry-567'><div class='entry-content-wrapper clearfix'>\n\n<\/p>\n","protected":false},"excerpt":{"rendered":"","protected":false},"author":2,"featured_media":0,"parent":0,"menu_order":4,"comment_status":"closed","ping_status":"closed","template":"","meta":{"footnotes":""},"class_list":["post-567","page","type-page","status-publish","hentry"],"yoast_head":"<!-- This site is optimized with the Yoast SEO plugin v27.2 - https:\/\/yoast.com\/product\/yoast-seo-wordpress\/ -->\n<title>Orte - Luciano Nardo<\/title>\n<meta name=\"robots\" content=\"index, follow, max-snippet:-1, max-image-preview:large, max-video-preview:-1\" \/>\n<link rel=\"canonical\" href=\"https:\/\/luciano-nardo.com\/de\/orte\/\" \/>\n<meta property=\"og:locale\" content=\"de_DE\" \/>\n<meta property=\"og:type\" content=\"article\" \/>\n<meta property=\"og:title\" content=\"Orte - Luciano Nardo\" \/>\n<meta property=\"og:url\" content=\"https:\/\/luciano-nardo.com\/de\/orte\/\" \/>\n<meta property=\"og:site_name\" content=\"Luciano Nardo\" \/>\n<meta property=\"article:modified_time\" content=\"2025-07-30T16:35:45+00:00\" \/>\n<meta name=\"twitter:card\" content=\"summary_large_image\" \/>\n<meta name=\"twitter:label1\" content=\"Gesch\u00e4tzte Lesezeit\" \/>\n\t<meta name=\"twitter:data1\" content=\"14\u00a0Minuten\" \/>\n<script type=\"application\/ld+json\" class=\"yoast-schema-graph\">{\"@context\":\"https:\/\/schema.org\",\"@graph\":[{\"@type\":\"WebPage\",\"@id\":\"https:\/\/luciano-nardo.com\/de\/orte\/\",\"url\":\"https:\/\/luciano-nardo.com\/de\/orte\/\",\"name\":\"Orte - Luciano Nardo\",\"isPartOf\":{\"@id\":\"https:\/\/luciano-nardo.com\/de\/#website\"},\"datePublished\":\"2021-11-01T21:40:35+00:00\",\"dateModified\":\"2025-07-30T16:35:45+00:00\",\"breadcrumb\":{\"@id\":\"https:\/\/luciano-nardo.com\/de\/orte\/#breadcrumb\"},\"inLanguage\":\"de\",\"potentialAction\":[{\"@type\":\"ReadAction\",\"target\":[\"https:\/\/luciano-nardo.com\/de\/orte\/\"]}]},{\"@type\":\"BreadcrumbList\",\"@id\":\"https:\/\/luciano-nardo.com\/de\/orte\/#breadcrumb\",\"itemListElement\":[{\"@type\":\"ListItem\",\"position\":1,\"name\":\"Home\",\"item\":\"https:\/\/luciano-nardo.com\/de\/homepage\/\"},{\"@type\":\"ListItem\",\"position\":2,\"name\":\"Orte\"}]},{\"@type\":\"WebSite\",\"@id\":\"https:\/\/luciano-nardo.com\/de\/#website\",\"url\":\"https:\/\/luciano-nardo.com\/de\/\",\"name\":\"Luciano Nardo\",\"description\":\"Consultant Gynaecologist\",\"potentialAction\":[{\"@type\":\"SearchAction\",\"target\":{\"@type\":\"EntryPoint\",\"urlTemplate\":\"https:\/\/luciano-nardo.com\/de\/?s={search_term_string}\"},\"query-input\":{\"@type\":\"PropertyValueSpecification\",\"valueRequired\":true,\"valueName\":\"search_term_string\"}}],\"inLanguage\":\"de\"}]}<\/script>\n<!-- \/ Yoast SEO plugin. -->","yoast_head_json":{"title":"Orte - Luciano Nardo","robots":{"index":"index","follow":"follow","max-snippet":"max-snippet:-1","max-image-preview":"max-image-preview:large","max-video-preview":"max-video-preview:-1"},"canonical":"https:\/\/luciano-nardo.com\/de\/orte\/","og_locale":"de_DE","og_type":"article","og_title":"Orte - Luciano Nardo","og_url":"https:\/\/luciano-nardo.com\/de\/orte\/","og_site_name":"Luciano Nardo","article_modified_time":"2025-07-30T16:35:45+00:00","twitter_card":"summary_large_image","twitter_misc":{"Gesch\u00e4tzte Lesezeit":"14\u00a0Minuten"},"schema":{"@context":"https:\/\/schema.org","@graph":[{"@type":"WebPage","@id":"https:\/\/luciano-nardo.com\/de\/orte\/","url":"https:\/\/luciano-nardo.com\/de\/orte\/","name":"Orte - Luciano Nardo","isPartOf":{"@id":"https:\/\/luciano-nardo.com\/de\/#website"},"datePublished":"2021-11-01T21:40:35+00:00","dateModified":"2025-07-30T16:35:45+00:00","breadcrumb":{"@id":"https:\/\/luciano-nardo.com\/de\/orte\/#breadcrumb"},"inLanguage":"de","potentialAction":[{"@type":"ReadAction","target":["https:\/\/luciano-nardo.com\/de\/orte\/"]}]},{"@type":"BreadcrumbList","@id":"https:\/\/luciano-nardo.com\/de\/orte\/#breadcrumb","itemListElement":[{"@type":"ListItem","position":1,"name":"Home","item":"https:\/\/luciano-nardo.com\/de\/homepage\/"},{"@type":"ListItem","position":2,"name":"Orte"}]},{"@type":"WebSite","@id":"https:\/\/luciano-nardo.com\/de\/#website","url":"https:\/\/luciano-nardo.com\/de\/","name":"Luciano Nardo","description":"Consultant Gynaecologist","potentialAction":[{"@type":"SearchAction","target":{"@type":"EntryPoint","urlTemplate":"https:\/\/luciano-nardo.com\/de\/?s={search_term_string}"},"query-input":{"@type":"PropertyValueSpecification","valueRequired":true,"valueName":"search_term_string"}}],"inLanguage":"de"}]}},"jetpack_sharing_enabled":true,"_links":{"self":[{"href":"https:\/\/luciano-nardo.com\/de\/wp-json\/wp\/v2\/pages\/567","targetHints":{"allow":["GET"]}}],"collection":[{"href":"https:\/\/luciano-nardo.com\/de\/wp-json\/wp\/v2\/pages"}],"about":[{"href":"https:\/\/luciano-nardo.com\/de\/wp-json\/wp\/v2\/types\/page"}],"author":[{"embeddable":true,"href":"https:\/\/luciano-nardo.com\/de\/wp-json\/wp\/v2\/users\/2"}],"replies":[{"embeddable":true,"href":"https:\/\/luciano-nardo.com\/de\/wp-json\/wp\/v2\/comments?post=567"}],"version-history":[{"count":71,"href":"https:\/\/luciano-nardo.com\/de\/wp-json\/wp\/v2\/pages\/567\/revisions"}],"predecessor-version":[{"id":2263,"href":"https:\/\/luciano-nardo.com\/de\/wp-json\/wp\/v2\/pages\/567\/revisions\/2263"}],"wp:attachment":[{"href":"https:\/\/luciano-nardo.com\/de\/wp-json\/wp\/v2\/media?parent=567"}],"curies":[{"name":"wp","href":"https:\/\/api.w.org\/{rel}","templated":true}]}}