{"id":612,"date":"2021-11-01T21:40:37","date_gmt":"2021-11-01T21:40:37","guid":{"rendered":"https:\/\/luciano-nardo.com\/biographie\/"},"modified":"2025-04-24T11:42:34","modified_gmt":"2025-04-24T10:42:34","slug":"biographie","status":"publish","type":"page","link":"https:\/\/luciano-nardo.com\/de\/biographie\/","title":{"rendered":"Biographie"},"content":{"rendered":"\n<style type=\"text\/css\" data-created_by=\"avia_inline_auto\" id=\"style-css-av-6mo8e-986db573330c7240356adff6f4f436b8\">\n.avia-section.av-6mo8e-986db573330c7240356adff6f4f436b8{\nbackground-repeat:no-repeat;\nbackground-image:url(https:\/\/i0.wp.com\/luciano-nardo.com\/wp-content\/uploads\/2021\/12\/Luciano-banner2.jpg?fit=1400%2C500&ssl=1);\nbackground-position:50% 50%;\nbackground-attachment:scroll;\n}\n.avia-section.av-6mo8e-986db573330c7240356adff6f4f436b8 .av-section-color-overlay{\nopacity:0.5;\nbackground-color:#000000;\n}\n<\/style>\n<div id='av_section_1'  class='avia-section av-6mo8e-986db573330c7240356adff6f4f436b8 main_color avia-section-default avia-no-border-styling  avia-builder-el-0  el_before_av_section  avia-builder-el-first  avia-full-stretch avia-bg-style-scroll av-section-color-overlay-active  av-minimum-height av-minimum-height-custom  container_wrap fullsize'  data-section-bg-repeat='stretch'><div class='av-section-color-overlay-wrap'><div class=\"av-section-color-overlay\"><\/div><div class='container av-section-cont-open' style='height:350px'><main  role=\"main\" itemprop=\"mainContentOfPage\"  class='template-page content  av-content-full alpha units'><div class='post-entry post-entry-type-page post-entry-612'><div class='entry-content-wrapper clearfix'>\n\n<style type=\"text\/css\" data-created_by=\"avia_inline_auto\" id=\"style-css-av-xsxa-3f28baf5d1e06bf27ddd1b57e4ee1aa9\">\n#top .av-special-heading.av-xsxa-3f28baf5d1e06bf27ddd1b57e4ee1aa9{\npadding-bottom:10px;\ncolor:#ffffff;\n}\n.av-special-heading.av-xsxa-3f28baf5d1e06bf27ddd1b57e4ee1aa9 .special-heading-inner-border{\nborder-color:#ffffff;\n}\n<\/style>\n<div  class='av-special-heading av-xsxa-3f28baf5d1e06bf27ddd1b57e4ee1aa9 av-special-heading-h1 custom-color-heading blockquote modern-quote modern-centered  avia-builder-el-1  avia-builder-el-no-sibling  '><h1 class='av-special-heading-tag '  itemprop=\"headline\"  >Biographie<\/h1><div class='special-heading-border'><div class='special-heading-inner-border'><\/div><\/div><\/div>\n\n<\/div><\/div><\/main><!-- close content main element --><\/div><\/div><\/div><div id='av_section_2'  class='avia-section av-6ibwm-83d4f4f871c8304a664fd41c9d033e6a main_color avia-section-default avia-no-border-styling  avia-builder-el-2  el_after_av_section  el_before_av_section  avia-bg-style-scroll  container_wrap fullsize'  ><div class='container av-section-cont-open' ><div class='template-page content  av-content-full alpha units'><div class='post-entry post-entry-type-page post-entry-612'><div class='entry-content-wrapper clearfix'>\n<div class='flex_column av-5x2s6-368c97d65fc3db38e9d480d6b72ddb1a av_two_third  avia-builder-el-3  el_before_av_one_third  avia-builder-el-first  first flex_column_div '   ><p>\n<style type=\"text\/css\" data-created_by=\"avia_inline_auto\" id=\"style-css-av-kva3odxg-b59064363fde82fb20e2369221263b8d\">\n#top .av-special-heading.av-kva3odxg-b59064363fde82fb20e2369221263b8d{\npadding-bottom:10px;\n}\n.av-special-heading.av-kva3odxg-b59064363fde82fb20e2369221263b8d .av-subheading{\nfont-size:15px;\n}\n<\/style>\n<div  class='av-special-heading av-kva3odxg-b59064363fde82fb20e2369221263b8d av-special-heading-h3 blockquote modern-quote  avia-builder-el-4  el_before_av_textblock  avia-builder-el-first  '><h3 class='av-special-heading-tag '  itemprop=\"headline\"  >Prof. Dr. Luciano Nardo MRCOG<\/h3><div class='av-subheading av-subheading_below '><p>Facharzt f\u00fcr Gyn\u00e4kologie, Reproduktionsmedizin und Unfruchtbarkeit<\/p>\n<\/div><div class='special-heading-border'><div class='special-heading-inner-border'><\/div><\/div><\/div><br \/>\n<section class=\"av_textblock_section \"  itemscope=\"itemscope\" itemtype=\"https:\/\/schema.org\/CreativeWork\" ><div class='avia_textblock  '   itemprop=\"text\" ><p class=\"p1\">Professor Nardo ist Facharzt f\u00fcr Geburtshilfe und Gyn\u00e4kologie sowie f\u00fcr Reproduktionsmedizin und Chirurgie und praktiziert derzeit in London, Gro\u00dfbritannien, und Dubai, VAE. Er erhielt seinen MD von der Universit\u00e4t Catania und absolvierte seine Spezialausbildung in Italien und Gro\u00dfbritannien. 2006 erwarb er das Subspecialty-Zertifikat in Reproduktionsmedizin und laparoskopischer Chirurgie vom Royal College of Obstetricians and Gynaecologists (RCOG).<span class=\"Apple-converted-space\"> <\/span><\/p>\n<p class=\"p1\">Er hat 20 Jahre klinische Praxis und akademischen Fokus auf assistierte Empf\u00e4ngnis, weibliche und m\u00e4nnliche Unfruchtbarkeit, reproduktive Endokrinologie, Fehlgeburten und alle Aspekte der gutartigen Gyn\u00e4kologie. Er hat spezifische Interessen in der Behandlung von Frauen mit verminderter Eierstockfunktion, wiederholten Embryoimplantationsfehlern, Fruchtbarkeitserhaltung \/ Einfrieren der Eizellen und ungekl\u00e4rter Unfruchtbarkeit. Professor Nardo ist Experte f\u00fcr hysteroskopische und laparoskopische Chirurgie zur Behandlung von Reproduktiven Anomalien und gyn\u00e4kologischen Zust\u00e4nden wie Endometriose, Adenomyose, Myomen, Ovarialzysten, Adh\u00e4sionen und Eileitererkrankungen.<span class=\"Apple-converted-space\"> <\/span><\/p>\n<p class=\"p1\">Er wurde zum Berater f\u00fcr Gyn\u00e4kologie und Reproduktionsmedizin am St Mary&#8217;s Hospital, CMFT University Hospitals in Manchester ernannt, wo er bis 2011 Vollzeit arbeitete. Von 2017 bis 2020 war er Gastprofessor an der Fakult\u00e4t f\u00fcr Naturwissenschaften der School of Healthcare Science der Manchester Metropolitan University. Professor Nardo war HFEA Person Responsible und CQC Registered Manager f\u00fcr private Fruchtbarkeits- und Frauengesundheitsorganisationen in Gro\u00dfbritannien. Er war auch Mitglied des Exekutivkomitees der British Fertility Society und der International Federation of Fertility Societies. Er ist ehemaliges Mitglied des Editorial Board von Reproductive Biomedicine Online.<\/p>\n<p class=\"p1\">Professor Nardo lehrt seit 2017 am Masterstudiengang Biologie und Biotechnologie der Reproduktion an der Universit\u00e4t Catania und h\u00e4lt weltweit Vortr\u00e4ge zu verschiedenen Themen in den Bereichen assistierte Empf\u00e4ngnistechnologien, Individualisierung von ovariellen Stimulationsprotokollen, Pr\u00e4implantationsdiagnostik, Reproduktionschirurgie und Gyn\u00e4kologie. Er hat mehr als 110 Peer-Review-Artikel, 23 Buchkapitel verfasst und rund 600 Vortr\u00e4ge national und international gehalten. Er ist Mitglied des Royal College of Obstetricians and Gynaecologists und assoziiertes Mitglied der American Society for Reproductive Medicine, der European Society of Human Reproduction and Embryology und der British Fertility Society.<span class=\"Apple-converted-space\"> <\/span><\/p>\n<p class=\"p1\">Er hat im Laufe seiner beruflichen Laufbahn verschiedene Nominierungen erhalten und ist ein anerkannter Meinungsf\u00fchrer von Patientenorganisationen, wissenschaftlichen Gruppen, akademischen Institutionen, Biotechnologie- und Pharmaunternehmen, Presse- und Medienagenturen.  <span class=\"Apple-converted-space\"> <\/span><\/p>\n<p class=\"p1\">Professor Nardo ist eine f\u00fchrungskraft mit 15 Jahren Erfahrung im Management und strebt danach, qualitativ hochwertige, effektive, sichere, innovative, multidisziplin\u00e4re und patientenzentrierte Gesundheitsdienstleistungen zu entwickeln.<\/p>\n<\/div><\/section><\/p><\/div><div class='flex_column av-sbuu-6eea95ab8a5c6b1fda8654cc010264d2 av_one_third  avia-builder-el-6  el_after_av_two_third  avia-builder-el-last  flex_column_div '   ><style type=\"text\/css\" data-created_by=\"avia_inline_auto\" id=\"style-css-av-kvansnff-2f5dc92c4d1435b75bd28dc19600680d\">\n.avia-image-container.av-kvansnff-2f5dc92c4d1435b75bd28dc19600680d .av-image-caption-overlay-center{\ncolor:#ffffff;\n}\n<\/style>\n<div  class='avia-image-container av-kvansnff-2f5dc92c4d1435b75bd28dc19600680d av-styling- avia-align-center  avia-builder-el-7  avia-builder-el-no-sibling  radius15 '  itemprop=\"image\" itemscope=\"itemscope\" itemtype=\"https:\/\/schema.org\/ImageObject\" ><div class=\"avia-image-container-inner\"><div class=\"avia-image-overlay-wrap\"><img decoding=\"async\" class='wp-image-1369 avia-img-lazy-loading-not-1369 avia_image' src=\"https:\/\/i0.wp.com\/luciano-nardo.com\/wp-content\/uploads\/2021\/12\/Luciano-Nardo2.jpg?fit=720%2C720&ssl=1\" alt='' title='Luciano-Nardo2'  height=\"720\" width=\"720\"  itemprop=\"thumbnailUrl\" srcset=\"https:\/\/i0.wp.com\/luciano-nardo.com\/wp-content\/uploads\/2021\/12\/Luciano-Nardo2.jpg?w=720&amp;ssl=1 720w, https:\/\/i0.wp.com\/luciano-nardo.com\/wp-content\/uploads\/2021\/12\/Luciano-Nardo2.jpg?resize=300%2C300&amp;ssl=1 300w, https:\/\/i0.wp.com\/luciano-nardo.com\/wp-content\/uploads\/2021\/12\/Luciano-Nardo2.jpg?resize=80%2C80&amp;ssl=1 80w, https:\/\/i0.wp.com\/luciano-nardo.com\/wp-content\/uploads\/2021\/12\/Luciano-Nardo2.jpg?resize=36%2C36&amp;ssl=1 36w, https:\/\/i0.wp.com\/luciano-nardo.com\/wp-content\/uploads\/2021\/12\/Luciano-Nardo2.jpg?resize=180%2C180&amp;ssl=1 180w, https:\/\/i0.wp.com\/luciano-nardo.com\/wp-content\/uploads\/2021\/12\/Luciano-Nardo2.jpg?resize=705%2C705&amp;ssl=1 705w\" sizes=\"(max-width: 720px) 100vw, 720px\" \/><\/div><\/div><\/div><\/div><\/div><\/div><\/div><!-- close content main div --><\/div><\/div><div id='av_section_3'  class='avia-section av-wylm-5b68802b0adf533ba4098fe1617695f6 main_color avia-section-default avia-no-border-styling  avia-builder-el-8  el_after_av_section  avia-builder-el-last  avia-bg-style-scroll  container_wrap fullsize'  ><div class='container av-section-cont-open' ><div class='template-page content  av-content-full alpha units'><div class='post-entry post-entry-type-page post-entry-612'><div class='entry-content-wrapper clearfix'>\n\n<\/p>\n","protected":false},"excerpt":{"rendered":"","protected":false},"author":2,"featured_media":0,"parent":0,"menu_order":2,"comment_status":"closed","ping_status":"closed","template":"","meta":{"footnotes":""},"class_list":["post-612","page","type-page","status-publish","hentry"],"yoast_head":"<!-- This site is optimized with the Yoast SEO plugin v27.2 - https:\/\/yoast.com\/product\/yoast-seo-wordpress\/ -->\n<title>Biographie - Luciano Nardo<\/title>\n<meta name=\"robots\" content=\"index, follow, max-snippet:-1, max-image-preview:large, max-video-preview:-1\" \/>\n<link rel=\"canonical\" href=\"https:\/\/luciano-nardo.com\/de\/biographie\/\" \/>\n<meta property=\"og:locale\" content=\"de_DE\" \/>\n<meta property=\"og:type\" content=\"article\" \/>\n<meta property=\"og:title\" content=\"Biographie - Luciano Nardo\" \/>\n<meta property=\"og:url\" content=\"https:\/\/luciano-nardo.com\/de\/biographie\/\" \/>\n<meta property=\"og:site_name\" content=\"Luciano Nardo\" \/>\n<meta property=\"article:modified_time\" content=\"2025-04-24T10:42:34+00:00\" \/>\n<meta name=\"twitter:card\" content=\"summary_large_image\" \/>\n<meta name=\"twitter:label1\" content=\"Gesch\u00e4tzte Lesezeit\" \/>\n\t<meta name=\"twitter:data1\" content=\"10\u00a0Minuten\" \/>\n<script type=\"application\/ld+json\" class=\"yoast-schema-graph\">{\"@context\":\"https:\/\/schema.org\",\"@graph\":[{\"@type\":\"WebPage\",\"@id\":\"https:\/\/luciano-nardo.com\/de\/biographie\/\",\"url\":\"https:\/\/luciano-nardo.com\/de\/biographie\/\",\"name\":\"Biographie - Luciano Nardo\",\"isPartOf\":{\"@id\":\"https:\/\/luciano-nardo.com\/de\/#website\"},\"datePublished\":\"2021-11-01T21:40:37+00:00\",\"dateModified\":\"2025-04-24T10:42:34+00:00\",\"breadcrumb\":{\"@id\":\"https:\/\/luciano-nardo.com\/de\/biographie\/#breadcrumb\"},\"inLanguage\":\"de\",\"potentialAction\":[{\"@type\":\"ReadAction\",\"target\":[\"https:\/\/luciano-nardo.com\/de\/biographie\/\"]}]},{\"@type\":\"BreadcrumbList\",\"@id\":\"https:\/\/luciano-nardo.com\/de\/biographie\/#breadcrumb\",\"itemListElement\":[{\"@type\":\"ListItem\",\"position\":1,\"name\":\"Home\",\"item\":\"https:\/\/luciano-nardo.com\/de\/homepage\/\"},{\"@type\":\"ListItem\",\"position\":2,\"name\":\"Biographie\"}]},{\"@type\":\"WebSite\",\"@id\":\"https:\/\/luciano-nardo.com\/de\/#website\",\"url\":\"https:\/\/luciano-nardo.com\/de\/\",\"name\":\"Luciano Nardo\",\"description\":\"Consultant Gynaecologist\",\"potentialAction\":[{\"@type\":\"SearchAction\",\"target\":{\"@type\":\"EntryPoint\",\"urlTemplate\":\"https:\/\/luciano-nardo.com\/de\/?s={search_term_string}\"},\"query-input\":{\"@type\":\"PropertyValueSpecification\",\"valueRequired\":true,\"valueName\":\"search_term_string\"}}],\"inLanguage\":\"de\"}]}<\/script>\n<!-- \/ Yoast SEO plugin. -->","yoast_head_json":{"title":"Biographie - Luciano Nardo","robots":{"index":"index","follow":"follow","max-snippet":"max-snippet:-1","max-image-preview":"max-image-preview:large","max-video-preview":"max-video-preview:-1"},"canonical":"https:\/\/luciano-nardo.com\/de\/biographie\/","og_locale":"de_DE","og_type":"article","og_title":"Biographie - Luciano Nardo","og_url":"https:\/\/luciano-nardo.com\/de\/biographie\/","og_site_name":"Luciano Nardo","article_modified_time":"2025-04-24T10:42:34+00:00","twitter_card":"summary_large_image","twitter_misc":{"Gesch\u00e4tzte Lesezeit":"10\u00a0Minuten"},"schema":{"@context":"https:\/\/schema.org","@graph":[{"@type":"WebPage","@id":"https:\/\/luciano-nardo.com\/de\/biographie\/","url":"https:\/\/luciano-nardo.com\/de\/biographie\/","name":"Biographie - Luciano Nardo","isPartOf":{"@id":"https:\/\/luciano-nardo.com\/de\/#website"},"datePublished":"2021-11-01T21:40:37+00:00","dateModified":"2025-04-24T10:42:34+00:00","breadcrumb":{"@id":"https:\/\/luciano-nardo.com\/de\/biographie\/#breadcrumb"},"inLanguage":"de","potentialAction":[{"@type":"ReadAction","target":["https:\/\/luciano-nardo.com\/de\/biographie\/"]}]},{"@type":"BreadcrumbList","@id":"https:\/\/luciano-nardo.com\/de\/biographie\/#breadcrumb","itemListElement":[{"@type":"ListItem","position":1,"name":"Home","item":"https:\/\/luciano-nardo.com\/de\/homepage\/"},{"@type":"ListItem","position":2,"name":"Biographie"}]},{"@type":"WebSite","@id":"https:\/\/luciano-nardo.com\/de\/#website","url":"https:\/\/luciano-nardo.com\/de\/","name":"Luciano Nardo","description":"Consultant Gynaecologist","potentialAction":[{"@type":"SearchAction","target":{"@type":"EntryPoint","urlTemplate":"https:\/\/luciano-nardo.com\/de\/?s={search_term_string}"},"query-input":{"@type":"PropertyValueSpecification","valueRequired":true,"valueName":"search_term_string"}}],"inLanguage":"de"}]}},"jetpack_sharing_enabled":true,"_links":{"self":[{"href":"https:\/\/luciano-nardo.com\/de\/wp-json\/wp\/v2\/pages\/612","targetHints":{"allow":["GET"]}}],"collection":[{"href":"https:\/\/luciano-nardo.com\/de\/wp-json\/wp\/v2\/pages"}],"about":[{"href":"https:\/\/luciano-nardo.com\/de\/wp-json\/wp\/v2\/types\/page"}],"author":[{"embeddable":true,"href":"https:\/\/luciano-nardo.com\/de\/wp-json\/wp\/v2\/users\/2"}],"replies":[{"embeddable":true,"href":"https:\/\/luciano-nardo.com\/de\/wp-json\/wp\/v2\/comments?post=612"}],"version-history":[{"count":35,"href":"https:\/\/luciano-nardo.com\/de\/wp-json\/wp\/v2\/pages\/612\/revisions"}],"predecessor-version":[{"id":1986,"href":"https:\/\/luciano-nardo.com\/de\/wp-json\/wp\/v2\/pages\/612\/revisions\/1986"}],"wp:attachment":[{"href":"https:\/\/luciano-nardo.com\/de\/wp-json\/wp\/v2\/media?parent=612"}],"curies":[{"name":"wp","href":"https:\/\/api.w.org\/{rel}","templated":true}]}}