{"id":613,"date":"2021-11-01T21:40:37","date_gmt":"2021-11-01T21:40:37","guid":{"rendered":"https:\/\/luciano-nardo.com\/fruehe-schwangerschaft\/"},"modified":"2022-03-01T12:46:47","modified_gmt":"2022-03-01T12:46:47","slug":"fruehe-schwangerschaft","status":"publish","type":"page","link":"https:\/\/luciano-nardo.com\/de\/praktiken\/fruehe-schwangerschaft\/","title":{"rendered":"Fr\u00fche Schwangerschaft"},"content":{"rendered":"\n<style type=\"text\/css\" data-created_by=\"avia_inline_auto\" id=\"style-css-av-cu37m-2578a929f4a016e0cda6b9cf05f09272\">\n.avia-section.av-cu37m-2578a929f4a016e0cda6b9cf05f09272{\nbackground-repeat:no-repeat;\nbackground-image:url(https:\/\/i0.wp.com\/luciano-nardo.com\/wp-content\/uploads\/2021\/10\/Early-Pregnancy2.jpg?fit=1400%2C700&ssl=1);\nbackground-position:50% 50%;\nbackground-attachment:scroll;\n}\n.avia-section.av-cu37m-2578a929f4a016e0cda6b9cf05f09272 .av-section-color-overlay{\nopacity:0.5;\nbackground-color:#000000;\n}\n<\/style>\n<div id='av_section_1'  class='avia-section av-cu37m-2578a929f4a016e0cda6b9cf05f09272 main_color avia-section-default avia-no-border-styling  avia-builder-el-0  el_before_av_section  avia-builder-el-first  avia-full-stretch avia-bg-style-scroll av-section-color-overlay-active  av-minimum-height av-minimum-height-custom  container_wrap fullsize'  data-section-bg-repeat='stretch'><div class='av-section-color-overlay-wrap'><div class=\"av-section-color-overlay\"><\/div><div class='container av-section-cont-open' style='height:300px'><main  role=\"main\" itemprop=\"mainContentOfPage\"  class='template-page content  av-content-full alpha units'><div class='post-entry post-entry-type-page post-entry-613'><div class='entry-content-wrapper clearfix'>\n\n<style type=\"text\/css\" data-created_by=\"avia_inline_auto\" id=\"style-css-av-kvghanpl-0e2d9acc262be0361297f8dc02c63352\">\n#top .av-special-heading.av-kvghanpl-0e2d9acc262be0361297f8dc02c63352{\npadding-bottom:10px;\ncolor:#ffffff;\n}\n.av-special-heading.av-kvghanpl-0e2d9acc262be0361297f8dc02c63352 .special-heading-inner-border{\nborder-color:#ffffff;\n}\n<\/style>\n<div  class='av-special-heading av-kvghanpl-0e2d9acc262be0361297f8dc02c63352 av-special-heading-h1 custom-color-heading blockquote modern-quote modern-centered  avia-builder-el-1  avia-builder-el-no-sibling  '><h1 class='av-special-heading-tag '  itemprop=\"headline\"  >Fr\u00fche Schwangerschaft<\/h1><div class='special-heading-border'><div class='special-heading-inner-border'><\/div><\/div><\/div>\n\n<\/div><\/div><\/main><!-- close content main element --><\/div><\/div><\/div>\n<style type=\"text\/css\" data-created_by=\"avia_inline_auto\" id=\"style-css-av-6b4vm-a3f93788de760efb545386746e47f1d5\">\n.avia-section.av-6b4vm-a3f93788de760efb545386746e47f1d5{\nbackground-color:#ffffff;\n}\n<\/style>\n<div id='av_section_2'  class='avia-section av-6b4vm-a3f93788de760efb545386746e47f1d5 main_color avia-section-default avia-no-border-styling  avia-builder-el-2  el_after_av_section  el_before_av_section  avia-bg-style-scroll  container_wrap fullsize'  ><div class='container av-section-cont-open' ><div class='template-page content  av-content-full alpha units'><div class='post-entry post-entry-type-page post-entry-613'><div class='entry-content-wrapper clearfix'>\n<div class='flex_column av-1dn3tu-12b6275b507ce3353c6230c8e1e4fd9c av_one_half  avia-builder-el-3  el_before_av_one_half  avia-builder-el-first  first flex_column_div '   ><section class=\"av_textblock_section \"  itemscope=\"itemscope\" itemtype=\"https:\/\/schema.org\/CreativeWork\" ><div class='avia_textblock  '   itemprop=\"text\" ><p class=\"p1\">Schwangerschaft ist ein v\u00f6llig normaler physiologischer Zustand und eine andere Erfahrung f\u00fcr jede Frau. Einige Frauen k\u00f6nnen vermuten, innerhalb der ersten Tage nach der Implantation des Embryos schwanger zu sein, w\u00e4hrend andere erst nach dem Verpassen einer Periode auf sich aufmerksam werden. Die Anzeichen und Symptome einer fr\u00fchen Schwangerschaft k\u00f6nnen von einem erh\u00f6hten Harndrang bis hin zu Brustspannen, M\u00fcdigkeit und morgendlicher \u00dcbelkeit variieren. Der K\u00f6rper kann in der Schwangerschaft schnell Ver\u00e4nderungen vornehmen und manchmal ist eine fachkundige Betreuung und Beratung durch einen beratenden Gyn\u00e4kologen innerhalb des ersten Trimesters der Schwangerschaft (dh 12 Schwangerschaftswochen) erforderlich.<span class=\"Apple-converted-space\"> <\/span><\/p>\n<\/div><\/section><\/div><div class='flex_column av-11mbky-66e7b4fa11f9cface9c94ac8426c405a av_one_half  avia-builder-el-5  el_after_av_one_half  el_before_av_one_half  flex_column_div '   ><section class=\"av_textblock_section \"  itemscope=\"itemscope\" itemtype=\"https:\/\/schema.org\/CreativeWork\" ><div class='avia_textblock  '   itemprop=\"text\" ><p class=\"p1\">Die fr\u00fchen Stadien der Schwangerschaft k\u00f6nnen \u00fcberw\u00e4ltigend sein, daher ist es wichtig, mit den Ver\u00e4nderungen vertraut zu sein, die Sie erleben k\u00f6nnen, und wie Sie sich in dieser aufregenden Zeit am besten um sich selbst und die Schwangerschaft k\u00fcmmern k\u00f6nnen.<span class=\"Apple-converted-space\"> <\/span><\/p>\n<p class=\"p1\">Das erste Trimester der Schwangerschaft kann auch f\u00fcr einige Frauen schwierig sein, die die h\u00e4ufigsten Symptome der Schwangerschaft erleben k\u00f6nnen und unter Angstzust\u00e4nden und Stress leiden, die durch eine fr\u00fchere Fehlgeburt, Eileiterschwangerschaft oder die Schwierigkeit, die Schwangerschaft zu erreichen, verursacht werden k\u00f6nnen.<span class=\"Apple-converted-space\"> <\/span><\/p>\n<\/div><\/section><\/div><div class='flex_column av-2oo4a-2f62832880d2cc1727468f87d9644bc2 av_one_half  avia-builder-el-7  el_after_av_one_half  el_before_av_one_half  first flex_column_div column-top-margin'   ><section class=\"av_textblock_section \"  itemscope=\"itemscope\" itemtype=\"https:\/\/schema.org\/CreativeWork\" ><div class='avia_textblock  '   itemprop=\"text\" ><p class=\"p1\">Untersuchungen wie ein Bluttest und eine Ultraschalluntersuchung sollen Aufschluss \u00fcber den Gesundheitszustand und das Stadium der Schwangerschaft geben. Die Ultraschalluntersuchung der fr\u00fchen Schwangerschaft hat keine bekannten Risiken. Innerhalb der ersten 11-12 Schwangerschaftswochen kann es durchgef\u00fchrt werden, um die Lebensf\u00e4higkeit, die Anzahl der F\u00f6ten und die Dattel der Schwangerschaft sowie die Beruhigung festzustellen. Zwischen der 12. und 14. Schwangerschaftswoche kann die Ultraschalluntersuchung Teil eines Screening-Programms sein und die Nackentransluzenz umfassen, um die Wahrscheinlichkeit der h\u00e4ufigsten fetalen Chromosomenanomalien wie Down-Syndrom, Edward-Syndrom und Patau-Syndrom zu bestimmen.<\/p>\n<p class=\"p1\"><b>Ich biete fr\u00fche Schwangerschaftsscans und fach\u00e4rztliche Beratung, bis zu 12 Schwangerschaftswochen, f\u00fcr Frauen mit einer Vorgeschichte von Fehlgeburten, Eileiterschwangerschaften und f\u00fcr diejenigen, die die Gewissheit haben m\u00f6chten, dass die Schwangerschaft lebensf\u00e4hig ist und sich gut in der Geb\u00e4rmutterh\u00f6hle entwickelt.<\/b><\/p>\n<h3 style=\"font-size: 18px;\">Ich f\u00fchre Folgendes aus:<\/h3>\n<ul>\n<li>Fr\u00fche Empf\u00e4ngnisberatung<\/li>\n<li>Lebensf\u00e4higkeit \/ Datierung fr\u00fchschwangerschaftsscan (6 &#8211; 12 Wochen)<\/li>\n<li>Reassurance Scan (6 &#8211; 12 Wochen)<\/li>\n<li>Harmony Nicht-invasiver pr\u00e4nataler Gentest (ab 11 Wochen)<\/li>\n<\/ul>\n<\/div><\/section><\/div><div class='flex_column av-hh86q-22758054eac86e7f7ba3436485bcca5b av_one_half  avia-builder-el-9  el_after_av_one_half  avia-builder-el-last  flex_column_div column-top-margin'   ><style type=\"text\/css\" data-created_by=\"avia_inline_auto\" id=\"style-css-av-92l4i-b4a22995f0c143fe35e4f99ea2a9eca5\">\n.avia-image-container.av-92l4i-b4a22995f0c143fe35e4f99ea2a9eca5 .av-image-caption-overlay-center{\ncolor:#ffffff;\n}\n<\/style>\n<div  class='avia-image-container av-92l4i-b4a22995f0c143fe35e4f99ea2a9eca5 av-styling- avia-align-center  avia-builder-el-10  avia-builder-el-no-sibling  '  itemprop=\"image\" itemscope=\"itemscope\" itemtype=\"https:\/\/schema.org\/ImageObject\" ><div class=\"avia-image-container-inner\"><div class=\"avia-image-overlay-wrap\"><img decoding=\"async\" class='wp-image-424 avia-img-lazy-loading-not-424 avia_image' src=\"https:\/\/i0.wp.com\/luciano-nardo.com\/wp-content\/uploads\/2021\/10\/Early-Pregnancy.jpg?fit=900%2C900&ssl=1\" alt='Fr\u00fche Schwangerschaft' title='Fr\u00fche Schwangerschaft'  height=\"900\" width=\"900\"  itemprop=\"thumbnailUrl\" srcset=\"https:\/\/i0.wp.com\/luciano-nardo.com\/wp-content\/uploads\/2021\/10\/Early-Pregnancy.jpg?w=900&amp;ssl=1 900w, https:\/\/i0.wp.com\/luciano-nardo.com\/wp-content\/uploads\/2021\/10\/Early-Pregnancy.jpg?resize=300%2C300&amp;ssl=1 300w, https:\/\/i0.wp.com\/luciano-nardo.com\/wp-content\/uploads\/2021\/10\/Early-Pregnancy.jpg?resize=80%2C80&amp;ssl=1 80w, https:\/\/i0.wp.com\/luciano-nardo.com\/wp-content\/uploads\/2021\/10\/Early-Pregnancy.jpg?resize=768%2C768&amp;ssl=1 768w, https:\/\/i0.wp.com\/luciano-nardo.com\/wp-content\/uploads\/2021\/10\/Early-Pregnancy.jpg?resize=36%2C36&amp;ssl=1 36w, https:\/\/i0.wp.com\/luciano-nardo.com\/wp-content\/uploads\/2021\/10\/Early-Pregnancy.jpg?resize=180%2C180&amp;ssl=1 180w, https:\/\/i0.wp.com\/luciano-nardo.com\/wp-content\/uploads\/2021\/10\/Early-Pregnancy.jpg?resize=705%2C705&amp;ssl=1 705w\" sizes=\"(max-width: 900px) 100vw, 900px\" \/><\/div><\/div><\/div><\/div>\n\n<\/div><\/div><\/div><!-- close content main div --><\/div><\/div><div id='av_section_3'  class='avia-section av-kvghafd2-4b1e75b3b116425a5139a52067bbb743 main_color avia-section-default avia-shadow  avia-builder-el-11  el_after_av_section  avia-builder-el-last  avia-bg-style-scroll  container_wrap fullsize'  ><div class='container av-section-cont-open' ><div class='template-page content  av-content-full alpha units'><div class='post-entry post-entry-type-page post-entry-613'><div class='entry-content-wrapper clearfix'>\n\n\n","protected":false},"excerpt":{"rendered":"","protected":false},"author":1,"featured_media":0,"parent":712,"menu_order":0,"comment_status":"closed","ping_status":"closed","template":"","meta":{"footnotes":""},"class_list":["post-613","page","type-page","status-publish","hentry"],"yoast_head":"<!-- This site is optimized with the Yoast SEO plugin v27.2 - https:\/\/yoast.com\/product\/yoast-seo-wordpress\/ -->\n<title>Private Fr\u00fche Schwangerschaft Specialist London | UK - Luciano Nardo<\/title>\n<meta name=\"robots\" content=\"index, follow, max-snippet:-1, max-image-preview:large, max-video-preview:-1\" \/>\n<link rel=\"canonical\" href=\"https:\/\/luciano-nardo.com\/de\/praktiken\/fruehe-schwangerschaft\/\" \/>\n<meta property=\"og:locale\" content=\"de_DE\" \/>\n<meta property=\"og:type\" content=\"article\" \/>\n<meta property=\"og:title\" content=\"Private Fr\u00fche Schwangerschaft Specialist London | UK - Luciano Nardo\" \/>\n<meta property=\"og:url\" content=\"https:\/\/luciano-nardo.com\/de\/praktiken\/fruehe-schwangerschaft\/\" \/>\n<meta property=\"og:site_name\" content=\"Luciano Nardo\" \/>\n<meta property=\"article:modified_time\" content=\"2022-03-01T12:46:47+00:00\" \/>\n<meta name=\"twitter:card\" content=\"summary_large_image\" \/>\n<meta name=\"twitter:label1\" content=\"Gesch\u00e4tzte Lesezeit\" \/>\n\t<meta name=\"twitter:data1\" content=\"12\u00a0Minuten\" \/>\n<script type=\"application\/ld+json\" class=\"yoast-schema-graph\">{\"@context\":\"https:\/\/schema.org\",\"@graph\":[{\"@type\":\"WebPage\",\"@id\":\"https:\/\/luciano-nardo.com\/de\/praktiken\/fruehe-schwangerschaft\/\",\"url\":\"https:\/\/luciano-nardo.com\/de\/praktiken\/fruehe-schwangerschaft\/\",\"name\":\"Private Fr\u00fche Schwangerschaft Specialist London | UK - Luciano Nardo\",\"isPartOf\":{\"@id\":\"https:\/\/luciano-nardo.com\/de\/#website\"},\"datePublished\":\"2021-11-01T21:40:37+00:00\",\"dateModified\":\"2022-03-01T12:46:47+00:00\",\"breadcrumb\":{\"@id\":\"https:\/\/luciano-nardo.com\/de\/praktiken\/fruehe-schwangerschaft\/#breadcrumb\"},\"inLanguage\":\"de\",\"potentialAction\":[{\"@type\":\"ReadAction\",\"target\":[\"https:\/\/luciano-nardo.com\/de\/praktiken\/fruehe-schwangerschaft\/\"]}]},{\"@type\":\"BreadcrumbList\",\"@id\":\"https:\/\/luciano-nardo.com\/de\/praktiken\/fruehe-schwangerschaft\/#breadcrumb\",\"itemListElement\":[{\"@type\":\"ListItem\",\"position\":1,\"name\":\"Home\",\"item\":\"https:\/\/luciano-nardo.com\/de\/homepage\/\"},{\"@type\":\"ListItem\",\"position\":2,\"name\":\"Praktiken\",\"item\":\"https:\/\/luciano-nardo.com\/de\/praktiken\/\"},{\"@type\":\"ListItem\",\"position\":3,\"name\":\"Fr\u00fche Schwangerschaft\"}]},{\"@type\":\"WebSite\",\"@id\":\"https:\/\/luciano-nardo.com\/de\/#website\",\"url\":\"https:\/\/luciano-nardo.com\/de\/\",\"name\":\"Luciano Nardo\",\"description\":\"Consultant Gynaecologist\",\"potentialAction\":[{\"@type\":\"SearchAction\",\"target\":{\"@type\":\"EntryPoint\",\"urlTemplate\":\"https:\/\/luciano-nardo.com\/de\/?s={search_term_string}\"},\"query-input\":{\"@type\":\"PropertyValueSpecification\",\"valueRequired\":true,\"valueName\":\"search_term_string\"}}],\"inLanguage\":\"de\"}]}<\/script>\n<!-- \/ Yoast SEO plugin. -->","yoast_head_json":{"title":"Private Fr\u00fche Schwangerschaft Specialist London | UK - Luciano Nardo","robots":{"index":"index","follow":"follow","max-snippet":"max-snippet:-1","max-image-preview":"max-image-preview:large","max-video-preview":"max-video-preview:-1"},"canonical":"https:\/\/luciano-nardo.com\/de\/praktiken\/fruehe-schwangerschaft\/","og_locale":"de_DE","og_type":"article","og_title":"Private Fr\u00fche Schwangerschaft Specialist London | UK - Luciano Nardo","og_url":"https:\/\/luciano-nardo.com\/de\/praktiken\/fruehe-schwangerschaft\/","og_site_name":"Luciano Nardo","article_modified_time":"2022-03-01T12:46:47+00:00","twitter_card":"summary_large_image","twitter_misc":{"Gesch\u00e4tzte Lesezeit":"12\u00a0Minuten"},"schema":{"@context":"https:\/\/schema.org","@graph":[{"@type":"WebPage","@id":"https:\/\/luciano-nardo.com\/de\/praktiken\/fruehe-schwangerschaft\/","url":"https:\/\/luciano-nardo.com\/de\/praktiken\/fruehe-schwangerschaft\/","name":"Private Fr\u00fche Schwangerschaft Specialist London | UK - Luciano Nardo","isPartOf":{"@id":"https:\/\/luciano-nardo.com\/de\/#website"},"datePublished":"2021-11-01T21:40:37+00:00","dateModified":"2022-03-01T12:46:47+00:00","breadcrumb":{"@id":"https:\/\/luciano-nardo.com\/de\/praktiken\/fruehe-schwangerschaft\/#breadcrumb"},"inLanguage":"de","potentialAction":[{"@type":"ReadAction","target":["https:\/\/luciano-nardo.com\/de\/praktiken\/fruehe-schwangerschaft\/"]}]},{"@type":"BreadcrumbList","@id":"https:\/\/luciano-nardo.com\/de\/praktiken\/fruehe-schwangerschaft\/#breadcrumb","itemListElement":[{"@type":"ListItem","position":1,"name":"Home","item":"https:\/\/luciano-nardo.com\/de\/homepage\/"},{"@type":"ListItem","position":2,"name":"Praktiken","item":"https:\/\/luciano-nardo.com\/de\/praktiken\/"},{"@type":"ListItem","position":3,"name":"Fr\u00fche Schwangerschaft"}]},{"@type":"WebSite","@id":"https:\/\/luciano-nardo.com\/de\/#website","url":"https:\/\/luciano-nardo.com\/de\/","name":"Luciano Nardo","description":"Consultant Gynaecologist","potentialAction":[{"@type":"SearchAction","target":{"@type":"EntryPoint","urlTemplate":"https:\/\/luciano-nardo.com\/de\/?s={search_term_string}"},"query-input":{"@type":"PropertyValueSpecification","valueRequired":true,"valueName":"search_term_string"}}],"inLanguage":"de"}]}},"jetpack_sharing_enabled":true,"_links":{"self":[{"href":"https:\/\/luciano-nardo.com\/de\/wp-json\/wp\/v2\/pages\/613","targetHints":{"allow":["GET"]}}],"collection":[{"href":"https:\/\/luciano-nardo.com\/de\/wp-json\/wp\/v2\/pages"}],"about":[{"href":"https:\/\/luciano-nardo.com\/de\/wp-json\/wp\/v2\/types\/page"}],"author":[{"embeddable":true,"href":"https:\/\/luciano-nardo.com\/de\/wp-json\/wp\/v2\/users\/1"}],"replies":[{"embeddable":true,"href":"https:\/\/luciano-nardo.com\/de\/wp-json\/wp\/v2\/comments?post=613"}],"version-history":[{"count":5,"href":"https:\/\/luciano-nardo.com\/de\/wp-json\/wp\/v2\/pages\/613\/revisions"}],"predecessor-version":[{"id":1736,"href":"https:\/\/luciano-nardo.com\/de\/wp-json\/wp\/v2\/pages\/613\/revisions\/1736"}],"up":[{"embeddable":true,"href":"https:\/\/luciano-nardo.com\/de\/wp-json\/wp\/v2\/pages\/712"}],"wp:attachment":[{"href":"https:\/\/luciano-nardo.com\/de\/wp-json\/wp\/v2\/media?parent=613"}],"curies":[{"name":"wp","href":"https:\/\/api.w.org\/{rel}","templated":true}]}}