{"id":707,"date":"2021-11-01T21:40:41","date_gmt":"2021-11-01T21:40:41","guid":{"rendered":"https:\/\/luciano-nardo.com\/gynaekologie\/"},"modified":"2021-11-02T07:29:52","modified_gmt":"2021-11-02T07:29:52","slug":"gynaekologie","status":"publish","type":"page","link":"https:\/\/luciano-nardo.com\/de\/praktiken\/gynaekologie\/","title":{"rendered":"Gyn\u00e4kologie"},"content":{"rendered":"\n<style type=\"text\/css\" data-created_by=\"avia_inline_auto\" id=\"style-css-av-ea018-74f45adabb65292df3060aad94dc92da\">\n.avia-section.av-ea018-74f45adabb65292df3060aad94dc92da{\nbackground-repeat:no-repeat;\nbackground-image:url(https:\/\/i0.wp.com\/luciano-nardo.com\/wp-content\/uploads\/2021\/11\/Gynaecology-Banner.jpg?fit=1400%2C500&ssl=1);\nbackground-position:50% 50%;\nbackground-attachment:scroll;\n}\n.avia-section.av-ea018-74f45adabb65292df3060aad94dc92da .av-section-color-overlay{\nopacity:0.5;\nbackground-color:#000000;\n}\n<\/style>\n<div id='av_section_1'  class='avia-section av-ea018-74f45adabb65292df3060aad94dc92da main_color avia-section-default avia-no-border-styling  avia-builder-el-0  el_before_av_section  avia-builder-el-first  avia-full-stretch avia-bg-style-scroll av-section-color-overlay-active  av-minimum-height av-minimum-height-custom  container_wrap fullsize'  data-section-bg-repeat='stretch'><div class='av-section-color-overlay-wrap'><div class=\"av-section-color-overlay\"><\/div><div class='container av-section-cont-open' style='height:300px'><main  role=\"main\" itemprop=\"mainContentOfPage\"  class='template-page content  av-content-full alpha units'><div class='post-entry post-entry-type-page post-entry-707'><div class='entry-content-wrapper clearfix'>\n\n<style type=\"text\/css\" data-created_by=\"avia_inline_auto\" id=\"style-css-av-kvgh98s5-185466119130e98e31d747a853dd05a9\">\n#top .av-special-heading.av-kvgh98s5-185466119130e98e31d747a853dd05a9{\npadding-bottom:10px;\ncolor:#ffffff;\n}\n.av-special-heading.av-kvgh98s5-185466119130e98e31d747a853dd05a9 .special-heading-inner-border{\nborder-color:#ffffff;\n}\n<\/style>\n<div  class='av-special-heading av-kvgh98s5-185466119130e98e31d747a853dd05a9 av-special-heading-h1 custom-color-heading blockquote modern-quote modern-centered  avia-builder-el-1  avia-builder-el-no-sibling  '><h1 class='av-special-heading-tag '  itemprop=\"headline\"  >Gyn\u00e4kologie<\/h1><div class='special-heading-border'><div class='special-heading-inner-border'><\/div><\/div><\/div>\n\n<\/div><\/div><\/main><!-- close content main element --><\/div><\/div><\/div>\n<style type=\"text\/css\" data-created_by=\"avia_inline_auto\" id=\"style-css-av-1qn97w-6f66bce6ee61b34bd259a167c5800834\">\n.avia-section.av-1qn97w-6f66bce6ee61b34bd259a167c5800834{\nbackground-color:#f9f9f9;\n}\n<\/style>\n<div id='av_section_2'  class='avia-section av-1qn97w-6f66bce6ee61b34bd259a167c5800834 main_color avia-section-default avia-no-border-styling  avia-builder-el-2  el_after_av_section  el_before_av_section  avia-bg-style-scroll  container_wrap fullsize'  ><div class='container av-section-cont-open' ><div class='template-page content  av-content-full alpha units'><div class='post-entry post-entry-type-page post-entry-707'><div class='entry-content-wrapper clearfix'>\n<div class='flex_column av-1d8mzo-3bdf411226d8b9c624a0213ce1976834 av_one_half  avia-builder-el-3  el_before_av_one_half  avia-builder-el-first  first flex_column_div '   ><section class=\"av_textblock_section \"  itemscope=\"itemscope\" itemtype=\"https:\/\/schema.org\/CreativeWork\" ><div class='avia_textblock  '   itemprop=\"text\" ><p class=\"p1\">Gyn\u00e4kologie ist die Spezialit\u00e4t, die sich mit der Pflege des weiblichen Fortpflanzungssystems befasst, das die Vagina, den Geb\u00e4rmutterhals, die Eierst\u00f6cke und die Geb\u00e4rmutter umfasst. Eine Reihe von Ver\u00e4nderungen, Funktionen, Zust\u00e4nden und Krankheiten betreffen Frauen in ihren gesamten Lebensphasen, und in einigen F\u00e4llen wird eine \u00dcberweisung an den beratenden Gyn\u00e4kologen entweder empfohlen oder notwendig.<\/p>\n<p class=\"p1\">Gyn\u00e4kologische Probleme k\u00f6nnen symptomatisch oder asymptomatisch sein und reichen von Menstruationszyklusproblemen und Beckenschmerzen bis hin zu Ovarialzysten, Uterusmyomen, Endometriumpolypen, abnormalen Abstrichen und Menopause.<\/p>\n<\/div><\/section><\/div><div class='flex_column av-158j2s-923e252a2257af64988608577668391d av_one_half  avia-builder-el-5  el_after_av_one_half  el_before_av_one_half  flex_column_div '   ><section class=\"av_textblock_section \"  itemscope=\"itemscope\" itemtype=\"https:\/\/schema.org\/CreativeWork\" ><div class='avia_textblock  '   itemprop=\"text\" ><p class=\"p1\">Einige Frauen entscheiden sich m\u00f6glicherweise f\u00fcr regelm\u00e4\u00dfige gyn\u00e4kologische Untersuchungen als vorbeugende Medizin, anstatt einen Gyn\u00e4kologen aufzusuchen, wenn sie ein Problem vermuten. Verf\u00fcgbarkeit und einfacher Zugang zu Screening-Abstrichtests und Ultraschalluntersuchungen des Beckens helfen, den Geist f\u00fcr Frauen, die sich Sorgen machen, und f\u00fcr diejenigen mit famili\u00e4ren oder fr\u00fcheren gyn\u00e4kologischen Problemen zu beruhigen.<\/p>\n<p class=\"p1\"><b>Abh\u00e4ngig von Ihren pers\u00f6nlichen und medizinischen Umst\u00e4nden behalte ich fachkundige Beratung, organisiere Tests, f\u00fchre eine Untersuchung und eine Ultraschalluntersuchung durch und empfehle und f\u00fchre gegebenenfalls Operationen durch. Ich habe Expertise in der offenen, hysteroskopischen und laparoskopischen (Schl\u00fcsselloch) Gyn\u00e4kologiechirurgie.<\/b><\/p>\n<\/div><\/section><\/div><div class='flex_column av-pmito-c462110b6638ff2c69981109100cebaa av_one_half  avia-builder-el-7  el_after_av_one_half  el_before_av_one_half  first flex_column_div column-top-margin'   ><section class=\"av_textblock_section \"  itemscope=\"itemscope\" itemtype=\"https:\/\/schema.org\/CreativeWork\" ><div class='avia_textblock  '   itemprop=\"text\" ><h3 style=\"font-size: 18px;\">Ich bin spezialisiert auf die Behandlung der folgenden gyn\u00e4kologischen Zust\u00e4nde und Symptome:<\/h3>\n<ul>\n<li>Adenomyose<\/li>\n<li>Anhaftung<\/li>\n<li>Asherman-Syndrom<\/li>\n<li>Empf\u00e4ngnisverh\u00fctung<\/li>\n<li>Endometriose<\/li>\n<li>Myomen<\/li>\n<li>Menopause<\/li>\n<li>Ovarialzysten<\/li>\n<li>Schmerzhafter Geschlechtsverkehr<\/li>\n<li>Entz\u00fcndliche Beckenerkrankung<\/li>\n<li>Periodenprobleme<\/li>\n<li>Polyzystisches Ovarialsyndrom<\/li>\n<li>Eileiterkrankheit<\/li>\n<li>Uterusanomalien<\/li>\n<li>Vaginale Beschwerden<\/li>\n<li>Vulvabeschwerden<\/li>\n<\/ul>\n<\/div><\/section><\/div><div class='flex_column av-hd9fo-831f6efb903a6f90816b2b1208d23bb1 av_one_half  avia-builder-el-9  el_after_av_one_half  avia-builder-el-last  flex_column_div column-top-margin'   ><style type=\"text\/css\" data-created_by=\"avia_inline_auto\" id=\"style-css-av-8hmho-d9e07b8f8d06b64bd19a3801ed8c1423\">\n.avia-image-container.av-8hmho-d9e07b8f8d06b64bd19a3801ed8c1423 .av-image-caption-overlay-center{\ncolor:#ffffff;\n}\n<\/style>\n<div  class='avia-image-container av-8hmho-d9e07b8f8d06b64bd19a3801ed8c1423 av-styling- avia-align-center  avia-builder-el-10  avia-builder-el-no-sibling  '  itemprop=\"image\" itemscope=\"itemscope\" itemtype=\"https:\/\/schema.org\/ImageObject\" ><div class=\"avia-image-container-inner\"><div class=\"avia-image-overlay-wrap\"><img decoding=\"async\" class='wp-image-469 avia-img-lazy-loading-not-469 avia_image' src=\"https:\/\/i0.wp.com\/luciano-nardo.com\/wp-content\/uploads\/2021\/10\/Gynaecology.jpg?fit=900%2C900&ssl=1\" alt='Gyn\u00e4kologie' title='Gyn\u00e4kologie'  height=\"900\" width=\"900\"  itemprop=\"thumbnailUrl\" srcset=\"https:\/\/i0.wp.com\/luciano-nardo.com\/wp-content\/uploads\/2021\/10\/Gynaecology.jpg?w=900&amp;ssl=1 900w, https:\/\/i0.wp.com\/luciano-nardo.com\/wp-content\/uploads\/2021\/10\/Gynaecology.jpg?resize=300%2C300&amp;ssl=1 300w, https:\/\/i0.wp.com\/luciano-nardo.com\/wp-content\/uploads\/2021\/10\/Gynaecology.jpg?resize=80%2C80&amp;ssl=1 80w, https:\/\/i0.wp.com\/luciano-nardo.com\/wp-content\/uploads\/2021\/10\/Gynaecology.jpg?resize=768%2C768&amp;ssl=1 768w, https:\/\/i0.wp.com\/luciano-nardo.com\/wp-content\/uploads\/2021\/10\/Gynaecology.jpg?resize=36%2C36&amp;ssl=1 36w, https:\/\/i0.wp.com\/luciano-nardo.com\/wp-content\/uploads\/2021\/10\/Gynaecology.jpg?resize=180%2C180&amp;ssl=1 180w, https:\/\/i0.wp.com\/luciano-nardo.com\/wp-content\/uploads\/2021\/10\/Gynaecology.jpg?resize=705%2C705&amp;ssl=1 705w\" sizes=\"(max-width: 900px) 100vw, 900px\" \/><\/div><\/div><\/div><\/div>\n\n<\/div><\/div><\/div><!-- close content main div --><\/div><\/div><div id='av_section_3'  class='avia-section av-kvgh8zyf-b58e4507565f269e7d11afa10b826974 main_color avia-section-default avia-shadow  avia-builder-el-11  el_after_av_section  avia-builder-el-last  avia-bg-style-scroll  container_wrap fullsize'  ><div class='container av-section-cont-open' ><div class='template-page content  av-content-full alpha units'><div class='post-entry post-entry-type-page post-entry-707'><div class='entry-content-wrapper clearfix'>\n\n\n","protected":false},"excerpt":{"rendered":"","protected":false},"author":1,"featured_media":0,"parent":712,"menu_order":0,"comment_status":"closed","ping_status":"closed","template":"","meta":{"footnotes":""},"class_list":["post-707","page","type-page","status-publish","hentry"],"yoast_head":"<!-- This site is optimized with the Yoast SEO plugin v27.2 - https:\/\/yoast.com\/product\/yoast-seo-wordpress\/ -->\n<title>Gyn\u00e4kologie - Luciano Nardo<\/title>\n<meta name=\"robots\" content=\"index, follow, max-snippet:-1, max-image-preview:large, max-video-preview:-1\" \/>\n<link rel=\"canonical\" href=\"https:\/\/luciano-nardo.com\/de\/praktiken\/gynaekologie\/\" \/>\n<meta property=\"og:locale\" content=\"de_DE\" \/>\n<meta property=\"og:type\" content=\"article\" \/>\n<meta property=\"og:title\" content=\"Gyn\u00e4kologie - Luciano Nardo\" \/>\n<meta property=\"og:url\" content=\"https:\/\/luciano-nardo.com\/de\/praktiken\/gynaekologie\/\" \/>\n<meta property=\"og:site_name\" content=\"Luciano Nardo\" \/>\n<meta property=\"article:modified_time\" content=\"2021-11-02T07:29:52+00:00\" \/>\n<meta name=\"twitter:card\" content=\"summary_large_image\" \/>\n<meta name=\"twitter:label1\" content=\"Gesch\u00e4tzte Lesezeit\" \/>\n\t<meta name=\"twitter:data1\" content=\"11\u00a0Minuten\" \/>\n<script type=\"application\/ld+json\" class=\"yoast-schema-graph\">{\"@context\":\"https:\/\/schema.org\",\"@graph\":[{\"@type\":\"WebPage\",\"@id\":\"https:\/\/luciano-nardo.com\/de\/praktiken\/gynaekologie\/\",\"url\":\"https:\/\/luciano-nardo.com\/de\/praktiken\/gynaekologie\/\",\"name\":\"Gyn\u00e4kologie - Luciano Nardo\",\"isPartOf\":{\"@id\":\"https:\/\/luciano-nardo.com\/de\/#website\"},\"datePublished\":\"2021-11-01T21:40:41+00:00\",\"dateModified\":\"2021-11-02T07:29:52+00:00\",\"breadcrumb\":{\"@id\":\"https:\/\/luciano-nardo.com\/de\/praktiken\/gynaekologie\/#breadcrumb\"},\"inLanguage\":\"de\",\"potentialAction\":[{\"@type\":\"ReadAction\",\"target\":[\"https:\/\/luciano-nardo.com\/de\/praktiken\/gynaekologie\/\"]}]},{\"@type\":\"BreadcrumbList\",\"@id\":\"https:\/\/luciano-nardo.com\/de\/praktiken\/gynaekologie\/#breadcrumb\",\"itemListElement\":[{\"@type\":\"ListItem\",\"position\":1,\"name\":\"Home\",\"item\":\"https:\/\/luciano-nardo.com\/de\/homepage\/\"},{\"@type\":\"ListItem\",\"position\":2,\"name\":\"Praktiken\",\"item\":\"https:\/\/luciano-nardo.com\/de\/praktiken\/\"},{\"@type\":\"ListItem\",\"position\":3,\"name\":\"Gyn\u00e4kologie\"}]},{\"@type\":\"WebSite\",\"@id\":\"https:\/\/luciano-nardo.com\/de\/#website\",\"url\":\"https:\/\/luciano-nardo.com\/de\/\",\"name\":\"Luciano Nardo\",\"description\":\"Consultant Gynaecologist\",\"potentialAction\":[{\"@type\":\"SearchAction\",\"target\":{\"@type\":\"EntryPoint\",\"urlTemplate\":\"https:\/\/luciano-nardo.com\/de\/?s={search_term_string}\"},\"query-input\":{\"@type\":\"PropertyValueSpecification\",\"valueRequired\":true,\"valueName\":\"search_term_string\"}}],\"inLanguage\":\"de\"}]}<\/script>\n<!-- \/ Yoast SEO plugin. -->","yoast_head_json":{"title":"Gyn\u00e4kologie - Luciano Nardo","robots":{"index":"index","follow":"follow","max-snippet":"max-snippet:-1","max-image-preview":"max-image-preview:large","max-video-preview":"max-video-preview:-1"},"canonical":"https:\/\/luciano-nardo.com\/de\/praktiken\/gynaekologie\/","og_locale":"de_DE","og_type":"article","og_title":"Gyn\u00e4kologie - Luciano Nardo","og_url":"https:\/\/luciano-nardo.com\/de\/praktiken\/gynaekologie\/","og_site_name":"Luciano Nardo","article_modified_time":"2021-11-02T07:29:52+00:00","twitter_card":"summary_large_image","twitter_misc":{"Gesch\u00e4tzte Lesezeit":"11\u00a0Minuten"},"schema":{"@context":"https:\/\/schema.org","@graph":[{"@type":"WebPage","@id":"https:\/\/luciano-nardo.com\/de\/praktiken\/gynaekologie\/","url":"https:\/\/luciano-nardo.com\/de\/praktiken\/gynaekologie\/","name":"Gyn\u00e4kologie - Luciano Nardo","isPartOf":{"@id":"https:\/\/luciano-nardo.com\/de\/#website"},"datePublished":"2021-11-01T21:40:41+00:00","dateModified":"2021-11-02T07:29:52+00:00","breadcrumb":{"@id":"https:\/\/luciano-nardo.com\/de\/praktiken\/gynaekologie\/#breadcrumb"},"inLanguage":"de","potentialAction":[{"@type":"ReadAction","target":["https:\/\/luciano-nardo.com\/de\/praktiken\/gynaekologie\/"]}]},{"@type":"BreadcrumbList","@id":"https:\/\/luciano-nardo.com\/de\/praktiken\/gynaekologie\/#breadcrumb","itemListElement":[{"@type":"ListItem","position":1,"name":"Home","item":"https:\/\/luciano-nardo.com\/de\/homepage\/"},{"@type":"ListItem","position":2,"name":"Praktiken","item":"https:\/\/luciano-nardo.com\/de\/praktiken\/"},{"@type":"ListItem","position":3,"name":"Gyn\u00e4kologie"}]},{"@type":"WebSite","@id":"https:\/\/luciano-nardo.com\/de\/#website","url":"https:\/\/luciano-nardo.com\/de\/","name":"Luciano Nardo","description":"Consultant Gynaecologist","potentialAction":[{"@type":"SearchAction","target":{"@type":"EntryPoint","urlTemplate":"https:\/\/luciano-nardo.com\/de\/?s={search_term_string}"},"query-input":{"@type":"PropertyValueSpecification","valueRequired":true,"valueName":"search_term_string"}}],"inLanguage":"de"}]}},"jetpack_sharing_enabled":true,"_links":{"self":[{"href":"https:\/\/luciano-nardo.com\/de\/wp-json\/wp\/v2\/pages\/707","targetHints":{"allow":["GET"]}}],"collection":[{"href":"https:\/\/luciano-nardo.com\/de\/wp-json\/wp\/v2\/pages"}],"about":[{"href":"https:\/\/luciano-nardo.com\/de\/wp-json\/wp\/v2\/types\/page"}],"author":[{"embeddable":true,"href":"https:\/\/luciano-nardo.com\/de\/wp-json\/wp\/v2\/users\/1"}],"replies":[{"embeddable":true,"href":"https:\/\/luciano-nardo.com\/de\/wp-json\/wp\/v2\/comments?post=707"}],"version-history":[{"count":3,"href":"https:\/\/luciano-nardo.com\/de\/wp-json\/wp\/v2\/pages\/707\/revisions"}],"predecessor-version":[{"id":780,"href":"https:\/\/luciano-nardo.com\/de\/wp-json\/wp\/v2\/pages\/707\/revisions\/780"}],"up":[{"embeddable":true,"href":"https:\/\/luciano-nardo.com\/de\/wp-json\/wp\/v2\/pages\/712"}],"wp:attachment":[{"href":"https:\/\/luciano-nardo.com\/de\/wp-json\/wp\/v2\/media?parent=707"}],"curies":[{"name":"wp","href":"https:\/\/api.w.org\/{rel}","templated":true}]}}