{"id":813,"date":"2021-11-02T15:44:33","date_gmt":"2021-11-02T15:44:33","guid":{"rendered":"https:\/\/luciano-nardo.com\/bedingungen\/"},"modified":"2021-11-02T15:44:33","modified_gmt":"2021-11-02T15:44:33","slug":"bedingungen","status":"publish","type":"page","link":"https:\/\/luciano-nardo.com\/de\/bedingungen\/","title":{"rendered":"Bedingungen"},"content":{"rendered":"<p class=\"p1\">Willkommen auf unserer Website. Wenn Sie diese Website weiterhin durchsuchen und nutzen, erkl\u00e4ren Sie sich damit einverstanden, die folgenden Nutzungsbedingungen einzuhalten und an sie gebunden zu sein, die zusammen mit unserer Datenschutzrichtlinie die Beziehung von Nardo Capital Holding<span class=\"s1\">Limited<\/span>zu Ihnen in Bezug auf die Website regeln. Wenn Sie mit einem Teil der Allgemeinen Gesch\u00e4ftsbedingungen nicht einverstanden sind, nutzen Sie unsere Website bitte nicht.<\/p>\n<p class=\"p1\">Der Begriff <span class=\"s1\">&#8222;Nardo Capital Holding Limited&#8220;<\/span>oder <span class=\"s1\">&#8222;uns&#8220;<\/span>oder &#8222;wir&#8220; bezieht sich auf den Eigent\u00fcmer der Website mit Sitz in Riverside House, Kings Reach Business Park, Yew Street, Stockport, SK4 2HD, Gro\u00dfbritannien, und die Registrierungsnummer des Unternehmens ist 07396764. Der Begriff <span class=\"s1\">&#8222;Sie&#8220;<\/span>bezieht sich auf den Benutzer oder Betrachter unserer Website.<\/p>\n<p class=\"p1\">Die Nutzung dieser Website unterliegt folgenden Angaben:<\/p>\n<ul class=\"ul1\">\n<li class=\"li2\"><span class=\"s3\">Der Inhalt der Seiten dieser Website dient nur zu Ihrer allgemeinen Information und Nutzung. Sie k\u00f6nnen jederzeit und ohne Vorank\u00fcndigung ge\u00e4ndert werden.<\/span><\/li>\n<li class=\"li2\"><span class=\"s3\">Diese Website verwendet Cookies, um die Browsereinstellungen zu \u00fcberwachen. Eine vollst\u00e4ndige Kopie unserer <a href=\"https:\/\/luciano-nardo.com\/datenschutz-und-cookie-richtlinie\/?lang=de\">Datenschutzerkl\u00e4rung<\/a>finden Sie hier .<\/span><\/li>\n<li class=\"li2\"><span class=\"s3\">Weder wir noch Dritte geben eine Garantie oder Garantie f\u00fcr die Richtigkeit, Aktualit\u00e4t, Leistung, Vollst\u00e4ndigkeit oder Eignung der Informationen und Materialien, die auf dieser Website f\u00fcr jeden Umfang und Zweck gefunden oder angeboten werden. Sie erkennen an, dass solche Informationen und Materialien Ungenauigkeiten oder Fehler enthalten k\u00f6nnen, und wir schlie\u00dfen ausdr\u00fccklich die Haftung f\u00fcr solche Ungenauigkeiten oder Fehler aus, soweit dies gesetzlich zul\u00e4ssig ist.<\/span><\/li>\n<li class=\"li2\"><span class=\"s3\">Ihre Nutzung von Informationen oder Materialien auf dieser Website erfolgt ausschlie\u00dflich auf Ihr eigenes Risiko, f\u00fcr das wir nicht haftbar gemacht werden k\u00f6nnen. Es liegt in Ihrer eigenen Verantwortung sicherzustellen, dass alle Produkte, Dienstleistungen oder Informationen, die \u00fcber diese Website verf\u00fcgbar sind, Ihren spezifischen Anforderungen und Absichten entsprechen.<\/span><\/li>\n<li class=\"li2\"><span class=\"s3\">Diese Website enth\u00e4lt Material, das ausschlie\u00dflich uns geh\u00f6rt oder an uns lizenziert ist. Dieses Material umfasst, ist aber nicht beschr\u00e4nkt auf das Design, Layout, Aussehen, Aussehen, Logo, Text und Grafiken. Die Vervielf\u00e4ltigung ist verboten, au\u00dfer in \u00dcbereinstimmung mit dem Urheberrechtsvermerk, der Teil dieser Allgemeinen Gesch\u00e4ftsbedingungen ist.<\/span><\/li>\n<li class=\"li2\"><span class=\"s3\">Alle auf dieser Website wiedergegebenen Marken, die nicht Eigentum des Betreibers sind oder an den Betreiber lizenziert sind, werden auf der Website entsprechend anerkannt.<\/span><\/li>\n<li class=\"li2\"><span class=\"s3\">Die unbefugte Nutzung dieser Website kann zu Schadensersatzanspr\u00fcchen f\u00fchren und\/oder eine Straftat darstellen.<\/span><\/li>\n<li class=\"li2\"><span class=\"s3\">Von Zeit zu Zeit kann diese Website auch Links zu anderen Websites enthalten. Diese Links werden zu Ihrer Bequemlichkeit und Transparenz bereitgestellt, um gegebenenfalls weitere Informationen anzubieten. Sie bedeuten nicht, dass wir die Website(s) unterst\u00fctzen oder ein Interesse haben. Wir sind f\u00fcr den Inhalt der verlinkten Website(s) nicht verantwortlich.<\/span><\/li>\n<li class=\"li2\"><span class=\"s3\">Ihre Nutzung dieser Website und alle Streitigkeiten, die sich aus einer solchen Nutzung der Website ergeben, unterliegen den Gesetzen Englands.<\/span><\/li>\n<\/ul>\n","protected":false},"excerpt":{"rendered":"<p>Willkommen auf unserer Website. Wenn Sie diese Website weiterhin durchsuchen und nutzen, erkl\u00e4ren Sie sich damit einverstanden, die folgenden Nutzungsbedingungen einzuhalten und an sie gebunden zu sein, die zusammen mit unserer Datenschutzrichtlinie die Beziehung von Nardo Capital HoldingLimitedzu Ihnen in Bezug auf die Website regeln. Wenn Sie mit einem Teil der Allgemeinen Gesch\u00e4ftsbedingungen nicht einverstanden [&hellip;]<\/p>\n","protected":false},"author":1,"featured_media":0,"parent":0,"menu_order":0,"comment_status":"closed","ping_status":"closed","template":"","meta":{"footnotes":""},"class_list":["post-813","page","type-page","status-publish","hentry"],"yoast_head":"<!-- This site is optimized with the Yoast SEO plugin v27.2 - https:\/\/yoast.com\/product\/yoast-seo-wordpress\/ -->\n<title>Bedingungen - Luciano Nardo<\/title>\n<meta name=\"robots\" content=\"index, follow, max-snippet:-1, max-image-preview:large, max-video-preview:-1\" \/>\n<link rel=\"canonical\" href=\"https:\/\/luciano-nardo.com\/de\/bedingungen\/\" \/>\n<meta property=\"og:locale\" content=\"de_DE\" \/>\n<meta property=\"og:type\" content=\"article\" \/>\n<meta property=\"og:title\" content=\"Bedingungen - Luciano Nardo\" \/>\n<meta property=\"og:description\" content=\"Willkommen auf unserer Website. Wenn Sie diese Website weiterhin durchsuchen und nutzen, erkl\u00e4ren Sie sich damit einverstanden, die folgenden Nutzungsbedingungen einzuhalten und an sie gebunden zu sein, die zusammen mit unserer Datenschutzrichtlinie die Beziehung von Nardo Capital HoldingLimitedzu Ihnen in Bezug auf die Website regeln. Wenn Sie mit einem Teil der Allgemeinen Gesch\u00e4ftsbedingungen nicht einverstanden [&hellip;]\" \/>\n<meta property=\"og:url\" content=\"https:\/\/luciano-nardo.com\/de\/bedingungen\/\" \/>\n<meta property=\"og:site_name\" content=\"Luciano Nardo\" \/>\n<meta name=\"twitter:card\" content=\"summary_large_image\" \/>\n<meta name=\"twitter:label1\" content=\"Gesch\u00e4tzte Lesezeit\" \/>\n\t<meta name=\"twitter:data1\" content=\"2\u00a0Minuten\" \/>\n<script type=\"application\/ld+json\" class=\"yoast-schema-graph\">{\"@context\":\"https:\/\/schema.org\",\"@graph\":[{\"@type\":\"WebPage\",\"@id\":\"https:\/\/luciano-nardo.com\/de\/bedingungen\/\",\"url\":\"https:\/\/luciano-nardo.com\/de\/bedingungen\/\",\"name\":\"Bedingungen - Luciano Nardo\",\"isPartOf\":{\"@id\":\"https:\/\/luciano-nardo.com\/de\/#website\"},\"datePublished\":\"2021-11-02T15:44:33+00:00\",\"breadcrumb\":{\"@id\":\"https:\/\/luciano-nardo.com\/de\/bedingungen\/#breadcrumb\"},\"inLanguage\":\"de\",\"potentialAction\":[{\"@type\":\"ReadAction\",\"target\":[\"https:\/\/luciano-nardo.com\/de\/bedingungen\/\"]}]},{\"@type\":\"BreadcrumbList\",\"@id\":\"https:\/\/luciano-nardo.com\/de\/bedingungen\/#breadcrumb\",\"itemListElement\":[{\"@type\":\"ListItem\",\"position\":1,\"name\":\"Home\",\"item\":\"https:\/\/luciano-nardo.com\/de\/homepage\/\"},{\"@type\":\"ListItem\",\"position\":2,\"name\":\"Bedingungen\"}]},{\"@type\":\"WebSite\",\"@id\":\"https:\/\/luciano-nardo.com\/de\/#website\",\"url\":\"https:\/\/luciano-nardo.com\/de\/\",\"name\":\"Luciano Nardo\",\"description\":\"Consultant Gynaecologist\",\"potentialAction\":[{\"@type\":\"SearchAction\",\"target\":{\"@type\":\"EntryPoint\",\"urlTemplate\":\"https:\/\/luciano-nardo.com\/de\/?s={search_term_string}\"},\"query-input\":{\"@type\":\"PropertyValueSpecification\",\"valueRequired\":true,\"valueName\":\"search_term_string\"}}],\"inLanguage\":\"de\"}]}<\/script>\n<!-- \/ Yoast SEO plugin. -->","yoast_head_json":{"title":"Bedingungen - Luciano Nardo","robots":{"index":"index","follow":"follow","max-snippet":"max-snippet:-1","max-image-preview":"max-image-preview:large","max-video-preview":"max-video-preview:-1"},"canonical":"https:\/\/luciano-nardo.com\/de\/bedingungen\/","og_locale":"de_DE","og_type":"article","og_title":"Bedingungen - Luciano Nardo","og_description":"Willkommen auf unserer Website. Wenn Sie diese Website weiterhin durchsuchen und nutzen, erkl\u00e4ren Sie sich damit einverstanden, die folgenden Nutzungsbedingungen einzuhalten und an sie gebunden zu sein, die zusammen mit unserer Datenschutzrichtlinie die Beziehung von Nardo Capital HoldingLimitedzu Ihnen in Bezug auf die Website regeln. Wenn Sie mit einem Teil der Allgemeinen Gesch\u00e4ftsbedingungen nicht einverstanden [&hellip;]","og_url":"https:\/\/luciano-nardo.com\/de\/bedingungen\/","og_site_name":"Luciano Nardo","twitter_card":"summary_large_image","twitter_misc":{"Gesch\u00e4tzte Lesezeit":"2\u00a0Minuten"},"schema":{"@context":"https:\/\/schema.org","@graph":[{"@type":"WebPage","@id":"https:\/\/luciano-nardo.com\/de\/bedingungen\/","url":"https:\/\/luciano-nardo.com\/de\/bedingungen\/","name":"Bedingungen - Luciano Nardo","isPartOf":{"@id":"https:\/\/luciano-nardo.com\/de\/#website"},"datePublished":"2021-11-02T15:44:33+00:00","breadcrumb":{"@id":"https:\/\/luciano-nardo.com\/de\/bedingungen\/#breadcrumb"},"inLanguage":"de","potentialAction":[{"@type":"ReadAction","target":["https:\/\/luciano-nardo.com\/de\/bedingungen\/"]}]},{"@type":"BreadcrumbList","@id":"https:\/\/luciano-nardo.com\/de\/bedingungen\/#breadcrumb","itemListElement":[{"@type":"ListItem","position":1,"name":"Home","item":"https:\/\/luciano-nardo.com\/de\/homepage\/"},{"@type":"ListItem","position":2,"name":"Bedingungen"}]},{"@type":"WebSite","@id":"https:\/\/luciano-nardo.com\/de\/#website","url":"https:\/\/luciano-nardo.com\/de\/","name":"Luciano Nardo","description":"Consultant Gynaecologist","potentialAction":[{"@type":"SearchAction","target":{"@type":"EntryPoint","urlTemplate":"https:\/\/luciano-nardo.com\/de\/?s={search_term_string}"},"query-input":{"@type":"PropertyValueSpecification","valueRequired":true,"valueName":"search_term_string"}}],"inLanguage":"de"}]}},"jetpack_sharing_enabled":true,"_links":{"self":[{"href":"https:\/\/luciano-nardo.com\/de\/wp-json\/wp\/v2\/pages\/813","targetHints":{"allow":["GET"]}}],"collection":[{"href":"https:\/\/luciano-nardo.com\/de\/wp-json\/wp\/v2\/pages"}],"about":[{"href":"https:\/\/luciano-nardo.com\/de\/wp-json\/wp\/v2\/types\/page"}],"author":[{"embeddable":true,"href":"https:\/\/luciano-nardo.com\/de\/wp-json\/wp\/v2\/users\/1"}],"replies":[{"embeddable":true,"href":"https:\/\/luciano-nardo.com\/de\/wp-json\/wp\/v2\/comments?post=813"}],"version-history":[{"count":0,"href":"https:\/\/luciano-nardo.com\/de\/wp-json\/wp\/v2\/pages\/813\/revisions"}],"wp:attachment":[{"href":"https:\/\/luciano-nardo.com\/de\/wp-json\/wp\/v2\/media?parent=813"}],"curies":[{"name":"wp","href":"https:\/\/api.w.org\/{rel}","templated":true}]}}