{"id":1554,"date":"2022-01-10T20:02:54","date_gmt":"2022-01-10T20:02:54","guid":{"rendered":"https:\/\/luciano-nardo.com\/medico-legal\/"},"modified":"2022-01-10T20:04:49","modified_gmt":"2022-01-10T20:04:49","slug":"medico-legal","status":"publish","type":"page","link":"https:\/\/luciano-nardo.com\/fr\/pratiques\/medico-legal\/","title":{"rendered":"M\u00e9dico l\u00e9gal"},"content":{"rendered":"\n<style type=\"text\/css\" data-created_by=\"avia_inline_auto\" id=\"style-css-av-ky93zcxh-877ad1ad1d50243a75d63b51309d628e\">\n.avia-section.av-ky93zcxh-877ad1ad1d50243a75d63b51309d628e{\nbackground-repeat:no-repeat;\nbackground-image:url(https:\/\/i0.wp.com\/luciano-nardo.com\/wp-content\/uploads\/2022\/01\/Medico-Legal-Banner-1.jpg?fit=1400%2C600&ssl=1);\nbackground-position:50% 50%;\nbackground-attachment:scroll;\n}\n.avia-section.av-ky93zcxh-877ad1ad1d50243a75d63b51309d628e .av-section-color-overlay{\nopacity:0.5;\nbackground-color:#000000;\n}\n<\/style>\n<div id='av_section_1'  class='avia-section av-ky93zcxh-877ad1ad1d50243a75d63b51309d628e main_color avia-section-default avia-no-border-styling  avia-builder-el-0  el_before_av_section  avia-builder-el-first  avia-full-stretch avia-bg-style-scroll av-section-color-overlay-active  av-minimum-height av-minimum-height-custom  container_wrap fullsize'  data-section-bg-repeat='stretch'><div class='av-section-color-overlay-wrap'><div class=\"av-section-color-overlay\"><\/div><div class='container av-section-cont-open' style='height:300px'><main  role=\"main\" itemprop=\"mainContentOfPage\"  class='template-page content  av-content-full alpha units'><div class='post-entry post-entry-type-page post-entry-1554'><div class='entry-content-wrapper clearfix'>\n\n<style type=\"text\/css\" data-created_by=\"avia_inline_auto\" id=\"style-css-av-ky934twh-b273e130d319fd521d8a7063b88be31f\">\n#top .av-special-heading.av-ky934twh-b273e130d319fd521d8a7063b88be31f{\npadding-bottom:10px;\ncolor:#ffffff;\n}\n.av-special-heading.av-ky934twh-b273e130d319fd521d8a7063b88be31f .special-heading-inner-border{\nborder-color:#ffffff;\n}\n<\/style>\n<div  class='av-special-heading av-ky934twh-b273e130d319fd521d8a7063b88be31f av-special-heading-h1 custom-color-heading blockquote modern-quote modern-centered  avia-builder-el-1  avia-builder-el-no-sibling  '><h1 class='av-special-heading-tag '  itemprop=\"headline\"  >Medico Juridique<\/h1><div class='special-heading-border'><div class='special-heading-inner-border'><\/div><\/div><\/div>\n\n<\/div><\/div><\/main><!-- close content main element --><\/div><\/div><\/div>\n<style type=\"text\/css\" data-created_by=\"avia_inline_auto\" id=\"style-css-av-d0ntfw-ae8c13683880e23c148ca08bbe7d06b4\">\n.avia-section.av-d0ntfw-ae8c13683880e23c148ca08bbe7d06b4{\nbackground-color:#ffffff;\n}\n<\/style>\n<div id='av_section_2'  class='avia-section av-d0ntfw-ae8c13683880e23c148ca08bbe7d06b4 main_color avia-section-default avia-no-border-styling  avia-builder-el-2  el_after_av_section  el_before_av_section  avia-bg-style-scroll  container_wrap fullsize'  ><div class='container av-section-cont-open' ><div class='template-page content  av-content-full alpha units'><div class='post-entry post-entry-type-page post-entry-1554'><div class='entry-content-wrapper clearfix'>\n<div class='flex_column av-ahn2h8-31e2659904cece318fcf6bca576efe34 av_one_half  avia-builder-el-3  el_before_av_one_half  avia-builder-el-first  first flex_column_div '   ><section class=\"av_textblock_section \"  itemscope=\"itemscope\" itemtype=\"https:\/\/schema.org\/CreativeWork\" ><div class='avia_textblock  '   itemprop=\"text\" ><p class=\"p1\">Je fournis des services m\u00e9dico-l\u00e9gaux experts de haute qualit\u00e9 et proactifs, y compris des conseils, des \u00e9valuations, des repr\u00e9sentations et des rapports pour aider \u00e0 atteindre un r\u00e9sultat d\u00e9cisif. J\u2019offre des horaires de rendez-vous pratiques, une approche personnalis\u00e9e et r\u00e9active. J\u2019assure un d\u00e9lai d\u2019ex\u00e9cution rapide pour la r\u00e9daction des rapports des t\u00e9moins experts, qui se distinguent par leur clart\u00e9, leur structure, leurs preuves et leur contenu.<\/p>\n<\/div><\/section><\/div><div class='flex_column av-8uu324-cca95f69efa4b6aaadd3a794e04c3959 av_one_half  avia-builder-el-5  el_after_av_one_half  el_before_av_one_half  flex_column_div '   ><section class=\"av_textblock_section \"  itemscope=\"itemscope\" itemtype=\"https:\/\/schema.org\/CreativeWork\" ><div class='avia_textblock  '   itemprop=\"text\" ><p class=\"p1\"><strong>En tant que clinicienne de premier plan reconnue en gyn\u00e9cologie et en fertilit\u00e9 par la profession, les groupes de pairs et les patients, je travaille directement avec des cabinets d\u2019avocats et des avocats \u00e0 Londres et dans tout le Royaume-Uni, offrant un soutien expert en n\u00e9gligence clinique et en dommages corporels, qu\u2019il s\u2019agisse d\u2019instructions pour le demandeur ou le d\u00e9fendeur.<\/strong><\/p>\n<\/div><\/section><\/div><div class='flex_column av-qqlyk-7f82d1a388ca617557a0ad298580f42a av_one_half  avia-builder-el-7  el_after_av_one_half  el_before_av_one_half  first flex_column_div column-top-margin'   ><section class=\"av_textblock_section \"  itemscope=\"itemscope\" itemtype=\"https:\/\/schema.org\/CreativeWork\" ><div class='avia_textblock  '   itemprop=\"text\" ><h3 style=\"font-size: 18px;\">Domaines de sp\u00e9cialit\u00e9<\/h3>\n<ul>\n<li>Gyn\u00e9cologie<\/li>\n<li>Fertilit\u00e9<\/li>\n<li>Grossesse pr\u00e9coce<\/li>\n<li>Procr\u00e9ation assist\u00e9e<\/li>\n<li>Endocrinologie gyn\u00e9cologique<\/li>\n<li>Chirurgie laparoscopique<\/li>\n<li>Chirurgie hyst\u00e9roscopique<\/li>\n<\/ul>\n<h3 style=\"font-size: 18px;\">Domaines d\u2019expertise et conditions<\/h3>\n<ul>\n<li>Infertilit\u00e9 (f\u00e9minine et masculine)<\/li>\n<li>Techniques de procr\u00e9ation assist\u00e9e<\/li>\n<li>Fausse couche r\u00e9currente<\/li>\n<li>Endom\u00e9triose \/ Adh\u00e9rences<\/li>\n<li>Fibromes<\/li>\n<li>Douleur pelvienne<\/li>\n<li>Troubles menstruels<\/li>\n<li>M\u00e9nopause<\/li>\n<li>Syndrome des ovaires polykystiques<\/li>\n<li>Chirurgie laparoscopique et hyst\u00e9roscopique avanc\u00e9e<\/li>\n<li>\u00c9chographie pelvienne<\/li>\n<li>Chirurgie des trompes \/ Inversion de la st\u00e9rilisation<\/li>\n<\/ul>\n<p>Veuillez communiquer avec nous \u00e0 <a href=\"mailto:consultant@luciano-nardo.com\">consultant@luciano-nardo.com<\/a> si vous souhaitez signifier une lettre d\u2019instruction, ou si vous avez besoin de conseils sur un cas ou un probl\u00e8me difficile, ou si vous souhaitez organiser une \u00e9valuation initiale.<\/p>\n<\/div><\/section><\/div><div class='flex_column av-kuui4-242c22d1e63989dd98b57ca13c0c4b3e av_one_half  avia-builder-el-9  el_after_av_one_half  avia-builder-el-last  flex_column_div column-top-margin'   ><style type=\"text\/css\" data-created_by=\"avia_inline_auto\" id=\"style-css-av-ky93sibe-36e4b026d4e6bd281a61f21d772007e9\">\n.avia-image-container.av-ky93sibe-36e4b026d4e6bd281a61f21d772007e9 .av-image-caption-overlay-center{\ncolor:#ffffff;\n}\n<\/style>\n<div  class='avia-image-container av-ky93sibe-36e4b026d4e6bd281a61f21d772007e9 av-styling- avia-align-center  avia-builder-el-10  avia-builder-el-no-sibling  '  itemprop=\"image\" itemscope=\"itemscope\" itemtype=\"https:\/\/schema.org\/ImageObject\" ><div class=\"avia-image-container-inner\"><div class=\"avia-image-overlay-wrap\"><img decoding=\"async\" class='wp-image-1536 avia-img-lazy-loading-not-1536 avia_image' src=\"https:\/\/i0.wp.com\/luciano-nardo.com\/wp-content\/uploads\/2022\/01\/Medico-Legal.jpg?fit=900%2C1100&ssl=1\" alt='M\u00e9dico-l\u00e9gal' title='M\u00e9dico-l\u00e9gal'  height=\"1100\" width=\"900\"  itemprop=\"thumbnailUrl\" srcset=\"https:\/\/i0.wp.com\/luciano-nardo.com\/wp-content\/uploads\/2022\/01\/Medico-Legal.jpg?w=900&amp;ssl=1 900w, https:\/\/i0.wp.com\/luciano-nardo.com\/wp-content\/uploads\/2022\/01\/Medico-Legal.jpg?resize=245%2C300&amp;ssl=1 245w, https:\/\/i0.wp.com\/luciano-nardo.com\/wp-content\/uploads\/2022\/01\/Medico-Legal.jpg?resize=843%2C1030&amp;ssl=1 843w, https:\/\/i0.wp.com\/luciano-nardo.com\/wp-content\/uploads\/2022\/01\/Medico-Legal.jpg?resize=768%2C939&amp;ssl=1 768w, https:\/\/i0.wp.com\/luciano-nardo.com\/wp-content\/uploads\/2022\/01\/Medico-Legal.jpg?resize=577%2C705&amp;ssl=1 577w\" sizes=\"(max-width: 900px) 100vw, 900px\" \/><\/div><\/div><\/div><\/div><\/div><\/div><\/div><!-- close content main div --><\/div><\/div><div id='av_section_3'  class='avia-section av-451h1o-64f7d5ca67660bd45e389d068aeafecd main_color avia-section-default avia-shadow  avia-builder-el-11  el_after_av_section  avia-builder-el-last  avia-bg-style-scroll  container_wrap fullsize'  ><div class='container av-section-cont-open' ><div class='template-page content  av-content-full alpha units'><div class='post-entry post-entry-type-page post-entry-1554'><div class='entry-content-wrapper clearfix'>\n\n<\/p>\n","protected":false},"excerpt":{"rendered":"","protected":false},"author":1,"featured_media":0,"parent":655,"menu_order":0,"comment_status":"closed","ping_status":"closed","template":"","meta":{"footnotes":""},"class_list":["post-1554","page","type-page","status-publish","hentry"],"yoast_head":"<!-- This site is optimized with the Yoast SEO plugin v27.2 - https:\/\/yoast.com\/product\/yoast-seo-wordpress\/ -->\n<title>M\u00e9dico l\u00e9gal - Luciano Nardo<\/title>\n<meta name=\"robots\" content=\"index, follow, max-snippet:-1, max-image-preview:large, max-video-preview:-1\" \/>\n<link rel=\"canonical\" href=\"https:\/\/luciano-nardo.com\/fr\/pratiques\/medico-legal\/\" \/>\n<meta property=\"og:locale\" content=\"fr_FR\" \/>\n<meta property=\"og:type\" content=\"article\" \/>\n<meta property=\"og:title\" content=\"M\u00e9dico l\u00e9gal - Luciano Nardo\" \/>\n<meta property=\"og:url\" content=\"https:\/\/luciano-nardo.com\/fr\/pratiques\/medico-legal\/\" \/>\n<meta property=\"og:site_name\" content=\"Luciano Nardo\" \/>\n<meta property=\"article:modified_time\" content=\"2022-01-10T20:04:49+00:00\" \/>\n<meta name=\"twitter:card\" content=\"summary_large_image\" \/>\n<meta name=\"twitter:label1\" content=\"Dur\u00e9e de lecture estim\u00e9e\" \/>\n\t<meta name=\"twitter:data1\" content=\"11 minutes\" \/>\n<script type=\"application\/ld+json\" class=\"yoast-schema-graph\">{\"@context\":\"https:\/\/schema.org\",\"@graph\":[{\"@type\":\"WebPage\",\"@id\":\"https:\/\/luciano-nardo.com\/fr\/pratiques\/medico-legal\/\",\"url\":\"https:\/\/luciano-nardo.com\/fr\/pratiques\/medico-legal\/\",\"name\":\"M\u00e9dico l\u00e9gal - Luciano Nardo\",\"isPartOf\":{\"@id\":\"https:\/\/luciano-nardo.com\/fr\/#website\"},\"datePublished\":\"2022-01-10T20:02:54+00:00\",\"dateModified\":\"2022-01-10T20:04:49+00:00\",\"breadcrumb\":{\"@id\":\"https:\/\/luciano-nardo.com\/fr\/pratiques\/medico-legal\/#breadcrumb\"},\"inLanguage\":\"fr-FR\",\"potentialAction\":[{\"@type\":\"ReadAction\",\"target\":[\"https:\/\/luciano-nardo.com\/fr\/pratiques\/medico-legal\/\"]}]},{\"@type\":\"BreadcrumbList\",\"@id\":\"https:\/\/luciano-nardo.com\/fr\/pratiques\/medico-legal\/#breadcrumb\",\"itemListElement\":[{\"@type\":\"ListItem\",\"position\":1,\"name\":\"Home\",\"item\":\"https:\/\/luciano-nardo.com\/fr\/page-daccueil\/\"},{\"@type\":\"ListItem\",\"position\":2,\"name\":\"Pratiques\",\"item\":\"https:\/\/luciano-nardo.com\/fr\/pratiques\/\"},{\"@type\":\"ListItem\",\"position\":3,\"name\":\"M\u00e9dico l\u00e9gal\"}]},{\"@type\":\"WebSite\",\"@id\":\"https:\/\/luciano-nardo.com\/fr\/#website\",\"url\":\"https:\/\/luciano-nardo.com\/fr\/\",\"name\":\"Luciano Nardo\",\"description\":\"Consultant Gynaecologist\",\"potentialAction\":[{\"@type\":\"SearchAction\",\"target\":{\"@type\":\"EntryPoint\",\"urlTemplate\":\"https:\/\/luciano-nardo.com\/fr\/?s={search_term_string}\"},\"query-input\":{\"@type\":\"PropertyValueSpecification\",\"valueRequired\":true,\"valueName\":\"search_term_string\"}}],\"inLanguage\":\"fr-FR\"}]}<\/script>\n<!-- \/ Yoast SEO plugin. -->","yoast_head_json":{"title":"M\u00e9dico l\u00e9gal - Luciano Nardo","robots":{"index":"index","follow":"follow","max-snippet":"max-snippet:-1","max-image-preview":"max-image-preview:large","max-video-preview":"max-video-preview:-1"},"canonical":"https:\/\/luciano-nardo.com\/fr\/pratiques\/medico-legal\/","og_locale":"fr_FR","og_type":"article","og_title":"M\u00e9dico l\u00e9gal - Luciano Nardo","og_url":"https:\/\/luciano-nardo.com\/fr\/pratiques\/medico-legal\/","og_site_name":"Luciano Nardo","article_modified_time":"2022-01-10T20:04:49+00:00","twitter_card":"summary_large_image","twitter_misc":{"Dur\u00e9e de lecture estim\u00e9e":"11 minutes"},"schema":{"@context":"https:\/\/schema.org","@graph":[{"@type":"WebPage","@id":"https:\/\/luciano-nardo.com\/fr\/pratiques\/medico-legal\/","url":"https:\/\/luciano-nardo.com\/fr\/pratiques\/medico-legal\/","name":"M\u00e9dico l\u00e9gal - Luciano Nardo","isPartOf":{"@id":"https:\/\/luciano-nardo.com\/fr\/#website"},"datePublished":"2022-01-10T20:02:54+00:00","dateModified":"2022-01-10T20:04:49+00:00","breadcrumb":{"@id":"https:\/\/luciano-nardo.com\/fr\/pratiques\/medico-legal\/#breadcrumb"},"inLanguage":"fr-FR","potentialAction":[{"@type":"ReadAction","target":["https:\/\/luciano-nardo.com\/fr\/pratiques\/medico-legal\/"]}]},{"@type":"BreadcrumbList","@id":"https:\/\/luciano-nardo.com\/fr\/pratiques\/medico-legal\/#breadcrumb","itemListElement":[{"@type":"ListItem","position":1,"name":"Home","item":"https:\/\/luciano-nardo.com\/fr\/page-daccueil\/"},{"@type":"ListItem","position":2,"name":"Pratiques","item":"https:\/\/luciano-nardo.com\/fr\/pratiques\/"},{"@type":"ListItem","position":3,"name":"M\u00e9dico l\u00e9gal"}]},{"@type":"WebSite","@id":"https:\/\/luciano-nardo.com\/fr\/#website","url":"https:\/\/luciano-nardo.com\/fr\/","name":"Luciano Nardo","description":"Consultant Gynaecologist","potentialAction":[{"@type":"SearchAction","target":{"@type":"EntryPoint","urlTemplate":"https:\/\/luciano-nardo.com\/fr\/?s={search_term_string}"},"query-input":{"@type":"PropertyValueSpecification","valueRequired":true,"valueName":"search_term_string"}}],"inLanguage":"fr-FR"}]}},"jetpack_sharing_enabled":true,"_links":{"self":[{"href":"https:\/\/luciano-nardo.com\/fr\/wp-json\/wp\/v2\/pages\/1554","targetHints":{"allow":["GET"]}}],"collection":[{"href":"https:\/\/luciano-nardo.com\/fr\/wp-json\/wp\/v2\/pages"}],"about":[{"href":"https:\/\/luciano-nardo.com\/fr\/wp-json\/wp\/v2\/types\/page"}],"author":[{"embeddable":true,"href":"https:\/\/luciano-nardo.com\/fr\/wp-json\/wp\/v2\/users\/1"}],"replies":[{"embeddable":true,"href":"https:\/\/luciano-nardo.com\/fr\/wp-json\/wp\/v2\/comments?post=1554"}],"version-history":[{"count":18,"href":"https:\/\/luciano-nardo.com\/fr\/wp-json\/wp\/v2\/pages\/1554\/revisions"}],"predecessor-version":[{"id":1598,"href":"https:\/\/luciano-nardo.com\/fr\/wp-json\/wp\/v2\/pages\/1554\/revisions\/1598"}],"up":[{"embeddable":true,"href":"https:\/\/luciano-nardo.com\/fr\/wp-json\/wp\/v2\/pages\/655"}],"wp:attachment":[{"href":"https:\/\/luciano-nardo.com\/fr\/wp-json\/wp\/v2\/media?parent=1554"}],"curies":[{"name":"wp","href":"https:\/\/api.w.org\/{rel}","templated":true}]}}