{"id":536,"date":"2021-11-01T21:40:33","date_gmt":"2021-11-01T21:40:33","guid":{"rendered":"https:\/\/luciano-nardo.com\/fertilite\/"},"modified":"2022-03-01T12:48:55","modified_gmt":"2022-03-01T12:48:55","slug":"fertilite","status":"publish","type":"page","link":"https:\/\/luciano-nardo.com\/fr\/pratiques\/fertilite\/","title":{"rendered":"Fertilit\u00e9"},"content":{"rendered":"\n<style type=\"text\/css\" data-created_by=\"avia_inline_auto\" id=\"style-css-av-h9sfr-bdd988cb2d551dbe8d370c893299e64a\">\n.avia-section.av-h9sfr-bdd988cb2d551dbe8d370c893299e64a{\nbackground-repeat:no-repeat;\nbackground-image:url(https:\/\/i0.wp.com\/luciano-nardo.com\/wp-content\/uploads\/2021\/10\/Fertility-banner3.jpg?fit=1400%2C700&ssl=1);\nbackground-position:50% 100%;\nbackground-attachment:scroll;\n}\n.avia-section.av-h9sfr-bdd988cb2d551dbe8d370c893299e64a .av-section-color-overlay{\nopacity:0.5;\nbackground-color:#000000;\n}\n<\/style>\n<div id='av_section_1'  class='avia-section av-h9sfr-bdd988cb2d551dbe8d370c893299e64a main_color avia-section-default avia-no-border-styling  avia-builder-el-0  el_before_av_section  avia-builder-el-first  avia-full-stretch avia-bg-style-scroll av-section-color-overlay-active  av-minimum-height av-minimum-height-custom  container_wrap fullsize'  data-section-bg-repeat='stretch'><div class='av-section-color-overlay-wrap'><div class=\"av-section-color-overlay\"><\/div><div class='container av-section-cont-open' style='height:300px'><main  role=\"main\" itemprop=\"mainContentOfPage\"  class='template-page content  av-content-full alpha units'><div class='post-entry post-entry-type-page post-entry-536'><div class='entry-content-wrapper clearfix'>\n\n<style type=\"text\/css\" data-created_by=\"avia_inline_auto\" id=\"style-css-av-kvgha0dm-21a00a5ae08a07bb9ff000c8bace38e3\">\n#top .av-special-heading.av-kvgha0dm-21a00a5ae08a07bb9ff000c8bace38e3{\npadding-bottom:10px;\ncolor:#ffffff;\n}\n.av-special-heading.av-kvgha0dm-21a00a5ae08a07bb9ff000c8bace38e3 .special-heading-inner-border{\nborder-color:#ffffff;\n}\n<\/style>\n<div  class='av-special-heading av-kvgha0dm-21a00a5ae08a07bb9ff000c8bace38e3 av-special-heading-h1 custom-color-heading blockquote modern-quote modern-centered  avia-builder-el-1  avia-builder-el-no-sibling  '><h1 class='av-special-heading-tag '  itemprop=\"headline\"  >Fertilit\u00e9<\/h1><div class='special-heading-border'><div class='special-heading-inner-border'><\/div><\/div><\/div>\n\n<\/div><\/div><\/main><!-- close content main element --><\/div><\/div><\/div><div id='av_section_2'  class='avia-section av-1qoltz-07751602b3b476c18afd24d1284bba60 main_color avia-section-default avia-no-border-styling  avia-builder-el-2  el_after_av_section  el_before_av_section  avia-bg-style-scroll  container_wrap fullsize'  ><div class='container av-section-cont-open' ><div class='template-page content  av-content-full alpha units'><div class='post-entry post-entry-type-page post-entry-536'><div class='entry-content-wrapper clearfix'>\n<div class='flex_column av-1cuvmf-9b5e881964a25af2abe17b1b001b4181 av_one_half  avia-builder-el-3  el_before_av_one_half  avia-builder-el-first  first flex_column_div '   ><section class=\"av_textblock_section \"  itemscope=\"itemscope\" itemtype=\"https:\/\/schema.org\/CreativeWork\" ><div class='avia_textblock  '   itemprop=\"text\" ><p>Environ un couple h\u00e9t\u00e9rosexuel sur six \u00e9prouve des probl\u00e8mes de fertilit\u00e9, environ 50 millions de personnes souffrent d\u2019infertilit\u00e9 et 2,5 millions de cycles de FIV sont effectu\u00e9s chaque ann\u00e9e dans le monde. Le retard dans la r\u00e9alisation spontan\u00e9e d\u2019une grossesse peut \u00eatre caus\u00e9 par des d\u00e9s\u00e9quilibres hormonaux, des probl\u00e8mes menstruels (c\u2019est-\u00e0-dire des troubles de l\u2019ovulation), des anomalies g\u00e9n\u00e9tiques, des trompes de Fallope endommag\u00e9es ou bloqu\u00e9es, de l\u2019endom\u00e9triose, des fibromes, des anomalies ut\u00e9rines, des ant\u00e9c\u00e9dents de cancer, des anomalies du sperme et un dysfonctionnement sexuel.<\/p>\n<p>Les couples qui n\u2019ont pas con\u00e7u apr\u00e8s 12 mois de rapports sexuels r\u00e9guliers non prot\u00e9g\u00e9s devraient \u00eatre examin\u00e9s par un sp\u00e9cialiste de la fertilit\u00e9, tandis que ceux qui soup\u00e7onnent d\u2019avoir un probl\u00e8me de fertilit\u00e9 sous-jacent devraient demander une r\u00e9f\u00e9rence pr\u00e9coce. Les couples de m\u00eame sexe, les c\u00e9libataires et les patients qui ont cryoconserv\u00e9 leurs ovules ou leur sperme avant de suivre un traitement contre le cancer peuvent \u00eatre habilit\u00e9s \u00e0 prendre la d\u00e9cision de commencer le cycle de procr\u00e9ation assist\u00e9e.<\/p>\n<\/div><\/section><\/div><div class='flex_column av-12ytpz-62241d59f16c6888f637430f3d2544f0 av_one_half  avia-builder-el-5  el_after_av_one_half  el_before_av_one_half  flex_column_div '   ><section class=\"av_textblock_section \"  itemscope=\"itemscope\" itemtype=\"https:\/\/schema.org\/CreativeWork\" ><div class='avia_textblock  '   itemprop=\"text\" ><p>Des soins personnalis\u00e9s, un acc\u00e8s facile et des taux de r\u00e9ussite \u00e9lev\u00e9s sont des priorit\u00e9s pour ceux qui se lancent dans le parcours de fertilit\u00e9.<\/p>\n<p><strong>Je fournis une gestion de la fertilit\u00e9 sur mesure, des simples \u00e9valuations f\u00e9minines et masculines aux recommandations sur les derni\u00e8res technologies de procr\u00e9ation assist\u00e9e pour surmonter les obstacles \u00e0 la fertilit\u00e9 et, dans certains cas, r\u00e9duire le risque de pertes de grossesse r\u00e9currentes. Travaillant en partenariat avec des cliniques de procr\u00e9ation assist\u00e9e \u00e9tablies, je fournis des soins collaboratifs et multidisciplinaires pour offrir \u00e0 ceux qui essaient d\u2019avoir un b\u00e9b\u00e9 en bonne sant\u00e9 les meilleures chances.  <\/strong><\/p>\n<\/div><\/section><\/div><div class='flex_column av-trj0v-ae58f1df5ce48e862e05bf8f12a1ff15 av_one_half  avia-builder-el-7  el_after_av_one_half  el_before_av_one_half  first flex_column_div column-top-margin'   ><section class=\"av_textblock_section \"  itemscope=\"itemscope\" itemtype=\"https:\/\/schema.org\/CreativeWork\" ><div class='avia_textblock  '   itemprop=\"text\" ><h3 style=\"font-size: 18px;\">Je me sp\u00e9cialise dans les domaines suivants:<\/h3>\n<ul>\n<li>\u00c9valuation de la fertilit\u00e9 f\u00e9minine<\/li>\n<li>\u00c9valuation de la fertilit\u00e9 masculine<\/li>\n<li>\u00c9valuation de l\u2019endom\u00e8tre<\/li>\n<li>Immunologie de la reproduction<\/li>\n<li>Induction de l\u2019ovulation<\/li>\n<li>Individualisation des protocoles de stimulation ovarienne<\/li>\n<li>Proc\u00e9dures de FIV (y compris icsi et IMSI)<\/li>\n<li>Tests g\u00e9n\u00e9tiques pr\u00e9implantatoires pour les aneuplo\u00efdiens des blastocystes<\/li>\n<li>Cong\u00e9lation d\u2019ovules<\/li>\n<li>\u00c9chec d\u2019implantation r\u00e9p\u00e9t\u00e9<\/li>\n<li>Donneuses d\u2019ovules<\/li>\n<li>Sperme de donneur<\/li>\n<\/ul>\n<h3 style=\"font-size: 18px;\">Je fournis \u00e9galement une chirurgie qui est parfois n\u00e9cessaire pour traiter les conditions associ\u00e9es \u00e0 l\u2019infertilit\u00e9 ou comme alternative \u00e0 la procr\u00e9ation assist\u00e9e. Je me sp\u00e9cialise dans les domaines suivants:<\/h3>\n<ul>\n<li>Traitement de l\u2019endom\u00e9triose<\/li>\n<li>\u00c9limination des fibromes<\/li>\n<li>\u00c9limination des adh\u00e9rences<\/li>\n<li>Inversion de la ligature des trompes<\/li>\n<li>Ouverture des tubes obstru\u00e9s<\/li>\n<li>Retrait des tubes endommag\u00e9s<\/li>\n<li>R\u00e9paration des anomalies ut\u00e9rines<\/li>\n<\/ul>\n<\/div><\/section><\/div><div class='flex_column av-cj6gn-a33cff66605a2556ffbcc81491738c66 av_one_half  avia-builder-el-9  el_after_av_one_half  avia-builder-el-last  flex_column_div column-top-margin'   ><style type=\"text\/css\" data-created_by=\"avia_inline_auto\" id=\"style-css-av-94jc7-1fdcaf2c6081185339cfa5f1f9d3fb0c\">\n.avia-image-container.av-94jc7-1fdcaf2c6081185339cfa5f1f9d3fb0c .av-image-caption-overlay-center{\ncolor:#ffffff;\n}\n<\/style>\n<div  class='avia-image-container av-94jc7-1fdcaf2c6081185339cfa5f1f9d3fb0c av-styling- avia-align-center  avia-builder-el-10  avia-builder-el-no-sibling  '  itemprop=\"image\" itemscope=\"itemscope\" itemtype=\"https:\/\/schema.org\/ImageObject\" ><div class=\"avia-image-container-inner\"><div class=\"avia-image-overlay-wrap\"><img decoding=\"async\" class='wp-image-426 avia-img-lazy-loading-not-426 avia_image' src=\"https:\/\/i0.wp.com\/luciano-nardo.com\/wp-content\/uploads\/2021\/10\/fertility-services.jpg?fit=900%2C1100&ssl=1\" alt='' title='services de fertilit\u00e9'  height=\"1100\" width=\"900\"  itemprop=\"thumbnailUrl\" srcset=\"https:\/\/i0.wp.com\/luciano-nardo.com\/wp-content\/uploads\/2021\/10\/fertility-services.jpg?w=900&amp;ssl=1 900w, https:\/\/i0.wp.com\/luciano-nardo.com\/wp-content\/uploads\/2021\/10\/fertility-services.jpg?resize=245%2C300&amp;ssl=1 245w, https:\/\/i0.wp.com\/luciano-nardo.com\/wp-content\/uploads\/2021\/10\/fertility-services.jpg?resize=843%2C1030&amp;ssl=1 843w, https:\/\/i0.wp.com\/luciano-nardo.com\/wp-content\/uploads\/2021\/10\/fertility-services.jpg?resize=768%2C939&amp;ssl=1 768w, https:\/\/i0.wp.com\/luciano-nardo.com\/wp-content\/uploads\/2021\/10\/fertility-services.jpg?resize=577%2C705&amp;ssl=1 577w\" sizes=\"(max-width: 900px) 100vw, 900px\" \/><\/div><\/div><\/div><\/div><\/div><\/div><\/div><!-- close content main div --><\/div><\/div><div id='av_section_3'  class='avia-section av-kvgh9mf6-84b5487e844b2ae5a01a251e4bd30a34 main_color avia-section-default avia-shadow  avia-builder-el-11  el_after_av_section  avia-builder-el-last  avia-bg-style-scroll  container_wrap fullsize'  ><div class='container av-section-cont-open' ><div class='template-page content  av-content-full alpha units'><div class='post-entry post-entry-type-page post-entry-536'><div class='entry-content-wrapper clearfix'>\n\n<\/p>\n","protected":false},"excerpt":{"rendered":"","protected":false},"author":1,"featured_media":0,"parent":655,"menu_order":0,"comment_status":"closed","ping_status":"closed","template":"","meta":{"footnotes":""},"class_list":["post-536","page","type-page","status-publish","hentry"],"yoast_head":"<!-- This site is optimized with the Yoast SEO plugin v27.2 - https:\/\/yoast.com\/product\/yoast-seo-wordpress\/ -->\n<title>Sp\u00e9cialiste priv\u00e9 en fertilit\u00e9 London | Uk - Luciano Nardo<\/title>\n<meta name=\"robots\" content=\"index, follow, max-snippet:-1, max-image-preview:large, max-video-preview:-1\" \/>\n<link rel=\"canonical\" href=\"https:\/\/luciano-nardo.com\/fr\/pratiques\/fertilite\/\" \/>\n<meta property=\"og:locale\" content=\"fr_FR\" \/>\n<meta property=\"og:type\" content=\"article\" \/>\n<meta property=\"og:title\" content=\"Sp\u00e9cialiste priv\u00e9 en fertilit\u00e9 London | Uk - Luciano Nardo\" \/>\n<meta property=\"og:url\" content=\"https:\/\/luciano-nardo.com\/fr\/pratiques\/fertilite\/\" \/>\n<meta property=\"og:site_name\" content=\"Luciano Nardo\" \/>\n<meta property=\"article:modified_time\" content=\"2022-03-01T12:48:55+00:00\" \/>\n<meta name=\"twitter:card\" content=\"summary_large_image\" \/>\n<meta name=\"twitter:label1\" content=\"Dur\u00e9e de lecture estim\u00e9e\" \/>\n\t<meta name=\"twitter:data1\" content=\"12 minutes\" \/>\n<script type=\"application\/ld+json\" class=\"yoast-schema-graph\">{\"@context\":\"https:\/\/schema.org\",\"@graph\":[{\"@type\":\"WebPage\",\"@id\":\"https:\/\/luciano-nardo.com\/fr\/pratiques\/fertilite\/\",\"url\":\"https:\/\/luciano-nardo.com\/fr\/pratiques\/fertilite\/\",\"name\":\"Sp\u00e9cialiste priv\u00e9 en fertilit\u00e9 London | Uk - Luciano Nardo\",\"isPartOf\":{\"@id\":\"https:\/\/luciano-nardo.com\/fr\/#website\"},\"datePublished\":\"2021-11-01T21:40:33+00:00\",\"dateModified\":\"2022-03-01T12:48:55+00:00\",\"breadcrumb\":{\"@id\":\"https:\/\/luciano-nardo.com\/fr\/pratiques\/fertilite\/#breadcrumb\"},\"inLanguage\":\"fr-FR\",\"potentialAction\":[{\"@type\":\"ReadAction\",\"target\":[\"https:\/\/luciano-nardo.com\/fr\/pratiques\/fertilite\/\"]}]},{\"@type\":\"BreadcrumbList\",\"@id\":\"https:\/\/luciano-nardo.com\/fr\/pratiques\/fertilite\/#breadcrumb\",\"itemListElement\":[{\"@type\":\"ListItem\",\"position\":1,\"name\":\"Home\",\"item\":\"https:\/\/luciano-nardo.com\/fr\/page-daccueil\/\"},{\"@type\":\"ListItem\",\"position\":2,\"name\":\"Pratiques\",\"item\":\"https:\/\/luciano-nardo.com\/fr\/pratiques\/\"},{\"@type\":\"ListItem\",\"position\":3,\"name\":\"Fertilit\u00e9\"}]},{\"@type\":\"WebSite\",\"@id\":\"https:\/\/luciano-nardo.com\/fr\/#website\",\"url\":\"https:\/\/luciano-nardo.com\/fr\/\",\"name\":\"Luciano Nardo\",\"description\":\"Consultant Gynaecologist\",\"potentialAction\":[{\"@type\":\"SearchAction\",\"target\":{\"@type\":\"EntryPoint\",\"urlTemplate\":\"https:\/\/luciano-nardo.com\/fr\/?s={search_term_string}\"},\"query-input\":{\"@type\":\"PropertyValueSpecification\",\"valueRequired\":true,\"valueName\":\"search_term_string\"}}],\"inLanguage\":\"fr-FR\"}]}<\/script>\n<!-- \/ Yoast SEO plugin. -->","yoast_head_json":{"title":"Sp\u00e9cialiste priv\u00e9 en fertilit\u00e9 London | Uk - Luciano Nardo","robots":{"index":"index","follow":"follow","max-snippet":"max-snippet:-1","max-image-preview":"max-image-preview:large","max-video-preview":"max-video-preview:-1"},"canonical":"https:\/\/luciano-nardo.com\/fr\/pratiques\/fertilite\/","og_locale":"fr_FR","og_type":"article","og_title":"Sp\u00e9cialiste priv\u00e9 en fertilit\u00e9 London | Uk - Luciano Nardo","og_url":"https:\/\/luciano-nardo.com\/fr\/pratiques\/fertilite\/","og_site_name":"Luciano Nardo","article_modified_time":"2022-03-01T12:48:55+00:00","twitter_card":"summary_large_image","twitter_misc":{"Dur\u00e9e de lecture estim\u00e9e":"12 minutes"},"schema":{"@context":"https:\/\/schema.org","@graph":[{"@type":"WebPage","@id":"https:\/\/luciano-nardo.com\/fr\/pratiques\/fertilite\/","url":"https:\/\/luciano-nardo.com\/fr\/pratiques\/fertilite\/","name":"Sp\u00e9cialiste priv\u00e9 en fertilit\u00e9 London | Uk - Luciano Nardo","isPartOf":{"@id":"https:\/\/luciano-nardo.com\/fr\/#website"},"datePublished":"2021-11-01T21:40:33+00:00","dateModified":"2022-03-01T12:48:55+00:00","breadcrumb":{"@id":"https:\/\/luciano-nardo.com\/fr\/pratiques\/fertilite\/#breadcrumb"},"inLanguage":"fr-FR","potentialAction":[{"@type":"ReadAction","target":["https:\/\/luciano-nardo.com\/fr\/pratiques\/fertilite\/"]}]},{"@type":"BreadcrumbList","@id":"https:\/\/luciano-nardo.com\/fr\/pratiques\/fertilite\/#breadcrumb","itemListElement":[{"@type":"ListItem","position":1,"name":"Home","item":"https:\/\/luciano-nardo.com\/fr\/page-daccueil\/"},{"@type":"ListItem","position":2,"name":"Pratiques","item":"https:\/\/luciano-nardo.com\/fr\/pratiques\/"},{"@type":"ListItem","position":3,"name":"Fertilit\u00e9"}]},{"@type":"WebSite","@id":"https:\/\/luciano-nardo.com\/fr\/#website","url":"https:\/\/luciano-nardo.com\/fr\/","name":"Luciano Nardo","description":"Consultant Gynaecologist","potentialAction":[{"@type":"SearchAction","target":{"@type":"EntryPoint","urlTemplate":"https:\/\/luciano-nardo.com\/fr\/?s={search_term_string}"},"query-input":{"@type":"PropertyValueSpecification","valueRequired":true,"valueName":"search_term_string"}}],"inLanguage":"fr-FR"}]}},"jetpack_sharing_enabled":true,"_links":{"self":[{"href":"https:\/\/luciano-nardo.com\/fr\/wp-json\/wp\/v2\/pages\/536","targetHints":{"allow":["GET"]}}],"collection":[{"href":"https:\/\/luciano-nardo.com\/fr\/wp-json\/wp\/v2\/pages"}],"about":[{"href":"https:\/\/luciano-nardo.com\/fr\/wp-json\/wp\/v2\/types\/page"}],"author":[{"embeddable":true,"href":"https:\/\/luciano-nardo.com\/fr\/wp-json\/wp\/v2\/users\/1"}],"replies":[{"embeddable":true,"href":"https:\/\/luciano-nardo.com\/fr\/wp-json\/wp\/v2\/comments?post=536"}],"version-history":[{"count":14,"href":"https:\/\/luciano-nardo.com\/fr\/wp-json\/wp\/v2\/pages\/536\/revisions"}],"predecessor-version":[{"id":1740,"href":"https:\/\/luciano-nardo.com\/fr\/wp-json\/wp\/v2\/pages\/536\/revisions\/1740"}],"up":[{"embeddable":true,"href":"https:\/\/luciano-nardo.com\/fr\/wp-json\/wp\/v2\/pages\/655"}],"wp:attachment":[{"href":"https:\/\/luciano-nardo.com\/fr\/wp-json\/wp\/v2\/media?parent=536"}],"curies":[{"name":"wp","href":"https:\/\/api.w.org\/{rel}","templated":true}]}}