{"id":541,"date":"2021-11-01T21:40:33","date_gmt":"2021-11-01T21:40:33","guid":{"rendered":"https:\/\/luciano-nardo.com\/lieux\/"},"modified":"2025-07-30T17:35:45","modified_gmt":"2025-07-30T16:35:45","slug":"lieux","status":"publish","type":"page","link":"https:\/\/luciano-nardo.com\/fr\/lieux\/","title":{"rendered":"Lieux"},"content":{"rendered":"\n<style type=\"text\/css\" data-created_by=\"avia_inline_auto\" id=\"style-css-av-1mo80-01205967cd18e922d78aad7ab93689cd\">\n.avia-section.av-1mo80-01205967cd18e922d78aad7ab93689cd{\nbackground-repeat:no-repeat;\nbackground-image:url(https:\/\/i0.wp.com\/luciano-nardo.com\/wp-content\/uploads\/2021\/10\/locations-banner.jpg?fit=1400%2C700&ssl=1);\nbackground-position:50% 50%;\nbackground-attachment:scroll;\n}\n.avia-section.av-1mo80-01205967cd18e922d78aad7ab93689cd .av-section-color-overlay{\nopacity:0.5;\nbackground-color:#000000;\n}\n<\/style>\n<div id='av_section_1'  class='avia-section av-1mo80-01205967cd18e922d78aad7ab93689cd main_color avia-section-default avia-no-border-styling  avia-builder-el-0  el_before_av_textblock  avia-builder-el-first  avia-full-stretch avia-bg-style-scroll av-section-color-overlay-active  av-minimum-height av-minimum-height-custom  container_wrap fullsize'  data-section-bg-repeat='stretch'><div class='av-section-color-overlay-wrap'><div class=\"av-section-color-overlay\"><\/div><div class='container av-section-cont-open' style='height:300px'><main  role=\"main\" itemprop=\"mainContentOfPage\"  class='template-page content  av-content-full alpha units'><div class='post-entry post-entry-type-page post-entry-541'><div class='entry-content-wrapper clearfix'>\n\n<style type=\"text\/css\" data-created_by=\"avia_inline_auto\" id=\"style-css-av-kvaut0jy-f7c7774754b553b8565c513d6cbb74d4\">\n#top .av-special-heading.av-kvaut0jy-f7c7774754b553b8565c513d6cbb74d4{\npadding-bottom:10px;\ncolor:#ffffff;\n}\n.av-special-heading.av-kvaut0jy-f7c7774754b553b8565c513d6cbb74d4 .av-special-heading-tag{\npadding:0 0 20px 0;\n}\n.av-special-heading.av-kvaut0jy-f7c7774754b553b8565c513d6cbb74d4 .special-heading-inner-border{\nborder-color:#ffffff;\n}\n.av-special-heading.av-kvaut0jy-f7c7774754b553b8565c513d6cbb74d4 .av-subheading{\nfont-size:22px;\n}\n<\/style>\n<div  class='av-special-heading av-kvaut0jy-f7c7774754b553b8565c513d6cbb74d4 av-special-heading-h1 custom-color-heading blockquote modern-quote modern-centered  avia-builder-el-1  avia-builder-el-no-sibling  '><h1 class='av-special-heading-tag '  itemprop=\"headline\"  >LIEUX<\/h1><div class='av_custom_color av-subheading av-subheading_below '><p>Londres (Royaume-Uni) | Duba\u00ef (\u00c9mirats arabes unis)<\/p>\n<\/div><div class='special-heading-border'><div class='special-heading-inner-border'><\/div><\/div><\/div>\n<\/div><\/div><\/main><!-- close content main element --><\/div><\/div><\/div><div id='after_section_1'  class='main_color av_default_container_wrap container_wrap fullsize'  ><div class='container av-section-cont-open' ><div class='template-page content  av-content-full alpha units'><div class='post-entry post-entry-type-page post-entry-541'><div class='entry-content-wrapper clearfix'>\n<section class=\"av_textblock_section \"  itemscope=\"itemscope\" itemtype=\"https:\/\/schema.org\/CreativeWork\" ><div class='avia_textblock  '   itemprop=\"text\" ><h3 class=\"p1\" style=\"text-align: center;\">Des soins personnalis\u00e9s et innovants, un acc\u00e8s facile, des taux de r\u00e9ussite \u00e9lev\u00e9s et la confidentialit\u00e9 sont des priorit\u00e9s pour celles qui tentent de concevoir avec succ\u00e8s et celles qui souffrent de troubles gyn\u00e9cologiques.<\/h3>\n<p class=\"p1\" style=\"text-align: center;\">Le professeur Nardo et son \u00e9quipe fournissent des soins complets et adapt\u00e9s, des investigations aux traitements les plus r\u00e9cents, pour tous les probl\u00e8mes de fertilit\u00e9 ainsi que pour un large \u00e9ventail d\u2019affections gyn\u00e9cologiques b\u00e9nignes et de fausses couches \u00e0 r\u00e9p\u00e9tition. Il offre des soins compatissants, collaboratifs et multidisciplinaires pour offrir \u00e0 ceux qui essaient d\u2019avoir un b\u00e9b\u00e9 en bonne sant\u00e9 les meilleures chances et \u00e0 ceux qui cherchent \u00e0 g\u00e9rer les probl\u00e8mes gyn\u00e9cologiques d\u2019obtenir les meilleurs r\u00e9sultats. <\/p>\n<p class=\"p1\" style=\"text-align: center;\">Tout en d\u00e9tenant des licences m\u00e9dicales actives en Suisse, en Italie, au Royaume-Uni et aux \u00c9mirats arabes unis, le professeur Nardo exerce actuellement au sein d\u2019institutions cliniques \u00e9tablies \u00e0 Londres (Royaume-Uni) et \u00e0 Duba\u00ef (\u00c9mirats arabes unis), et effectue des consultations virtuelles en face \u00e0 face pour des patients du monde entier.<\/p>\n<\/div><\/section>\n<\/div><\/div><\/div><!-- close content main div --><\/div><\/div><div id='av_section_2'  class='avia-section av-nkso-1410c64b103290bdc40d6cce1d5c300a main_color avia-section-default avia-no-border-styling  avia-builder-el-3  el_after_av_textblock  el_before_av_section  avia-bg-style-scroll  container_wrap fullsize'  ><div class='container av-section-cont-open' ><div class='template-page content  av-content-full alpha units'><div class='post-entry post-entry-type-page post-entry-541'><div class='entry-content-wrapper clearfix'>\n<div class='flex_column_table av-kvauyse5-a70d2b83d307beb08b25bad6097ef5c6 sc-av_one_half av-equal-height-column-flextable'>\n<style type=\"text\/css\" data-created_by=\"avia_inline_auto\" id=\"style-css-av-kvauyse5-a70d2b83d307beb08b25bad6097ef5c6\">\n.flex_column.av-kvauyse5-a70d2b83d307beb08b25bad6097ef5c6{\npadding:0 0 25px 0;\nbackground-color:#c04015;\n}\n<\/style>\n<div class='flex_column av-kvauyse5-a70d2b83d307beb08b25bad6097ef5c6 av_one_half  avia-builder-el-4  el_before_av_one_half  avia-builder-el-first  first flex_column_table_cell av-equal-height-column av-align-middle '   ><p>\n<style type=\"text\/css\" data-created_by=\"avia_inline_auto\" id=\"style-css-av-m9wn6vrj-848795f9a8ebb2510582b767fa05a93c\">\n.avia-image-container.av-m9wn6vrj-848795f9a8ebb2510582b767fa05a93c .av-image-caption-overlay-center{\ncolor:#ffffff;\n}\n<\/style>\n<div  class='avia-image-container av-m9wn6vrj-848795f9a8ebb2510582b767fa05a93c av-styling- avia-align-center  avia-builder-el-5  el_before_av_heading  avia-builder-el-first  '  itemprop=\"image\" itemscope=\"itemscope\" itemtype=\"https:\/\/schema.org\/ImageObject\" ><div class=\"avia-image-container-inner\"><div class=\"avia-image-overlay-wrap\"><img decoding=\"async\" class='wp-image-420 avia-img-lazy-loading-not-420 avia_image' src=\"https:\/\/i0.wp.com\/luciano-nardo.com\/wp-content\/uploads\/2021\/10\/25-harley-street.jpg?fit=900%2C600&ssl=1\" alt='' title='25-harley-street'  height=\"600\" width=\"900\"  itemprop=\"thumbnailUrl\" srcset=\"https:\/\/i0.wp.com\/luciano-nardo.com\/wp-content\/uploads\/2021\/10\/25-harley-street.jpg?w=900&amp;ssl=1 900w, https:\/\/i0.wp.com\/luciano-nardo.com\/wp-content\/uploads\/2021\/10\/25-harley-street.jpg?resize=300%2C200&amp;ssl=1 300w, https:\/\/i0.wp.com\/luciano-nardo.com\/wp-content\/uploads\/2021\/10\/25-harley-street.jpg?resize=768%2C512&amp;ssl=1 768w, https:\/\/i0.wp.com\/luciano-nardo.com\/wp-content\/uploads\/2021\/10\/25-harley-street.jpg?resize=705%2C470&amp;ssl=1 705w\" sizes=\"(max-width: 900px) 100vw, 900px\" \/><\/div><\/div><\/div><br \/>\n\n<style type=\"text\/css\" data-created_by=\"avia_inline_auto\" id=\"style-css-av-kvauxazw-d3b1e1b54c4e23963790fa508a6febb5\">\n#top .av-special-heading.av-kvauxazw-d3b1e1b54c4e23963790fa508a6febb5{\nmargin:30px 0 0 0;\npadding-bottom:0px;\ncolor:#ffffff;\n}\n.av-special-heading.av-kvauxazw-d3b1e1b54c4e23963790fa508a6febb5 .av-special-heading-tag{\npadding:0 0 0 0;\n}\n.av-special-heading.av-kvauxazw-d3b1e1b54c4e23963790fa508a6febb5 .special-heading-inner-border{\nborder-color:#ffffff;\n}\n<\/style>\n<div  class='av-special-heading av-kvauxazw-d3b1e1b54c4e23963790fa508a6febb5 av-special-heading-h3 custom-color-heading blockquote modern-quote modern-centered  avia-builder-el-6  el_after_av_image  el_before_av_textblock  '><h3 class='av-special-heading-tag '  itemprop=\"headline\"  >Groupe Hospitalier Phoenix<\/h3><div class='special-heading-border'><div class='special-heading-inner-border'><\/div><\/div><\/div><br \/>\n<section class=\"av_textblock_section \"  itemscope=\"itemscope\" itemtype=\"https:\/\/schema.org\/CreativeWork\" ><div class='avia_textblock  av_inherit_color '  style='color:#ffffff; '  itemprop=\"text\" ><p style=\"text-align: center;\">25 Harley Street<br \/>\nLondres W1G 9QW<br \/>\nRoyaume-Uni<br \/>\n<strong>Pour rendez-vous : info@luciano-nardo.com ou +44 7389 839236<\/strong><\/p>\n<\/div><\/section><\/p><\/div><div class='av-flex-placeholder'><\/div>\n<style type=\"text\/css\" data-created_by=\"avia_inline_auto\" id=\"style-css-av-1w7fk-06a32810533e9ed573e4543d69209e17\">\n.flex_column.av-1w7fk-06a32810533e9ed573e4543d69209e17{\npadding:0 0 25px 0;\nbackground-color:#c04015;\n}\n<\/style>\n<div class='flex_column av-1w7fk-06a32810533e9ed573e4543d69209e17 av_one_half  avia-builder-el-8  el_after_av_one_half  el_before_av_one_half  flex_column_table_cell av-equal-height-column av-align-middle '   ><p>\n<style type=\"text\/css\" data-created_by=\"avia_inline_auto\" id=\"style-css-av-m9wnax29-d67d02d567ca3310e8547ebbb956e212\">\n.avia-image-container.av-m9wnax29-d67d02d567ca3310e8547ebbb956e212 .av-image-caption-overlay-center{\ncolor:#ffffff;\n}\n<\/style>\n<div  class='avia-image-container av-m9wnax29-d67d02d567ca3310e8547ebbb956e212 av-styling- avia-align-center  avia-builder-el-9  el_before_av_heading  avia-builder-el-first  '  itemprop=\"image\" itemscope=\"itemscope\" itemtype=\"https:\/\/schema.org\/ImageObject\" ><div class=\"avia-image-container-inner\"><div class=\"avia-image-overlay-wrap\"><img decoding=\"async\" class='wp-image-1043 avia-img-lazy-loading-not-1043 avia_image' src=\"https:\/\/i0.wp.com\/luciano-nardo.com\/wp-content\/uploads\/2021\/11\/Weymouth-Street-Hospital.jpg?fit=900%2C600&ssl=1\" alt='H\u00f4pital de la rue Weymouth' title='H\u00f4pital de la rue Weymouth'  height=\"600\" width=\"900\"  itemprop=\"thumbnailUrl\" srcset=\"https:\/\/i0.wp.com\/luciano-nardo.com\/wp-content\/uploads\/2021\/11\/Weymouth-Street-Hospital.jpg?w=900&amp;ssl=1 900w, https:\/\/i0.wp.com\/luciano-nardo.com\/wp-content\/uploads\/2021\/11\/Weymouth-Street-Hospital.jpg?resize=300%2C200&amp;ssl=1 300w, https:\/\/i0.wp.com\/luciano-nardo.com\/wp-content\/uploads\/2021\/11\/Weymouth-Street-Hospital.jpg?resize=768%2C512&amp;ssl=1 768w, https:\/\/i0.wp.com\/luciano-nardo.com\/wp-content\/uploads\/2021\/11\/Weymouth-Street-Hospital.jpg?resize=705%2C470&amp;ssl=1 705w\" sizes=\"(max-width: 900px) 100vw, 900px\" \/><\/div><\/div><\/div><br \/>\n\n<style type=\"text\/css\" data-created_by=\"avia_inline_auto\" id=\"style-css-av-m9wn8smc-c16b70616aba96bd0d81d67cc58cbf96\">\n#top .av-special-heading.av-m9wn8smc-c16b70616aba96bd0d81d67cc58cbf96{\nmargin:30px 0 0 0;\npadding-bottom:0px;\ncolor:#ffffff;\n}\n.av-special-heading.av-m9wn8smc-c16b70616aba96bd0d81d67cc58cbf96 .special-heading-inner-border{\nborder-color:#ffffff;\n}\n<\/style>\n<div  class='av-special-heading av-m9wn8smc-c16b70616aba96bd0d81d67cc58cbf96 av-special-heading-h3 custom-color-heading blockquote modern-quote modern-centered  avia-builder-el-10  el_after_av_image  el_before_av_textblock  '><h3 class='av-special-heading-tag '  itemprop=\"headline\"  >H\u00f4pital de la rue Weymouth<\/h3><div class='special-heading-border'><div class='special-heading-inner-border'><\/div><\/div><\/div><br \/>\n<section class=\"av_textblock_section \"  itemscope=\"itemscope\" itemtype=\"https:\/\/schema.org\/CreativeWork\" ><div class='avia_textblock  av_inherit_color '  style='color:#ffffff; '  itemprop=\"text\" ><p class=\"p1\" style=\"text-align: center;\">42-46 Weymouth Street<br \/>\nLondres W1G 6DR<br \/>\nRoyaume-Uni<br \/>\n<strong>Pour rendez-vous : info@luciano-nardo.com ou +44 7389 839236<\/strong><\/p>\n<\/div><\/section><\/p><\/div><\/div><!--close column table wrapper. Autoclose: 1 --><div class='flex_column_table av-1o2zs-c7eb3ab6e297c7fc0e458773bf86f38e sc-av_one_half av-equal-height-column-flextable'>\n<style type=\"text\/css\" data-created_by=\"avia_inline_auto\" id=\"style-css-av-1o2zs-c7eb3ab6e297c7fc0e458773bf86f38e\">\n.flex_column.av-1o2zs-c7eb3ab6e297c7fc0e458773bf86f38e{\npadding:0 0 25px 0;\nbackground-color:#c04015;\n}\n<\/style>\n<div class='flex_column av-1o2zs-c7eb3ab6e297c7fc0e458773bf86f38e av_one_half  avia-builder-el-12  el_after_av_one_half  el_before_av_one_half  first flex_column_table_cell av-equal-height-column av-align-top column-top-margin'   ><p>\n<style type=\"text\/css\" data-created_by=\"avia_inline_auto\" id=\"style-css-av-m9wo0z6i-b09604542a61abdb538d13c7bbde3055\">\n.avia-image-container.av-m9wo0z6i-b09604542a61abdb538d13c7bbde3055 .av-image-caption-overlay-center{\ncolor:#ffffff;\n}\n<\/style>\n<div  class='avia-image-container av-m9wo0z6i-b09604542a61abdb538d13c7bbde3055 av-styling- avia-align-center  avia-builder-el-13  el_before_av_heading  avia-builder-el-first  '  itemprop=\"image\" itemscope=\"itemscope\" itemtype=\"https:\/\/schema.org\/ImageObject\" ><div class=\"avia-image-container-inner\"><div class=\"avia-image-overlay-wrap\"><img decoding=\"async\" class='wp-image-2248 avia-img-lazy-loading-not-2248 avia_image' src=\"https:\/\/i0.wp.com\/luciano-nardo.com\/wp-content\/uploads\/2025\/07\/ORCHID.jpg?fit=900%2C600&ssl=1\" alt='Phoenix Hospital Group' title='ORCHID'  height=\"600\" width=\"900\"  itemprop=\"thumbnailUrl\" srcset=\"https:\/\/i0.wp.com\/luciano-nardo.com\/wp-content\/uploads\/2025\/07\/ORCHID.jpg?w=900&amp;ssl=1 900w, https:\/\/i0.wp.com\/luciano-nardo.com\/wp-content\/uploads\/2025\/07\/ORCHID.jpg?resize=300%2C200&amp;ssl=1 300w, https:\/\/i0.wp.com\/luciano-nardo.com\/wp-content\/uploads\/2025\/07\/ORCHID.jpg?resize=768%2C512&amp;ssl=1 768w, https:\/\/i0.wp.com\/luciano-nardo.com\/wp-content\/uploads\/2025\/07\/ORCHID.jpg?resize=705%2C470&amp;ssl=1 705w\" sizes=\"(max-width: 900px) 100vw, 900px\" \/><\/div><\/div><\/div><br \/>\n\n<style type=\"text\/css\" data-created_by=\"avia_inline_auto\" id=\"style-css-av-m9wngktq-c5b73c9e0535ddcbf31680289613a0a7\">\n#top .av-special-heading.av-m9wngktq-c5b73c9e0535ddcbf31680289613a0a7{\nmargin:30px 0 0 0;\npadding-bottom:0px;\ncolor:#ffffff;\n}\n.av-special-heading.av-m9wngktq-c5b73c9e0535ddcbf31680289613a0a7 .special-heading-inner-border{\nborder-color:#ffffff;\n}\n<\/style>\n<div  class='av-special-heading av-m9wngktq-c5b73c9e0535ddcbf31680289613a0a7 av-special-heading-h3 custom-color-heading blockquote modern-quote modern-centered  avia-builder-el-14  el_after_av_image  el_before_av_textblock  '><h3 class='av-special-heading-tag '  itemprop=\"headline\"  >Clinique de fertilit\u00e9 des orchid\u00e9es<\/h3><div class='special-heading-border'><div class='special-heading-inner-border'><\/div><\/div><\/div><br \/>\n<section class=\"av_textblock_section \"  itemscope=\"itemscope\" itemtype=\"https:\/\/schema.org\/CreativeWork\" ><div class='avia_textblock  av_inherit_color '  style='color:#ffffff; '  itemprop=\"text\" ><p class=\"p1\" style=\"text-align: center;\">B\u00e2timent<br \/>\nIbn Sina Duba\u00ef<br \/>\n\u00c9mirats arabes unis<br \/>\n<strong>Pour les rendez-vous : info@luciano-nardo.com ou +971 54 666 4010<\/strong><\/p>\n<\/div><\/section><\/p><\/div><div class='av-flex-placeholder'><\/div>\n<style type=\"text\/css\" data-created_by=\"avia_inline_auto\" id=\"style-css-av-x3xg-7c48e201c26996806d1e41a632b27ea6\">\n.flex_column.av-x3xg-7c48e201c26996806d1e41a632b27ea6{\npadding:0 0 25px 0;\nbackground-color:#c04015;\n}\n<\/style>\n<div class='flex_column av-x3xg-7c48e201c26996806d1e41a632b27ea6 av_one_half  avia-builder-el-16  el_after_av_one_half  avia-builder-el-last  flex_column_table_cell av-equal-height-column av-align-top column-top-margin'   ><p>\n<style type=\"text\/css\" data-created_by=\"avia_inline_auto\" id=\"style-css-av-m9wo1i9w-d873fd1bf0b380a984a2e5b8a6e06818\">\n.avia-image-container.av-m9wo1i9w-d873fd1bf0b380a984a2e5b8a6e06818 .av-image-caption-overlay-center{\ncolor:#ffffff;\n}\n<\/style>\n<div  class='avia-image-container av-m9wo1i9w-d873fd1bf0b380a984a2e5b8a6e06818 av-styling- avia-align-center  avia-builder-el-17  el_before_av_heading  avia-builder-el-first  '  itemprop=\"image\" itemscope=\"itemscope\" itemtype=\"https:\/\/schema.org\/ImageObject\" ><div class=\"avia-image-container-inner\"><div class=\"avia-image-overlay-wrap\"><img decoding=\"async\" class='wp-image-2032 avia-img-lazy-loading-not-2032 avia_image' src=\"https:\/\/i0.wp.com\/luciano-nardo.com\/wp-content\/uploads\/2025\/04\/Medcare-Women-Children-Hospital.jpg?fit=900%2C600&ssl=1\" alt='' title='Medcare-Women-&amp;-Children-Hospital'  height=\"600\" width=\"900\"  itemprop=\"thumbnailUrl\" srcset=\"https:\/\/i0.wp.com\/luciano-nardo.com\/wp-content\/uploads\/2025\/04\/Medcare-Women-Children-Hospital.jpg?w=900&amp;ssl=1 900w, https:\/\/i0.wp.com\/luciano-nardo.com\/wp-content\/uploads\/2025\/04\/Medcare-Women-Children-Hospital.jpg?resize=300%2C200&amp;ssl=1 300w, https:\/\/i0.wp.com\/luciano-nardo.com\/wp-content\/uploads\/2025\/04\/Medcare-Women-Children-Hospital.jpg?resize=768%2C512&amp;ssl=1 768w, https:\/\/i0.wp.com\/luciano-nardo.com\/wp-content\/uploads\/2025\/04\/Medcare-Women-Children-Hospital.jpg?resize=705%2C470&amp;ssl=1 705w\" sizes=\"(max-width: 900px) 100vw, 900px\" \/><\/div><\/div><\/div><br \/>\n\n<style type=\"text\/css\" data-created_by=\"avia_inline_auto\" id=\"style-css-av-m9wnli2q-ddb5e33ad39782774c0953a6ff61fa33\">\n#top .av-special-heading.av-m9wnli2q-ddb5e33ad39782774c0953a6ff61fa33{\nmargin:30px 0 0 0;\npadding-bottom:0px;\ncolor:#ffffff;\n}\n.av-special-heading.av-m9wnli2q-ddb5e33ad39782774c0953a6ff61fa33 .special-heading-inner-border{\nborder-color:#ffffff;\n}\n<\/style>\n<div  class='av-special-heading av-m9wnli2q-ddb5e33ad39782774c0953a6ff61fa33 av-special-heading-h3 custom-color-heading blockquote modern-quote modern-centered  avia-builder-el-18  el_after_av_image  el_before_av_textblock  '><h3 class='av-special-heading-tag '  itemprop=\"headline\"  >H\u00f4pital Medcare pour femmes et enfants<\/h3><div class='special-heading-border'><div class='special-heading-inner-border'><\/div><\/div><\/div><br \/>\n<section class=\"av_textblock_section \"  itemscope=\"itemscope\" itemtype=\"https:\/\/schema.org\/CreativeWork\" ><div class='avia_textblock  av_inherit_color '  style='color:#ffffff; '  itemprop=\"text\" ><p class=\"p1\" style=\"text-align: center;\">Sheikh Zayed Road<br \/>\nDuba\u00ef<br \/>\n\u00c9mirats arabes unis<br \/>\n<strong>Pour rendez-vous : info@luciano-nardo.com ou +971 54 666 4010<\/strong><\/p>\n<\/div><\/section><\/p><\/div><\/div><!--close column table wrapper. Autoclose: 1 --><\/div><\/div><\/div><!-- close content main div --><\/div><\/div><div id='av_section_3'  class='avia-section av-1h0r0-24ea8bce6f4545ddbd2e5a79aa3e6bd5 main_color avia-section-default avia-no-border-styling  avia-builder-el-20  el_after_av_section  avia-builder-el-last  avia-bg-style-scroll  container_wrap fullsize'  ><div class='container av-section-cont-open' ><div class='template-page content  av-content-full alpha units'><div class='post-entry post-entry-type-page post-entry-541'><div class='entry-content-wrapper clearfix'>\n\n<\/p>\n","protected":false},"excerpt":{"rendered":"","protected":false},"author":2,"featured_media":0,"parent":0,"menu_order":4,"comment_status":"closed","ping_status":"closed","template":"","meta":{"footnotes":""},"class_list":["post-541","page","type-page","status-publish","hentry"],"yoast_head":"<!-- This site is optimized with the Yoast SEO plugin v27.2 - https:\/\/yoast.com\/product\/yoast-seo-wordpress\/ -->\n<title>Lieux - Luciano Nardo<\/title>\n<meta name=\"robots\" content=\"index, follow, max-snippet:-1, max-image-preview:large, max-video-preview:-1\" \/>\n<link rel=\"canonical\" href=\"https:\/\/luciano-nardo.com\/fr\/lieux\/\" \/>\n<meta property=\"og:locale\" content=\"fr_FR\" \/>\n<meta property=\"og:type\" content=\"article\" \/>\n<meta property=\"og:title\" content=\"Lieux - Luciano Nardo\" \/>\n<meta property=\"og:url\" content=\"https:\/\/luciano-nardo.com\/fr\/lieux\/\" \/>\n<meta property=\"og:site_name\" content=\"Luciano Nardo\" \/>\n<meta property=\"article:modified_time\" content=\"2025-07-30T16:35:45+00:00\" \/>\n<meta name=\"twitter:card\" content=\"summary_large_image\" \/>\n<meta name=\"twitter:label1\" content=\"Dur\u00e9e de lecture estim\u00e9e\" \/>\n\t<meta name=\"twitter:data1\" content=\"15 minutes\" \/>\n<script type=\"application\/ld+json\" class=\"yoast-schema-graph\">{\"@context\":\"https:\/\/schema.org\",\"@graph\":[{\"@type\":\"WebPage\",\"@id\":\"https:\/\/luciano-nardo.com\/fr\/lieux\/\",\"url\":\"https:\/\/luciano-nardo.com\/fr\/lieux\/\",\"name\":\"Lieux - Luciano Nardo\",\"isPartOf\":{\"@id\":\"https:\/\/luciano-nardo.com\/fr\/#website\"},\"datePublished\":\"2021-11-01T21:40:33+00:00\",\"dateModified\":\"2025-07-30T16:35:45+00:00\",\"breadcrumb\":{\"@id\":\"https:\/\/luciano-nardo.com\/fr\/lieux\/#breadcrumb\"},\"inLanguage\":\"fr-FR\",\"potentialAction\":[{\"@type\":\"ReadAction\",\"target\":[\"https:\/\/luciano-nardo.com\/fr\/lieux\/\"]}]},{\"@type\":\"BreadcrumbList\",\"@id\":\"https:\/\/luciano-nardo.com\/fr\/lieux\/#breadcrumb\",\"itemListElement\":[{\"@type\":\"ListItem\",\"position\":1,\"name\":\"Home\",\"item\":\"https:\/\/luciano-nardo.com\/fr\/page-daccueil\/\"},{\"@type\":\"ListItem\",\"position\":2,\"name\":\"Lieux\"}]},{\"@type\":\"WebSite\",\"@id\":\"https:\/\/luciano-nardo.com\/fr\/#website\",\"url\":\"https:\/\/luciano-nardo.com\/fr\/\",\"name\":\"Luciano Nardo\",\"description\":\"Consultant Gynaecologist\",\"potentialAction\":[{\"@type\":\"SearchAction\",\"target\":{\"@type\":\"EntryPoint\",\"urlTemplate\":\"https:\/\/luciano-nardo.com\/fr\/?s={search_term_string}\"},\"query-input\":{\"@type\":\"PropertyValueSpecification\",\"valueRequired\":true,\"valueName\":\"search_term_string\"}}],\"inLanguage\":\"fr-FR\"}]}<\/script>\n<!-- \/ Yoast SEO plugin. -->","yoast_head_json":{"title":"Lieux - Luciano Nardo","robots":{"index":"index","follow":"follow","max-snippet":"max-snippet:-1","max-image-preview":"max-image-preview:large","max-video-preview":"max-video-preview:-1"},"canonical":"https:\/\/luciano-nardo.com\/fr\/lieux\/","og_locale":"fr_FR","og_type":"article","og_title":"Lieux - Luciano Nardo","og_url":"https:\/\/luciano-nardo.com\/fr\/lieux\/","og_site_name":"Luciano Nardo","article_modified_time":"2025-07-30T16:35:45+00:00","twitter_card":"summary_large_image","twitter_misc":{"Dur\u00e9e de lecture estim\u00e9e":"15 minutes"},"schema":{"@context":"https:\/\/schema.org","@graph":[{"@type":"WebPage","@id":"https:\/\/luciano-nardo.com\/fr\/lieux\/","url":"https:\/\/luciano-nardo.com\/fr\/lieux\/","name":"Lieux - Luciano Nardo","isPartOf":{"@id":"https:\/\/luciano-nardo.com\/fr\/#website"},"datePublished":"2021-11-01T21:40:33+00:00","dateModified":"2025-07-30T16:35:45+00:00","breadcrumb":{"@id":"https:\/\/luciano-nardo.com\/fr\/lieux\/#breadcrumb"},"inLanguage":"fr-FR","potentialAction":[{"@type":"ReadAction","target":["https:\/\/luciano-nardo.com\/fr\/lieux\/"]}]},{"@type":"BreadcrumbList","@id":"https:\/\/luciano-nardo.com\/fr\/lieux\/#breadcrumb","itemListElement":[{"@type":"ListItem","position":1,"name":"Home","item":"https:\/\/luciano-nardo.com\/fr\/page-daccueil\/"},{"@type":"ListItem","position":2,"name":"Lieux"}]},{"@type":"WebSite","@id":"https:\/\/luciano-nardo.com\/fr\/#website","url":"https:\/\/luciano-nardo.com\/fr\/","name":"Luciano Nardo","description":"Consultant Gynaecologist","potentialAction":[{"@type":"SearchAction","target":{"@type":"EntryPoint","urlTemplate":"https:\/\/luciano-nardo.com\/fr\/?s={search_term_string}"},"query-input":{"@type":"PropertyValueSpecification","valueRequired":true,"valueName":"search_term_string"}}],"inLanguage":"fr-FR"}]}},"jetpack_sharing_enabled":true,"_links":{"self":[{"href":"https:\/\/luciano-nardo.com\/fr\/wp-json\/wp\/v2\/pages\/541","targetHints":{"allow":["GET"]}}],"collection":[{"href":"https:\/\/luciano-nardo.com\/fr\/wp-json\/wp\/v2\/pages"}],"about":[{"href":"https:\/\/luciano-nardo.com\/fr\/wp-json\/wp\/v2\/types\/page"}],"author":[{"embeddable":true,"href":"https:\/\/luciano-nardo.com\/fr\/wp-json\/wp\/v2\/users\/2"}],"replies":[{"embeddable":true,"href":"https:\/\/luciano-nardo.com\/fr\/wp-json\/wp\/v2\/comments?post=541"}],"version-history":[{"count":67,"href":"https:\/\/luciano-nardo.com\/fr\/wp-json\/wp\/v2\/pages\/541\/revisions"}],"predecessor-version":[{"id":2264,"href":"https:\/\/luciano-nardo.com\/fr\/wp-json\/wp\/v2\/pages\/541\/revisions\/2264"}],"wp:attachment":[{"href":"https:\/\/luciano-nardo.com\/fr\/wp-json\/wp\/v2\/media?parent=541"}],"curies":[{"name":"wp","href":"https:\/\/api.w.org\/{rel}","templated":true}]}}