{"id":570,"date":"2021-11-01T21:40:35","date_gmt":"2021-11-01T21:40:35","guid":{"rendered":"https:\/\/luciano-nardo.com\/grossesse-precoce\/"},"modified":"2022-03-01T12:45:57","modified_gmt":"2022-03-01T12:45:57","slug":"grossesse-precoce","status":"publish","type":"page","link":"https:\/\/luciano-nardo.com\/fr\/pratiques\/grossesse-precoce\/","title":{"rendered":"Grossesse pr\u00e9coce"},"content":{"rendered":"\n<style type=\"text\/css\" data-created_by=\"avia_inline_auto\" id=\"style-css-av-cu37m-2578a929f4a016e0cda6b9cf05f09272\">\n.avia-section.av-cu37m-2578a929f4a016e0cda6b9cf05f09272{\nbackground-repeat:no-repeat;\nbackground-image:url(https:\/\/i0.wp.com\/luciano-nardo.com\/wp-content\/uploads\/2021\/10\/Early-Pregnancy2.jpg?fit=1400%2C700&ssl=1);\nbackground-position:50% 50%;\nbackground-attachment:scroll;\n}\n.avia-section.av-cu37m-2578a929f4a016e0cda6b9cf05f09272 .av-section-color-overlay{\nopacity:0.5;\nbackground-color:#000000;\n}\n<\/style>\n<div id='av_section_1'  class='avia-section av-cu37m-2578a929f4a016e0cda6b9cf05f09272 main_color avia-section-default avia-no-border-styling  avia-builder-el-0  el_before_av_section  avia-builder-el-first  avia-full-stretch avia-bg-style-scroll av-section-color-overlay-active  av-minimum-height av-minimum-height-custom  container_wrap fullsize'  data-section-bg-repeat='stretch'><div class='av-section-color-overlay-wrap'><div class=\"av-section-color-overlay\"><\/div><div class='container av-section-cont-open' style='height:300px'><main  role=\"main\" itemprop=\"mainContentOfPage\"  class='template-page content  av-content-full alpha units'><div class='post-entry post-entry-type-page post-entry-570'><div class='entry-content-wrapper clearfix'>\n\n<style type=\"text\/css\" data-created_by=\"avia_inline_auto\" id=\"style-css-av-kvghanpl-c22291bba27d30acb931e61af54de6d3\">\n#top .av-special-heading.av-kvghanpl-c22291bba27d30acb931e61af54de6d3{\npadding-bottom:10px;\ncolor:#ffffff;\n}\n.av-special-heading.av-kvghanpl-c22291bba27d30acb931e61af54de6d3 .special-heading-inner-border{\nborder-color:#ffffff;\n}\n<\/style>\n<div  class='av-special-heading av-kvghanpl-c22291bba27d30acb931e61af54de6d3 av-special-heading-h1 custom-color-heading blockquote modern-quote modern-centered  avia-builder-el-1  avia-builder-el-no-sibling  '><h1 class='av-special-heading-tag '  itemprop=\"headline\"  >Grossesse pr\u00e9coce<\/h1><div class='special-heading-border'><div class='special-heading-inner-border'><\/div><\/div><\/div>\n\n<\/div><\/div><\/main><!-- close content main element --><\/div><\/div><\/div>\n<style type=\"text\/css\" data-created_by=\"avia_inline_auto\" id=\"style-css-av-6b4vm-a3f93788de760efb545386746e47f1d5\">\n.avia-section.av-6b4vm-a3f93788de760efb545386746e47f1d5{\nbackground-color:#ffffff;\n}\n<\/style>\n<div id='av_section_2'  class='avia-section av-6b4vm-a3f93788de760efb545386746e47f1d5 main_color avia-section-default avia-no-border-styling  avia-builder-el-2  el_after_av_section  el_before_av_section  avia-bg-style-scroll  container_wrap fullsize'  ><div class='container av-section-cont-open' ><div class='template-page content  av-content-full alpha units'><div class='post-entry post-entry-type-page post-entry-570'><div class='entry-content-wrapper clearfix'>\n<div class='flex_column av-1dn3tu-12b6275b507ce3353c6230c8e1e4fd9c av_one_half  avia-builder-el-3  el_before_av_one_half  avia-builder-el-first  first flex_column_div '   ><section class=\"av_textblock_section \"  itemscope=\"itemscope\" itemtype=\"https:\/\/schema.org\/CreativeWork\" ><div class='avia_textblock  '   itemprop=\"text\" ><p class=\"p1\">La grossesse est un \u00e9tat physiologique tout \u00e0 fait normal et une exp\u00e9rience diff\u00e9rente pour chaque femme. Certaines femmes peuvent suspecter d\u2019\u00eatre enceintes dans les premiers jours de l\u2019implantation de l\u2019embryon, tandis que d\u2019autres peuvent ne prendre conscience qu\u2019apr\u00e8s avoir manqu\u00e9 une p\u00e9riode. Les signes et sympt\u00f4mes d\u2019une grossesse pr\u00e9coce peuvent varier d\u2019un besoin accru d\u2019uriner \u00e0 la sensibilit\u00e9 des seins, \u00e0 la fatigue et aux naus\u00e9es matinales. Le corps peut faire des changements rapidement pendant la grossesse et parfois des soins experts et des conseils d\u2019un gyn\u00e9cologue consultant sont n\u00e9cessaires au cours du premier trimestre de la grossesse (c\u2019est-\u00e0-dire 12 semaines de gestation).<span class=\"Apple-converted-space\"> <\/span><\/p>\n<\/div><\/section><\/div><div class='flex_column av-11mbky-66e7b4fa11f9cface9c94ac8426c405a av_one_half  avia-builder-el-5  el_after_av_one_half  el_before_av_one_half  flex_column_div '   ><section class=\"av_textblock_section \"  itemscope=\"itemscope\" itemtype=\"https:\/\/schema.org\/CreativeWork\" ><div class='avia_textblock  '   itemprop=\"text\" ><p class=\"p1\">Les premiers stades de la grossesse peuvent \u00eatre accablants, il est donc important de se familiariser avec les changements que vous pouvez rencontrer et la meilleure fa\u00e7on de prendre soin de vous et de la grossesse pendant cette p\u00e9riode passionnante.<span class=\"Apple-converted-space\"> <\/span><\/p>\n<p class=\"p1\">Le premier trimestre de la grossesse peut \u00e9galement \u00eatre difficile pour certaines femmes qui peuvent \u00e9prouver les sympt\u00f4mes courants de la grossesse ainsi que souffrir d\u2019anxi\u00e9t\u00e9 et de stress, qui peuvent \u00eatre caus\u00e9s par une fausse couche ant\u00e9rieure, une grossesse extra-ut\u00e9rine ou la difficult\u00e9 \u00e0 obtenir la grossesse.<span class=\"Apple-converted-space\"> <\/span><\/p>\n<\/div><\/section><\/div><div class='flex_column av-2oo4a-2f62832880d2cc1727468f87d9644bc2 av_one_half  avia-builder-el-7  el_after_av_one_half  el_before_av_one_half  first flex_column_div column-top-margin'   ><section class=\"av_textblock_section \"  itemscope=\"itemscope\" itemtype=\"https:\/\/schema.org\/CreativeWork\" ><div class='avia_textblock  '   itemprop=\"text\" ><p class=\"p1\">Les examens, y compris un test sanguin et une \u00e9chographie, sont con\u00e7us pour fournir des informations sur la sant\u00e9 et le stade de la grossesse. L\u2019\u00e9chographie du d\u00e9but de la grossesse n\u2019a aucun risque connu. Au cours des 11 \u00e0 12 premi\u00e8res semaines de gestation, il peut \u00eatre effectu\u00e9 pour \u00e9tablir la viabilit\u00e9, le nombre de f\u0153tus et dater la grossesse ainsi que pour rassurer. Entre 12 et 14 semaines de grossesse, l\u2019\u00e9chographie peut faire partie d\u2019un programme de d\u00e9pistage et inclure la clart\u00e9 nucale pour d\u00e9terminer la probabilit\u00e9 des anomalies chromosomiques f\u0153tales les plus courantes telles que le syndrome de Down, le syndrome d\u2019Edward et le syndrome de Patau.<\/p>\n<p class=\"p1\"><b>Je fournis des analyses de grossesse pr\u00e9coce et des conseils sp\u00e9cialis\u00e9s, jusqu\u2019\u00e0 12 semaines de gestation, pour les femmes ayant des ant\u00e9c\u00e9dents de fausse couche, de grossesse extra-ut\u00e9rine et pour celles qui aiment \u00eatre rassur\u00e9es que la grossesse est viable et se d\u00e9veloppe bien dans la cavit\u00e9 ut\u00e9rine.<\/b><\/p>\n<h3 style=\"font-size: 18px;\">J\u2019effectue les op\u00e9rations suivantes :<\/h3>\n<ul>\n<li>Conseils de conception pr\u00e9coce<\/li>\n<li>Viabilit\u00e9 \/ Datation pr\u00e9coce de la grossesse (6 &#8211; 12 semaines)<\/li>\n<li>Analyse rassurante (6 \u00e0 12 semaines)<\/li>\n<li>Test g\u00e9n\u00e9tique pr\u00e9natal non invasif Harmony (\u00e0 partir de 11 semaines)<\/li>\n<\/ul>\n<\/div><\/section><\/div><div class='flex_column av-hh86q-22758054eac86e7f7ba3436485bcca5b av_one_half  avia-builder-el-9  el_after_av_one_half  avia-builder-el-last  flex_column_div column-top-margin'   ><style type=\"text\/css\" data-created_by=\"avia_inline_auto\" id=\"style-css-av-92l4i-89b11722c5d97d4ba96eb4dd1b597b91\">\n.avia-image-container.av-92l4i-89b11722c5d97d4ba96eb4dd1b597b91 .av-image-caption-overlay-center{\ncolor:#ffffff;\n}\n<\/style>\n<div  class='avia-image-container av-92l4i-89b11722c5d97d4ba96eb4dd1b597b91 av-styling- avia-align-center  avia-builder-el-10  avia-builder-el-no-sibling  '  itemprop=\"image\" itemscope=\"itemscope\" itemtype=\"https:\/\/schema.org\/ImageObject\" ><div class=\"avia-image-container-inner\"><div class=\"avia-image-overlay-wrap\"><img decoding=\"async\" class='wp-image-423 avia-img-lazy-loading-not-423 avia_image' src=\"https:\/\/i0.wp.com\/luciano-nardo.com\/wp-content\/uploads\/2021\/10\/Early-Pregnancy.jpg?fit=900%2C900&ssl=1\" alt='Grossesse pr\u00e9coce' title='Grossesse pr\u00e9coce'  height=\"900\" width=\"900\"  itemprop=\"thumbnailUrl\" srcset=\"https:\/\/i0.wp.com\/luciano-nardo.com\/wp-content\/uploads\/2021\/10\/Early-Pregnancy.jpg?w=900&amp;ssl=1 900w, https:\/\/i0.wp.com\/luciano-nardo.com\/wp-content\/uploads\/2021\/10\/Early-Pregnancy.jpg?resize=300%2C300&amp;ssl=1 300w, https:\/\/i0.wp.com\/luciano-nardo.com\/wp-content\/uploads\/2021\/10\/Early-Pregnancy.jpg?resize=80%2C80&amp;ssl=1 80w, https:\/\/i0.wp.com\/luciano-nardo.com\/wp-content\/uploads\/2021\/10\/Early-Pregnancy.jpg?resize=768%2C768&amp;ssl=1 768w, https:\/\/i0.wp.com\/luciano-nardo.com\/wp-content\/uploads\/2021\/10\/Early-Pregnancy.jpg?resize=36%2C36&amp;ssl=1 36w, https:\/\/i0.wp.com\/luciano-nardo.com\/wp-content\/uploads\/2021\/10\/Early-Pregnancy.jpg?resize=180%2C180&amp;ssl=1 180w, https:\/\/i0.wp.com\/luciano-nardo.com\/wp-content\/uploads\/2021\/10\/Early-Pregnancy.jpg?resize=705%2C705&amp;ssl=1 705w\" sizes=\"(max-width: 900px) 100vw, 900px\" \/><\/div><\/div><\/div><\/div>\n\n<\/div><\/div><\/div><!-- close content main div --><\/div><\/div><div id='av_section_3'  class='avia-section av-kvghafd2-4b1e75b3b116425a5139a52067bbb743 main_color avia-section-default avia-shadow  avia-builder-el-11  el_after_av_section  avia-builder-el-last  avia-bg-style-scroll  container_wrap fullsize'  ><div class='container av-section-cont-open' ><div class='template-page content  av-content-full alpha units'><div class='post-entry post-entry-type-page post-entry-570'><div class='entry-content-wrapper clearfix'>\n\n\n","protected":false},"excerpt":{"rendered":"","protected":false},"author":1,"featured_media":0,"parent":655,"menu_order":0,"comment_status":"closed","ping_status":"closed","template":"","meta":{"footnotes":""},"class_list":["post-570","page","type-page","status-publish","hentry"],"yoast_head":"<!-- This site is optimized with the Yoast SEO plugin v27.2 - https:\/\/yoast.com\/product\/yoast-seo-wordpress\/ -->\n<title>Page Grossesse pr\u00e9coce priv\u00e9e Specialist London | Uk - Luciano Nardo<\/title>\n<meta name=\"robots\" content=\"index, follow, max-snippet:-1, max-image-preview:large, max-video-preview:-1\" \/>\n<link rel=\"canonical\" href=\"https:\/\/luciano-nardo.com\/fr\/pratiques\/grossesse-precoce\/\" \/>\n<meta property=\"og:locale\" content=\"fr_FR\" \/>\n<meta property=\"og:type\" content=\"article\" \/>\n<meta property=\"og:title\" content=\"Page Grossesse pr\u00e9coce priv\u00e9e Specialist London | Uk - Luciano Nardo\" \/>\n<meta property=\"og:url\" content=\"https:\/\/luciano-nardo.com\/fr\/pratiques\/grossesse-precoce\/\" \/>\n<meta property=\"og:site_name\" content=\"Luciano Nardo\" \/>\n<meta property=\"article:modified_time\" content=\"2022-03-01T12:45:57+00:00\" \/>\n<meta name=\"twitter:card\" content=\"summary_large_image\" \/>\n<meta name=\"twitter:label1\" content=\"Dur\u00e9e de lecture estim\u00e9e\" \/>\n\t<meta name=\"twitter:data1\" content=\"12 minutes\" \/>\n<script type=\"application\/ld+json\" class=\"yoast-schema-graph\">{\"@context\":\"https:\/\/schema.org\",\"@graph\":[{\"@type\":\"WebPage\",\"@id\":\"https:\/\/luciano-nardo.com\/fr\/pratiques\/grossesse-precoce\/\",\"url\":\"https:\/\/luciano-nardo.com\/fr\/pratiques\/grossesse-precoce\/\",\"name\":\"Page Grossesse pr\u00e9coce priv\u00e9e Specialist London | Uk - Luciano Nardo\",\"isPartOf\":{\"@id\":\"https:\/\/luciano-nardo.com\/fr\/#website\"},\"datePublished\":\"2021-11-01T21:40:35+00:00\",\"dateModified\":\"2022-03-01T12:45:57+00:00\",\"breadcrumb\":{\"@id\":\"https:\/\/luciano-nardo.com\/fr\/pratiques\/grossesse-precoce\/#breadcrumb\"},\"inLanguage\":\"fr-FR\",\"potentialAction\":[{\"@type\":\"ReadAction\",\"target\":[\"https:\/\/luciano-nardo.com\/fr\/pratiques\/grossesse-precoce\/\"]}]},{\"@type\":\"BreadcrumbList\",\"@id\":\"https:\/\/luciano-nardo.com\/fr\/pratiques\/grossesse-precoce\/#breadcrumb\",\"itemListElement\":[{\"@type\":\"ListItem\",\"position\":1,\"name\":\"Home\",\"item\":\"https:\/\/luciano-nardo.com\/fr\/page-daccueil\/\"},{\"@type\":\"ListItem\",\"position\":2,\"name\":\"Pratiques\",\"item\":\"https:\/\/luciano-nardo.com\/fr\/pratiques\/\"},{\"@type\":\"ListItem\",\"position\":3,\"name\":\"Grossesse pr\u00e9coce\"}]},{\"@type\":\"WebSite\",\"@id\":\"https:\/\/luciano-nardo.com\/fr\/#website\",\"url\":\"https:\/\/luciano-nardo.com\/fr\/\",\"name\":\"Luciano Nardo\",\"description\":\"Consultant Gynaecologist\",\"potentialAction\":[{\"@type\":\"SearchAction\",\"target\":{\"@type\":\"EntryPoint\",\"urlTemplate\":\"https:\/\/luciano-nardo.com\/fr\/?s={search_term_string}\"},\"query-input\":{\"@type\":\"PropertyValueSpecification\",\"valueRequired\":true,\"valueName\":\"search_term_string\"}}],\"inLanguage\":\"fr-FR\"}]}<\/script>\n<!-- \/ Yoast SEO plugin. -->","yoast_head_json":{"title":"Page Grossesse pr\u00e9coce priv\u00e9e Specialist London | Uk - Luciano Nardo","robots":{"index":"index","follow":"follow","max-snippet":"max-snippet:-1","max-image-preview":"max-image-preview:large","max-video-preview":"max-video-preview:-1"},"canonical":"https:\/\/luciano-nardo.com\/fr\/pratiques\/grossesse-precoce\/","og_locale":"fr_FR","og_type":"article","og_title":"Page Grossesse pr\u00e9coce priv\u00e9e Specialist London | Uk - Luciano Nardo","og_url":"https:\/\/luciano-nardo.com\/fr\/pratiques\/grossesse-precoce\/","og_site_name":"Luciano Nardo","article_modified_time":"2022-03-01T12:45:57+00:00","twitter_card":"summary_large_image","twitter_misc":{"Dur\u00e9e de lecture estim\u00e9e":"12 minutes"},"schema":{"@context":"https:\/\/schema.org","@graph":[{"@type":"WebPage","@id":"https:\/\/luciano-nardo.com\/fr\/pratiques\/grossesse-precoce\/","url":"https:\/\/luciano-nardo.com\/fr\/pratiques\/grossesse-precoce\/","name":"Page Grossesse pr\u00e9coce priv\u00e9e Specialist London | Uk - Luciano Nardo","isPartOf":{"@id":"https:\/\/luciano-nardo.com\/fr\/#website"},"datePublished":"2021-11-01T21:40:35+00:00","dateModified":"2022-03-01T12:45:57+00:00","breadcrumb":{"@id":"https:\/\/luciano-nardo.com\/fr\/pratiques\/grossesse-precoce\/#breadcrumb"},"inLanguage":"fr-FR","potentialAction":[{"@type":"ReadAction","target":["https:\/\/luciano-nardo.com\/fr\/pratiques\/grossesse-precoce\/"]}]},{"@type":"BreadcrumbList","@id":"https:\/\/luciano-nardo.com\/fr\/pratiques\/grossesse-precoce\/#breadcrumb","itemListElement":[{"@type":"ListItem","position":1,"name":"Home","item":"https:\/\/luciano-nardo.com\/fr\/page-daccueil\/"},{"@type":"ListItem","position":2,"name":"Pratiques","item":"https:\/\/luciano-nardo.com\/fr\/pratiques\/"},{"@type":"ListItem","position":3,"name":"Grossesse pr\u00e9coce"}]},{"@type":"WebSite","@id":"https:\/\/luciano-nardo.com\/fr\/#website","url":"https:\/\/luciano-nardo.com\/fr\/","name":"Luciano Nardo","description":"Consultant Gynaecologist","potentialAction":[{"@type":"SearchAction","target":{"@type":"EntryPoint","urlTemplate":"https:\/\/luciano-nardo.com\/fr\/?s={search_term_string}"},"query-input":{"@type":"PropertyValueSpecification","valueRequired":true,"valueName":"search_term_string"}}],"inLanguage":"fr-FR"}]}},"jetpack_sharing_enabled":true,"_links":{"self":[{"href":"https:\/\/luciano-nardo.com\/fr\/wp-json\/wp\/v2\/pages\/570","targetHints":{"allow":["GET"]}}],"collection":[{"href":"https:\/\/luciano-nardo.com\/fr\/wp-json\/wp\/v2\/pages"}],"about":[{"href":"https:\/\/luciano-nardo.com\/fr\/wp-json\/wp\/v2\/types\/page"}],"author":[{"embeddable":true,"href":"https:\/\/luciano-nardo.com\/fr\/wp-json\/wp\/v2\/users\/1"}],"replies":[{"embeddable":true,"href":"https:\/\/luciano-nardo.com\/fr\/wp-json\/wp\/v2\/comments?post=570"}],"version-history":[{"count":5,"href":"https:\/\/luciano-nardo.com\/fr\/wp-json\/wp\/v2\/pages\/570\/revisions"}],"predecessor-version":[{"id":1734,"href":"https:\/\/luciano-nardo.com\/fr\/wp-json\/wp\/v2\/pages\/570\/revisions\/1734"}],"up":[{"embeddable":true,"href":"https:\/\/luciano-nardo.com\/fr\/wp-json\/wp\/v2\/pages\/655"}],"wp:attachment":[{"href":"https:\/\/luciano-nardo.com\/fr\/wp-json\/wp\/v2\/media?parent=570"}],"curies":[{"name":"wp","href":"https:\/\/api.w.org\/{rel}","templated":true}]}}