{"id":577,"date":"2021-11-01T21:40:36","date_gmt":"2021-11-01T21:40:36","guid":{"rendered":"https:\/\/luciano-nardo.com\/biographie\/"},"modified":"2025-04-25T12:45:39","modified_gmt":"2025-04-25T11:45:39","slug":"biographie","status":"publish","type":"page","link":"https:\/\/luciano-nardo.com\/fr\/biographie\/","title":{"rendered":"Biographie"},"content":{"rendered":"\n<style type=\"text\/css\" data-created_by=\"avia_inline_auto\" id=\"style-css-av-6mo8e-986db573330c7240356adff6f4f436b8\">\n.avia-section.av-6mo8e-986db573330c7240356adff6f4f436b8{\nbackground-repeat:no-repeat;\nbackground-image:url(https:\/\/i0.wp.com\/luciano-nardo.com\/wp-content\/uploads\/2021\/12\/Luciano-banner2.jpg?fit=1400%2C500&ssl=1);\nbackground-position:50% 50%;\nbackground-attachment:scroll;\n}\n.avia-section.av-6mo8e-986db573330c7240356adff6f4f436b8 .av-section-color-overlay{\nopacity:0.5;\nbackground-color:#000000;\n}\n<\/style>\n<div id='av_section_1'  class='avia-section av-6mo8e-986db573330c7240356adff6f4f436b8 main_color avia-section-default avia-no-border-styling  avia-builder-el-0  el_before_av_section  avia-builder-el-first  avia-full-stretch avia-bg-style-scroll av-section-color-overlay-active  av-minimum-height av-minimum-height-custom  container_wrap fullsize'  data-section-bg-repeat='stretch'><div class='av-section-color-overlay-wrap'><div class=\"av-section-color-overlay\"><\/div><div class='container av-section-cont-open' style='height:350px'><main  role=\"main\" itemprop=\"mainContentOfPage\"  class='template-page content  av-content-full alpha units'><div class='post-entry post-entry-type-page post-entry-577'><div class='entry-content-wrapper clearfix'>\n\n<style type=\"text\/css\" data-created_by=\"avia_inline_auto\" id=\"style-css-av-xsxa-3f28baf5d1e06bf27ddd1b57e4ee1aa9\">\n#top .av-special-heading.av-xsxa-3f28baf5d1e06bf27ddd1b57e4ee1aa9{\npadding-bottom:10px;\ncolor:#ffffff;\n}\n.av-special-heading.av-xsxa-3f28baf5d1e06bf27ddd1b57e4ee1aa9 .special-heading-inner-border{\nborder-color:#ffffff;\n}\n<\/style>\n<div  class='av-special-heading av-xsxa-3f28baf5d1e06bf27ddd1b57e4ee1aa9 av-special-heading-h1 custom-color-heading blockquote modern-quote modern-centered  avia-builder-el-1  avia-builder-el-no-sibling  '><h1 class='av-special-heading-tag '  itemprop=\"headline\"  >Biographie<\/h1><div class='special-heading-border'><div class='special-heading-inner-border'><\/div><\/div><\/div>\n\n<\/div><\/div><\/main><!-- close content main element --><\/div><\/div><\/div><div id='av_section_2'  class='avia-section av-6ibwm-83d4f4f871c8304a664fd41c9d033e6a main_color avia-section-default avia-no-border-styling  avia-builder-el-2  el_after_av_section  el_before_av_section  avia-bg-style-scroll  container_wrap fullsize'  ><div class='container av-section-cont-open' ><div class='template-page content  av-content-full alpha units'><div class='post-entry post-entry-type-page post-entry-577'><div class='entry-content-wrapper clearfix'>\n<div class='flex_column av-5x2s6-368c97d65fc3db38e9d480d6b72ddb1a av_two_third  avia-builder-el-3  el_before_av_one_third  avia-builder-el-first  first flex_column_div '   ><p>\n<style type=\"text\/css\" data-created_by=\"avia_inline_auto\" id=\"style-css-av-kva3odxg-4c9c7bd5ce2dd25eeaf1c9e1795fa442\">\n#top .av-special-heading.av-kva3odxg-4c9c7bd5ce2dd25eeaf1c9e1795fa442{\npadding-bottom:10px;\n}\n.av-special-heading.av-kva3odxg-4c9c7bd5ce2dd25eeaf1c9e1795fa442 .av-subheading{\nfont-size:15px;\n}\n<\/style>\n<div  class='av-special-heading av-kva3odxg-4c9c7bd5ce2dd25eeaf1c9e1795fa442 av-special-heading-h3 blockquote modern-quote  avia-builder-el-4  el_before_av_textblock  avia-builder-el-first  '><h3 class='av-special-heading-tag '  itemprop=\"headline\"  >Professeur Luciano Nardo MD MRCOG<\/h3><div class='av-subheading av-subheading_below '><p>Consultante en Gyn\u00e9cologie, M\u00e9decine de la Reproduction et Infertilit\u00e9<\/p>\n<\/div><div class='special-heading-border'><div class='special-heading-inner-border'><\/div><\/div><\/div><br \/>\n<section class=\"av_textblock_section \"  itemscope=\"itemscope\" itemtype=\"https:\/\/schema.org\/CreativeWork\" ><div class='avia_textblock  '   itemprop=\"text\" ><p class=\"p1\">Le professeur Nardo est certifi\u00e9 en obst\u00e9trique et gyn\u00e9cologie ainsi qu\u2019en m\u00e9decine et chirurgie de la reproduction, et exerce actuellement \u00e0 Londres, au Royaume-Uni, et \u00e0 Duba\u00ef, aux \u00c9mirats arabes unis. Il a obtenu son doctorat en m\u00e9decine \u00e0 l\u2019Universit\u00e9 de Catane et a compl\u00e9t\u00e9 sa formation sp\u00e9cialis\u00e9e en Italie et au Royaume-Uni. Il a obtenu le certificat de sursp\u00e9cialit\u00e9 en m\u00e9decine de la reproduction et en chirurgie laparoscopique du Coll\u00e8ge royal des obst\u00e9triciens et gyn\u00e9cologues (RCOG) en 2006.<span class=\"Apple-converted-space\"> <\/span><\/p>\n<p class=\"p1\">Il a 20 ans de pratique clinique et de sp\u00e9cialisation acad\u00e9mique dans la procr\u00e9ation assist\u00e9e, l\u2019infertilit\u00e9 f\u00e9minine et masculine, l\u2019endocrinologie de la reproduction, les fausses couches et tous les aspects de la gyn\u00e9cologie b\u00e9nigne. Il s\u2019int\u00e9resse particuli\u00e8rement \u00e0 la prise en charge des femmes dont la fonction ovarienne est diminu\u00e9e, les \u00e9checs r\u00e9p\u00e9t\u00e9s d\u2019implantation d\u2019embryons, la pr\u00e9servation de la fertilit\u00e9 et la cong\u00e9lation des ovules et l\u2019infertilit\u00e9 inexpliqu\u00e9e. Le professeur Nardo est un expert en chirurgie hyst\u00e9roscopique et laparoscopique pour la prise en charge des anomalies de la reproduction et des affections gyn\u00e9cologiques, telles que l\u2019endom\u00e9triose, l\u2019ad\u00e9nomyose, les fibromes, les kystes ovariens, les adh\u00e9rences et la maladie des trompes de Fallope.<span class=\"Apple-converted-space\"> <\/span><\/p>\n<p class=\"p1\">Il a \u00e9t\u00e9 nomm\u00e9 consultant en gyn\u00e9cologie et m\u00e9decine de la reproduction au St Mary\u2019s Hospital, CMFT University Hospitals \u00e0 Manchester o\u00f9 il a travaill\u00e9 \u00e0 temps plein jusqu\u2019en 2011. Il a \u00e9t\u00e9 professeur invit\u00e9 \u00e0 la Facult\u00e9 des sciences de l\u2019\u00c9cole des sciences de la sant\u00e9 de l\u2019Universit\u00e9 m\u00e9tropolitaine de Manchester entre 2017 et 2020. Le professeur Nardo a \u00e9t\u00e9 responsable de la HFEA et directeur enregistr\u00e9 CQC d\u2019organisations priv\u00e9es de fertilit\u00e9 et de sant\u00e9 des femmes au Royaume-Uni. Il a \u00e9galement \u00e9t\u00e9 membre du comit\u00e9 ex\u00e9cutif de la British Fertility Society et de l\u2019International Federation of Fertility Societies. Il est un ancien membre du comit\u00e9 de r\u00e9daction de Reproductive Biomedicine Online.<\/p>\n<p class=\"p1\">Le professeur Nardo enseigne au programme de ma\u00eetrise en biologie et biotechnologie de la reproduction \u00e0 l\u2019Universit\u00e9 de Catane depuis 2017 et donne des conf\u00e9rences dans le monde entier sur divers sujets li\u00e9s aux technologies de la procr\u00e9ation assist\u00e9e, \u00e0 l\u2019individualisation des protocoles de stimulation ovarienne, aux tests g\u00e9n\u00e9tiques pr\u00e9implantatoires, \u00e0 la chirurgie de la reproduction et \u00e0 la gyn\u00e9cologie. Il est l\u2019auteur de plus de 110 articles \u00e9valu\u00e9s par des pairs, de 23 chapitres de livres et a donn\u00e9 environ 600 conf\u00e9rences \u00e0 l\u2019\u00e9chelle nationale et internationale. Il est membre du Royal College of Obstetricians and Gynaecologists et membre associ\u00e9 de l\u2019American Society for Reproductive Medicine, de l\u2019European Society of Human Reproduction and Embryology et de la British Fertility Society.<span class=\"Apple-converted-space\"> <\/span><\/p>\n<p class=\"p1\">Il a re\u00e7u diverses nominations tout au long de sa carri\u00e8re professionnelle et est un leader d\u2019opinion reconnu par les organisations de patients, les groupes scientifiques, les institutions universitaires, les soci\u00e9t\u00e9s biotechnologiques et pharmaceutiques, la presse et les agences de presse.  <span class=\"Apple-converted-space\"> <\/span><\/p>\n<p class=\"p1\">Le professeur Nardo est un cadre sup\u00e9rieur avec 15 ans d\u2019exp\u00e9rience en gestion et s\u2019efforce de d\u00e9velopper des services de sant\u00e9 de qualit\u00e9, efficaces, s\u00fbrs, innovants, multidisciplinaires et centr\u00e9s sur le patient.<\/p>\n<\/div><\/section><\/p><\/div><div class='flex_column av-sbuu-6eea95ab8a5c6b1fda8654cc010264d2 av_one_third  avia-builder-el-6  el_after_av_two_third  avia-builder-el-last  flex_column_div '   ><style type=\"text\/css\" data-created_by=\"avia_inline_auto\" id=\"style-css-av-kvansnff-acfc22fc97a1f68d60d31cdfe4f1b450\">\n.avia-image-container.av-kvansnff-acfc22fc97a1f68d60d31cdfe4f1b450 .av-image-caption-overlay-center{\ncolor:#ffffff;\n}\n<\/style>\n<div  class='avia-image-container av-kvansnff-acfc22fc97a1f68d60d31cdfe4f1b450 av-styling- avia-align-center  avia-builder-el-7  avia-builder-el-no-sibling  radius15 '  itemprop=\"image\" itemscope=\"itemscope\" itemtype=\"https:\/\/schema.org\/ImageObject\" ><div class=\"avia-image-container-inner\"><div class=\"avia-image-overlay-wrap\"><img decoding=\"async\" class='wp-image-1368 avia-img-lazy-loading-not-1368 avia_image' src=\"https:\/\/i0.wp.com\/luciano-nardo.com\/wp-content\/uploads\/2021\/12\/Luciano-Nardo2.jpg?fit=720%2C720&ssl=1\" alt='' title='Luciano-Nardo2'  height=\"720\" width=\"720\"  itemprop=\"thumbnailUrl\" srcset=\"https:\/\/i0.wp.com\/luciano-nardo.com\/wp-content\/uploads\/2021\/12\/Luciano-Nardo2.jpg?w=720&amp;ssl=1 720w, https:\/\/i0.wp.com\/luciano-nardo.com\/wp-content\/uploads\/2021\/12\/Luciano-Nardo2.jpg?resize=300%2C300&amp;ssl=1 300w, https:\/\/i0.wp.com\/luciano-nardo.com\/wp-content\/uploads\/2021\/12\/Luciano-Nardo2.jpg?resize=80%2C80&amp;ssl=1 80w, https:\/\/i0.wp.com\/luciano-nardo.com\/wp-content\/uploads\/2021\/12\/Luciano-Nardo2.jpg?resize=36%2C36&amp;ssl=1 36w, https:\/\/i0.wp.com\/luciano-nardo.com\/wp-content\/uploads\/2021\/12\/Luciano-Nardo2.jpg?resize=180%2C180&amp;ssl=1 180w, https:\/\/i0.wp.com\/luciano-nardo.com\/wp-content\/uploads\/2021\/12\/Luciano-Nardo2.jpg?resize=705%2C705&amp;ssl=1 705w\" sizes=\"(max-width: 720px) 100vw, 720px\" \/><\/div><\/div><\/div><\/div><\/div><\/div><\/div><!-- close content main div --><\/div><\/div><div id='av_section_3'  class='avia-section av-wylm-5b68802b0adf533ba4098fe1617695f6 main_color avia-section-default avia-no-border-styling  avia-builder-el-8  el_after_av_section  avia-builder-el-last  avia-bg-style-scroll  container_wrap fullsize'  ><div class='container av-section-cont-open' ><div class='template-page content  av-content-full alpha units'><div class='post-entry post-entry-type-page post-entry-577'><div class='entry-content-wrapper clearfix'>\n\n<\/p>\n","protected":false},"excerpt":{"rendered":"","protected":false},"author":2,"featured_media":0,"parent":0,"menu_order":2,"comment_status":"closed","ping_status":"closed","template":"","meta":{"footnotes":""},"class_list":["post-577","page","type-page","status-publish","hentry"],"yoast_head":"<!-- This site is optimized with the Yoast SEO plugin v27.2 - https:\/\/yoast.com\/product\/yoast-seo-wordpress\/ -->\n<title>Biographie - Luciano Nardo<\/title>\n<meta name=\"robots\" content=\"index, follow, max-snippet:-1, max-image-preview:large, max-video-preview:-1\" \/>\n<link rel=\"canonical\" href=\"https:\/\/luciano-nardo.com\/fr\/biographie\/\" \/>\n<meta property=\"og:locale\" content=\"fr_FR\" \/>\n<meta property=\"og:type\" content=\"article\" \/>\n<meta property=\"og:title\" content=\"Biographie - Luciano Nardo\" \/>\n<meta property=\"og:url\" content=\"https:\/\/luciano-nardo.com\/fr\/biographie\/\" \/>\n<meta property=\"og:site_name\" content=\"Luciano Nardo\" \/>\n<meta property=\"article:modified_time\" content=\"2025-04-25T11:45:39+00:00\" \/>\n<meta name=\"twitter:card\" content=\"summary_large_image\" \/>\n<meta name=\"twitter:label1\" content=\"Dur\u00e9e de lecture estim\u00e9e\" \/>\n\t<meta name=\"twitter:data1\" content=\"11 minutes\" \/>\n<script type=\"application\/ld+json\" class=\"yoast-schema-graph\">{\"@context\":\"https:\/\/schema.org\",\"@graph\":[{\"@type\":\"WebPage\",\"@id\":\"https:\/\/luciano-nardo.com\/fr\/biographie\/\",\"url\":\"https:\/\/luciano-nardo.com\/fr\/biographie\/\",\"name\":\"Biographie - Luciano Nardo\",\"isPartOf\":{\"@id\":\"https:\/\/luciano-nardo.com\/fr\/#website\"},\"datePublished\":\"2021-11-01T21:40:36+00:00\",\"dateModified\":\"2025-04-25T11:45:39+00:00\",\"breadcrumb\":{\"@id\":\"https:\/\/luciano-nardo.com\/fr\/biographie\/#breadcrumb\"},\"inLanguage\":\"fr-FR\",\"potentialAction\":[{\"@type\":\"ReadAction\",\"target\":[\"https:\/\/luciano-nardo.com\/fr\/biographie\/\"]}]},{\"@type\":\"BreadcrumbList\",\"@id\":\"https:\/\/luciano-nardo.com\/fr\/biographie\/#breadcrumb\",\"itemListElement\":[{\"@type\":\"ListItem\",\"position\":1,\"name\":\"Home\",\"item\":\"https:\/\/luciano-nardo.com\/fr\/page-daccueil\/\"},{\"@type\":\"ListItem\",\"position\":2,\"name\":\"Biographie\"}]},{\"@type\":\"WebSite\",\"@id\":\"https:\/\/luciano-nardo.com\/fr\/#website\",\"url\":\"https:\/\/luciano-nardo.com\/fr\/\",\"name\":\"Luciano Nardo\",\"description\":\"Consultant Gynaecologist\",\"potentialAction\":[{\"@type\":\"SearchAction\",\"target\":{\"@type\":\"EntryPoint\",\"urlTemplate\":\"https:\/\/luciano-nardo.com\/fr\/?s={search_term_string}\"},\"query-input\":{\"@type\":\"PropertyValueSpecification\",\"valueRequired\":true,\"valueName\":\"search_term_string\"}}],\"inLanguage\":\"fr-FR\"}]}<\/script>\n<!-- \/ Yoast SEO plugin. -->","yoast_head_json":{"title":"Biographie - Luciano Nardo","robots":{"index":"index","follow":"follow","max-snippet":"max-snippet:-1","max-image-preview":"max-image-preview:large","max-video-preview":"max-video-preview:-1"},"canonical":"https:\/\/luciano-nardo.com\/fr\/biographie\/","og_locale":"fr_FR","og_type":"article","og_title":"Biographie - Luciano Nardo","og_url":"https:\/\/luciano-nardo.com\/fr\/biographie\/","og_site_name":"Luciano Nardo","article_modified_time":"2025-04-25T11:45:39+00:00","twitter_card":"summary_large_image","twitter_misc":{"Dur\u00e9e de lecture estim\u00e9e":"11 minutes"},"schema":{"@context":"https:\/\/schema.org","@graph":[{"@type":"WebPage","@id":"https:\/\/luciano-nardo.com\/fr\/biographie\/","url":"https:\/\/luciano-nardo.com\/fr\/biographie\/","name":"Biographie - Luciano Nardo","isPartOf":{"@id":"https:\/\/luciano-nardo.com\/fr\/#website"},"datePublished":"2021-11-01T21:40:36+00:00","dateModified":"2025-04-25T11:45:39+00:00","breadcrumb":{"@id":"https:\/\/luciano-nardo.com\/fr\/biographie\/#breadcrumb"},"inLanguage":"fr-FR","potentialAction":[{"@type":"ReadAction","target":["https:\/\/luciano-nardo.com\/fr\/biographie\/"]}]},{"@type":"BreadcrumbList","@id":"https:\/\/luciano-nardo.com\/fr\/biographie\/#breadcrumb","itemListElement":[{"@type":"ListItem","position":1,"name":"Home","item":"https:\/\/luciano-nardo.com\/fr\/page-daccueil\/"},{"@type":"ListItem","position":2,"name":"Biographie"}]},{"@type":"WebSite","@id":"https:\/\/luciano-nardo.com\/fr\/#website","url":"https:\/\/luciano-nardo.com\/fr\/","name":"Luciano Nardo","description":"Consultant Gynaecologist","potentialAction":[{"@type":"SearchAction","target":{"@type":"EntryPoint","urlTemplate":"https:\/\/luciano-nardo.com\/fr\/?s={search_term_string}"},"query-input":{"@type":"PropertyValueSpecification","valueRequired":true,"valueName":"search_term_string"}}],"inLanguage":"fr-FR"}]}},"jetpack_sharing_enabled":true,"_links":{"self":[{"href":"https:\/\/luciano-nardo.com\/fr\/wp-json\/wp\/v2\/pages\/577","targetHints":{"allow":["GET"]}}],"collection":[{"href":"https:\/\/luciano-nardo.com\/fr\/wp-json\/wp\/v2\/pages"}],"about":[{"href":"https:\/\/luciano-nardo.com\/fr\/wp-json\/wp\/v2\/types\/page"}],"author":[{"embeddable":true,"href":"https:\/\/luciano-nardo.com\/fr\/wp-json\/wp\/v2\/users\/2"}],"replies":[{"embeddable":true,"href":"https:\/\/luciano-nardo.com\/fr\/wp-json\/wp\/v2\/comments?post=577"}],"version-history":[{"count":30,"href":"https:\/\/luciano-nardo.com\/fr\/wp-json\/wp\/v2\/pages\/577\/revisions"}],"predecessor-version":[{"id":2182,"href":"https:\/\/luciano-nardo.com\/fr\/wp-json\/wp\/v2\/pages\/577\/revisions\/2182"}],"wp:attachment":[{"href":"https:\/\/luciano-nardo.com\/fr\/wp-json\/wp\/v2\/media?parent=577"}],"curies":[{"name":"wp","href":"https:\/\/api.w.org\/{rel}","templated":true}]}}