{"id":662,"date":"2021-11-01T21:40:39","date_gmt":"2021-11-01T21:40:39","guid":{"rendered":"https:\/\/luciano-nardo.com\/pratiques\/gynecologie\/"},"modified":"2022-03-01T13:01:28","modified_gmt":"2022-03-01T13:01:28","slug":"gynecologie","status":"publish","type":"page","link":"https:\/\/luciano-nardo.com\/fr\/pratiques\/gynecologie\/","title":{"rendered":"Gyn\u00e9cologie"},"content":{"rendered":"\n<style type=\"text\/css\" data-created_by=\"avia_inline_auto\" id=\"style-css-av-ea018-74f45adabb65292df3060aad94dc92da\">\n.avia-section.av-ea018-74f45adabb65292df3060aad94dc92da{\nbackground-repeat:no-repeat;\nbackground-image:url(https:\/\/i0.wp.com\/luciano-nardo.com\/wp-content\/uploads\/2021\/11\/Gynaecology-Banner.jpg?fit=1400%2C500&ssl=1);\nbackground-position:50% 50%;\nbackground-attachment:scroll;\n}\n.avia-section.av-ea018-74f45adabb65292df3060aad94dc92da .av-section-color-overlay{\nopacity:0.5;\nbackground-color:#000000;\n}\n<\/style>\n<div id='av_section_1'  class='avia-section av-ea018-74f45adabb65292df3060aad94dc92da main_color avia-section-default avia-no-border-styling  avia-builder-el-0  el_before_av_section  avia-builder-el-first  avia-full-stretch avia-bg-style-scroll av-section-color-overlay-active  av-minimum-height av-minimum-height-custom  container_wrap fullsize'  data-section-bg-repeat='stretch'><div class='av-section-color-overlay-wrap'><div class=\"av-section-color-overlay\"><\/div><div class='container av-section-cont-open' style='height:300px'><main  role=\"main\" itemprop=\"mainContentOfPage\"  class='template-page content  av-content-full alpha units'><div class='post-entry post-entry-type-page post-entry-662'><div class='entry-content-wrapper clearfix'>\n\n<style type=\"text\/css\" data-created_by=\"avia_inline_auto\" id=\"style-css-av-kvgh98s5-864a46b7b1a8a71fb3c772759aee3fc5\">\n#top .av-special-heading.av-kvgh98s5-864a46b7b1a8a71fb3c772759aee3fc5{\npadding-bottom:10px;\ncolor:#ffffff;\n}\n.av-special-heading.av-kvgh98s5-864a46b7b1a8a71fb3c772759aee3fc5 .special-heading-inner-border{\nborder-color:#ffffff;\n}\n<\/style>\n<div  class='av-special-heading av-kvgh98s5-864a46b7b1a8a71fb3c772759aee3fc5 av-special-heading-h1 custom-color-heading blockquote modern-quote modern-centered  avia-builder-el-1  avia-builder-el-no-sibling  '><h1 class='av-special-heading-tag '  itemprop=\"headline\"  >Gyn\u00e9cologie<\/h1><div class='special-heading-border'><div class='special-heading-inner-border'><\/div><\/div><\/div>\n\n<\/div><\/div><\/main><!-- close content main element --><\/div><\/div><\/div>\n<style type=\"text\/css\" data-created_by=\"avia_inline_auto\" id=\"style-css-av-1qn97w-6f66bce6ee61b34bd259a167c5800834\">\n.avia-section.av-1qn97w-6f66bce6ee61b34bd259a167c5800834{\nbackground-color:#f9f9f9;\n}\n<\/style>\n<div id='av_section_2'  class='avia-section av-1qn97w-6f66bce6ee61b34bd259a167c5800834 main_color avia-section-default avia-no-border-styling  avia-builder-el-2  el_after_av_section  el_before_av_section  avia-bg-style-scroll  container_wrap fullsize'  ><div class='container av-section-cont-open' ><div class='template-page content  av-content-full alpha units'><div class='post-entry post-entry-type-page post-entry-662'><div class='entry-content-wrapper clearfix'>\n<div class='flex_column av-1d8mzo-3bdf411226d8b9c624a0213ce1976834 av_one_half  avia-builder-el-3  el_before_av_one_half  avia-builder-el-first  first flex_column_div '   ><section class=\"av_textblock_section \"  itemscope=\"itemscope\" itemtype=\"https:\/\/schema.org\/CreativeWork\" ><div class='avia_textblock  '   itemprop=\"text\" ><p class=\"p1\">La gyn\u00e9cologie est la sp\u00e9cialit\u00e9 qui traite des soins du syst\u00e8me reproducteur f\u00e9minin, qui comprend le vagin, le col de l\u2019ut\u00e9rus, les ovaires et l\u2019ut\u00e9rus. Une s\u00e9rie de changements, de fonctions, de conditions et de maladies affectent les femmes tout au long de leurs \u00e9tapes de la vie et, dans certains cas, une r\u00e9f\u00e9rence au gyn\u00e9cologue consultant est recommand\u00e9e ou n\u00e9cessaire.<span class=\"Apple-converted-space\"> <\/span><\/p>\n<p class=\"p1\">Les probl\u00e8mes gyn\u00e9cologiques peuvent \u00eatre symptomatiques ou asymptomatiques, et vont des probl\u00e8mes du cycle menstruel et des douleurs pelviennes aux kystes ovariens, aux fibromes ut\u00e9rins, aux polypes de l\u2019endom\u00e8tre, aux frottis anormaux et \u00e0 la m\u00e9nopause.<\/p>\n<\/div><\/section><\/div><div class='flex_column av-158j2s-923e252a2257af64988608577668391d av_one_half  avia-builder-el-5  el_after_av_one_half  el_before_av_one_half  flex_column_div '   ><section class=\"av_textblock_section \"  itemscope=\"itemscope\" itemtype=\"https:\/\/schema.org\/CreativeWork\" ><div class='avia_textblock  '   itemprop=\"text\" ><p class=\"p1\">Certaines femmes peuvent choisir d\u2019avoir des contr\u00f4les gyn\u00e9cologiques r\u00e9guliers comme m\u00e9dicament pr\u00e9ventif plut\u00f4t que de voir un gyn\u00e9cologue si elles soup\u00e7onnent un probl\u00e8me. La disponibilit\u00e9 et l\u2019acc\u00e8s facile aux tests de d\u00e9pistage et aux \u00e9chographies du bassin aident \u00e0 rassurer l\u2019esprit pour les femmes qui s\u2019inqui\u00e8tent et pour celles qui ont des ant\u00e9c\u00e9dents familiaux ou pass\u00e9s de probl\u00e8mes gyn\u00e9cologiques.<span class=\"Apple-converted-space\"> <\/span><\/p>\n<p class=\"p1\"><b>En fonction de votre situation personnelle et m\u00e9dicale, je vous conseille des experts, organise des tests, effectue un examen et une \u00e9chographie, ainsi que des recommandations et des op\u00e9rations chirurgicales le cas \u00e9ch\u00e9ant. J\u2019ai une expertise en chirurgie gyn\u00e9cologique ouverte, hyst\u00e9roscopique et laparoscopique (trou de cl\u00e9).<\/b><\/p>\n<\/div><\/section><\/div><div class='flex_column av-pmito-c462110b6638ff2c69981109100cebaa av_one_half  avia-builder-el-7  el_after_av_one_half  el_before_av_one_half  first flex_column_div column-top-margin'   ><section class=\"av_textblock_section \"  itemscope=\"itemscope\" itemtype=\"https:\/\/schema.org\/CreativeWork\" ><div class='avia_textblock  '   itemprop=\"text\" ><h3 style=\"font-size: 18px;\">Je me sp\u00e9cialise dans la prise en charge des affections et sympt\u00f4mes gyn\u00e9cologiques suivants:<\/h3>\n<ul>\n<li>Ad\u00e9nomyose<\/li>\n<li>Adh\u00e9rences<\/li>\n<li>Syndrome d\u2019Asherman<\/li>\n<li>Contraception<\/li>\n<li>Endom\u00e9triose<\/li>\n<li>Fibromes<\/li>\n<li>M\u00e9nopause<\/li>\n<li>Kystes ovariens<\/li>\n<li>Rapports sexuels douloureux<\/li>\n<li>Maladie inflammatoire pelvienne<\/li>\n<li>Probl\u00e8mes de p\u00e9riode<\/li>\n<li>Syndrome des ovaires polykystiques<\/li>\n<li>Maladie des tubaires<\/li>\n<li>Anomalies ut\u00e9rines<\/li>\n<li>Inconfort vaginal<\/li>\n<li>Inconfort vulvaire<\/li>\n<\/ul>\n<\/div><\/section><\/div><div class='flex_column av-hd9fo-831f6efb903a6f90816b2b1208d23bb1 av_one_half  avia-builder-el-9  el_after_av_one_half  avia-builder-el-last  flex_column_div column-top-margin'   ><style type=\"text\/css\" data-created_by=\"avia_inline_auto\" id=\"style-css-av-8hmho-2fd7c9b7a58a67dd3f126f795fa6f65e\">\n.avia-image-container.av-8hmho-2fd7c9b7a58a67dd3f126f795fa6f65e .av-image-caption-overlay-center{\ncolor:#ffffff;\n}\n<\/style>\n<div  class='avia-image-container av-8hmho-2fd7c9b7a58a67dd3f126f795fa6f65e av-styling- avia-align-center  avia-builder-el-10  avia-builder-el-no-sibling  '  itemprop=\"image\" itemscope=\"itemscope\" itemtype=\"https:\/\/schema.org\/ImageObject\" ><div class=\"avia-image-container-inner\"><div class=\"avia-image-overlay-wrap\"><img decoding=\"async\" class='wp-image-468 avia-img-lazy-loading-not-468 avia_image' src=\"https:\/\/i0.wp.com\/luciano-nardo.com\/wp-content\/uploads\/2021\/10\/Gynaecology.jpg?fit=900%2C900&ssl=1\" alt='Gyn\u00e9cologie' title='Gyn\u00e9cologie'  height=\"900\" width=\"900\"  itemprop=\"thumbnailUrl\" srcset=\"https:\/\/i0.wp.com\/luciano-nardo.com\/wp-content\/uploads\/2021\/10\/Gynaecology.jpg?w=900&amp;ssl=1 900w, https:\/\/i0.wp.com\/luciano-nardo.com\/wp-content\/uploads\/2021\/10\/Gynaecology.jpg?resize=300%2C300&amp;ssl=1 300w, https:\/\/i0.wp.com\/luciano-nardo.com\/wp-content\/uploads\/2021\/10\/Gynaecology.jpg?resize=80%2C80&amp;ssl=1 80w, https:\/\/i0.wp.com\/luciano-nardo.com\/wp-content\/uploads\/2021\/10\/Gynaecology.jpg?resize=768%2C768&amp;ssl=1 768w, https:\/\/i0.wp.com\/luciano-nardo.com\/wp-content\/uploads\/2021\/10\/Gynaecology.jpg?resize=36%2C36&amp;ssl=1 36w, https:\/\/i0.wp.com\/luciano-nardo.com\/wp-content\/uploads\/2021\/10\/Gynaecology.jpg?resize=180%2C180&amp;ssl=1 180w, https:\/\/i0.wp.com\/luciano-nardo.com\/wp-content\/uploads\/2021\/10\/Gynaecology.jpg?resize=705%2C705&amp;ssl=1 705w\" sizes=\"(max-width: 900px) 100vw, 900px\" \/><\/div><\/div><\/div><\/div>\n\n<\/div><\/div><\/div><!-- close content main div --><\/div><\/div><div id='av_section_3'  class='avia-section av-kvgh8zyf-b58e4507565f269e7d11afa10b826974 main_color avia-section-default avia-shadow  avia-builder-el-11  el_after_av_section  avia-builder-el-last  avia-bg-style-scroll  container_wrap fullsize'  ><div class='container av-section-cont-open' ><div class='template-page content  av-content-full alpha units'><div class='post-entry post-entry-type-page post-entry-662'><div class='entry-content-wrapper clearfix'>\n\n\n","protected":false},"excerpt":{"rendered":"","protected":false},"author":1,"featured_media":0,"parent":655,"menu_order":0,"comment_status":"closed","ping_status":"closed","template":"","meta":{"footnotes":""},"class_list":["post-662","page","type-page","status-publish","hentry"],"yoast_head":"<!-- This site is optimized with the Yoast SEO plugin v27.2 - https:\/\/yoast.com\/product\/yoast-seo-wordpress\/ -->\n<title>Gyn\u00e9cologue priv\u00e9 | | de Londres Uk - Luciano Nardo<\/title>\n<meta name=\"robots\" content=\"index, follow, max-snippet:-1, max-image-preview:large, max-video-preview:-1\" \/>\n<link rel=\"canonical\" href=\"https:\/\/luciano-nardo.com\/fr\/pratiques\/gynecologie\/\" \/>\n<meta property=\"og:locale\" content=\"fr_FR\" \/>\n<meta property=\"og:type\" content=\"article\" \/>\n<meta property=\"og:title\" content=\"Gyn\u00e9cologue priv\u00e9 | | de Londres Uk - Luciano Nardo\" \/>\n<meta property=\"og:url\" content=\"https:\/\/luciano-nardo.com\/fr\/pratiques\/gynecologie\/\" \/>\n<meta property=\"og:site_name\" content=\"Luciano Nardo\" \/>\n<meta property=\"article:modified_time\" content=\"2022-03-01T13:01:28+00:00\" \/>\n<meta name=\"twitter:card\" content=\"summary_large_image\" \/>\n<meta name=\"twitter:label1\" content=\"Dur\u00e9e de lecture estim\u00e9e\" \/>\n\t<meta name=\"twitter:data1\" content=\"11 minutes\" \/>\n<script type=\"application\/ld+json\" class=\"yoast-schema-graph\">{\"@context\":\"https:\/\/schema.org\",\"@graph\":[{\"@type\":\"WebPage\",\"@id\":\"https:\/\/luciano-nardo.com\/fr\/pratiques\/gynecologie\/\",\"url\":\"https:\/\/luciano-nardo.com\/fr\/pratiques\/gynecologie\/\",\"name\":\"Gyn\u00e9cologue priv\u00e9 | | de Londres Uk - Luciano Nardo\",\"isPartOf\":{\"@id\":\"https:\/\/luciano-nardo.com\/fr\/#website\"},\"datePublished\":\"2021-11-01T21:40:39+00:00\",\"dateModified\":\"2022-03-01T13:01:28+00:00\",\"breadcrumb\":{\"@id\":\"https:\/\/luciano-nardo.com\/fr\/pratiques\/gynecologie\/#breadcrumb\"},\"inLanguage\":\"fr-FR\",\"potentialAction\":[{\"@type\":\"ReadAction\",\"target\":[\"https:\/\/luciano-nardo.com\/fr\/pratiques\/gynecologie\/\"]}]},{\"@type\":\"BreadcrumbList\",\"@id\":\"https:\/\/luciano-nardo.com\/fr\/pratiques\/gynecologie\/#breadcrumb\",\"itemListElement\":[{\"@type\":\"ListItem\",\"position\":1,\"name\":\"Home\",\"item\":\"https:\/\/luciano-nardo.com\/fr\/page-daccueil\/\"},{\"@type\":\"ListItem\",\"position\":2,\"name\":\"Pratiques\",\"item\":\"https:\/\/luciano-nardo.com\/fr\/pratiques\/\"},{\"@type\":\"ListItem\",\"position\":3,\"name\":\"Gyn\u00e9cologie\"}]},{\"@type\":\"WebSite\",\"@id\":\"https:\/\/luciano-nardo.com\/fr\/#website\",\"url\":\"https:\/\/luciano-nardo.com\/fr\/\",\"name\":\"Luciano Nardo\",\"description\":\"Consultant Gynaecologist\",\"potentialAction\":[{\"@type\":\"SearchAction\",\"target\":{\"@type\":\"EntryPoint\",\"urlTemplate\":\"https:\/\/luciano-nardo.com\/fr\/?s={search_term_string}\"},\"query-input\":{\"@type\":\"PropertyValueSpecification\",\"valueRequired\":true,\"valueName\":\"search_term_string\"}}],\"inLanguage\":\"fr-FR\"}]}<\/script>\n<!-- \/ Yoast SEO plugin. -->","yoast_head_json":{"title":"Gyn\u00e9cologue priv\u00e9 | | de Londres Uk - Luciano Nardo","robots":{"index":"index","follow":"follow","max-snippet":"max-snippet:-1","max-image-preview":"max-image-preview:large","max-video-preview":"max-video-preview:-1"},"canonical":"https:\/\/luciano-nardo.com\/fr\/pratiques\/gynecologie\/","og_locale":"fr_FR","og_type":"article","og_title":"Gyn\u00e9cologue priv\u00e9 | | de Londres Uk - Luciano Nardo","og_url":"https:\/\/luciano-nardo.com\/fr\/pratiques\/gynecologie\/","og_site_name":"Luciano Nardo","article_modified_time":"2022-03-01T13:01:28+00:00","twitter_card":"summary_large_image","twitter_misc":{"Dur\u00e9e de lecture estim\u00e9e":"11 minutes"},"schema":{"@context":"https:\/\/schema.org","@graph":[{"@type":"WebPage","@id":"https:\/\/luciano-nardo.com\/fr\/pratiques\/gynecologie\/","url":"https:\/\/luciano-nardo.com\/fr\/pratiques\/gynecologie\/","name":"Gyn\u00e9cologue priv\u00e9 | | de Londres Uk - Luciano Nardo","isPartOf":{"@id":"https:\/\/luciano-nardo.com\/fr\/#website"},"datePublished":"2021-11-01T21:40:39+00:00","dateModified":"2022-03-01T13:01:28+00:00","breadcrumb":{"@id":"https:\/\/luciano-nardo.com\/fr\/pratiques\/gynecologie\/#breadcrumb"},"inLanguage":"fr-FR","potentialAction":[{"@type":"ReadAction","target":["https:\/\/luciano-nardo.com\/fr\/pratiques\/gynecologie\/"]}]},{"@type":"BreadcrumbList","@id":"https:\/\/luciano-nardo.com\/fr\/pratiques\/gynecologie\/#breadcrumb","itemListElement":[{"@type":"ListItem","position":1,"name":"Home","item":"https:\/\/luciano-nardo.com\/fr\/page-daccueil\/"},{"@type":"ListItem","position":2,"name":"Pratiques","item":"https:\/\/luciano-nardo.com\/fr\/pratiques\/"},{"@type":"ListItem","position":3,"name":"Gyn\u00e9cologie"}]},{"@type":"WebSite","@id":"https:\/\/luciano-nardo.com\/fr\/#website","url":"https:\/\/luciano-nardo.com\/fr\/","name":"Luciano Nardo","description":"Consultant Gynaecologist","potentialAction":[{"@type":"SearchAction","target":{"@type":"EntryPoint","urlTemplate":"https:\/\/luciano-nardo.com\/fr\/?s={search_term_string}"},"query-input":{"@type":"PropertyValueSpecification","valueRequired":true,"valueName":"search_term_string"}}],"inLanguage":"fr-FR"}]}},"jetpack_sharing_enabled":true,"_links":{"self":[{"href":"https:\/\/luciano-nardo.com\/fr\/wp-json\/wp\/v2\/pages\/662","targetHints":{"allow":["GET"]}}],"collection":[{"href":"https:\/\/luciano-nardo.com\/fr\/wp-json\/wp\/v2\/pages"}],"about":[{"href":"https:\/\/luciano-nardo.com\/fr\/wp-json\/wp\/v2\/types\/page"}],"author":[{"embeddable":true,"href":"https:\/\/luciano-nardo.com\/fr\/wp-json\/wp\/v2\/users\/1"}],"replies":[{"embeddable":true,"href":"https:\/\/luciano-nardo.com\/fr\/wp-json\/wp\/v2\/comments?post=662"}],"version-history":[{"count":5,"href":"https:\/\/luciano-nardo.com\/fr\/wp-json\/wp\/v2\/pages\/662\/revisions"}],"predecessor-version":[{"id":1746,"href":"https:\/\/luciano-nardo.com\/fr\/wp-json\/wp\/v2\/pages\/662\/revisions\/1746"}],"up":[{"embeddable":true,"href":"https:\/\/luciano-nardo.com\/fr\/wp-json\/wp\/v2\/pages\/655"}],"wp:attachment":[{"href":"https:\/\/luciano-nardo.com\/fr\/wp-json\/wp\/v2\/media?parent=662"}],"curies":[{"name":"wp","href":"https:\/\/api.w.org\/{rel}","templated":true}]}}