{"id":706,"date":"2021-11-01T21:40:41","date_gmt":"2021-11-01T21:40:41","guid":{"rendered":"https:\/\/luciano-nardo.com\/page-daccueil\/"},"modified":"2025-08-19T12:24:50","modified_gmt":"2025-08-19T11:24:50","slug":"page-daccueil","status":"publish","type":"page","link":"https:\/\/luciano-nardo.com\/fr\/","title":{"rendered":"Page d\u2019accueil"},"content":{"rendered":"<div id='full_slider_1'  class='avia-fullwidth-slider main_color avia-shadow   avia-builder-el-0  el_before_av_section  avia-builder-el-first   container_wrap fullsize'  ><div   data-size='featured'  data-lightbox_size='large'  data-animation='fade'  data-conditional_play=''  data-ids='1326,174,176'  data-video_counter='0'  data-autoplay='true'  data-bg_slider='false'  data-slide_height=''  data-handle='av_slideshow_full'  data-interval='5'  data-class=' '  data-el_id=''  data-css_id=''  data-scroll_down=''  data-control_layout='av-control-hidden'  data-custom_markup=''  data-perma_caption='aviaTBperma_caption'  data-autoplay_stopper=''  data-image_attachment=''  data-min_height='400px'  data-lazy_loading='disabled'  data-src=''  data-position='top left'  data-repeat='no-repeat'  data-attach='scroll'  data-stretch=''  data-img_scrset=''  data-default-height='28.666666666667'  class='avia-slideshow avia-slideshow-1  av-control-hidden av-default-height-applied avia-slideshow-featured av_slideshow_full   avia-fade-slider '  itemprop=\"image\" itemscope=\"itemscope\" itemtype=\"https:\/\/schema.org\/ImageObject\" ><ul class='avia-slideshow-inner ' style='padding-bottom: 30.714285714286%;' ><li  class=' slide-1 ' ><div data-rel='slideshow-1' class='avia-slide-wrap '   ><img decoding=\"async\" class=\"wp-image-1327 avia-img-lazy-loading-not-1327\"  src=\"https:\/\/i0.wp.com\/luciano-nardo.com\/wp-content\/uploads\/2021\/12\/Luciano-banner.jpg?resize=1400%2C430&ssl=1\" width=\"1400\" height=\"430\" title='Luciano-banner' alt=''  itemprop=\"thumbnailUrl\"  style='min-height:400px; min-width:1303px; ' \/><div class='av-section-color-overlay' style='opacity: 0.2; background-color: #000000; '><\/div><\/div><\/li><li  class=' slide-2 ' ><div data-rel='slideshow-1' class='avia-slide-wrap '   ><img decoding=\"async\" class=\"wp-image-438 avia-img-lazy-loading-not-438\"  src=\"https:\/\/i0.wp.com\/luciano-nardo.com\/wp-content\/uploads\/2021\/10\/Early-Pregnancy2.jpg?resize=1400%2C430&ssl=1\" width=\"1400\" height=\"430\" title='Grossesse pr\u00e9coce' alt='Grossesse pr\u00e9coce'  itemprop=\"thumbnailUrl\"  style='min-height:400px; min-width:1303px; ' \/><\/div><\/li><li  class=' slide-3 ' ><div data-rel='slideshow-1' class='avia-slide-wrap '   ><img decoding=\"async\" class=\"wp-image-444 avia-img-lazy-loading-not-444\"  src=\"https:\/\/i0.wp.com\/luciano-nardo.com\/wp-content\/uploads\/2021\/10\/Fertility-banner2.jpg?resize=1400%2C430&ssl=1\" width=\"1400\" height=\"430\" title='Banni\u00e8re de fertilit\u00e92' alt=''  itemprop=\"thumbnailUrl\"  style='min-height:400px; min-width:1303px; ' \/><\/div><\/li><\/ul><div class='avia-slideshow-arrows avia-slideshow-controls' ><a href='#prev' class='prev-slide ' aria-hidden='true' data-av_icon='\ue87c' data-av_iconfont='entypo-fontello'  tabindex='-1'>Pr\u00e9c\u00e9dent<\/a><a href='#next' class='next-slide ' aria-hidden='true' data-av_icon='\ue87d' data-av_iconfont='entypo-fontello'  tabindex='-1'>Suivant<\/a><\/div><div class='avia-slideshow-dots avia-slideshow-controls'><a href='#1' class='goto-slide active' >1<\/a><a href='#2' class='goto-slide ' >2<\/a><a href='#3' class='goto-slide ' >3<\/a><\/div><div class = \"caption_fullwidth av-slideshow-caption caption_left\"><div class = \"container caption_container\"><div class = \"slideshow_caption\"><div class = \"slideshow_inner_caption\"><div class = \"slideshow_align_caption\"><h2  style='font-size:40px; ' class='avia-caption-title   av-medium-font-size-overwrite av-medium-font-size-30 av-small-font-size-overwrite av-small-font-size-26 av-mini-font-size-overwrite av-mini-font-size-26'  itemprop=\"name\" >Professeur Luciano Nardo MD MRCOG<\/h2><div class='avia-caption-content  av-medium-font-size-overwrite av-medium-font-size-22 av-small-font-size-overwrite av-small-font-size-22 av-mini-font-size-overwrite av-mini-font-size-20 av_inherit_color'  itemprop=\"description\"   style='font-size:22px; '><p>Consultante en Gyn\u00e9cologie, M\u00e9decine de la Reproduction et Infertilit\u00e9<\/p>\n<\/div><\/div><\/div><\/div><\/div><\/div><\/div><\/div>\n<div id='av_section_1'  class='avia-section av-3i4dn-3af1bacd1dd5bf9520be607d0aca457c main_color avia-section-default avia-shadow  avia-builder-el-1  el_after_av_slideshow_full  el_before_av_section  avia-bg-style-scroll  container_wrap fullsize'  ><div class='container av-section-cont-open' ><div class='template-page content  av-content-full alpha units'><div class='post-entry post-entry-type-page post-entry-706'><div class='entry-content-wrapper clearfix'>\n<div class='flex_column av-2jb27-06945de00c7714f05b35f665751e234c av_one_full  avia-builder-el-2  el_before_av_hr  avia-builder-el-first  max800 first flex_column_div '   ><p>\n<style type=\"text\/css\" data-created_by=\"avia_inline_auto\" id=\"style-css-av-kv86n7st-f74ec5e5f90dbe10106cb87399f9af36\">\n#top .av-special-heading.av-kv86n7st-f74ec5e5f90dbe10106cb87399f9af36{\npadding-bottom:0px;\ncolor:#c04015;\nfont-size:26px;\n}\n.av-special-heading.av-kv86n7st-f74ec5e5f90dbe10106cb87399f9af36 .special-heading-inner-border{\nborder-color:#c04015;\n}\n<\/style>\n<div  class='av-special-heading av-kv86n7st-f74ec5e5f90dbe10106cb87399f9af36 av-special-heading-h2 custom-color-heading blockquote modern-quote modern-centered  avia-builder-el-3  el_before_av_hr  avia-builder-el-first  av-inherit-size '><h2 class='av-special-heading-tag '  itemprop=\"headline\"  >L\u2019un des principaux sp\u00e9cialistes de la gyn\u00e9cologie et de la fertilit\u00e9 en Europe et aux \u00c9mirats arabes unis<\/h2><div class='special-heading-border'><div class='special-heading-inner-border'><\/div><\/div><\/div><br \/>\n\n<style type=\"text\/css\" data-created_by=\"avia_inline_auto\" id=\"style-css-av-kv86oh6w-d9245c0b3915e8811117e54630dcbeeb\">\n#top .hr.av-kv86oh6w-d9245c0b3915e8811117e54630dcbeeb{\nmargin-top:30px;\nmargin-bottom:30px;\n}\n.hr.av-kv86oh6w-d9245c0b3915e8811117e54630dcbeeb .hr-inner{\nwidth:50px;\nborder-color:#707070;\n}\n<\/style>\n<div  class='hr av-kv86oh6w-d9245c0b3915e8811117e54630dcbeeb hr-custom  avia-builder-el-4  el_after_av_heading  el_before_av_textblock  hr-center hr-icon-no '><span class='hr-inner inner-border-av-border-fat'><span class=\"hr-inner-style\"><\/span><\/span><\/div><br \/>\n<section class=\"av_textblock_section \"  itemscope=\"itemscope\" itemtype=\"https:\/\/schema.org\/CreativeWork\" ><div class='avia_textblock  av_inherit_color '  style='color:#707070; '  itemprop=\"text\" ><p style=\"text-align: center;\">\u00ab<i class=\"\">Je suis vraiment enthousiaste et passionn\u00e9 par la prestation des soins les plus personnels, solidaires, centr\u00e9s sur le patient, ax\u00e9s sur les r\u00e9sultats et \u00e0 la pointe de la technologie<\/i>\u00bb<\/p>\n<\/div><\/section><\/p><\/div>\n<style type=\"text\/css\" data-created_by=\"avia_inline_auto\" id=\"style-css-av-uto3-9d5d40ef23e9d91ca509fef786a96dfb\">\n#top .hr.hr-invisible.av-uto3-9d5d40ef23e9d91ca509fef786a96dfb{\nheight:50px;\n}\n<\/style>\n<div  class='hr av-uto3-9d5d40ef23e9d91ca509fef786a96dfb hr-invisible  avia-builder-el-6  el_after_av_one_full  el_before_av_one_third  '><span class='hr-inner '><span class=\"hr-inner-style\"><\/span><\/span><\/div>\n<div class='flex_column av-6o5b-170b609a9acd111c4939362093479cc5 av_one_third  avia-builder-el-7  el_after_av_hr  el_before_av_one_third  first no_margin flex_column_div '   ><style type=\"text\/css\" data-created_by=\"avia_inline_auto\" id=\"style-css-av-kv86pze5-3a39c44ccef64e56851d8406318e1b69\">\n.avia-image-container.av-kv86pze5-3a39c44ccef64e56851d8406318e1b69 .av-image-caption-overlay-center{\ncolor:#ffffff;\n}\n<\/style>\n<div  class='avia-image-container av-kv86pze5-3a39c44ccef64e56851d8406318e1b69 av-styling- avia_animated_image avia_animate_when_almost_visible pop-up avia-align-center  avia-builder-el-8  avia-builder-el-no-sibling  '  itemprop=\"image\" itemscope=\"itemscope\" itemtype=\"https:\/\/schema.org\/ImageObject\" ><div class=\"avia-image-container-inner\"><div class=\"avia-image-overlay-wrap\"><a href=\"https:\/\/luciano-nardo.com\/fr\/biographie\/\" class='avia_image' ><img decoding=\"async\" width=\"946\" height=\"644\" class='wp-image-1308 avia-img-lazy-loading-not-1308 avia_image' src=\"https:\/\/i0.wp.com\/luciano-nardo.com\/wp-content\/uploads\/2021\/12\/About-Luciano-FR.jpg?fit=946%2C644&ssl=1\" alt='About Luciano Nardo' title='About Luciano Nardo'  itemprop=\"thumbnailUrl\" srcset=\"https:\/\/i0.wp.com\/luciano-nardo.com\/wp-content\/uploads\/2021\/12\/About-Luciano-FR.jpg?w=946&amp;ssl=1 946w, https:\/\/i0.wp.com\/luciano-nardo.com\/wp-content\/uploads\/2021\/12\/About-Luciano-FR.jpg?resize=300%2C204&amp;ssl=1 300w, https:\/\/i0.wp.com\/luciano-nardo.com\/wp-content\/uploads\/2021\/12\/About-Luciano-FR.jpg?resize=768%2C523&amp;ssl=1 768w, https:\/\/i0.wp.com\/luciano-nardo.com\/wp-content\/uploads\/2021\/12\/About-Luciano-FR.jpg?resize=705%2C480&amp;ssl=1 705w\" sizes=\"(max-width: 946px) 100vw, 946px\" \/><\/a><\/div><\/div><\/div><\/div><div class='flex_column av-1fnfr-5ba0daf3bf05033065ad8ac65e0839cd av_one_third  avia-builder-el-9  el_after_av_one_third  el_before_av_one_third  no_margin flex_column_div '   ><style type=\"text\/css\" data-created_by=\"avia_inline_auto\" id=\"style-css-av-kv86qewd-f7a1e5a366cc2a188baf12132d37cd50\">\n.avia-image-container.av-kv86qewd-f7a1e5a366cc2a188baf12132d37cd50 .av-image-caption-overlay-center{\ncolor:#ffffff;\n}\n<\/style>\n<div  class='avia-image-container av-kv86qewd-f7a1e5a366cc2a188baf12132d37cd50 av-styling- avia_animated_image avia_animate_when_almost_visible pop-up avia-align-center  avia-builder-el-10  avia-builder-el-no-sibling  '  itemprop=\"image\" itemscope=\"itemscope\" itemtype=\"https:\/\/schema.org\/ImageObject\" ><div class=\"avia-image-container-inner\"><div class=\"avia-image-overlay-wrap\"><a href=\"https:\/\/luciano-nardo.com\/fr\/pratiques\/\" class='avia_image' ><img decoding=\"async\" width=\"946\" height=\"644\" class='wp-image-522 avia-img-lazy-loading-not-522 avia_image' src=\"https:\/\/i0.wp.com\/luciano-nardo.com\/wp-content\/uploads\/2021\/11\/My-Services-FR.jpg?fit=946%2C644&ssl=1\" alt='Mes pratiques' title='Mes pratiques'  itemprop=\"thumbnailUrl\" srcset=\"https:\/\/i0.wp.com\/luciano-nardo.com\/wp-content\/uploads\/2021\/11\/My-Services-FR.jpg?w=946&amp;ssl=1 946w, https:\/\/i0.wp.com\/luciano-nardo.com\/wp-content\/uploads\/2021\/11\/My-Services-FR.jpg?resize=300%2C204&amp;ssl=1 300w, https:\/\/i0.wp.com\/luciano-nardo.com\/wp-content\/uploads\/2021\/11\/My-Services-FR.jpg?resize=768%2C523&amp;ssl=1 768w, https:\/\/i0.wp.com\/luciano-nardo.com\/wp-content\/uploads\/2021\/11\/My-Services-FR.jpg?resize=705%2C480&amp;ssl=1 705w\" sizes=\"(max-width: 946px) 100vw, 946px\" \/><\/a><\/div><\/div><\/div><\/div><div class='flex_column av-10elf-9f5786c8009cc5447aa77e173c00f1fa av_one_third  avia-builder-el-11  el_after_av_one_third  el_before_av_hr  no_margin flex_column_div '   ><style type=\"text\/css\" data-created_by=\"avia_inline_auto\" id=\"style-css-av-kv86ql78-33de1cdff1fc4fc636ae1611a794e360\">\n.avia-image-container.av-kv86ql78-33de1cdff1fc4fc636ae1611a794e360 .av-image-caption-overlay-center{\ncolor:#ffffff;\n}\n<\/style>\n<div  class='avia-image-container av-kv86ql78-33de1cdff1fc4fc636ae1611a794e360 av-styling- avia_animated_image avia_animate_when_almost_visible pop-up avia-align-center  avia-builder-el-12  avia-builder-el-no-sibling  '  itemprop=\"image\" itemscope=\"itemscope\" itemtype=\"https:\/\/schema.org\/ImageObject\" ><div class=\"avia-image-container-inner\"><div class=\"avia-image-overlay-wrap\"><a href=\"https:\/\/luciano-nardo.com\/fr\/lieux\/\" class='avia_image' ><img decoding=\"async\" width=\"946\" height=\"644\" class='wp-image-402 avia-img-lazy-loading-not-402 avia_image' src=\"https:\/\/i0.wp.com\/luciano-nardo.com\/wp-content\/uploads\/2021\/11\/My-Locations-FR.jpg?fit=946%2C644&ssl=1\" alt='' title='Mes-Emplacements'  itemprop=\"thumbnailUrl\" srcset=\"https:\/\/i0.wp.com\/luciano-nardo.com\/wp-content\/uploads\/2021\/11\/My-Locations-FR.jpg?w=946&amp;ssl=1 946w, https:\/\/i0.wp.com\/luciano-nardo.com\/wp-content\/uploads\/2021\/11\/My-Locations-FR.jpg?resize=300%2C204&amp;ssl=1 300w, https:\/\/i0.wp.com\/luciano-nardo.com\/wp-content\/uploads\/2021\/11\/My-Locations-FR.jpg?resize=768%2C523&amp;ssl=1 768w, https:\/\/i0.wp.com\/luciano-nardo.com\/wp-content\/uploads\/2021\/11\/My-Locations-FR.jpg?resize=705%2C480&amp;ssl=1 705w\" sizes=\"(max-width: 946px) 100vw, 946px\" \/><\/a><\/div><\/div><\/div><\/div>\n<style type=\"text\/css\" data-created_by=\"avia_inline_auto\" id=\"style-css-av-kv8jidsu-580a7a41cb5cce2541628993552f79da\">\n#top .hr.hr-invisible.av-kv8jidsu-580a7a41cb5cce2541628993552f79da{\nheight:50px;\n}\n<\/style>\n<div  class='hr av-kv8jidsu-580a7a41cb5cce2541628993552f79da hr-invisible  avia-builder-el-13  el_after_av_one_third  avia-builder-el-last  '><span class='hr-inner '><span class=\"hr-inner-style\"><\/span><\/span><\/div>\n\n<\/div><\/div><\/div><!-- close content main div --><\/div><\/div><div id='av_section_2'  class='avia-section av-kv9wgf3s-3f8130a78237ef34d30c6376e64e87b1 main_color avia-section-default avia-shadow  avia-builder-el-14  el_after_av_section  avia-builder-el-last  avia-bg-style-scroll  container_wrap fullsize'  ><div class='container av-section-cont-open' ><div class='template-page content  av-content-full alpha units'><div class='post-entry post-entry-type-page post-entry-706'><div class='entry-content-wrapper clearfix'>\n\n\n","protected":false},"excerpt":{"rendered":"","protected":false},"author":2,"featured_media":0,"parent":0,"menu_order":1,"comment_status":"closed","ping_status":"closed","template":"","meta":{"footnotes":""},"class_list":["post-706","page","type-page","status-publish","hentry"],"yoast_head":"<!-- This site is optimized with the Yoast SEO plugin v27.2 - https:\/\/yoast.com\/product\/yoast-seo-wordpress\/ -->\n<title>Luciano Nardo - Consultant en Gyn\u00e9cologie, M\u00e9decine de la Reproduction et Infertilit\u00e9 | Londres et Duba\u00ef<\/title>\n<meta name=\"description\" content=\"Je suis vraiment enthousiaste et passionn\u00e9e par la prestation de soins personnels, solidaires, centr\u00e9s sur le patient, ax\u00e9s sur les r\u00e9sultats et \u00e0 la fine pointe de la technologie.\" \/>\n<meta name=\"robots\" content=\"index, follow, max-snippet:-1, max-image-preview:large, max-video-preview:-1\" \/>\n<link rel=\"canonical\" href=\"https:\/\/luciano-nardo.com\/fr\/\" \/>\n<meta property=\"og:locale\" content=\"fr_FR\" \/>\n<meta property=\"og:type\" content=\"article\" \/>\n<meta property=\"og:title\" content=\"Luciano Nardo - Consultant en Gyn\u00e9cologie, M\u00e9decine de la Reproduction et Infertilit\u00e9 | Londres et Duba\u00ef\" \/>\n<meta property=\"og:description\" content=\"Je suis vraiment enthousiaste et passionn\u00e9e par la prestation de soins personnels, solidaires, centr\u00e9s sur le patient, ax\u00e9s sur les r\u00e9sultats et \u00e0 la fine pointe de la technologie.\" \/>\n<meta property=\"og:url\" content=\"https:\/\/luciano-nardo.com\/fr\/\" \/>\n<meta property=\"og:site_name\" content=\"Luciano Nardo\" \/>\n<meta property=\"article:modified_time\" content=\"2025-08-19T11:24:50+00:00\" \/>\n<meta name=\"twitter:card\" content=\"summary_large_image\" \/>\n<meta name=\"twitter:label1\" content=\"Dur\u00e9e de lecture estim\u00e9e\" \/>\n\t<meta name=\"twitter:data1\" content=\"13 minutes\" \/>\n<script type=\"application\/ld+json\" class=\"yoast-schema-graph\">{\"@context\":\"https:\/\/schema.org\",\"@graph\":[{\"@type\":\"WebPage\",\"@id\":\"https:\/\/luciano-nardo.com\/fr\/\",\"url\":\"https:\/\/luciano-nardo.com\/fr\/\",\"name\":\"Luciano Nardo - Consultant en Gyn\u00e9cologie, M\u00e9decine de la Reproduction et Infertilit\u00e9 | Londres et Duba\u00ef\",\"isPartOf\":{\"@id\":\"https:\/\/luciano-nardo.com\/fr\/#website\"},\"datePublished\":\"2021-11-01T21:40:41+00:00\",\"dateModified\":\"2025-08-19T11:24:50+00:00\",\"description\":\"Je suis vraiment enthousiaste et passionn\u00e9e par la prestation de soins personnels, solidaires, centr\u00e9s sur le patient, ax\u00e9s sur les r\u00e9sultats et \u00e0 la fine pointe de la technologie.\",\"breadcrumb\":{\"@id\":\"https:\/\/luciano-nardo.com\/fr\/#breadcrumb\"},\"inLanguage\":\"fr-FR\",\"potentialAction\":[{\"@type\":\"ReadAction\",\"target\":[\"https:\/\/luciano-nardo.com\/fr\/\"]}]},{\"@type\":\"BreadcrumbList\",\"@id\":\"https:\/\/luciano-nardo.com\/fr\/#breadcrumb\",\"itemListElement\":[{\"@type\":\"ListItem\",\"position\":1,\"name\":\"Home\",\"item\":\"https:\/\/luciano-nardo.com\/fr\/page-daccueil\/\"},{\"@type\":\"ListItem\",\"position\":2,\"name\":\"Page d\u2019accueil\"}]},{\"@type\":\"WebSite\",\"@id\":\"https:\/\/luciano-nardo.com\/fr\/#website\",\"url\":\"https:\/\/luciano-nardo.com\/fr\/\",\"name\":\"Luciano Nardo\",\"description\":\"Consultant Gynaecologist\",\"potentialAction\":[{\"@type\":\"SearchAction\",\"target\":{\"@type\":\"EntryPoint\",\"urlTemplate\":\"https:\/\/luciano-nardo.com\/fr\/?s={search_term_string}\"},\"query-input\":{\"@type\":\"PropertyValueSpecification\",\"valueRequired\":true,\"valueName\":\"search_term_string\"}}],\"inLanguage\":\"fr-FR\"}]}<\/script>\n<!-- \/ Yoast SEO plugin. -->","yoast_head_json":{"title":"Luciano Nardo - Consultant en Gyn\u00e9cologie, M\u00e9decine de la Reproduction et Infertilit\u00e9 | Londres et Duba\u00ef","description":"Je suis vraiment enthousiaste et passionn\u00e9e par la prestation de soins personnels, solidaires, centr\u00e9s sur le patient, ax\u00e9s sur les r\u00e9sultats et \u00e0 la fine pointe de la technologie.","robots":{"index":"index","follow":"follow","max-snippet":"max-snippet:-1","max-image-preview":"max-image-preview:large","max-video-preview":"max-video-preview:-1"},"canonical":"https:\/\/luciano-nardo.com\/fr\/","og_locale":"fr_FR","og_type":"article","og_title":"Luciano Nardo - Consultant en Gyn\u00e9cologie, M\u00e9decine de la Reproduction et Infertilit\u00e9 | Londres et Duba\u00ef","og_description":"Je suis vraiment enthousiaste et passionn\u00e9e par la prestation de soins personnels, solidaires, centr\u00e9s sur le patient, ax\u00e9s sur les r\u00e9sultats et \u00e0 la fine pointe de la technologie.","og_url":"https:\/\/luciano-nardo.com\/fr\/","og_site_name":"Luciano Nardo","article_modified_time":"2025-08-19T11:24:50+00:00","twitter_card":"summary_large_image","twitter_misc":{"Dur\u00e9e de lecture estim\u00e9e":"13 minutes"},"schema":{"@context":"https:\/\/schema.org","@graph":[{"@type":"WebPage","@id":"https:\/\/luciano-nardo.com\/fr\/","url":"https:\/\/luciano-nardo.com\/fr\/","name":"Luciano Nardo - Consultant en Gyn\u00e9cologie, M\u00e9decine de la Reproduction et Infertilit\u00e9 | Londres et Duba\u00ef","isPartOf":{"@id":"https:\/\/luciano-nardo.com\/fr\/#website"},"datePublished":"2021-11-01T21:40:41+00:00","dateModified":"2025-08-19T11:24:50+00:00","description":"Je suis vraiment enthousiaste et passionn\u00e9e par la prestation de soins personnels, solidaires, centr\u00e9s sur le patient, ax\u00e9s sur les r\u00e9sultats et \u00e0 la fine pointe de la technologie.","breadcrumb":{"@id":"https:\/\/luciano-nardo.com\/fr\/#breadcrumb"},"inLanguage":"fr-FR","potentialAction":[{"@type":"ReadAction","target":["https:\/\/luciano-nardo.com\/fr\/"]}]},{"@type":"BreadcrumbList","@id":"https:\/\/luciano-nardo.com\/fr\/#breadcrumb","itemListElement":[{"@type":"ListItem","position":1,"name":"Home","item":"https:\/\/luciano-nardo.com\/fr\/page-daccueil\/"},{"@type":"ListItem","position":2,"name":"Page d\u2019accueil"}]},{"@type":"WebSite","@id":"https:\/\/luciano-nardo.com\/fr\/#website","url":"https:\/\/luciano-nardo.com\/fr\/","name":"Luciano Nardo","description":"Consultant Gynaecologist","potentialAction":[{"@type":"SearchAction","target":{"@type":"EntryPoint","urlTemplate":"https:\/\/luciano-nardo.com\/fr\/?s={search_term_string}"},"query-input":{"@type":"PropertyValueSpecification","valueRequired":true,"valueName":"search_term_string"}}],"inLanguage":"fr-FR"}]}},"jetpack_sharing_enabled":true,"_links":{"self":[{"href":"https:\/\/luciano-nardo.com\/fr\/wp-json\/wp\/v2\/pages\/706","targetHints":{"allow":["GET"]}}],"collection":[{"href":"https:\/\/luciano-nardo.com\/fr\/wp-json\/wp\/v2\/pages"}],"about":[{"href":"https:\/\/luciano-nardo.com\/fr\/wp-json\/wp\/v2\/types\/page"}],"author":[{"embeddable":true,"href":"https:\/\/luciano-nardo.com\/fr\/wp-json\/wp\/v2\/users\/2"}],"replies":[{"embeddable":true,"href":"https:\/\/luciano-nardo.com\/fr\/wp-json\/wp\/v2\/comments?post=706"}],"version-history":[{"count":52,"href":"https:\/\/luciano-nardo.com\/fr\/wp-json\/wp\/v2\/pages\/706\/revisions"}],"predecessor-version":[{"id":2288,"href":"https:\/\/luciano-nardo.com\/fr\/wp-json\/wp\/v2\/pages\/706\/revisions\/2288"}],"wp:attachment":[{"href":"https:\/\/luciano-nardo.com\/fr\/wp-json\/wp\/v2\/media?parent=706"}],"curies":[{"name":"wp","href":"https:\/\/api.w.org\/{rel}","templated":true}]}}