{"id":601,"date":"2021-11-01T21:40:37","date_gmt":"2021-11-01T21:40:37","guid":{"rendered":"https:\/\/luciano-nardo.com\/luoghi\/"},"modified":"2025-07-30T17:35:42","modified_gmt":"2025-07-30T16:35:42","slug":"luoghi","status":"publish","type":"page","link":"https:\/\/luciano-nardo.com\/it\/luoghi\/","title":{"rendered":"Sedi"},"content":{"rendered":"\n<style type=\"text\/css\" data-created_by=\"avia_inline_auto\" id=\"style-css-av-1mo80-01205967cd18e922d78aad7ab93689cd\">\n.avia-section.av-1mo80-01205967cd18e922d78aad7ab93689cd{\nbackground-repeat:no-repeat;\nbackground-image:url(https:\/\/i0.wp.com\/luciano-nardo.com\/wp-content\/uploads\/2021\/10\/locations-banner.jpg?fit=1400%2C700&ssl=1);\nbackground-position:50% 50%;\nbackground-attachment:scroll;\n}\n.avia-section.av-1mo80-01205967cd18e922d78aad7ab93689cd .av-section-color-overlay{\nopacity:0.5;\nbackground-color:#000000;\n}\n<\/style>\n<div id='av_section_1'  class='avia-section av-1mo80-01205967cd18e922d78aad7ab93689cd main_color avia-section-default avia-no-border-styling  avia-builder-el-0  el_before_av_textblock  avia-builder-el-first  avia-full-stretch avia-bg-style-scroll av-section-color-overlay-active  av-minimum-height av-minimum-height-custom  container_wrap fullsize'  data-section-bg-repeat='stretch'><div class='av-section-color-overlay-wrap'><div class=\"av-section-color-overlay\"><\/div><div class='container av-section-cont-open' style='height:300px'><main  role=\"main\" itemprop=\"mainContentOfPage\"  class='template-page content  av-content-full alpha units'><div class='post-entry post-entry-type-page post-entry-601'><div class='entry-content-wrapper clearfix'>\n\n<style type=\"text\/css\" data-created_by=\"avia_inline_auto\" id=\"style-css-av-kvaut0jy-58e52ed88fbf9b27653e57861fd1ae86\">\n#top .av-special-heading.av-kvaut0jy-58e52ed88fbf9b27653e57861fd1ae86{\npadding-bottom:10px;\ncolor:#ffffff;\n}\n.av-special-heading.av-kvaut0jy-58e52ed88fbf9b27653e57861fd1ae86 .av-special-heading-tag{\npadding:0 0 20px 0;\n}\n.av-special-heading.av-kvaut0jy-58e52ed88fbf9b27653e57861fd1ae86 .special-heading-inner-border{\nborder-color:#ffffff;\n}\n.av-special-heading.av-kvaut0jy-58e52ed88fbf9b27653e57861fd1ae86 .av-subheading{\nfont-size:22px;\n}\n<\/style>\n<div  class='av-special-heading av-kvaut0jy-58e52ed88fbf9b27653e57861fd1ae86 av-special-heading-h1 custom-color-heading blockquote modern-quote modern-centered  avia-builder-el-1  avia-builder-el-no-sibling  '><h1 class='av-special-heading-tag '  itemprop=\"headline\"  >LUOGHI<\/h1><div class='av_custom_color av-subheading av-subheading_below '><p>Londra (Regno Unito) | Dubai (Emirati Arabi Uniti)<\/p>\n<\/div><div class='special-heading-border'><div class='special-heading-inner-border'><\/div><\/div><\/div>\n<\/div><\/div><\/main><!-- close content main element --><\/div><\/div><\/div><div id='after_section_1'  class='main_color av_default_container_wrap container_wrap fullsize'  ><div class='container av-section-cont-open' ><div class='template-page content  av-content-full alpha units'><div class='post-entry post-entry-type-page post-entry-601'><div class='entry-content-wrapper clearfix'>\n<section class=\"av_textblock_section \"  itemscope=\"itemscope\" itemtype=\"https:\/\/schema.org\/CreativeWork\" ><div class='avia_textblock  '   itemprop=\"text\" ><h3 class=\"p1\" style=\"text-align: center;\">Cure personalizzate e innovative, facilit\u00e0 di accesso, alti tassi di successo e riservatezza sono le priorit\u00e0 per coloro che cercano di concepire con successo e per coloro che soffrono di disturbi ginecologici.<\/h3>\n<p class=\"p1\" style=\"text-align: center;\">Il professor Nardo e il suo team forniscono un&#8217;assistenza completa e su misura, dalle indagini ai trattamenti pi\u00f9 recenti per tutti i problemi di fertilit\u00e0, nonch\u00e9 un&#8217;ampia gamma di condizioni ginecologiche benigne e aborti ricorrenti. Offre cure compassionevoli, collaborative e multidisciplinari per offrire a coloro che cercano di avere un bambino sano le migliori possibilit\u00e0 e a coloro che cercano la gestione dei problemi ginecologici di avere il miglior risultato. <\/p>\n<p class=\"p1\" style=\"text-align: center;\">Pur essendo in possesso di licenze mediche attive in Svizzera, Italia, Regno Unito ed Emirati Arabi Uniti, il professor Nardo attualmente esercita all&#8217;interno di istituzioni cliniche affermate a Londra (Regno Unito) e Dubai (Emirati Arabi Uniti), oltre a svolgere consultazioni virtuali faccia a faccia per pazienti in tutto il mondo.<\/p>\n<\/div><\/section>\n<\/div><\/div><\/div><!-- close content main div --><\/div><\/div><div id='av_section_2'  class='avia-section av-nkso-1410c64b103290bdc40d6cce1d5c300a main_color avia-section-default avia-no-border-styling  avia-builder-el-3  el_after_av_textblock  el_before_av_section  avia-bg-style-scroll  container_wrap fullsize'  ><div class='container av-section-cont-open' ><div class='template-page content  av-content-full alpha units'><div class='post-entry post-entry-type-page post-entry-601'><div class='entry-content-wrapper clearfix'>\n<div class='flex_column_table av-kvauyse5-a70d2b83d307beb08b25bad6097ef5c6 sc-av_one_half av-equal-height-column-flextable'>\n<style type=\"text\/css\" data-created_by=\"avia_inline_auto\" id=\"style-css-av-kvauyse5-a70d2b83d307beb08b25bad6097ef5c6\">\n.flex_column.av-kvauyse5-a70d2b83d307beb08b25bad6097ef5c6{\npadding:0 0 25px 0;\nbackground-color:#c04015;\n}\n<\/style>\n<div class='flex_column av-kvauyse5-a70d2b83d307beb08b25bad6097ef5c6 av_one_half  avia-builder-el-4  el_before_av_one_half  avia-builder-el-first  first flex_column_table_cell av-equal-height-column av-align-middle '   ><p>\n<style type=\"text\/css\" data-created_by=\"avia_inline_auto\" id=\"style-css-av-m9wn6vrj-b7474c548cc692157907bbc6045a4a3a\">\n.avia-image-container.av-m9wn6vrj-b7474c548cc692157907bbc6045a4a3a .av-image-caption-overlay-center{\ncolor:#ffffff;\n}\n<\/style>\n<div  class='avia-image-container av-m9wn6vrj-b7474c548cc692157907bbc6045a4a3a av-styling- avia-align-center  avia-builder-el-5  el_before_av_heading  avia-builder-el-first  '  itemprop=\"image\" itemscope=\"itemscope\" itemtype=\"https:\/\/schema.org\/ImageObject\" ><div class=\"avia-image-container-inner\"><div class=\"avia-image-overlay-wrap\"><img decoding=\"async\" class='wp-image-422 avia-img-lazy-loading-not-422 avia_image' src=\"https:\/\/i0.wp.com\/luciano-nardo.com\/wp-content\/uploads\/2021\/10\/25-harley-street.jpg?fit=900%2C600&ssl=1\" alt='' title='25-harley-street'  height=\"600\" width=\"900\"  itemprop=\"thumbnailUrl\" srcset=\"https:\/\/i0.wp.com\/luciano-nardo.com\/wp-content\/uploads\/2021\/10\/25-harley-street.jpg?w=900&amp;ssl=1 900w, https:\/\/i0.wp.com\/luciano-nardo.com\/wp-content\/uploads\/2021\/10\/25-harley-street.jpg?resize=300%2C200&amp;ssl=1 300w, https:\/\/i0.wp.com\/luciano-nardo.com\/wp-content\/uploads\/2021\/10\/25-harley-street.jpg?resize=768%2C512&amp;ssl=1 768w, https:\/\/i0.wp.com\/luciano-nardo.com\/wp-content\/uploads\/2021\/10\/25-harley-street.jpg?resize=705%2C470&amp;ssl=1 705w\" sizes=\"(max-width: 900px) 100vw, 900px\" \/><\/div><\/div><\/div><br \/>\n\n<style type=\"text\/css\" data-created_by=\"avia_inline_auto\" id=\"style-css-av-kvauxazw-243fae53e3e7af7e66e6b964e016a47e\">\n#top .av-special-heading.av-kvauxazw-243fae53e3e7af7e66e6b964e016a47e{\nmargin:30px 0 0 0;\npadding-bottom:0px;\ncolor:#ffffff;\n}\n.av-special-heading.av-kvauxazw-243fae53e3e7af7e66e6b964e016a47e .av-special-heading-tag{\npadding:0 0 0 0;\n}\n.av-special-heading.av-kvauxazw-243fae53e3e7af7e66e6b964e016a47e .special-heading-inner-border{\nborder-color:#ffffff;\n}\n<\/style>\n<div  class='av-special-heading av-kvauxazw-243fae53e3e7af7e66e6b964e016a47e av-special-heading-h3 custom-color-heading blockquote modern-quote modern-centered  avia-builder-el-6  el_after_av_image  el_before_av_textblock  '><h3 class='av-special-heading-tag '  itemprop=\"headline\"  >Gruppo ospedaliero di Phoenix<\/h3><div class='special-heading-border'><div class='special-heading-inner-border'><\/div><\/div><\/div><br \/>\n<section class=\"av_textblock_section \"  itemscope=\"itemscope\" itemtype=\"https:\/\/schema.org\/CreativeWork\" ><div class='avia_textblock  av_inherit_color '  style='color:#ffffff; '  itemprop=\"text\" ><p style=\"text-align: center;\">25 Harley Street<br \/>\nLondra W1G 9QW<br \/>\nRegno Unito<br \/>\n<strong>Per appuntamenti: info@luciano-nardo.com o +44 7389 839236<\/strong><\/p>\n<\/div><\/section><\/p><\/div><div class='av-flex-placeholder'><\/div>\n<style type=\"text\/css\" data-created_by=\"avia_inline_auto\" id=\"style-css-av-1w7fk-06a32810533e9ed573e4543d69209e17\">\n.flex_column.av-1w7fk-06a32810533e9ed573e4543d69209e17{\npadding:0 0 25px 0;\nbackground-color:#c04015;\n}\n<\/style>\n<div class='flex_column av-1w7fk-06a32810533e9ed573e4543d69209e17 av_one_half  avia-builder-el-8  el_after_av_one_half  el_before_av_one_half  flex_column_table_cell av-equal-height-column av-align-middle '   ><p>\n<style type=\"text\/css\" data-created_by=\"avia_inline_auto\" id=\"style-css-av-m9wnax29-7ff016e53862eea7f48140f52358c6d9\">\n.avia-image-container.av-m9wnax29-7ff016e53862eea7f48140f52358c6d9 .av-image-caption-overlay-center{\ncolor:#ffffff;\n}\n<\/style>\n<div  class='avia-image-container av-m9wnax29-7ff016e53862eea7f48140f52358c6d9 av-styling- avia-align-center  avia-builder-el-9  el_before_av_heading  avia-builder-el-first  '  itemprop=\"image\" itemscope=\"itemscope\" itemtype=\"https:\/\/schema.org\/ImageObject\" ><div class=\"avia-image-container-inner\"><div class=\"avia-image-overlay-wrap\"><img decoding=\"async\" class='wp-image-1045 avia-img-lazy-loading-not-1045 avia_image' src=\"https:\/\/i0.wp.com\/luciano-nardo.com\/wp-content\/uploads\/2021\/11\/Weymouth-Street-Hospital.jpg?fit=900%2C600&ssl=1\" alt='Ospedale di Weymouth Street' title='Ospedale di Weymouth Street'  height=\"600\" width=\"900\"  itemprop=\"thumbnailUrl\" srcset=\"https:\/\/i0.wp.com\/luciano-nardo.com\/wp-content\/uploads\/2021\/11\/Weymouth-Street-Hospital.jpg?w=900&amp;ssl=1 900w, https:\/\/i0.wp.com\/luciano-nardo.com\/wp-content\/uploads\/2021\/11\/Weymouth-Street-Hospital.jpg?resize=300%2C200&amp;ssl=1 300w, https:\/\/i0.wp.com\/luciano-nardo.com\/wp-content\/uploads\/2021\/11\/Weymouth-Street-Hospital.jpg?resize=768%2C512&amp;ssl=1 768w, https:\/\/i0.wp.com\/luciano-nardo.com\/wp-content\/uploads\/2021\/11\/Weymouth-Street-Hospital.jpg?resize=705%2C470&amp;ssl=1 705w\" sizes=\"(max-width: 900px) 100vw, 900px\" \/><\/div><\/div><\/div><br \/>\n\n<style type=\"text\/css\" data-created_by=\"avia_inline_auto\" id=\"style-css-av-m9wn8smc-36a856a484eff918edd51d99a6262ad1\">\n#top .av-special-heading.av-m9wn8smc-36a856a484eff918edd51d99a6262ad1{\nmargin:30px 0 0 0;\npadding-bottom:0px;\ncolor:#ffffff;\n}\n.av-special-heading.av-m9wn8smc-36a856a484eff918edd51d99a6262ad1 .special-heading-inner-border{\nborder-color:#ffffff;\n}\n<\/style>\n<div  class='av-special-heading av-m9wn8smc-36a856a484eff918edd51d99a6262ad1 av-special-heading-h3 custom-color-heading blockquote modern-quote modern-centered  avia-builder-el-10  el_after_av_image  el_before_av_textblock  '><h3 class='av-special-heading-tag '  itemprop=\"headline\"  >Ospedale di Weymouth Street<\/h3><div class='special-heading-border'><div class='special-heading-inner-border'><\/div><\/div><\/div><br \/>\n<section class=\"av_textblock_section \"  itemscope=\"itemscope\" itemtype=\"https:\/\/schema.org\/CreativeWork\" ><div class='avia_textblock  av_inherit_color '  style='color:#ffffff; '  itemprop=\"text\" ><p class=\"p1\" style=\"text-align: center;\">42-46 Weymouth Street<br \/>\nLondra W1G 6DR<br \/>\nRegno Unito<br \/>\n<strong>Per appuntamenti: info@luciano-nardo.com o +44 7389 839236<\/strong><\/p>\n<\/div><\/section><\/p><\/div><\/div><!--close column table wrapper. Autoclose: 1 --><div class='flex_column_table av-1o2zs-c7eb3ab6e297c7fc0e458773bf86f38e sc-av_one_half av-equal-height-column-flextable'>\n<style type=\"text\/css\" data-created_by=\"avia_inline_auto\" id=\"style-css-av-1o2zs-c7eb3ab6e297c7fc0e458773bf86f38e\">\n.flex_column.av-1o2zs-c7eb3ab6e297c7fc0e458773bf86f38e{\npadding:0 0 25px 0;\nbackground-color:#c04015;\n}\n<\/style>\n<div class='flex_column av-1o2zs-c7eb3ab6e297c7fc0e458773bf86f38e av_one_half  avia-builder-el-12  el_after_av_one_half  el_before_av_one_half  first flex_column_table_cell av-equal-height-column av-align-top column-top-margin'   ><p>\n<style type=\"text\/css\" data-created_by=\"avia_inline_auto\" id=\"style-css-av-m9wo0z6i-0febccdf522b79303034933089a7caa6\">\n.avia-image-container.av-m9wo0z6i-0febccdf522b79303034933089a7caa6 .av-image-caption-overlay-center{\ncolor:#ffffff;\n}\n<\/style>\n<div  class='avia-image-container av-m9wo0z6i-0febccdf522b79303034933089a7caa6 av-styling- avia-align-center  avia-builder-el-13  el_before_av_heading  avia-builder-el-first  '  itemprop=\"image\" itemscope=\"itemscope\" itemtype=\"https:\/\/schema.org\/ImageObject\" ><div class=\"avia-image-container-inner\"><div class=\"avia-image-overlay-wrap\"><img decoding=\"async\" class='wp-image-2250 avia-img-lazy-loading-not-2250 avia_image' src=\"https:\/\/i0.wp.com\/luciano-nardo.com\/wp-content\/uploads\/2025\/07\/ORCHID.jpg?fit=900%2C600&ssl=1\" alt='Phoenix Hospital Group' title='ORCHID'  height=\"600\" width=\"900\"  itemprop=\"thumbnailUrl\" srcset=\"https:\/\/i0.wp.com\/luciano-nardo.com\/wp-content\/uploads\/2025\/07\/ORCHID.jpg?w=900&amp;ssl=1 900w, https:\/\/i0.wp.com\/luciano-nardo.com\/wp-content\/uploads\/2025\/07\/ORCHID.jpg?resize=300%2C200&amp;ssl=1 300w, https:\/\/i0.wp.com\/luciano-nardo.com\/wp-content\/uploads\/2025\/07\/ORCHID.jpg?resize=768%2C512&amp;ssl=1 768w, https:\/\/i0.wp.com\/luciano-nardo.com\/wp-content\/uploads\/2025\/07\/ORCHID.jpg?resize=705%2C470&amp;ssl=1 705w\" sizes=\"(max-width: 900px) 100vw, 900px\" \/><\/div><\/div><\/div><br \/>\n\n<style type=\"text\/css\" data-created_by=\"avia_inline_auto\" id=\"style-css-av-m9wngktq-d2ea1a6fb8f70a52b0b656acc7ce0efa\">\n#top .av-special-heading.av-m9wngktq-d2ea1a6fb8f70a52b0b656acc7ce0efa{\nmargin:30px 0 0 0;\npadding-bottom:0px;\ncolor:#ffffff;\n}\n.av-special-heading.av-m9wngktq-d2ea1a6fb8f70a52b0b656acc7ce0efa .special-heading-inner-border{\nborder-color:#ffffff;\n}\n<\/style>\n<div  class='av-special-heading av-m9wngktq-d2ea1a6fb8f70a52b0b656acc7ce0efa av-special-heading-h3 custom-color-heading blockquote modern-quote modern-centered  avia-builder-el-14  el_after_av_image  el_before_av_textblock  '><h3 class='av-special-heading-tag '  itemprop=\"headline\"  >Clinica per la fertilit\u00e0 delle orchidee<\/h3><div class='special-heading-border'><div class='special-heading-inner-border'><\/div><\/div><\/div><br \/>\n<section class=\"av_textblock_section \"  itemscope=\"itemscope\" itemtype=\"https:\/\/schema.org\/CreativeWork\" ><div class='avia_textblock  av_inherit_color '  style='color:#ffffff; '  itemprop=\"text\" ><p class=\"p1\" style=\"text-align: center;\">Ibn Sina Building<br \/>\nDubai<br \/>\nEmirati Arabi<br \/>\n Uniti<strong>Per appuntamenti: info@luciano-nardo.com o +971 54 666 4010<\/strong><\/p>\n<\/div><\/section><\/p><\/div><div class='av-flex-placeholder'><\/div>\n<style type=\"text\/css\" data-created_by=\"avia_inline_auto\" id=\"style-css-av-x3xg-7c48e201c26996806d1e41a632b27ea6\">\n.flex_column.av-x3xg-7c48e201c26996806d1e41a632b27ea6{\npadding:0 0 25px 0;\nbackground-color:#c04015;\n}\n<\/style>\n<div class='flex_column av-x3xg-7c48e201c26996806d1e41a632b27ea6 av_one_half  avia-builder-el-16  el_after_av_one_half  avia-builder-el-last  flex_column_table_cell av-equal-height-column av-align-top column-top-margin'   ><p>\n<style type=\"text\/css\" data-created_by=\"avia_inline_auto\" id=\"style-css-av-m9wo1i9w-6efe34e26b91dffaa9cb709f659177b1\">\n.avia-image-container.av-m9wo1i9w-6efe34e26b91dffaa9cb709f659177b1 .av-image-caption-overlay-center{\ncolor:#ffffff;\n}\n<\/style>\n<div  class='avia-image-container av-m9wo1i9w-6efe34e26b91dffaa9cb709f659177b1 av-styling- avia-align-center  avia-builder-el-17  el_before_av_heading  avia-builder-el-first  '  itemprop=\"image\" itemscope=\"itemscope\" itemtype=\"https:\/\/schema.org\/ImageObject\" ><div class=\"avia-image-container-inner\"><div class=\"avia-image-overlay-wrap\"><img decoding=\"async\" class='wp-image-2034 avia-img-lazy-loading-not-2034 avia_image' src=\"https:\/\/i0.wp.com\/luciano-nardo.com\/wp-content\/uploads\/2025\/04\/Medcare-Women-Children-Hospital.jpg?fit=900%2C600&ssl=1\" alt='' title='Medcare-Women-&amp;-Children-Hospital'  height=\"600\" width=\"900\"  itemprop=\"thumbnailUrl\" srcset=\"https:\/\/i0.wp.com\/luciano-nardo.com\/wp-content\/uploads\/2025\/04\/Medcare-Women-Children-Hospital.jpg?w=900&amp;ssl=1 900w, https:\/\/i0.wp.com\/luciano-nardo.com\/wp-content\/uploads\/2025\/04\/Medcare-Women-Children-Hospital.jpg?resize=300%2C200&amp;ssl=1 300w, https:\/\/i0.wp.com\/luciano-nardo.com\/wp-content\/uploads\/2025\/04\/Medcare-Women-Children-Hospital.jpg?resize=768%2C512&amp;ssl=1 768w, https:\/\/i0.wp.com\/luciano-nardo.com\/wp-content\/uploads\/2025\/04\/Medcare-Women-Children-Hospital.jpg?resize=705%2C470&amp;ssl=1 705w\" sizes=\"(max-width: 900px) 100vw, 900px\" \/><\/div><\/div><\/div><br \/>\n\n<style type=\"text\/css\" data-created_by=\"avia_inline_auto\" id=\"style-css-av-m9wnli2q-36371b383613a0f2683d6b615a05baf3\">\n#top .av-special-heading.av-m9wnli2q-36371b383613a0f2683d6b615a05baf3{\nmargin:30px 0 0 0;\npadding-bottom:0px;\ncolor:#ffffff;\n}\n.av-special-heading.av-m9wnli2q-36371b383613a0f2683d6b615a05baf3 .special-heading-inner-border{\nborder-color:#ffffff;\n}\n<\/style>\n<div  class='av-special-heading av-m9wnli2q-36371b383613a0f2683d6b615a05baf3 av-special-heading-h3 custom-color-heading blockquote modern-quote modern-centered  avia-builder-el-18  el_after_av_image  el_before_av_textblock  '><h3 class='av-special-heading-tag '  itemprop=\"headline\"  >Medcare Ospedale Donne <span class='special_amp'>&amp;<\/span> Bambini<\/h3><div class='special-heading-border'><div class='special-heading-inner-border'><\/div><\/div><\/div><br \/>\n<section class=\"av_textblock_section \"  itemscope=\"itemscope\" itemtype=\"https:\/\/schema.org\/CreativeWork\" ><div class='avia_textblock  av_inherit_color '  style='color:#ffffff; '  itemprop=\"text\" ><p class=\"p1\" style=\"text-align: center;\">Sheikh Zayed Road<br \/>\nDubai<br \/>\nEmirati Arabi Uniti<br \/>\n<strong>Per appuntamenti: info@luciano-nardo.com o +971 54 666 4010<\/strong><\/p>\n<\/div><\/section><\/p><\/div><\/div><!--close column table wrapper. Autoclose: 1 --><\/div><\/div><\/div><!-- close content main div --><\/div><\/div><div id='av_section_3'  class='avia-section av-1h0r0-24ea8bce6f4545ddbd2e5a79aa3e6bd5 main_color avia-section-default avia-no-border-styling  avia-builder-el-20  el_after_av_section  avia-builder-el-last  avia-bg-style-scroll  container_wrap fullsize'  ><div class='container av-section-cont-open' ><div class='template-page content  av-content-full alpha units'><div class='post-entry post-entry-type-page post-entry-601'><div class='entry-content-wrapper clearfix'>\n\n<\/p>\n","protected":false},"excerpt":{"rendered":"","protected":false},"author":2,"featured_media":0,"parent":0,"menu_order":4,"comment_status":"closed","ping_status":"closed","template":"","meta":{"footnotes":""},"class_list":["post-601","page","type-page","status-publish","hentry"],"yoast_head":"<!-- This site is optimized with the Yoast SEO plugin v27.2 - https:\/\/yoast.com\/product\/yoast-seo-wordpress\/ -->\n<title>Sedi - Luciano Nardo<\/title>\n<meta name=\"robots\" content=\"index, follow, max-snippet:-1, max-image-preview:large, max-video-preview:-1\" \/>\n<link rel=\"canonical\" href=\"https:\/\/luciano-nardo.com\/it\/luoghi\/\" \/>\n<meta property=\"og:locale\" content=\"it_IT\" \/>\n<meta property=\"og:type\" content=\"article\" \/>\n<meta property=\"og:title\" content=\"Sedi - Luciano Nardo\" \/>\n<meta property=\"og:url\" content=\"https:\/\/luciano-nardo.com\/it\/luoghi\/\" \/>\n<meta property=\"og:site_name\" content=\"Luciano Nardo\" \/>\n<meta property=\"article:modified_time\" content=\"2025-07-30T16:35:42+00:00\" \/>\n<meta name=\"twitter:card\" content=\"summary_large_image\" \/>\n<meta name=\"twitter:label1\" content=\"Tempo di lettura stimato\" \/>\n\t<meta name=\"twitter:data1\" content=\"14 minuti\" \/>\n<script type=\"application\/ld+json\" class=\"yoast-schema-graph\">{\"@context\":\"https:\/\/schema.org\",\"@graph\":[{\"@type\":\"WebPage\",\"@id\":\"https:\/\/luciano-nardo.com\/it\/luoghi\/\",\"url\":\"https:\/\/luciano-nardo.com\/it\/luoghi\/\",\"name\":\"Sedi - Luciano Nardo\",\"isPartOf\":{\"@id\":\"https:\/\/luciano-nardo.com\/it\/#website\"},\"datePublished\":\"2021-11-01T21:40:37+00:00\",\"dateModified\":\"2025-07-30T16:35:42+00:00\",\"breadcrumb\":{\"@id\":\"https:\/\/luciano-nardo.com\/it\/luoghi\/#breadcrumb\"},\"inLanguage\":\"it-IT\",\"potentialAction\":[{\"@type\":\"ReadAction\",\"target\":[\"https:\/\/luciano-nardo.com\/it\/luoghi\/\"]}]},{\"@type\":\"BreadcrumbList\",\"@id\":\"https:\/\/luciano-nardo.com\/it\/luoghi\/#breadcrumb\",\"itemListElement\":[{\"@type\":\"ListItem\",\"position\":1,\"name\":\"Home\",\"item\":\"https:\/\/luciano-nardo.com\/it\/pagina-iniziale\/\"},{\"@type\":\"ListItem\",\"position\":2,\"name\":\"Sedi\"}]},{\"@type\":\"WebSite\",\"@id\":\"https:\/\/luciano-nardo.com\/it\/#website\",\"url\":\"https:\/\/luciano-nardo.com\/it\/\",\"name\":\"Luciano Nardo\",\"description\":\"Consultant Gynaecologist\",\"potentialAction\":[{\"@type\":\"SearchAction\",\"target\":{\"@type\":\"EntryPoint\",\"urlTemplate\":\"https:\/\/luciano-nardo.com\/it\/?s={search_term_string}\"},\"query-input\":{\"@type\":\"PropertyValueSpecification\",\"valueRequired\":true,\"valueName\":\"search_term_string\"}}],\"inLanguage\":\"it-IT\"}]}<\/script>\n<!-- \/ Yoast SEO plugin. -->","yoast_head_json":{"title":"Sedi - Luciano Nardo","robots":{"index":"index","follow":"follow","max-snippet":"max-snippet:-1","max-image-preview":"max-image-preview:large","max-video-preview":"max-video-preview:-1"},"canonical":"https:\/\/luciano-nardo.com\/it\/luoghi\/","og_locale":"it_IT","og_type":"article","og_title":"Sedi - Luciano Nardo","og_url":"https:\/\/luciano-nardo.com\/it\/luoghi\/","og_site_name":"Luciano Nardo","article_modified_time":"2025-07-30T16:35:42+00:00","twitter_card":"summary_large_image","twitter_misc":{"Tempo di lettura stimato":"14 minuti"},"schema":{"@context":"https:\/\/schema.org","@graph":[{"@type":"WebPage","@id":"https:\/\/luciano-nardo.com\/it\/luoghi\/","url":"https:\/\/luciano-nardo.com\/it\/luoghi\/","name":"Sedi - Luciano Nardo","isPartOf":{"@id":"https:\/\/luciano-nardo.com\/it\/#website"},"datePublished":"2021-11-01T21:40:37+00:00","dateModified":"2025-07-30T16:35:42+00:00","breadcrumb":{"@id":"https:\/\/luciano-nardo.com\/it\/luoghi\/#breadcrumb"},"inLanguage":"it-IT","potentialAction":[{"@type":"ReadAction","target":["https:\/\/luciano-nardo.com\/it\/luoghi\/"]}]},{"@type":"BreadcrumbList","@id":"https:\/\/luciano-nardo.com\/it\/luoghi\/#breadcrumb","itemListElement":[{"@type":"ListItem","position":1,"name":"Home","item":"https:\/\/luciano-nardo.com\/it\/pagina-iniziale\/"},{"@type":"ListItem","position":2,"name":"Sedi"}]},{"@type":"WebSite","@id":"https:\/\/luciano-nardo.com\/it\/#website","url":"https:\/\/luciano-nardo.com\/it\/","name":"Luciano Nardo","description":"Consultant Gynaecologist","potentialAction":[{"@type":"SearchAction","target":{"@type":"EntryPoint","urlTemplate":"https:\/\/luciano-nardo.com\/it\/?s={search_term_string}"},"query-input":{"@type":"PropertyValueSpecification","valueRequired":true,"valueName":"search_term_string"}}],"inLanguage":"it-IT"}]}},"jetpack_sharing_enabled":true,"_links":{"self":[{"href":"https:\/\/luciano-nardo.com\/it\/wp-json\/wp\/v2\/pages\/601","targetHints":{"allow":["GET"]}}],"collection":[{"href":"https:\/\/luciano-nardo.com\/it\/wp-json\/wp\/v2\/pages"}],"about":[{"href":"https:\/\/luciano-nardo.com\/it\/wp-json\/wp\/v2\/types\/page"}],"author":[{"embeddable":true,"href":"https:\/\/luciano-nardo.com\/it\/wp-json\/wp\/v2\/users\/2"}],"replies":[{"embeddable":true,"href":"https:\/\/luciano-nardo.com\/it\/wp-json\/wp\/v2\/comments?post=601"}],"version-history":[{"count":75,"href":"https:\/\/luciano-nardo.com\/it\/wp-json\/wp\/v2\/pages\/601\/revisions"}],"predecessor-version":[{"id":2258,"href":"https:\/\/luciano-nardo.com\/it\/wp-json\/wp\/v2\/pages\/601\/revisions\/2258"}],"wp:attachment":[{"href":"https:\/\/luciano-nardo.com\/it\/wp-json\/wp\/v2\/media?parent=601"}],"curies":[{"name":"wp","href":"https:\/\/api.w.org\/{rel}","templated":true}]}}