{"id":605,"date":"2021-11-01T21:40:37","date_gmt":"2021-11-01T21:40:37","guid":{"rendered":"https:\/\/luciano-nardo.com\/pratiche\/fertilita\/"},"modified":"2022-03-01T12:50:08","modified_gmt":"2022-03-01T12:50:08","slug":"fertilita","status":"publish","type":"page","link":"https:\/\/luciano-nardo.com\/it\/pratiche\/fertilita\/","title":{"rendered":"Fertilit\u00e0"},"content":{"rendered":"\n<style type=\"text\/css\" data-created_by=\"avia_inline_auto\" id=\"style-css-av-h9sfr-bdd988cb2d551dbe8d370c893299e64a\">\n.avia-section.av-h9sfr-bdd988cb2d551dbe8d370c893299e64a{\nbackground-repeat:no-repeat;\nbackground-image:url(https:\/\/i0.wp.com\/luciano-nardo.com\/wp-content\/uploads\/2021\/10\/Fertility-banner3.jpg?fit=1400%2C700&ssl=1);\nbackground-position:50% 100%;\nbackground-attachment:scroll;\n}\n.avia-section.av-h9sfr-bdd988cb2d551dbe8d370c893299e64a .av-section-color-overlay{\nopacity:0.5;\nbackground-color:#000000;\n}\n<\/style>\n<div id='av_section_1'  class='avia-section av-h9sfr-bdd988cb2d551dbe8d370c893299e64a main_color avia-section-default avia-no-border-styling  avia-builder-el-0  el_before_av_section  avia-builder-el-first  avia-full-stretch avia-bg-style-scroll av-section-color-overlay-active  av-minimum-height av-minimum-height-custom  container_wrap fullsize'  data-section-bg-repeat='stretch'><div class='av-section-color-overlay-wrap'><div class=\"av-section-color-overlay\"><\/div><div class='container av-section-cont-open' style='height:300px'><main  role=\"main\" itemprop=\"mainContentOfPage\"  class='template-page content  av-content-full alpha units'><div class='post-entry post-entry-type-page post-entry-605'><div class='entry-content-wrapper clearfix'>\n\n<style type=\"text\/css\" data-created_by=\"avia_inline_auto\" id=\"style-css-av-kvgha0dm-82166d354179b8ffae673a72c01ff52b\">\n#top .av-special-heading.av-kvgha0dm-82166d354179b8ffae673a72c01ff52b{\npadding-bottom:10px;\ncolor:#ffffff;\n}\n.av-special-heading.av-kvgha0dm-82166d354179b8ffae673a72c01ff52b .special-heading-inner-border{\nborder-color:#ffffff;\n}\n<\/style>\n<div  class='av-special-heading av-kvgha0dm-82166d354179b8ffae673a72c01ff52b av-special-heading-h1 custom-color-heading blockquote modern-quote modern-centered  avia-builder-el-1  avia-builder-el-no-sibling  '><h1 class='av-special-heading-tag '  itemprop=\"headline\"  >Fertilit\u00e0<\/h1><div class='special-heading-border'><div class='special-heading-inner-border'><\/div><\/div><\/div>\n\n<\/div><\/div><\/main><!-- close content main element --><\/div><\/div><\/div><div id='av_section_2'  class='avia-section av-1qoltz-07751602b3b476c18afd24d1284bba60 main_color avia-section-default avia-no-border-styling  avia-builder-el-2  el_after_av_section  el_before_av_section  avia-bg-style-scroll  container_wrap fullsize'  ><div class='container av-section-cont-open' ><div class='template-page content  av-content-full alpha units'><div class='post-entry post-entry-type-page post-entry-605'><div class='entry-content-wrapper clearfix'>\n<div class='flex_column av-1cuvmf-9b5e881964a25af2abe17b1b001b4181 av_one_half  avia-builder-el-3  el_before_av_one_half  avia-builder-el-first  first flex_column_div '   ><section class=\"av_textblock_section \"  itemscope=\"itemscope\" itemtype=\"https:\/\/schema.org\/CreativeWork\" ><div class='avia_textblock  '   itemprop=\"text\" ><p>Circa una coppia eterosessuale su sei ha problemi di fertilit\u00e0, circa 50 milioni di persone hanno infertilit\u00e0 e 2,5 milioni di cicli di fecondazione in vitro vengono eseguiti ogni anno in tutto il mondo. Il ritardo nel raggiungimento di una gravidanza spontaneamente pu\u00f2 essere causato da squilibri ormonali, problemi mestruali (ad es. disturbi dell&#8217;ovulazione), anomalie genetiche, tube di Falloppio danneggiate o bloccate, endometriosi, fibromi, anomalie uterine, storia di cancro, anomalie dello sperma e disfunzione sessuale.<\/p>\n<p>Le coppie che non hanno concepito dopo 12 mesi di rapporti sessuali regolari non protetti dovrebbero essere indagate da uno specialista della fertilit\u00e0, mentre coloro che sospettano di avere un problema di fertilit\u00e0 sottostante dovrebbero cercare un rinvio precoce. Coppie dello stesso sesso, single e pazienti che hanno crioconservato i loro ovuli o spermatozoi prima di sottoporsi alla terapia del cancro possono essere autorizzati a prendere la decisione su quando iniziare il ciclo di concepimento assistito.<\/p>\n<\/div><\/section><\/div><div class='flex_column av-12ytpz-62241d59f16c6888f637430f3d2544f0 av_one_half  avia-builder-el-5  el_after_av_one_half  el_before_av_one_half  flex_column_div '   ><section class=\"av_textblock_section \"  itemscope=\"itemscope\" itemtype=\"https:\/\/schema.org\/CreativeWork\" ><div class='avia_textblock  '   itemprop=\"text\" ><p>Cure personalizzate, facile accesso e alti tassi di successo sono priorit\u00e0 per coloro che intraprendono il viaggio della fertilit\u00e0.<\/p>\n<p><strong>Fornisco una gestione della fertilit\u00e0 su misura da semplici valutazioni femminili e maschili a raccomandazioni sulle pi\u00f9 recenti tecnologie di concepimento assistito per superare le barriere della fertilit\u00e0 e in alcuni casi ridurre il rischio di perdite di gravidanza ricorrenti. Lavorando in collaborazione con cliniche di concepimento assistito consolidate, fornisco assistenza collaborativa e multidisciplinare per offrire a coloro che cercano di avere un bambino sano le migliori possibilit\u00e0.  <\/strong><\/p>\n<\/div><\/section><\/div><div class='flex_column av-trj0v-ae58f1df5ce48e862e05bf8f12a1ff15 av_one_half  avia-builder-el-7  el_after_av_one_half  el_before_av_one_half  first flex_column_div column-top-margin'   ><section class=\"av_textblock_section \"  itemscope=\"itemscope\" itemtype=\"https:\/\/schema.org\/CreativeWork\" ><div class='avia_textblock  '   itemprop=\"text\" ><h3 style=\"font-size: 18px;\">Sono specializzato in:<\/h3>\n<ul>\n<li>Valutazione della fertilit\u00e0 femminile<\/li>\n<li>Valutazione della fertilit\u00e0 maschile<\/li>\n<li>Valutazione endometriale<\/li>\n<li>Immunologia riproduttiva<\/li>\n<li>Induzione dell&#8217;ovulazione<\/li>\n<li>Individualizzazione dei protocolli di stimolazione ovarica<\/li>\n<li>Procedure di fecondazione in vitro (inclusi anche ICSI e IMSI)<\/li>\n<li>Test genetici preimpianto per aneuploidie di blastocisti<\/li>\n<li>Congelamento delle uova<\/li>\n<li>Ripetuto fallimento dell&#8217;impianto<\/li>\n<li>Ovuli di donatrice<\/li>\n<li>Sperma del donatore<\/li>\n<\/ul>\n<h3 style=\"font-size: 18px;\">Fornisco anche un intervento chirurgico che a volte \u00e8 necessario per trattare le condizioni associate all&#8217;infertilit\u00e0 o come alternativa al concepimento assistito. Sono specializzato in:<\/h3>\n<ul>\n<li>Trattamento dell&#8217;endometriosi<\/li>\n<li>Rimozione dei fibromi<\/li>\n<li>Rimozione delle aderenze<\/li>\n<li>Inversione della legatura delle tube<\/li>\n<li>Apertura di tubi bloccati<\/li>\n<li>Rimozione di tubi danneggiati<\/li>\n<li>Riparazione delle anomalie uterine<\/li>\n<\/ul>\n<\/div><\/section><\/div><div class='flex_column av-cj6gn-a33cff66605a2556ffbcc81491738c66 av_one_half  avia-builder-el-9  el_after_av_one_half  avia-builder-el-last  flex_column_div column-top-margin'   ><style type=\"text\/css\" data-created_by=\"avia_inline_auto\" id=\"style-css-av-94jc7-7e173b867aec1b9c48a90831b6a694b6\">\n.avia-image-container.av-94jc7-7e173b867aec1b9c48a90831b6a694b6 .av-image-caption-overlay-center{\ncolor:#ffffff;\n}\n<\/style>\n<div  class='avia-image-container av-94jc7-7e173b867aec1b9c48a90831b6a694b6 av-styling- avia-align-center  avia-builder-el-10  avia-builder-el-no-sibling  '  itemprop=\"image\" itemscope=\"itemscope\" itemtype=\"https:\/\/schema.org\/ImageObject\" ><div class=\"avia-image-container-inner\"><div class=\"avia-image-overlay-wrap\"><img decoding=\"async\" class='wp-image-428 avia-img-lazy-loading-not-428 avia_image' src=\"https:\/\/i0.wp.com\/luciano-nardo.com\/wp-content\/uploads\/2021\/10\/fertility-services.jpg?fit=900%2C1100&ssl=1\" alt='' title='servizi di fertilit\u00e0'  height=\"1100\" width=\"900\"  itemprop=\"thumbnailUrl\" srcset=\"https:\/\/i0.wp.com\/luciano-nardo.com\/wp-content\/uploads\/2021\/10\/fertility-services.jpg?w=900&amp;ssl=1 900w, https:\/\/i0.wp.com\/luciano-nardo.com\/wp-content\/uploads\/2021\/10\/fertility-services.jpg?resize=245%2C300&amp;ssl=1 245w, https:\/\/i0.wp.com\/luciano-nardo.com\/wp-content\/uploads\/2021\/10\/fertility-services.jpg?resize=843%2C1030&amp;ssl=1 843w, https:\/\/i0.wp.com\/luciano-nardo.com\/wp-content\/uploads\/2021\/10\/fertility-services.jpg?resize=768%2C939&amp;ssl=1 768w, https:\/\/i0.wp.com\/luciano-nardo.com\/wp-content\/uploads\/2021\/10\/fertility-services.jpg?resize=577%2C705&amp;ssl=1 577w\" sizes=\"(max-width: 900px) 100vw, 900px\" \/><\/div><\/div><\/div><\/div><\/div><\/div><\/div><!-- close content main div --><\/div><\/div><div id='av_section_3'  class='avia-section av-kvgh9mf6-84b5487e844b2ae5a01a251e4bd30a34 main_color avia-section-default avia-shadow  avia-builder-el-11  el_after_av_section  avia-builder-el-last  avia-bg-style-scroll  container_wrap fullsize'  ><div class='container av-section-cont-open' ><div class='template-page content  av-content-full alpha units'><div class='post-entry post-entry-type-page post-entry-605'><div class='entry-content-wrapper clearfix'>\n\n<\/p>\n","protected":false},"excerpt":{"rendered":"","protected":false},"author":1,"featured_media":0,"parent":533,"menu_order":0,"comment_status":"closed","ping_status":"closed","template":"","meta":{"footnotes":""},"class_list":["post-605","page","type-page","status-publish","hentry"],"yoast_head":"<!-- This site is optimized with the Yoast SEO plugin v27.2 - https:\/\/yoast.com\/product\/yoast-seo-wordpress\/ -->\n<title>Specialista privato della fertilit\u00e0 | di Londra Uk - Luciano Nardo<\/title>\n<meta name=\"robots\" content=\"index, follow, max-snippet:-1, max-image-preview:large, max-video-preview:-1\" \/>\n<link rel=\"canonical\" href=\"https:\/\/luciano-nardo.com\/it\/pratiche\/fertilita\/\" \/>\n<meta property=\"og:locale\" content=\"it_IT\" \/>\n<meta property=\"og:type\" content=\"article\" \/>\n<meta property=\"og:title\" content=\"Specialista privato della fertilit\u00e0 | di Londra Uk - Luciano Nardo\" \/>\n<meta property=\"og:url\" content=\"https:\/\/luciano-nardo.com\/it\/pratiche\/fertilita\/\" \/>\n<meta property=\"og:site_name\" content=\"Luciano Nardo\" \/>\n<meta property=\"article:modified_time\" content=\"2022-03-01T12:50:08+00:00\" \/>\n<meta name=\"twitter:card\" content=\"summary_large_image\" \/>\n<meta name=\"twitter:label1\" content=\"Tempo di lettura stimato\" \/>\n\t<meta name=\"twitter:data1\" content=\"12 minuti\" \/>\n<script type=\"application\/ld+json\" class=\"yoast-schema-graph\">{\"@context\":\"https:\/\/schema.org\",\"@graph\":[{\"@type\":\"WebPage\",\"@id\":\"https:\/\/luciano-nardo.com\/it\/pratiche\/fertilita\/\",\"url\":\"https:\/\/luciano-nardo.com\/it\/pratiche\/fertilita\/\",\"name\":\"Specialista privato della fertilit\u00e0 | di Londra Uk - Luciano Nardo\",\"isPartOf\":{\"@id\":\"https:\/\/luciano-nardo.com\/it\/#website\"},\"datePublished\":\"2021-11-01T21:40:37+00:00\",\"dateModified\":\"2022-03-01T12:50:08+00:00\",\"breadcrumb\":{\"@id\":\"https:\/\/luciano-nardo.com\/it\/pratiche\/fertilita\/#breadcrumb\"},\"inLanguage\":\"it-IT\",\"potentialAction\":[{\"@type\":\"ReadAction\",\"target\":[\"https:\/\/luciano-nardo.com\/it\/pratiche\/fertilita\/\"]}]},{\"@type\":\"BreadcrumbList\",\"@id\":\"https:\/\/luciano-nardo.com\/it\/pratiche\/fertilita\/#breadcrumb\",\"itemListElement\":[{\"@type\":\"ListItem\",\"position\":1,\"name\":\"Home\",\"item\":\"https:\/\/luciano-nardo.com\/it\/pagina-iniziale\/\"},{\"@type\":\"ListItem\",\"position\":2,\"name\":\"Pratiche\",\"item\":\"https:\/\/luciano-nardo.com\/it\/pratiche\/\"},{\"@type\":\"ListItem\",\"position\":3,\"name\":\"Fertilit\u00e0\"}]},{\"@type\":\"WebSite\",\"@id\":\"https:\/\/luciano-nardo.com\/it\/#website\",\"url\":\"https:\/\/luciano-nardo.com\/it\/\",\"name\":\"Luciano Nardo\",\"description\":\"Consultant Gynaecologist\",\"potentialAction\":[{\"@type\":\"SearchAction\",\"target\":{\"@type\":\"EntryPoint\",\"urlTemplate\":\"https:\/\/luciano-nardo.com\/it\/?s={search_term_string}\"},\"query-input\":{\"@type\":\"PropertyValueSpecification\",\"valueRequired\":true,\"valueName\":\"search_term_string\"}}],\"inLanguage\":\"it-IT\"}]}<\/script>\n<!-- \/ Yoast SEO plugin. -->","yoast_head_json":{"title":"Specialista privato della fertilit\u00e0 | di Londra Uk - Luciano Nardo","robots":{"index":"index","follow":"follow","max-snippet":"max-snippet:-1","max-image-preview":"max-image-preview:large","max-video-preview":"max-video-preview:-1"},"canonical":"https:\/\/luciano-nardo.com\/it\/pratiche\/fertilita\/","og_locale":"it_IT","og_type":"article","og_title":"Specialista privato della fertilit\u00e0 | di Londra Uk - Luciano Nardo","og_url":"https:\/\/luciano-nardo.com\/it\/pratiche\/fertilita\/","og_site_name":"Luciano Nardo","article_modified_time":"2022-03-01T12:50:08+00:00","twitter_card":"summary_large_image","twitter_misc":{"Tempo di lettura stimato":"12 minuti"},"schema":{"@context":"https:\/\/schema.org","@graph":[{"@type":"WebPage","@id":"https:\/\/luciano-nardo.com\/it\/pratiche\/fertilita\/","url":"https:\/\/luciano-nardo.com\/it\/pratiche\/fertilita\/","name":"Specialista privato della fertilit\u00e0 | di Londra Uk - Luciano Nardo","isPartOf":{"@id":"https:\/\/luciano-nardo.com\/it\/#website"},"datePublished":"2021-11-01T21:40:37+00:00","dateModified":"2022-03-01T12:50:08+00:00","breadcrumb":{"@id":"https:\/\/luciano-nardo.com\/it\/pratiche\/fertilita\/#breadcrumb"},"inLanguage":"it-IT","potentialAction":[{"@type":"ReadAction","target":["https:\/\/luciano-nardo.com\/it\/pratiche\/fertilita\/"]}]},{"@type":"BreadcrumbList","@id":"https:\/\/luciano-nardo.com\/it\/pratiche\/fertilita\/#breadcrumb","itemListElement":[{"@type":"ListItem","position":1,"name":"Home","item":"https:\/\/luciano-nardo.com\/it\/pagina-iniziale\/"},{"@type":"ListItem","position":2,"name":"Pratiche","item":"https:\/\/luciano-nardo.com\/it\/pratiche\/"},{"@type":"ListItem","position":3,"name":"Fertilit\u00e0"}]},{"@type":"WebSite","@id":"https:\/\/luciano-nardo.com\/it\/#website","url":"https:\/\/luciano-nardo.com\/it\/","name":"Luciano Nardo","description":"Consultant Gynaecologist","potentialAction":[{"@type":"SearchAction","target":{"@type":"EntryPoint","urlTemplate":"https:\/\/luciano-nardo.com\/it\/?s={search_term_string}"},"query-input":{"@type":"PropertyValueSpecification","valueRequired":true,"valueName":"search_term_string"}}],"inLanguage":"it-IT"}]}},"jetpack_sharing_enabled":true,"_links":{"self":[{"href":"https:\/\/luciano-nardo.com\/it\/wp-json\/wp\/v2\/pages\/605","targetHints":{"allow":["GET"]}}],"collection":[{"href":"https:\/\/luciano-nardo.com\/it\/wp-json\/wp\/v2\/pages"}],"about":[{"href":"https:\/\/luciano-nardo.com\/it\/wp-json\/wp\/v2\/types\/page"}],"author":[{"embeddable":true,"href":"https:\/\/luciano-nardo.com\/it\/wp-json\/wp\/v2\/users\/1"}],"replies":[{"embeddable":true,"href":"https:\/\/luciano-nardo.com\/it\/wp-json\/wp\/v2\/comments?post=605"}],"version-history":[{"count":10,"href":"https:\/\/luciano-nardo.com\/it\/wp-json\/wp\/v2\/pages\/605\/revisions"}],"predecessor-version":[{"id":1744,"href":"https:\/\/luciano-nardo.com\/it\/wp-json\/wp\/v2\/pages\/605\/revisions\/1744"}],"up":[{"embeddable":true,"href":"https:\/\/luciano-nardo.com\/it\/wp-json\/wp\/v2\/pages\/533"}],"wp:attachment":[{"href":"https:\/\/luciano-nardo.com\/it\/wp-json\/wp\/v2\/media?parent=605"}],"curies":[{"name":"wp","href":"https:\/\/api.w.org\/{rel}","templated":true}]}}