{"id":659,"date":"2021-11-01T21:40:39","date_gmt":"2021-11-01T21:40:39","guid":{"rendered":"https:\/\/luciano-nardo.com\/pratiche\/gravidanza-precoce\/"},"modified":"2022-03-01T12:47:34","modified_gmt":"2022-03-01T12:47:34","slug":"gravidanza-precoce","status":"publish","type":"page","link":"https:\/\/luciano-nardo.com\/it\/pratiche\/gravidanza-precoce\/","title":{"rendered":"Gravidanza precoce"},"content":{"rendered":"\n<style type=\"text\/css\" data-created_by=\"avia_inline_auto\" id=\"style-css-av-cu37m-2578a929f4a016e0cda6b9cf05f09272\">\n.avia-section.av-cu37m-2578a929f4a016e0cda6b9cf05f09272{\nbackground-repeat:no-repeat;\nbackground-image:url(https:\/\/i0.wp.com\/luciano-nardo.com\/wp-content\/uploads\/2021\/10\/Early-Pregnancy2.jpg?fit=1400%2C700&ssl=1);\nbackground-position:50% 50%;\nbackground-attachment:scroll;\n}\n.avia-section.av-cu37m-2578a929f4a016e0cda6b9cf05f09272 .av-section-color-overlay{\nopacity:0.5;\nbackground-color:#000000;\n}\n<\/style>\n<div id='av_section_1'  class='avia-section av-cu37m-2578a929f4a016e0cda6b9cf05f09272 main_color avia-section-default avia-no-border-styling  avia-builder-el-0  el_before_av_section  avia-builder-el-first  avia-full-stretch avia-bg-style-scroll av-section-color-overlay-active  av-minimum-height av-minimum-height-custom  container_wrap fullsize'  data-section-bg-repeat='stretch'><div class='av-section-color-overlay-wrap'><div class=\"av-section-color-overlay\"><\/div><div class='container av-section-cont-open' style='height:300px'><main  role=\"main\" itemprop=\"mainContentOfPage\"  class='template-page content  av-content-full alpha units'><div class='post-entry post-entry-type-page post-entry-659'><div class='entry-content-wrapper clearfix'>\n\n<style type=\"text\/css\" data-created_by=\"avia_inline_auto\" id=\"style-css-av-kvghanpl-338799780a81ec9732bac1b50779a1a4\">\n#top .av-special-heading.av-kvghanpl-338799780a81ec9732bac1b50779a1a4{\npadding-bottom:10px;\ncolor:#ffffff;\n}\n.av-special-heading.av-kvghanpl-338799780a81ec9732bac1b50779a1a4 .special-heading-inner-border{\nborder-color:#ffffff;\n}\n<\/style>\n<div  class='av-special-heading av-kvghanpl-338799780a81ec9732bac1b50779a1a4 av-special-heading-h1 custom-color-heading blockquote modern-quote modern-centered  avia-builder-el-1  avia-builder-el-no-sibling  '><h1 class='av-special-heading-tag '  itemprop=\"headline\"  >Gravidanza precoce<\/h1><div class='special-heading-border'><div class='special-heading-inner-border'><\/div><\/div><\/div>\n\n<\/div><\/div><\/main><!-- close content main element --><\/div><\/div><\/div>\n<style type=\"text\/css\" data-created_by=\"avia_inline_auto\" id=\"style-css-av-6b4vm-a3f93788de760efb545386746e47f1d5\">\n.avia-section.av-6b4vm-a3f93788de760efb545386746e47f1d5{\nbackground-color:#ffffff;\n}\n<\/style>\n<div id='av_section_2'  class='avia-section av-6b4vm-a3f93788de760efb545386746e47f1d5 main_color avia-section-default avia-no-border-styling  avia-builder-el-2  el_after_av_section  el_before_av_section  avia-bg-style-scroll  container_wrap fullsize'  ><div class='container av-section-cont-open' ><div class='template-page content  av-content-full alpha units'><div class='post-entry post-entry-type-page post-entry-659'><div class='entry-content-wrapper clearfix'>\n<div class='flex_column av-1dn3tu-12b6275b507ce3353c6230c8e1e4fd9c av_one_half  avia-builder-el-3  el_before_av_one_half  avia-builder-el-first  first flex_column_div '   ><section class=\"av_textblock_section \"  itemscope=\"itemscope\" itemtype=\"https:\/\/schema.org\/CreativeWork\" ><div class='avia_textblock  '   itemprop=\"text\" ><p class=\"p1\">La gravidanza \u00e8 uno stato fisiologico del tutto normale e un&#8217;esperienza diversa per ogni donna. Alcune donne possono sospettare di essere incinte entro i primi giorni dall&#8217;impianto dell&#8217;embrione, mentre altre possono diventare consapevoli solo dopo aver saltato un periodo. I segni e i sintomi della gravidanza precoce possono variare da un aumentato bisogno di urinare alla tenerezza del seno, affaticamento e nausea mattutina. Il corpo pu\u00f2 apportare cambiamenti rapidamente in gravidanza e talvolta sono necessarie cure e consigli di esperti da parte di un ginecologo consulente entro il primo trimestre di gravidanza (cio\u00e8 12 settimane di gestazione).<span class=\"Apple-converted-space\"> <\/span><\/p>\n<\/div><\/section><\/div><div class='flex_column av-11mbky-66e7b4fa11f9cface9c94ac8426c405a av_one_half  avia-builder-el-5  el_after_av_one_half  el_before_av_one_half  flex_column_div '   ><section class=\"av_textblock_section \"  itemscope=\"itemscope\" itemtype=\"https:\/\/schema.org\/CreativeWork\" ><div class='avia_textblock  '   itemprop=\"text\" ><p class=\"p1\">Le prime fasi della gravidanza possono essere travolgenti, quindi \u00e8 importante avere familiarit\u00e0 con i cambiamenti che potresti sperimentare e il modo migliore per prenderti cura di te stesso e della gravidanza durante questo periodo emozionante.<span class=\"Apple-converted-space\"> <\/span><\/p>\n<p class=\"p1\">Il primo trimestre di gravidanza pu\u00f2 anche essere difficile per alcune donne che possono manifestare i sintomi comuni della gravidanza e soffrire di ansia e stress, che possono essere causati da un precedente aborto spontaneo, gravidanza extrauterina o difficolt\u00e0 nel raggiungere la gravidanza.<span class=\"Apple-converted-space\"> <\/span><\/p>\n<\/div><\/section><\/div><div class='flex_column av-2oo4a-2f62832880d2cc1727468f87d9644bc2 av_one_half  avia-builder-el-7  el_after_av_one_half  el_before_av_one_half  first flex_column_div column-top-margin'   ><section class=\"av_textblock_section \"  itemscope=\"itemscope\" itemtype=\"https:\/\/schema.org\/CreativeWork\" ><div class='avia_textblock  '   itemprop=\"text\" ><p class=\"p1\">Le indagini, tra cui un esame del sangue e un&#8217;ecografia, sono progettate per fornire informazioni sulla salute e sullo stadio della gravidanza. L&#8217;ecografia dell&#8217;inizio della gravidanza non ha rischi noti. Entro le prime 11-12 settimane di gestazione pu\u00f2 essere eseguito per stabilire la vitalit\u00e0, il numero di feti e la data della gravidanza, nonch\u00e9 per fornire rassicurazione. Tra le 12 e le 14 settimane di gravidanza l&#8217;ecografia pu\u00f2 far parte di un programma di screening e includere la translucenza nucale per determinare la probabilit\u00e0 delle pi\u00f9 comuni anomalie cromosomiche fetali come la sindrome di Down, la sindrome di Edward e la sindrome di Patau.<\/p>\n<p class=\"p1\"><b>Fornisco scansioni precoci della gravidanza e consulenza specialistica, fino a 12 settimane di gestazione, per le donne con una storia di aborto spontaneo, gravidanza ectopica e per coloro che amano la rassicurazione che la gravidanza \u00e8 praticabile e si sviluppa bene all&#8217;interno della cavit\u00e0 uterina.<\/b><\/p>\n<h3 style=\"font-size: 18px;\">Eseguo quanto segue:<\/h3>\n<ul>\n<li>Consigli per il concepimento precoce<\/li>\n<li>Scansione della gravidanza precoce di vitalit\u00e0 \/ datazione (6 &#8211; 12 settimane)<\/li>\n<li>Scansione rassicurativo (6 &#8211; 12 settimane)<\/li>\n<li>Test genetico prenatale non invasivo Harmony (da 11 settimane)<\/li>\n<\/ul>\n<\/div><\/section><\/div><div class='flex_column av-hh86q-22758054eac86e7f7ba3436485bcca5b av_one_half  avia-builder-el-9  el_after_av_one_half  avia-builder-el-last  flex_column_div column-top-margin'   ><style type=\"text\/css\" data-created_by=\"avia_inline_auto\" id=\"style-css-av-92l4i-6026088f531d1f62c1246f0fc5586c16\">\n.avia-image-container.av-92l4i-6026088f531d1f62c1246f0fc5586c16 .av-image-caption-overlay-center{\ncolor:#ffffff;\n}\n<\/style>\n<div  class='avia-image-container av-92l4i-6026088f531d1f62c1246f0fc5586c16 av-styling- avia-align-center  avia-builder-el-10  avia-builder-el-no-sibling  '  itemprop=\"image\" itemscope=\"itemscope\" itemtype=\"https:\/\/schema.org\/ImageObject\" ><div class=\"avia-image-container-inner\"><div class=\"avia-image-overlay-wrap\"><img decoding=\"async\" class='wp-image-425 avia-img-lazy-loading-not-425 avia_image' src=\"https:\/\/i0.wp.com\/luciano-nardo.com\/wp-content\/uploads\/2021\/10\/Early-Pregnancy.jpg?fit=900%2C900&ssl=1\" alt='Gravidanza precoce' title='Gravidanza precoce'  height=\"900\" width=\"900\"  itemprop=\"thumbnailUrl\" srcset=\"https:\/\/i0.wp.com\/luciano-nardo.com\/wp-content\/uploads\/2021\/10\/Early-Pregnancy.jpg?w=900&amp;ssl=1 900w, https:\/\/i0.wp.com\/luciano-nardo.com\/wp-content\/uploads\/2021\/10\/Early-Pregnancy.jpg?resize=300%2C300&amp;ssl=1 300w, https:\/\/i0.wp.com\/luciano-nardo.com\/wp-content\/uploads\/2021\/10\/Early-Pregnancy.jpg?resize=80%2C80&amp;ssl=1 80w, https:\/\/i0.wp.com\/luciano-nardo.com\/wp-content\/uploads\/2021\/10\/Early-Pregnancy.jpg?resize=768%2C768&amp;ssl=1 768w, https:\/\/i0.wp.com\/luciano-nardo.com\/wp-content\/uploads\/2021\/10\/Early-Pregnancy.jpg?resize=36%2C36&amp;ssl=1 36w, https:\/\/i0.wp.com\/luciano-nardo.com\/wp-content\/uploads\/2021\/10\/Early-Pregnancy.jpg?resize=180%2C180&amp;ssl=1 180w, https:\/\/i0.wp.com\/luciano-nardo.com\/wp-content\/uploads\/2021\/10\/Early-Pregnancy.jpg?resize=705%2C705&amp;ssl=1 705w\" sizes=\"(max-width: 900px) 100vw, 900px\" \/><\/div><\/div><\/div><\/div>\n\n<\/div><\/div><\/div><!-- close content main div --><\/div><\/div><div id='av_section_3'  class='avia-section av-kvghafd2-4b1e75b3b116425a5139a52067bbb743 main_color avia-section-default avia-shadow  avia-builder-el-11  el_after_av_section  avia-builder-el-last  avia-bg-style-scroll  container_wrap fullsize'  ><div class='container av-section-cont-open' ><div class='template-page content  av-content-full alpha units'><div class='post-entry post-entry-type-page post-entry-659'><div class='entry-content-wrapper clearfix'>\n\n\n","protected":false},"excerpt":{"rendered":"","protected":false},"author":1,"featured_media":0,"parent":533,"menu_order":0,"comment_status":"closed","ping_status":"closed","template":"","meta":{"footnotes":""},"class_list":["post-659","page","type-page","status-publish","hentry"],"yoast_head":"<!-- This site is optimized with the Yoast SEO plugin v27.2 - https:\/\/yoast.com\/product\/yoast-seo-wordpress\/ -->\n<title>Gravidanza precoce privato Specialist London | Uk - Luciano Nardo<\/title>\n<meta name=\"robots\" content=\"index, follow, max-snippet:-1, max-image-preview:large, max-video-preview:-1\" \/>\n<link rel=\"canonical\" href=\"https:\/\/luciano-nardo.com\/it\/pratiche\/gravidanza-precoce\/\" \/>\n<meta property=\"og:locale\" content=\"it_IT\" \/>\n<meta property=\"og:type\" content=\"article\" \/>\n<meta property=\"og:title\" content=\"Gravidanza precoce privato Specialist London | Uk - Luciano Nardo\" \/>\n<meta property=\"og:url\" content=\"https:\/\/luciano-nardo.com\/it\/pratiche\/gravidanza-precoce\/\" \/>\n<meta property=\"og:site_name\" content=\"Luciano Nardo\" \/>\n<meta property=\"article:modified_time\" content=\"2022-03-01T12:47:34+00:00\" \/>\n<meta name=\"twitter:card\" content=\"summary_large_image\" \/>\n<meta name=\"twitter:label1\" content=\"Tempo di lettura stimato\" \/>\n\t<meta name=\"twitter:data1\" content=\"12 minuti\" \/>\n<script type=\"application\/ld+json\" class=\"yoast-schema-graph\">{\"@context\":\"https:\/\/schema.org\",\"@graph\":[{\"@type\":\"WebPage\",\"@id\":\"https:\/\/luciano-nardo.com\/it\/pratiche\/gravidanza-precoce\/\",\"url\":\"https:\/\/luciano-nardo.com\/it\/pratiche\/gravidanza-precoce\/\",\"name\":\"Gravidanza precoce privato Specialist London | Uk - Luciano Nardo\",\"isPartOf\":{\"@id\":\"https:\/\/luciano-nardo.com\/it\/#website\"},\"datePublished\":\"2021-11-01T21:40:39+00:00\",\"dateModified\":\"2022-03-01T12:47:34+00:00\",\"breadcrumb\":{\"@id\":\"https:\/\/luciano-nardo.com\/it\/pratiche\/gravidanza-precoce\/#breadcrumb\"},\"inLanguage\":\"it-IT\",\"potentialAction\":[{\"@type\":\"ReadAction\",\"target\":[\"https:\/\/luciano-nardo.com\/it\/pratiche\/gravidanza-precoce\/\"]}]},{\"@type\":\"BreadcrumbList\",\"@id\":\"https:\/\/luciano-nardo.com\/it\/pratiche\/gravidanza-precoce\/#breadcrumb\",\"itemListElement\":[{\"@type\":\"ListItem\",\"position\":1,\"name\":\"Home\",\"item\":\"https:\/\/luciano-nardo.com\/it\/pagina-iniziale\/\"},{\"@type\":\"ListItem\",\"position\":2,\"name\":\"Pratiche\",\"item\":\"https:\/\/luciano-nardo.com\/it\/pratiche\/\"},{\"@type\":\"ListItem\",\"position\":3,\"name\":\"Gravidanza precoce\"}]},{\"@type\":\"WebSite\",\"@id\":\"https:\/\/luciano-nardo.com\/it\/#website\",\"url\":\"https:\/\/luciano-nardo.com\/it\/\",\"name\":\"Luciano Nardo\",\"description\":\"Consultant Gynaecologist\",\"potentialAction\":[{\"@type\":\"SearchAction\",\"target\":{\"@type\":\"EntryPoint\",\"urlTemplate\":\"https:\/\/luciano-nardo.com\/it\/?s={search_term_string}\"},\"query-input\":{\"@type\":\"PropertyValueSpecification\",\"valueRequired\":true,\"valueName\":\"search_term_string\"}}],\"inLanguage\":\"it-IT\"}]}<\/script>\n<!-- \/ Yoast SEO plugin. -->","yoast_head_json":{"title":"Gravidanza precoce privato Specialist London | Uk - Luciano Nardo","robots":{"index":"index","follow":"follow","max-snippet":"max-snippet:-1","max-image-preview":"max-image-preview:large","max-video-preview":"max-video-preview:-1"},"canonical":"https:\/\/luciano-nardo.com\/it\/pratiche\/gravidanza-precoce\/","og_locale":"it_IT","og_type":"article","og_title":"Gravidanza precoce privato Specialist London | Uk - Luciano Nardo","og_url":"https:\/\/luciano-nardo.com\/it\/pratiche\/gravidanza-precoce\/","og_site_name":"Luciano Nardo","article_modified_time":"2022-03-01T12:47:34+00:00","twitter_card":"summary_large_image","twitter_misc":{"Tempo di lettura stimato":"12 minuti"},"schema":{"@context":"https:\/\/schema.org","@graph":[{"@type":"WebPage","@id":"https:\/\/luciano-nardo.com\/it\/pratiche\/gravidanza-precoce\/","url":"https:\/\/luciano-nardo.com\/it\/pratiche\/gravidanza-precoce\/","name":"Gravidanza precoce privato Specialist London | Uk - Luciano Nardo","isPartOf":{"@id":"https:\/\/luciano-nardo.com\/it\/#website"},"datePublished":"2021-11-01T21:40:39+00:00","dateModified":"2022-03-01T12:47:34+00:00","breadcrumb":{"@id":"https:\/\/luciano-nardo.com\/it\/pratiche\/gravidanza-precoce\/#breadcrumb"},"inLanguage":"it-IT","potentialAction":[{"@type":"ReadAction","target":["https:\/\/luciano-nardo.com\/it\/pratiche\/gravidanza-precoce\/"]}]},{"@type":"BreadcrumbList","@id":"https:\/\/luciano-nardo.com\/it\/pratiche\/gravidanza-precoce\/#breadcrumb","itemListElement":[{"@type":"ListItem","position":1,"name":"Home","item":"https:\/\/luciano-nardo.com\/it\/pagina-iniziale\/"},{"@type":"ListItem","position":2,"name":"Pratiche","item":"https:\/\/luciano-nardo.com\/it\/pratiche\/"},{"@type":"ListItem","position":3,"name":"Gravidanza precoce"}]},{"@type":"WebSite","@id":"https:\/\/luciano-nardo.com\/it\/#website","url":"https:\/\/luciano-nardo.com\/it\/","name":"Luciano Nardo","description":"Consultant Gynaecologist","potentialAction":[{"@type":"SearchAction","target":{"@type":"EntryPoint","urlTemplate":"https:\/\/luciano-nardo.com\/it\/?s={search_term_string}"},"query-input":{"@type":"PropertyValueSpecification","valueRequired":true,"valueName":"search_term_string"}}],"inLanguage":"it-IT"}]}},"jetpack_sharing_enabled":true,"_links":{"self":[{"href":"https:\/\/luciano-nardo.com\/it\/wp-json\/wp\/v2\/pages\/659","targetHints":{"allow":["GET"]}}],"collection":[{"href":"https:\/\/luciano-nardo.com\/it\/wp-json\/wp\/v2\/pages"}],"about":[{"href":"https:\/\/luciano-nardo.com\/it\/wp-json\/wp\/v2\/types\/page"}],"author":[{"embeddable":true,"href":"https:\/\/luciano-nardo.com\/it\/wp-json\/wp\/v2\/users\/1"}],"replies":[{"embeddable":true,"href":"https:\/\/luciano-nardo.com\/it\/wp-json\/wp\/v2\/comments?post=659"}],"version-history":[{"count":5,"href":"https:\/\/luciano-nardo.com\/it\/wp-json\/wp\/v2\/pages\/659\/revisions"}],"predecessor-version":[{"id":1738,"href":"https:\/\/luciano-nardo.com\/it\/wp-json\/wp\/v2\/pages\/659\/revisions\/1738"}],"up":[{"embeddable":true,"href":"https:\/\/luciano-nardo.com\/it\/wp-json\/wp\/v2\/pages\/533"}],"wp:attachment":[{"href":"https:\/\/luciano-nardo.com\/it\/wp-json\/wp\/v2\/media?parent=659"}],"curies":[{"name":"wp","href":"https:\/\/api.w.org\/{rel}","templated":true}]}}