{"id":663,"date":"2021-11-01T21:40:39","date_gmt":"2021-11-01T21:40:39","guid":{"rendered":"https:\/\/luciano-nardo.com\/biografia\/"},"modified":"2025-04-25T12:45:42","modified_gmt":"2025-04-25T11:45:42","slug":"biografia","status":"publish","type":"page","link":"https:\/\/luciano-nardo.com\/it\/biografia\/","title":{"rendered":"Biografia"},"content":{"rendered":"\n<style type=\"text\/css\" data-created_by=\"avia_inline_auto\" id=\"style-css-av-6mo8e-986db573330c7240356adff6f4f436b8\">\n.avia-section.av-6mo8e-986db573330c7240356adff6f4f436b8{\nbackground-repeat:no-repeat;\nbackground-image:url(https:\/\/i0.wp.com\/luciano-nardo.com\/wp-content\/uploads\/2021\/12\/Luciano-banner2.jpg?fit=1400%2C500&ssl=1);\nbackground-position:50% 50%;\nbackground-attachment:scroll;\n}\n.avia-section.av-6mo8e-986db573330c7240356adff6f4f436b8 .av-section-color-overlay{\nopacity:0.5;\nbackground-color:#000000;\n}\n<\/style>\n<div id='av_section_1'  class='avia-section av-6mo8e-986db573330c7240356adff6f4f436b8 main_color avia-section-default avia-no-border-styling  avia-builder-el-0  el_before_av_section  avia-builder-el-first  avia-full-stretch avia-bg-style-scroll av-section-color-overlay-active  av-minimum-height av-minimum-height-custom  container_wrap fullsize'  data-section-bg-repeat='stretch'><div class='av-section-color-overlay-wrap'><div class=\"av-section-color-overlay\"><\/div><div class='container av-section-cont-open' style='height:350px'><main  role=\"main\" itemprop=\"mainContentOfPage\"  class='template-page content  av-content-full alpha units'><div class='post-entry post-entry-type-page post-entry-663'><div class='entry-content-wrapper clearfix'>\n\n<style type=\"text\/css\" data-created_by=\"avia_inline_auto\" id=\"style-css-av-xsxa-8a701c67c4af2745dfd8a856d046eda8\">\n#top .av-special-heading.av-xsxa-8a701c67c4af2745dfd8a856d046eda8{\npadding-bottom:10px;\ncolor:#ffffff;\n}\n.av-special-heading.av-xsxa-8a701c67c4af2745dfd8a856d046eda8 .special-heading-inner-border{\nborder-color:#ffffff;\n}\n<\/style>\n<div  class='av-special-heading av-xsxa-8a701c67c4af2745dfd8a856d046eda8 av-special-heading-h1 custom-color-heading blockquote modern-quote modern-centered  avia-builder-el-1  avia-builder-el-no-sibling  '><h1 class='av-special-heading-tag '  itemprop=\"headline\"  >Biografia<\/h1><div class='special-heading-border'><div class='special-heading-inner-border'><\/div><\/div><\/div>\n\n<\/div><\/div><\/main><!-- close content main element --><\/div><\/div><\/div><div id='av_section_2'  class='avia-section av-6ibwm-83d4f4f871c8304a664fd41c9d033e6a main_color avia-section-default avia-no-border-styling  avia-builder-el-2  el_after_av_section  el_before_av_section  avia-bg-style-scroll  container_wrap fullsize'  ><div class='container av-section-cont-open' ><div class='template-page content  av-content-full alpha units'><div class='post-entry post-entry-type-page post-entry-663'><div class='entry-content-wrapper clearfix'>\n<div class='flex_column av-5x2s6-368c97d65fc3db38e9d480d6b72ddb1a av_two_third  avia-builder-el-3  el_before_av_one_third  avia-builder-el-first  first flex_column_div '   ><p>\n<style type=\"text\/css\" data-created_by=\"avia_inline_auto\" id=\"style-css-av-kva3odxg-4c02c71107ae3baf3c2c684c5745df72\">\n#top .av-special-heading.av-kva3odxg-4c02c71107ae3baf3c2c684c5745df72{\npadding-bottom:10px;\n}\n.av-special-heading.av-kva3odxg-4c02c71107ae3baf3c2c684c5745df72 .av-subheading{\nfont-size:15px;\n}\n<\/style>\n<div  class='av-special-heading av-kva3odxg-4c02c71107ae3baf3c2c684c5745df72 av-special-heading-h3 blockquote modern-quote  avia-builder-el-4  el_before_av_textblock  avia-builder-el-first  '><h3 class='av-special-heading-tag '  itemprop=\"headline\"  >Prof. Luciano Nardo MD MRCOG<\/h3><div class='av-subheading av-subheading_below '><p>Consulente in Ginecologia, Medicina della Riproduzione e Infertilit\u00e0<\/p>\n<\/div><div class='special-heading-border'><div class='special-heading-inner-border'><\/div><\/div><\/div><br \/>\n<section class=\"av_textblock_section \"  itemscope=\"itemscope\" itemtype=\"https:\/\/schema.org\/CreativeWork\" ><div class='avia_textblock  '   itemprop=\"text\" ><p class=\"p1\">Il professor Nardo \u00e8 certificato in ostetricia e ginecologia e in medicina e chirurgia della riproduzione, attualmente esercita a Londra, nel Regno Unito, e a Dubai, negli Emirati Arabi Uniti. Ha conseguito il suo MD presso l&#8217;Universit\u00e0 di Catania e ha completato la sua formazione specialistica in Italia e nel Regno Unito. Ha conseguito il certificato di sottospecialit\u00e0 in medicina riproduttiva e in chirurgia laparoscopica presso il Royal College of Obstetricians and Gynaecologists (RCOG) nel 2006.<span class=\"Apple-converted-space\"> <\/span><\/p>\n<p class=\"p1\">Ha 20 anni di pratica clinica e focus accademico nel concepimento assistito, infertilit\u00e0 femminile e maschile, endocrinologia riproduttiva, aborto spontaneo e tutti gli aspetti della ginecologia benigna. Ha interessi specifici nella gestione di donne con ridotta funzione ovarica, ripetuti fallimenti nell&#8217;impianto di embrioni, conservazione della fertilit\u00e0 \/ congelamento degli ovuli e infertilit\u00e0 inspiegabile. Il professor Nardo \u00e8 un esperto in chirurgia isteroscopica e laparoscopica per la gestione delle anomalie riproduttive e delle condizioni ginecologiche, come endometriosi, adenomiosi, fibromi, cisti ovariche, aderenze e malattia delle tube di Falloppio.<span class=\"Apple-converted-space\"> <\/span><\/p>\n<p class=\"p1\">\u00c8 stato nominato consulente in ginecologia e medicina riproduttiva presso il St Mary&#8217;s Hospital, CMFT University Hospitals di Manchester, dove ha lavorato a tempo pieno fino al 2011. \u00c8 stato visiting professor presso la Facolt\u00e0 di Scienze, School of Healthcare Science presso la Manchester Metropolitan University tra il 2017 e il 2020. Il professor Nardo \u00e8 stato responsabile della persona HFEA e responsabile registrato CQC delle organizzazioni private per la fertilit\u00e0 e la salute delle donne nel Regno Unito. \u00c8 stato anche membro del comitato esecutivo della British Fertility Society e della International Federation of Fertility Societies. \u00c8 stato membro del comitato editoriale di Reproductive Biomedicine Online.<\/p>\n<p class=\"p1\">Il professor Nardo insegna al Master in Biologia e Biotecnologie della Riproduzione dell&#8217;Universit\u00e0 di Catania dal 2017 e tiene lezioni in tutto il mondo su vari argomenti relativi alle tecnologie di concezione assistita, all&#8217;individualizzazione dei protocolli di stimolazione ovarica, ai test genetici preimpianto, alla chirurgia riproduttiva e alla ginecologia. \u00c8 autore di oltre 110 articoli peer-reviewed, 23 capitoli di libri e ha tenuto circa 600 conferenze a livello nazionale e internazionale. \u00c8 membro del Royal College of Obstetricians and Gynaecologists e membro associato dell&#8217;American Society for Reproductive Medicine, della European Society of Human Reproduction and Embryology e della British Fertility Society.<span class=\"Apple-converted-space\"> <\/span><\/p>\n<p class=\"p1\">Ha ricevuto varie candidature nel corso della sua carriera professionale ed \u00e8 un opinion leader riconosciuto dall&#8217;organizzazione dei pazienti, dai gruppi scientifici, dalle istituzioni accademiche, dalle aziende biotecnologiche e farmaceutiche, dalle agenzie di stampa e dai media.  <span class=\"Apple-converted-space\"> <\/span><\/p>\n<p class=\"p1\">Il professor Nardo \u00e8 un dirigente senior con 15 anni di esperienza nella gestione e si sforza di sviluppare servizi sanitari di qualit\u00e0, efficaci, sicuri, innovativi, multidisciplinari e incentrati sul paziente.<\/p>\n<\/div><\/section><\/p><\/div><div class='flex_column av-sbuu-6eea95ab8a5c6b1fda8654cc010264d2 av_one_third  avia-builder-el-6  el_after_av_two_third  avia-builder-el-last  flex_column_div '   ><style type=\"text\/css\" data-created_by=\"avia_inline_auto\" id=\"style-css-av-kvansnff-ec270c3ce0e35457ce01ca8424f6798a\">\n.avia-image-container.av-kvansnff-ec270c3ce0e35457ce01ca8424f6798a .av-image-caption-overlay-center{\ncolor:#ffffff;\n}\n<\/style>\n<div  class='avia-image-container av-kvansnff-ec270c3ce0e35457ce01ca8424f6798a av-styling- avia-align-center  avia-builder-el-7  avia-builder-el-no-sibling  radius15 '  itemprop=\"image\" itemscope=\"itemscope\" itemtype=\"https:\/\/schema.org\/ImageObject\" ><div class=\"avia-image-container-inner\"><div class=\"avia-image-overlay-wrap\"><img decoding=\"async\" class='wp-image-1370 avia-img-lazy-loading-not-1370 avia_image' src=\"https:\/\/i0.wp.com\/luciano-nardo.com\/wp-content\/uploads\/2021\/12\/Luciano-Nardo2.jpg?fit=720%2C720&ssl=1\" alt='' title='Luciano-Nard\u00f22'  height=\"720\" width=\"720\"  itemprop=\"thumbnailUrl\" srcset=\"https:\/\/i0.wp.com\/luciano-nardo.com\/wp-content\/uploads\/2021\/12\/Luciano-Nardo2.jpg?w=720&amp;ssl=1 720w, https:\/\/i0.wp.com\/luciano-nardo.com\/wp-content\/uploads\/2021\/12\/Luciano-Nardo2.jpg?resize=300%2C300&amp;ssl=1 300w, https:\/\/i0.wp.com\/luciano-nardo.com\/wp-content\/uploads\/2021\/12\/Luciano-Nardo2.jpg?resize=80%2C80&amp;ssl=1 80w, https:\/\/i0.wp.com\/luciano-nardo.com\/wp-content\/uploads\/2021\/12\/Luciano-Nardo2.jpg?resize=36%2C36&amp;ssl=1 36w, https:\/\/i0.wp.com\/luciano-nardo.com\/wp-content\/uploads\/2021\/12\/Luciano-Nardo2.jpg?resize=180%2C180&amp;ssl=1 180w, https:\/\/i0.wp.com\/luciano-nardo.com\/wp-content\/uploads\/2021\/12\/Luciano-Nardo2.jpg?resize=705%2C705&amp;ssl=1 705w\" sizes=\"(max-width: 720px) 100vw, 720px\" \/><\/div><\/div><\/div><\/div><\/div><\/div><\/div><!-- close content main div --><\/div><\/div><div id='av_section_3'  class='avia-section av-wylm-5b68802b0adf533ba4098fe1617695f6 main_color avia-section-default avia-no-border-styling  avia-builder-el-8  el_after_av_section  avia-builder-el-last  avia-bg-style-scroll  container_wrap fullsize'  ><div class='container av-section-cont-open' ><div class='template-page content  av-content-full alpha units'><div class='post-entry post-entry-type-page post-entry-663'><div class='entry-content-wrapper clearfix'>\n\n<\/p>\n","protected":false},"excerpt":{"rendered":"","protected":false},"author":2,"featured_media":0,"parent":0,"menu_order":2,"comment_status":"closed","ping_status":"closed","template":"","meta":{"footnotes":""},"class_list":["post-663","page","type-page","status-publish","hentry"],"yoast_head":"<!-- This site is optimized with the Yoast SEO plugin v27.2 - https:\/\/yoast.com\/product\/yoast-seo-wordpress\/ -->\n<title>Biografia - Luciano Nardo<\/title>\n<meta name=\"robots\" content=\"index, follow, max-snippet:-1, max-image-preview:large, max-video-preview:-1\" \/>\n<link rel=\"canonical\" href=\"https:\/\/luciano-nardo.com\/it\/biografia\/\" \/>\n<meta property=\"og:locale\" content=\"it_IT\" \/>\n<meta property=\"og:type\" content=\"article\" \/>\n<meta property=\"og:title\" content=\"Biografia - Luciano Nardo\" \/>\n<meta property=\"og:url\" content=\"https:\/\/luciano-nardo.com\/it\/biografia\/\" \/>\n<meta property=\"og:site_name\" content=\"Luciano Nardo\" \/>\n<meta property=\"article:modified_time\" content=\"2025-04-25T11:45:42+00:00\" \/>\n<meta name=\"twitter:card\" content=\"summary_large_image\" \/>\n<meta name=\"twitter:label1\" content=\"Tempo di lettura stimato\" \/>\n\t<meta name=\"twitter:data1\" content=\"10 minuti\" \/>\n<script type=\"application\/ld+json\" class=\"yoast-schema-graph\">{\"@context\":\"https:\/\/schema.org\",\"@graph\":[{\"@type\":\"WebPage\",\"@id\":\"https:\/\/luciano-nardo.com\/it\/biografia\/\",\"url\":\"https:\/\/luciano-nardo.com\/it\/biografia\/\",\"name\":\"Biografia - Luciano Nardo\",\"isPartOf\":{\"@id\":\"https:\/\/luciano-nardo.com\/it\/#website\"},\"datePublished\":\"2021-11-01T21:40:39+00:00\",\"dateModified\":\"2025-04-25T11:45:42+00:00\",\"breadcrumb\":{\"@id\":\"https:\/\/luciano-nardo.com\/it\/biografia\/#breadcrumb\"},\"inLanguage\":\"it-IT\",\"potentialAction\":[{\"@type\":\"ReadAction\",\"target\":[\"https:\/\/luciano-nardo.com\/it\/biografia\/\"]}]},{\"@type\":\"BreadcrumbList\",\"@id\":\"https:\/\/luciano-nardo.com\/it\/biografia\/#breadcrumb\",\"itemListElement\":[{\"@type\":\"ListItem\",\"position\":1,\"name\":\"Home\",\"item\":\"https:\/\/luciano-nardo.com\/it\/pagina-iniziale\/\"},{\"@type\":\"ListItem\",\"position\":2,\"name\":\"Biografia\"}]},{\"@type\":\"WebSite\",\"@id\":\"https:\/\/luciano-nardo.com\/it\/#website\",\"url\":\"https:\/\/luciano-nardo.com\/it\/\",\"name\":\"Luciano Nardo\",\"description\":\"Consultant Gynaecologist\",\"potentialAction\":[{\"@type\":\"SearchAction\",\"target\":{\"@type\":\"EntryPoint\",\"urlTemplate\":\"https:\/\/luciano-nardo.com\/it\/?s={search_term_string}\"},\"query-input\":{\"@type\":\"PropertyValueSpecification\",\"valueRequired\":true,\"valueName\":\"search_term_string\"}}],\"inLanguage\":\"it-IT\"}]}<\/script>\n<!-- \/ Yoast SEO plugin. -->","yoast_head_json":{"title":"Biografia - Luciano Nardo","robots":{"index":"index","follow":"follow","max-snippet":"max-snippet:-1","max-image-preview":"max-image-preview:large","max-video-preview":"max-video-preview:-1"},"canonical":"https:\/\/luciano-nardo.com\/it\/biografia\/","og_locale":"it_IT","og_type":"article","og_title":"Biografia - Luciano Nardo","og_url":"https:\/\/luciano-nardo.com\/it\/biografia\/","og_site_name":"Luciano Nardo","article_modified_time":"2025-04-25T11:45:42+00:00","twitter_card":"summary_large_image","twitter_misc":{"Tempo di lettura stimato":"10 minuti"},"schema":{"@context":"https:\/\/schema.org","@graph":[{"@type":"WebPage","@id":"https:\/\/luciano-nardo.com\/it\/biografia\/","url":"https:\/\/luciano-nardo.com\/it\/biografia\/","name":"Biografia - Luciano Nardo","isPartOf":{"@id":"https:\/\/luciano-nardo.com\/it\/#website"},"datePublished":"2021-11-01T21:40:39+00:00","dateModified":"2025-04-25T11:45:42+00:00","breadcrumb":{"@id":"https:\/\/luciano-nardo.com\/it\/biografia\/#breadcrumb"},"inLanguage":"it-IT","potentialAction":[{"@type":"ReadAction","target":["https:\/\/luciano-nardo.com\/it\/biografia\/"]}]},{"@type":"BreadcrumbList","@id":"https:\/\/luciano-nardo.com\/it\/biografia\/#breadcrumb","itemListElement":[{"@type":"ListItem","position":1,"name":"Home","item":"https:\/\/luciano-nardo.com\/it\/pagina-iniziale\/"},{"@type":"ListItem","position":2,"name":"Biografia"}]},{"@type":"WebSite","@id":"https:\/\/luciano-nardo.com\/it\/#website","url":"https:\/\/luciano-nardo.com\/it\/","name":"Luciano Nardo","description":"Consultant Gynaecologist","potentialAction":[{"@type":"SearchAction","target":{"@type":"EntryPoint","urlTemplate":"https:\/\/luciano-nardo.com\/it\/?s={search_term_string}"},"query-input":{"@type":"PropertyValueSpecification","valueRequired":true,"valueName":"search_term_string"}}],"inLanguage":"it-IT"}]}},"jetpack_sharing_enabled":true,"_links":{"self":[{"href":"https:\/\/luciano-nardo.com\/it\/wp-json\/wp\/v2\/pages\/663","targetHints":{"allow":["GET"]}}],"collection":[{"href":"https:\/\/luciano-nardo.com\/it\/wp-json\/wp\/v2\/pages"}],"about":[{"href":"https:\/\/luciano-nardo.com\/it\/wp-json\/wp\/v2\/types\/page"}],"author":[{"embeddable":true,"href":"https:\/\/luciano-nardo.com\/it\/wp-json\/wp\/v2\/users\/2"}],"replies":[{"embeddable":true,"href":"https:\/\/luciano-nardo.com\/it\/wp-json\/wp\/v2\/comments?post=663"}],"version-history":[{"count":46,"href":"https:\/\/luciano-nardo.com\/it\/wp-json\/wp\/v2\/pages\/663\/revisions"}],"predecessor-version":[{"id":2185,"href":"https:\/\/luciano-nardo.com\/it\/wp-json\/wp\/v2\/pages\/663\/revisions\/2185"}],"wp:attachment":[{"href":"https:\/\/luciano-nardo.com\/it\/wp-json\/wp\/v2\/media?parent=663"}],"curies":[{"name":"wp","href":"https:\/\/api.w.org\/{rel}","templated":true}]}}