{"id":814,"date":"2021-11-02T15:44:34","date_gmt":"2021-11-02T15:44:34","guid":{"rendered":"https:\/\/luciano-nardo.com\/termini\/"},"modified":"2021-11-02T15:44:34","modified_gmt":"2021-11-02T15:44:34","slug":"termini","status":"publish","type":"page","link":"https:\/\/luciano-nardo.com\/it\/termini\/","title":{"rendered":"Termini"},"content":{"rendered":"<p class=\"p1\">Benvenuti nel nostro sito web. Se continui a navigare e utilizzare questo sito Web, accetti di rispettare e di essere vincolato dai seguenti Termini e condizioni d&#8217;uso, che insieme alla nostra politica sulla privacy regolano il rapporto<span class=\"s1\">di<\/span>Nardo Capital Holding Limited con te in relazione al sito web. Se non sei d&#8217;accordo con qualsiasi parte dei Termini e condizioni, ti preghiamo di non utilizzare il nostro sito web.<\/p>\n<p class=\"p1\">Il termine <span class=\"s1\">&#8220;Nardo Capital Holding Limited&#8221;<\/span>o <span class=\"s1\">&#8220;noi&#8221;<\/span>o &#8220;noi&#8221; si riferisce al proprietario del sito Web la cui sede legale \u00e8 a Riverside House, Kings Reach Business Park, Yew Street, Stockport, SK4 2HD, Regno Unito e il numero di registrazione della societ\u00e0 \u00e8 07396764. Il termine <span class=\"s1\">&#8220;tu&#8221;<\/span>si riferisce all&#8217;utente o al visualizzatore del nostro sito web.<\/p>\n<p class=\"p1\">L&#8217;utilizzo di questo sito web \u00e8 soggetto a quanto segue:<\/p>\n<ul class=\"ul1\">\n<li class=\"li2\"><span class=\"s3\">Il contenuto delle pagine di questo sito Web \u00e8 solo per informazioni generali e utilizzo. \u00c8 soggetto a modifiche in qualsiasi momento e senza preavviso.<\/span><\/li>\n<li class=\"li2\"><span class=\"s3\">Questo sito web utilizza i cookie per monitorare le preferenze di navigazione. \u00c8 possibile visualizzare una copia completa della nostra <a href=\"https:\/\/luciano-nardo.com\/informativa-sulla-privacy-e-sui-cookie\/?lang=it\">politica sulla privacy qui<\/a>.<\/span><\/li>\n<li class=\"li2\"><span class=\"s3\">N\u00e9 noi n\u00e9 terze parti forniamo alcuna garanzia o garanzia in merito all&#8217;accuratezza, tempestivit\u00e0, prestazioni, completezza o idoneit\u00e0 delle informazioni e dei materiali trovati o offerti su questo sito Web per qualsiasi scopo e scopo. L&#8217;utente riconosce che tali informazioni e materiali possono contenere imprecisioni o errori e noi escludiamo espressamente la responsabilit\u00e0 per tali imprecisioni o errori nella misura massima consentita dalla legge.<\/span><\/li>\n<li class=\"li2\"><span class=\"s3\">L&#8217;utilizzo di qualsiasi informazione o materiale su questo sito Web \u00e8 interamente a proprio rischio, per il quale non saremo responsabili. Sar\u00e0 tua responsabilit\u00e0 garantire che qualsiasi prodotto, servizio o informazione disponibile attraverso questo sito Web soddisfi i tuoi requisiti e le tue intenzioni specifici.<\/span><\/li>\n<li class=\"li2\"><span class=\"s3\">Questo sito Web contiene materiale di propriet\u00e0 o concesso in licenza esclusivamente a noi. Questo materiale include, ma non \u00e8 limitato al design, al layout, all&#8217;aspetto, all&#8217;aspetto, al logo, al testo e alla grafica. La riproduzione \u00e8 vietata se non in conformit\u00e0 con l&#8217;avviso di copyright, che fa parte di questi Termini e Condizioni.<\/span><\/li>\n<li class=\"li2\"><span class=\"s3\">Tutti i marchi riprodotti in questo sito Web, che non sono di propriet\u00e0 o concessi in licenza all&#8217;operatore, sono riconosciuti sul sito Web come appropriato.<\/span><\/li>\n<li class=\"li2\"><span class=\"s3\">L&#8217;uso non autorizzato di questo sito web pu\u00f2 dar luogo a una richiesta di risarcimento danni e\/o essere un reato penale.<\/span><\/li>\n<li class=\"li2\"><span class=\"s3\">Di tanto in tanto, questo sito Web pu\u00f2 anche includere collegamenti ad altri siti Web. Questi collegamenti sono forniti per comodit\u00e0 e trasparenza dell&#8217;utente per offrire ulteriori informazioni, se del caso. Non significano che approviamo i siti web n\u00e9 abbiamo un interesse. Non abbiamo alcuna responsabilit\u00e0 per il contenuto dei siti web collegati.<\/span><\/li>\n<li class=\"li2\"><span class=\"s3\">L&#8217;utilizzo di questo sito Web e qualsiasi controversia derivante da tale utilizzo del sito Web \u00e8 soggetto alle leggi dell&#8217;Inghilterra.<\/span><\/li>\n<\/ul>\n","protected":false},"excerpt":{"rendered":"<p>Benvenuti nel nostro sito web. Se continui a navigare e utilizzare questo sito Web, accetti di rispettare e di essere vincolato dai seguenti Termini e condizioni d&#8217;uso, che insieme alla nostra politica sulla privacy regolano il rapportodiNardo Capital Holding Limited con te in relazione al sito web. Se non sei d&#8217;accordo con qualsiasi parte dei [&hellip;]<\/p>\n","protected":false},"author":1,"featured_media":0,"parent":0,"menu_order":0,"comment_status":"closed","ping_status":"closed","template":"","meta":{"footnotes":""},"class_list":["post-814","page","type-page","status-publish","hentry"],"yoast_head":"<!-- This site is optimized with the Yoast SEO plugin v27.2 - https:\/\/yoast.com\/product\/yoast-seo-wordpress\/ -->\n<title>Termini - Luciano Nardo<\/title>\n<meta name=\"robots\" content=\"index, follow, max-snippet:-1, max-image-preview:large, max-video-preview:-1\" \/>\n<link rel=\"canonical\" href=\"https:\/\/luciano-nardo.com\/it\/termini\/\" \/>\n<meta property=\"og:locale\" content=\"it_IT\" \/>\n<meta property=\"og:type\" content=\"article\" \/>\n<meta property=\"og:title\" content=\"Termini - Luciano Nardo\" \/>\n<meta property=\"og:description\" content=\"Benvenuti nel nostro sito web. Se continui a navigare e utilizzare questo sito Web, accetti di rispettare e di essere vincolato dai seguenti Termini e condizioni d&#8217;uso, che insieme alla nostra politica sulla privacy regolano il rapportodiNardo Capital Holding Limited con te in relazione al sito web. Se non sei d&#8217;accordo con qualsiasi parte dei [&hellip;]\" \/>\n<meta property=\"og:url\" content=\"https:\/\/luciano-nardo.com\/it\/termini\/\" \/>\n<meta property=\"og:site_name\" content=\"Luciano Nardo\" \/>\n<meta name=\"twitter:card\" content=\"summary_large_image\" \/>\n<meta name=\"twitter:label1\" content=\"Tempo di lettura stimato\" \/>\n\t<meta name=\"twitter:data1\" content=\"2 minuti\" \/>\n<script type=\"application\/ld+json\" class=\"yoast-schema-graph\">{\"@context\":\"https:\/\/schema.org\",\"@graph\":[{\"@type\":\"WebPage\",\"@id\":\"https:\/\/luciano-nardo.com\/it\/termini\/\",\"url\":\"https:\/\/luciano-nardo.com\/it\/termini\/\",\"name\":\"Termini - Luciano Nardo\",\"isPartOf\":{\"@id\":\"https:\/\/luciano-nardo.com\/it\/#website\"},\"datePublished\":\"2021-11-02T15:44:34+00:00\",\"breadcrumb\":{\"@id\":\"https:\/\/luciano-nardo.com\/it\/termini\/#breadcrumb\"},\"inLanguage\":\"it-IT\",\"potentialAction\":[{\"@type\":\"ReadAction\",\"target\":[\"https:\/\/luciano-nardo.com\/it\/termini\/\"]}]},{\"@type\":\"BreadcrumbList\",\"@id\":\"https:\/\/luciano-nardo.com\/it\/termini\/#breadcrumb\",\"itemListElement\":[{\"@type\":\"ListItem\",\"position\":1,\"name\":\"Home\",\"item\":\"https:\/\/luciano-nardo.com\/it\/pagina-iniziale\/\"},{\"@type\":\"ListItem\",\"position\":2,\"name\":\"Termini\"}]},{\"@type\":\"WebSite\",\"@id\":\"https:\/\/luciano-nardo.com\/it\/#website\",\"url\":\"https:\/\/luciano-nardo.com\/it\/\",\"name\":\"Luciano Nardo\",\"description\":\"Consultant Gynaecologist\",\"potentialAction\":[{\"@type\":\"SearchAction\",\"target\":{\"@type\":\"EntryPoint\",\"urlTemplate\":\"https:\/\/luciano-nardo.com\/it\/?s={search_term_string}\"},\"query-input\":{\"@type\":\"PropertyValueSpecification\",\"valueRequired\":true,\"valueName\":\"search_term_string\"}}],\"inLanguage\":\"it-IT\"}]}<\/script>\n<!-- \/ Yoast SEO plugin. -->","yoast_head_json":{"title":"Termini - Luciano Nardo","robots":{"index":"index","follow":"follow","max-snippet":"max-snippet:-1","max-image-preview":"max-image-preview:large","max-video-preview":"max-video-preview:-1"},"canonical":"https:\/\/luciano-nardo.com\/it\/termini\/","og_locale":"it_IT","og_type":"article","og_title":"Termini - Luciano Nardo","og_description":"Benvenuti nel nostro sito web. Se continui a navigare e utilizzare questo sito Web, accetti di rispettare e di essere vincolato dai seguenti Termini e condizioni d&#8217;uso, che insieme alla nostra politica sulla privacy regolano il rapportodiNardo Capital Holding Limited con te in relazione al sito web. Se non sei d&#8217;accordo con qualsiasi parte dei [&hellip;]","og_url":"https:\/\/luciano-nardo.com\/it\/termini\/","og_site_name":"Luciano Nardo","twitter_card":"summary_large_image","twitter_misc":{"Tempo di lettura stimato":"2 minuti"},"schema":{"@context":"https:\/\/schema.org","@graph":[{"@type":"WebPage","@id":"https:\/\/luciano-nardo.com\/it\/termini\/","url":"https:\/\/luciano-nardo.com\/it\/termini\/","name":"Termini - Luciano Nardo","isPartOf":{"@id":"https:\/\/luciano-nardo.com\/it\/#website"},"datePublished":"2021-11-02T15:44:34+00:00","breadcrumb":{"@id":"https:\/\/luciano-nardo.com\/it\/termini\/#breadcrumb"},"inLanguage":"it-IT","potentialAction":[{"@type":"ReadAction","target":["https:\/\/luciano-nardo.com\/it\/termini\/"]}]},{"@type":"BreadcrumbList","@id":"https:\/\/luciano-nardo.com\/it\/termini\/#breadcrumb","itemListElement":[{"@type":"ListItem","position":1,"name":"Home","item":"https:\/\/luciano-nardo.com\/it\/pagina-iniziale\/"},{"@type":"ListItem","position":2,"name":"Termini"}]},{"@type":"WebSite","@id":"https:\/\/luciano-nardo.com\/it\/#website","url":"https:\/\/luciano-nardo.com\/it\/","name":"Luciano Nardo","description":"Consultant Gynaecologist","potentialAction":[{"@type":"SearchAction","target":{"@type":"EntryPoint","urlTemplate":"https:\/\/luciano-nardo.com\/it\/?s={search_term_string}"},"query-input":{"@type":"PropertyValueSpecification","valueRequired":true,"valueName":"search_term_string"}}],"inLanguage":"it-IT"}]}},"jetpack_sharing_enabled":true,"_links":{"self":[{"href":"https:\/\/luciano-nardo.com\/it\/wp-json\/wp\/v2\/pages\/814","targetHints":{"allow":["GET"]}}],"collection":[{"href":"https:\/\/luciano-nardo.com\/it\/wp-json\/wp\/v2\/pages"}],"about":[{"href":"https:\/\/luciano-nardo.com\/it\/wp-json\/wp\/v2\/types\/page"}],"author":[{"embeddable":true,"href":"https:\/\/luciano-nardo.com\/it\/wp-json\/wp\/v2\/users\/1"}],"replies":[{"embeddable":true,"href":"https:\/\/luciano-nardo.com\/it\/wp-json\/wp\/v2\/comments?post=814"}],"version-history":[{"count":0,"href":"https:\/\/luciano-nardo.com\/it\/wp-json\/wp\/v2\/pages\/814\/revisions"}],"wp:attachment":[{"href":"https:\/\/luciano-nardo.com\/it\/wp-json\/wp\/v2\/media?parent=814"}],"curies":[{"name":"wp","href":"https:\/\/api.w.org\/{rel}","templated":true}]}}